{"id":1435,"date":"2024-11-06T17:39:36","date_gmt":"2024-11-06T20:39:36","guid":{"rendered":"https:\/\/www3.unicentro.br\/petengenharias\/?page_id=1435"},"modified":"2024-11-06T17:39:36","modified_gmt":"2024-11-06T20:39:36","slug":"atividade-projeto-oleo-consciente-coleta-e-reciclagem-de-oleo-queimado","status":"publish","type":"page","link":"https:\/\/www3.unicentro.br\/petengenharias\/projetos\/acompanhe-todas-as-atividades-do-pet-engenharias-2024\/atividade-projeto-oleo-consciente-coleta-e-reciclagem-de-oleo-queimado\/","title":{"rendered":"Atividade &#8211; Projeto \u00d3leo Consciente: Coleta e Reciclagem de \u00d3leo Queimado"},"content":{"rendered":"<p><span style=\"font-size: 18px\"><strong>Descri\u00e7\u00e3o\/Justificativa:<\/strong><\/span><br \/>\nA crescente gera\u00e7\u00e3o de res\u00edduos \u00e9 uma problem\u00e1tica mundial e vem sendo discutida em todo o pa\u00eds<br \/>\na forma correta de sua destina\u00e7\u00e3o. O \u00f3leo de cozinha usado, assim como outros materiais, tamb\u00e9m<br \/>\npode ser reciclado. Ap\u00f3s a utiliza\u00e7\u00e3o, muitas pessoas n\u00e3o sabem como descart\u00e1-lo e acabam jogando<br \/>\no produto no ralo, pia ou vaso sanit\u00e1rio. Por\u00e9m, todas essas formas de descarte est\u00e3o erradas e<br \/>\nprejudicam o ambiente. As redes coletoras de esgoto s\u00e3o feitas para conduzir apenas res\u00edduos<br \/>\nl\u00edquidos. Apesar de o \u00f3leo ter a consist\u00eancia l\u00edquida, uma vez que ele se mistura com a \u00e1gua, se<br \/>\nsolidifica e faz com que a tubula\u00e7\u00e3o fique obstru\u00edda, levando ao mau funcionamento das esta\u00e7\u00f5es de<br \/>\ntratamento. Se a esta\u00e7\u00e3o de tratamento n\u00e3o funciona adequadamente, precisa de mais manuten\u00e7\u00e3o e<br \/>\nisso encarece o valor da \u00e1gua distribu\u00edda em nossas casas. Um litro de \u00f3leo descartado na pia \u00e9<br \/>\nsuficiente para contaminar cerca de 20 mil litros de \u00e1gua, ou seja, o \u00f3leo de cozinha torna-se um<br \/>\npassivo ambiental se descartado incorretamente, dessa forma, a Unicentro como n\u00facleo educacional<br \/>\ntem como objetivo oferecer uma alternativa sustent\u00e1vel de perpetrar a reciclagem desse material.<br \/>\nCom essa a\u00e7\u00e3o n\u00f3s abarcamos sete metas previstas na Agenda 2030 que comp\u00f5em os Objetivos de<br \/>\nDesenvolvimento Sustent\u00e1vel (ODS) da ONU, s\u00e3o elas: (3) Sa\u00fade e bem-estar; (6) \u00c1gua pot\u00e1vel e<br \/>\nsaneamento; (11) Cidades e comunidades sustent\u00e1veis; (12) Consumo e produ\u00e7\u00e3o respons\u00e1veis; (14)<br \/>\nVida na \u00e1gua; (15) Vida terrestre; (17) Parcerias e meios de implementa\u00e7\u00e3o.<br \/>\n<span style=\"font-size: 18px\"><strong>Objetivos:<\/strong><\/span><br \/>\nDiminuir a quantidade de \u00f3leo de cozinha usado que \u00e9 descartado incorretamente oferecendo uma<br \/>\ndestina\u00e7\u00e3o ambientalmente correta para este res\u00edduo.<br \/>\n<span style=\"font-size: 18px\"><strong>Como a atividade ser\u00e1 realizada? (Metodologia):<\/strong><\/span><br \/>\nSer\u00e1 realizada a continua\u00e7\u00e3o do projeto implantado em 2021, avaliando e monitorando a quantidade<br \/>\nde \u00f3leo coletada no ponto de coleta da Unicentro. O \u00f3leo coletado ser\u00e1 destinado a empresas que<br \/>\nfar\u00e3o a destina\u00e7\u00e3o final do \u00f3leo, a qual ser\u00e1 coletado quinzenalmente ou mensalmente, dependendo<br \/>\ndo quantitativo arrecadado nos pontos de coleta. Ser\u00e3o feitos folders para divulga\u00e7\u00e3o dos pontos de<br \/>\ncoleta e a import\u00e2ncia de n\u00e3o descartar \u00f3leo de cozinha no lixo comum, assim como publica\u00e7\u00f5es nas<br \/>\nredes sociais do PET-Engenharias e em revistas cient\u00edficas. A efetividade do projeto ser\u00e1<br \/>\ndeterminada a partir do quantitativo de \u00f3leo que a empresa coletar\u00e1.<\/p>\n<p><span style=\"font-size: 21px\">Quais os resultados que se espera da atividade?<\/span><\/p>\n<p><span style=\"font-size: 18px\"><strong>Resultados \/ produtos esperados com a atividade: melhorias para o Curso, para a Educa\u00e7\u00e3o, <\/strong><\/span><span style=\"font-size: 18px\"><strong>para a sociedade, meios para a socializa\u00e7\u00e3o dos resultados, publica\u00e7\u00f5es, etc:<\/strong><\/span><br \/>\nA principal a\u00e7\u00e3o desta atividade \u00e9 conscientizar o maior n\u00famero de pessoas sobre o descarte correto<br \/>\ndos res\u00edduos em seu domic\u00edlio. Desta forma, espera-se que ocorra a diminui\u00e7\u00e3o da quantidade de<br \/>\n\u00f3leo descartado incorretamente, alertando a comunidade sobre as consequ\u00eancias do descarte<br \/>\nincorreto do \u00f3leo e os danos que este res\u00edduo pode causar.<br \/>\n<span style=\"font-size: 18px\"><strong>Qual ser\u00e1 a metodologia de avalia\u00e7\u00e3o da atividade pelo grupo:<\/strong><\/span><br \/>\nOs volumes coletados ser\u00e3o tabulados e relatados de maneira informativa nas redes sociais e em<br \/>\ntrabalhos cient\u00edficos produzidos pelo grupo PET-Engenharias.<\/p>\n","protected":false},"excerpt":{"rendered":"<p>Descri\u00e7\u00e3o\/Justificativa: A crescente gera\u00e7\u00e3o de res\u00edduos \u00e9 uma problem\u00e1tica mundial e vem sendo discutida em todo o pa\u00eds a forma correta de sua destina\u00e7\u00e3o. O \u00f3leo de cozinha usado, assim como outros materiais, tamb\u00e9m pode ser reciclado. Ap\u00f3s a utiliza\u00e7\u00e3o, muitas pessoas n\u00e3o sabem como descart\u00e1-lo e acabam jogando o produto no ralo, pia ou [&hellip;]<\/p>\n","protected":false},"author":775,"featured_media":0,"parent":1409,"menu_order":0,"comment_status":"closed","ping_status":"closed","template":"","meta":{"_exactmetrics_skip_tracking":false,"_exactmetrics_sitenote_active":false,"_exactmetrics_sitenote_note":"","_exactmetrics_sitenote_category":0,"footnotes":"","_links_to":"","_links_to_target":""},"class_list":["post-1435","page","type-page","status-publish","hentry"],"_links":{"self":[{"href":"https:\/\/www3.unicentro.br\/petengenharias\/wp-json\/wp\/v2\/pages\/1435","targetHints":{"allow":["GET"]}}],"collection":[{"href":"https:\/\/www3.unicentro.br\/petengenharias\/wp-json\/wp\/v2\/pages"}],"about":[{"href":"https:\/\/www3.unicentro.br\/petengenharias\/wp-json\/wp\/v2\/types\/page"}],"author":[{"embeddable":true,"href":"https:\/\/www3.unicentro.br\/petengenharias\/wp-json\/wp\/v2\/users\/775"}],"replies":[{"embeddable":true,"href":"https:\/\/www3.unicentro.br\/petengenharias\/wp-json\/wp\/v2\/comments?post=1435"}],"version-history":[{"count":1,"href":"https:\/\/www3.unicentro.br\/petengenharias\/wp-json\/wp\/v2\/pages\/1435\/revisions"}],"predecessor-version":[{"id":1438,"href":"https:\/\/www3.unicentro.br\/petengenharias\/wp-json\/wp\/v2\/pages\/1435\/revisions\/1438"}],"up":[{"embeddable":true,"href":"https:\/\/www3.unicentro.br\/petengenharias\/wp-json\/wp\/v2\/pages\/1409"}],"wp:attachment":[{"href":"https:\/\/www3.unicentro.br\/petengenharias\/wp-json\/wp\/v2\/media?parent=1435"}],"curies":[{"name":"wp","href":"https:\/\/api.w.org\/{rel}","templated":true}]}}