{"id":1409,"date":"2024-11-04T22:38:59","date_gmt":"2024-11-05T01:38:59","guid":{"rendered":"https:\/\/www3.unicentro.br\/petengenharias\/?page_id=1409"},"modified":"2024-11-08T16:49:30","modified_gmt":"2024-11-08T19:49:30","slug":"acompanhe-todas-as-atividades-do-pet-engenharias-2024","status":"publish","type":"page","link":"https:\/\/www3.unicentro.br\/petengenharias\/projetos\/acompanhe-todas-as-atividades-do-pet-engenharias-2024\/","title":{"rendered":"Acompanhe Todas as Atividades do PET-Engenharias 2024"},"content":{"rendered":"<div class=\"wpb-content-wrapper\"><p>[vc_row][vc_column width=&#8221;1\/5&#8243;][vc_custom_heading text=&#8221;Visitec&#8221; css=&#8221;&#8221; link=&#8221;url:https%3A%2F%2Fwww3.unicentro.br%2Fpetengenharias%2Fatividade-projeto-visitec-pet-engenharias%2F|title:VISITEC%20PET-ENGENHARIAS&#8221;][vc_column_text css=&#8221;&#8221;]<a href=\"https:\/\/www3.unicentro.br\/petengenharias\/atividade-projeto-visitec-pet-engenharias\/\">Projeto Visitec PET-Engenharias<\/a>[\/vc_column_text][\/vc_column][vc_column width=&#8221;1\/5&#8243;][vc_custom_heading text=&#8221;\u00d3leo Consciente&#8221; css=&#8221;&#8221; link=&#8221;url:https%3A%2F%2Fwww3.unicentro.br%2Fpetengenharias%2Fprojetos%2Facompanhe-todas-as-atividades-do-pet-engenharias-2024%2Fatividade-projeto-oleo-consciente-coleta-e-reciclagem-de-oleo-queimado%2F|title:Atividade%20%E2%80%93%20Projeto%20%C3%93leo%20Consciente%3A%20Coleta%20e%20Reciclagem%20de%20%C3%93leo%20Queimado&#8221;][vc_column_text css=&#8221;&#8221;]<a href=\"https:\/\/www3.unicentro.br\/petengenharias\/projetos\/acompanhe-todas-as-atividades-do-pet-engenharias-2024\/atividade-projeto-oleo-consciente-coleta-e-reciclagem-de-oleo-queimado\/\">Projeto \u00d3leo Consciente: Coleta e Reciclagem de \u00d3leo Queimado<\/a>[\/vc_column_text][\/vc_column][vc_column width=&#8221;1\/5&#8243;][vc_custom_heading text=&#8221;Doa-se&#8221; css=&#8221;&#8221; link=&#8221;url:https%3A%2F%2Fwww3.unicentro.br%2Fpetengenharias%2Fprojetos%2Facompanhe-todas-as-atividades-do-pet-engenharias-2024%2Fatividade-projeto-doe-se%2F|title:Atividade%20%E2%80%93%20Projeto%20Doe-se&#8221;][vc_column_text css=&#8221;&#8221;]<a href=\"https:\/\/www3.unicentro.br\/petengenharias\/projetos\/acompanhe-todas-as-atividades-do-pet-engenharias-2024\/atividade-projeto-doe-se\/\">Projeto Doa-se<\/a>[\/vc_column_text][\/vc_column][vc_column width=&#8221;1\/5&#8243;][vc_custom_heading text=&#8221;Consci\u00eancia Ambiental&#8221; css=&#8221;&#8221; link=&#8221;url:https%3A%2F%2Fwww3.unicentro.br%2Fpetengenharias%2Fprojetos%2Facompanhe-todas-as-atividades-do-pet-engenharias-2024%2Fatividade-projeto-consciencia-ambiental-na-comunidade-conectando-saberes-para-um-futuro-sustentavel%2F|title:Atividade%20%E2%80%93%20Projeto%20Consci%C3%AAncia%20Ambiental%20na%20Comunidade%3A%20Conectando%20Saberes%20para%20um%20Futuro%20Sustent%C3%A1vel&#8221;][vc_column_text css=&#8221;&#8221;]<a href=\"https:\/\/www3.unicentro.br\/petengenharias\/projetos\/acompanhe-todas-as-atividades-do-pet-engenharias-2024\/atividade-projeto-consciencia-ambiental-na-comunidade-conectando-saberes-para-um-futuro-sustentavel\/\">Projeto Consci\u00eancia Ambiental na Comunidade: Conectando Saberes para um Futuro Sustent\u00e1vel<\/a>[\/vc_column_text][\/vc_column][vc_column width=&#8221;1\/5&#8243;][vc_custom_heading text=&#8221;Encontros&#8221; css=&#8221;&#8221; link=&#8221;url:https%3A%2F%2Fwww3.unicentro.br%2Fpetengenharias%2Fprojetos%2Facompanhe-todas-as-atividades-do-pet-engenharias-2024%2Fatividade-participacao-nas-reunioes-semanais-quinzenais%2F|title:Atividade%20%E2%80%93%20Participa%C3%A7%C3%A3o%20nas%20reuni%C3%B5es%20semanais%2Fquinzenais&#8221;][vc_column_text css=&#8221;&#8221;]<a href=\"https:\/\/www3.unicentro.br\/petengenharias\/projetos\/acompanhe-todas-as-atividades-do-pet-engenharias-2024\/atividade-participacao-nas-reunioes-semanais-quinzenais\/\"><span class=\"OYPEnA font-feature-liga-off font-feature-clig-off font-feature-calt-off text-decoration-none text-strikethrough-none\">Participa\u00e7\u00e3o nas reuni\u00f5es semanais\/quinzenais<\/span><\/a>[\/vc_column_text][\/vc_column][\/vc_row][vc_row][vc_column width=&#8221;1\/5&#8243;][vc_custom_heading text=&#8221;Sele\u00e7\u00e3o&#8221; css=&#8221;&#8221; link=&#8221;url:https%3A%2F%2Fwww3.unicentro.br%2Fpetengenharias%2Fprojetos%2Facompanhe-todas-as-atividades-do-pet-engenharias-2024%2Fatividade-selecao-pet-engenharias%2F|title:Atividade%20%E2%80%93%20Sele%C3%A7%C3%A3o%20PET-Engenharias&#8221;][vc_column_text css=&#8221;&#8221;]<a href=\"https:\/\/www3.unicentro.br\/petengenharias\/projetos\/acompanhe-todas-as-atividades-do-pet-engenharias-2024\/atividade-selecao-pet-engenharias\/\">Sele\u00e7\u00e3o de novos integrantes do PET-Engenharias<\/a>[\/vc_column_text][\/vc_column][vc_column width=&#8221;1\/5&#8243;][vc_custom_heading text=&#8221;Encontros Acad\u00eamicos&#8221; css=&#8221;&#8221; link=&#8221;url:https%3A%2F%2Fwww3.unicentro.br%2Fpetengenharias%2Fprojetos%2Facompanhe-todas-as-atividades-do-pet-engenharias-2024%2Fatividade-encontros-academicos%2F|title:Atividade%20%E2%80%93%20Encontros%20Acad%C3%AAmicos&#8221;][vc_column_text css=&#8221;&#8221;]<a href=\"https:\/\/www3.unicentro.br\/petengenharias\/projetos\/acompanhe-todas-as-atividades-do-pet-engenharias-2024\/atividade-encontros-academicos\/\">Encontros para Fortalecimentos Acad\u00eamicos<\/a>[\/vc_column_text][\/vc_column][vc_column width=&#8221;1\/5&#8243;][vc_custom_heading text=&#8221;Integra\u00e7\u00e3o Empresarial&#8221; css=&#8221;&#8221; link=&#8221;url:https%3A%2F%2Fwww3.unicentro.br%2Fpetengenharias%2Fprojetos%2Facompanhe-todas-as-atividades-do-pet-engenharias-2024%2Fatividade-programa-de-integracao-empresarial%2F|title:Atividade%20%E2%80%93%20Programa%20de%20Integra%C3%A7%C3%A3o%20Empresarial&#8221;][vc_column_text css=&#8221;&#8221;]<a href=\"https:\/\/www3.unicentro.br\/petengenharias\/projetos\/acompanhe-todas-as-atividades-do-pet-engenharias-2024\/atividade-programa-de-integracao-empresarial\/\"><span class=\"OYPEnA font-feature-liga-off font-feature-clig-off font-feature-calt-off text-decoration-none text-strikethrough-none\">Programa de Integra\u00e7\u00e3o Empresarial<\/span><\/a>[\/vc_column_text][\/vc_column][vc_column width=&#8221;1\/5&#8243;][vc_custom_heading text=&#8221;E-AssinaGrad&#8221; css=&#8221;&#8221; link=&#8221;url:https%3A%2F%2Fwww3.unicentro.br%2Fpetengenharias%2Fprojetos%2Facompanhe-todas-as-atividades-do-pet-engenharias-2024%2Fatividade-e-assinagrad-simplificando-a-assinatura-digital-para-alunos-universitarios%2F|title:Atividade%20%E2%80%93%20E-AssinaGrad%3A%20Simplificando%20a%20Assinatura%20Digital%20para%20Alunos%20Universit%C3%A1rios.&#8221;][vc_column_text css=&#8221;&#8221;]<a href=\"https:\/\/www3.unicentro.br\/petengenharias\/projetos\/acompanhe-todas-as-atividades-do-pet-engenharias-2024\/atividade-e-assinagrad-simplificando-a-assinatura-digital-para-alunos-universitarios\/\">E-AssinaGrad: Simplificando a Assinatura Digital para Alunos Universit\u00e1rios.<\/a>[\/vc_column_text][\/vc_column][vc_column width=&#8221;1\/5&#8243;][vc_custom_heading text=&#8221;Hora do Calouro&#8221; css=&#8221;&#8221; link=&#8221;url:https%3A%2F%2Fwww3.unicentro.br%2Fpetengenharias%2Fprojetos%2Facompanhe-todas-as-atividades-do-pet-engenharias-2024%2Fatividade-projeto-hora-do-calouro-recepcao-dos-calouros-de-engenharia-ambiental-e-engenharia-florestal%2F|title:Atividade%20%E2%80%93%20Projeto%20Hora%20do%20Calouro%3A%20Recep%C3%A7%C3%A3o%20dos%20calouros%20de%20Engenharia%20Ambiental%20e%20Engenharia%20Florestal&#8221;][vc_column_text css=&#8221;&#8221;]<a href=\"https:\/\/www3.unicentro.br\/petengenharias\/projetos\/acompanhe-todas-as-atividades-do-pet-engenharias-2024\/atividade-projeto-hora-do-calouro-recepcao-dos-calouros-de-engenharia-ambiental-e-engenharia-florestal\/\">Projeto Hora do Calouro: Recep\u00e7\u00e3o dos calouros de Engenharia Ambiental e Engenharia Florestal<\/a>[\/vc_column_text][\/vc_column][\/vc_row][vc_row][vc_column width=&#8221;1\/5&#8243;][vc_custom_heading text=&#8221;Egressos&#8221; css=&#8221;&#8221; link=&#8221;url:https%3A%2F%2Fwww3.unicentro.br%2Fpetengenharias%2Fprojetos%2Facompanhe-todas-as-atividades-do-pet-engenharias-2024%2Fatividade-projeto-avaliando-egressos%2F|title:Atividade%20%E2%80%93%20Projeto%20Avaliando%20Egressos&#8221;][vc_column_text css=&#8221;&#8221;]<a href=\"https:\/\/www3.unicentro.br\/petengenharias\/projetos\/acompanhe-todas-as-atividades-do-pet-engenharias-2024\/atividade-projeto-avaliando-egressos\/\"><span class=\"OYPEnA font-feature-liga-off font-feature-clig-off font-feature-calt-off text-decoration-none text-strikethrough-none\">Projeto Avaliando Egressos<\/span><\/a>[\/vc_column_text][\/vc_column][vc_column width=&#8221;1\/5&#8243;][vc_custom_heading text=&#8221;Seja um de N\u00f3s&#8221; css=&#8221;&#8221; link=&#8221;url:https%3A%2F%2Fwww3.unicentro.br%2Fpetengenharias%2Fprojetos%2Facompanhe-todas-as-atividades-do-pet-engenharias-2024%2Fatividade-projeto-seja-um-de-nos-divulgacao-dos-cursos-de-engenharia-ambiental-e-engenharia-florestal%2F|title:Atividade%20%E2%80%93%20Projeto%20Seja%20Um%20de%20N%C3%B3s%3A%20Divulga%C3%A7%C3%A3o%20dos%20cursos%20de%20Engenharia%20Ambiental%20e%20Engenharia%20Florestal&#8221;][vc_column_text css=&#8221;&#8221;]<a href=\"https:\/\/www3.unicentro.br\/petengenharias\/projetos\/acompanhe-todas-as-atividades-do-pet-engenharias-2024\/atividade-projeto-seja-um-de-nos-divulgacao-dos-cursos-de-engenharia-ambiental-e-engenharia-florestal\/\">Projeto Seja Um de N\u00f3s: Divulga\u00e7\u00e3o dos cursos de Engenharia Ambiental e Engenharia Florestal<\/a>[\/vc_column_text][\/vc_column][vc_column width=&#8221;1\/5&#8243;][vc_custom_heading text=&#8221;Doa\u00e7\u00e3o de Doces&#8221; css=&#8221;&#8221; link=&#8221;url:https%3A%2F%2Fwww3.unicentro.br%2Fpetengenharias%2Fprojetos%2Facompanhe-todas-as-atividades-do-pet-engenharias-2024%2Fatividade-doacoes-de-doces%2F|title:Atividade%20%E2%80%93%20Doa%C3%A7%C3%B5es%20de%20doces&#8221;][vc_column_text css=&#8221;&#8221;]<a href=\"https:\/\/www3.unicentro.br\/petengenharias\/projetos\/acompanhe-todas-as-atividades-do-pet-engenharias-2024\/atividade-doacoes-de-doces\/\"><span class=\"OYPEnA font-feature-liga-off font-feature-clig-off font-feature-calt-off text-decoration-none text-strikethrough-none\">Projeto Doa\u00e7\u00f5es de doces<\/span><\/a>[\/vc_column_text][\/vc_column][vc_column width=&#8221;1\/5&#8243;][vc_custom_heading text=&#8221;Sem Rem\u00e9dios no Ambiente&#8221; css=&#8221;&#8221; link=&#8221;url:https%3A%2F%2Fwww3.unicentro.br%2Fpetengenharias%2Fprojetos%2Facompanhe-todas-as-atividades-do-pet-engenharias-2024%2Fatividade-o-ambiente-nao-precisa-de-remedios%2F|title:Atividade%20%E2%80%93%20O%20Ambiente%20n%C3%A3o%20precisa%20de%20rem%C3%A9dios&#8221;][vc_column_text css=&#8221;&#8221;]<a href=\"https:\/\/www3.unicentro.br\/petengenharias\/projetos\/acompanhe-todas-as-atividades-do-pet-engenharias-2024\/atividade-o-ambiente-nao-precisa-de-remedios\/\"><span class=\"OYPEnA font-feature-liga-off font-feature-clig-off font-feature-calt-off text-decoration-none text-strikethrough-none\">Projeto o Ambiente n\u00e3o Precisa de Rem\u00e9dios<\/span><\/a>[\/vc_column_text][\/vc_column][vc_column width=&#8221;1\/5&#8243;][vc_custom_heading text=&#8221;Voc\u00ea Sabia&#8221; css=&#8221;&#8221; link=&#8221;url:https%3A%2F%2Fwww3.unicentro.br%2Fpetengenharias%2Fprojetos%2Facompanhe-todas-as-atividades-do-pet-engenharias-2024%2Fatividade-voce-sabia%2F|title:Atividade%20%E2%80%93%20Voc%C3%AA%20sabia%3F&#8221;][vc_column_text css=&#8221;&#8221;]<a href=\"https:\/\/www3.unicentro.br\/petengenharias\/projetos\/acompanhe-todas-as-atividades-do-pet-engenharias-2024\/atividade-voce-sabia\/\">V\u00eddeos Estilo <span class=\"OYPEnA font-feature-liga-off font-feature-clig-off font-feature-calt-off text-decoration-none text-strikethrough-none\">Voc\u00ea sabia<\/span><\/a>[\/vc_column_text][\/vc_column][\/vc_row][vc_row][vc_column width=&#8221;1\/5&#8243;][vc_custom_heading text=&#8221;Melipon\u00e1rio&#8221; css=&#8221;&#8221; link=&#8221;url:https%3A%2F%2Fwww3.unicentro.br%2Fpetengenharias%2Fprojetos%2Facompanhe-todas-as-atividades-do-pet-engenharias-2024%2Fatividade-projeto-meliponario-unicentro-campus-irati%2F|title:Atividade%20%E2%80%93%20Projeto%20Melipon%C3%A1rio%3A%20Unicentro%20Campus%20Irati&#8221;][vc_column_text css=&#8221;&#8221;]<a href=\"https:\/\/www3.unicentro.br\/petengenharias\/projetos\/acompanhe-todas-as-atividades-do-pet-engenharias-2024\/atividade-projeto-meliponario-unicentro-campus-irati\/\">Projeto Melipon\u00e1rio: Unicentro Campus Irati<\/a>[\/vc_column_text][\/vc_column][vc_column width=&#8221;1\/5&#8243;][vc_custom_heading text=&#8221;ANAPCI&#8221; css=&#8221;&#8221; link=&#8221;url:https%3A%2F%2Fwww3.unicentro.br%2Fpetengenharias%2Fprojetos%2Facompanhe-todas-as-atividades-do-pet-engenharias-2024%2Fatividade-associacao-do-nucleo-de-apoio-ao-portador-de-cancer-de-irati-anapci%2F|title:Atividade%20%E2%80%93%20Associa%C3%A7%C3%A3o%20do%20N%C3%BAcleo%20de%20Apoio%20ao%20Portador%20de%20C%C3%A2ncer%20de%20Irati%20%E2%80%93%20ANAPCI&#8221;][vc_column_text css=&#8221;&#8221;]<a href=\"https:\/\/www3.unicentro.br\/petengenharias\/projetos\/acompanhe-todas-as-atividades-do-pet-engenharias-2024\/atividade-associacao-do-nucleo-de-apoio-ao-portador-de-cancer-de-irati-anapci\/\">Associa\u00e7\u00e3o do N\u00facleo de Apoio ao Portador de C\u00e2ncer de Irati &#8211; ANAPCI<\/a>[\/vc_column_text][\/vc_column][vc_column width=&#8221;1\/5&#8243;][vc_custom_heading text=&#8221;Arraia&#8221; css=&#8221;&#8221; link=&#8221;url:https%3A%2F%2Fwww3.unicentro.br%2Fpetengenharias%2Fatividade-arraia-do-campus-irati%2F|title:Atividade%20%E2%80%93%20Arraia%20do%20Campus%20Irati&#8221;][vc_column_text css=&#8221;&#8221;]<a href=\"https:\/\/www3.unicentro.br\/petengenharias\/atividade-arraia-do-campus-irati\/\">Arraia do Campus Irati<\/a>[\/vc_column_text][\/vc_column][vc_column width=&#8221;1\/5&#8243;][vc_custom_heading text=&#8221;InterPET&#8221; css=&#8221;&#8221; link=&#8221;url:https%3A%2F%2Fwww3.unicentro.br%2Fpetengenharias%2Fatividade-encontro-anual-dos-grupos-pet-da-unicentro-interpet%2F|title:Atividade%20%E2%80%93%20Encontro%20Anual%20dos%20Grupos%20PET%20da%20Unicentro%20INTERPET&#8221;][vc_column_text css=&#8221;&#8221;]<a href=\"https:\/\/www3.unicentro.br\/petengenharias\/atividade-encontro-anual-dos-grupos-pet-da-unicentro-interpet\/\">Encontro Anual dos Grupos PET da Unicentro INTERPET<\/a>[\/vc_column_text][\/vc_column][vc_column width=&#8221;1\/5&#8243;][vc_custom_heading text=&#8221;Aprimoramento Acad\u00eamico&#8221; css=&#8221;&#8221; link=&#8221;url:https%3A%2F%2Fwww3.unicentro.br%2Fpetengenharias%2Fatividade-projeto-fortalecendo-a-base-academica%2F|title:Atividade%20%E2%80%93%20Projeto%20Fortalecendo%20a%20Base%20Acad%C3%AAmica&#8221;][vc_column_text css=&#8221;&#8221;]<a href=\"https:\/\/www3.unicentro.br\/petengenharias\/atividade-projeto-fortalecendo-a-base-academica\/\"><span class=\"OYPEnA font-feature-liga-off font-feature-clig-off font-feature-calt-off text-decoration-none text-strikethrough-none\">Projeto Fortalecendo a Base Acad\u00eamica<\/span><\/a>[\/vc_column_text][\/vc_column][\/vc_row][vc_row][vc_column width=&#8221;1\/5&#8243;][vc_custom_heading text=&#8221;Pesquisas&#8221; css=&#8221;&#8221; link=&#8221;url:https%3A%2F%2Fwww3.unicentro.br%2Fpetengenharias%2Fatividade-projeto-formando-cientistas-iniciacao-cientifica-iniciacao-tecnologica-e-iniciacao-a-extensao%2F|title:Atividade%20%E2%80%93%20Projeto%20Formando%20Cientistas%3A%20Inicia%C3%A7%C3%A3o%20Cient%C3%ADfica%2C%20Inicia%C3%A7%C3%A3o%20Tecnol%C3%B3gica%20e%20Inicia%C3%A7%C3%A3o%20%C3%A0%20Extens%C3%A3o.&#8221;][vc_column_text css=&#8221;&#8221;]<a href=\"https:\/\/www3.unicentro.br\/petengenharias\/atividade-projeto-formando-cientistas-iniciacao-cientifica-iniciacao-tecnologica-e-iniciacao-a-extensao\/\">Projeto Formando Cientistas: Inicia\u00e7\u00e3o Cient\u00edfica, Inicia\u00e7\u00e3o Tecnol\u00f3gica e Inicia\u00e7\u00e3o \u00e0 Extens\u00e3o.<\/a>[\/vc_column_text][\/vc_column][vc_column width=&#8221;1\/5&#8243;][vc_custom_heading text=&#8221;Sites e Redes Sociais&#8221; css=&#8221;&#8221; link=&#8221;url:https%3A%2F%2Fwww3.unicentro.br%2Fpetengenharias%2Fatividade-atualizacao-do-site-e-redes-sociais%2F|title:Atividade%20%E2%80%93%20Atualiza%C3%A7%C3%A3o%20do%20Site%20e%20redes%20sociais&#8221;][vc_column_text css=&#8221;&#8221;]<a href=\"https:\/\/www3.unicentro.br\/petengenharias\/atividade-atualizacao-do-site-e-redes-sociais\/\"><span class=\"OYPEnA font-feature-liga-off font-feature-clig-off font-feature-calt-off text-decoration-none text-strikethrough-none\">Atualiza\u00e7\u00e3o do Site e redes sociais<\/span><\/a>[\/vc_column_text][\/vc_column][vc_column width=&#8221;1\/5&#8243;][vc_custom_heading text=&#8221;Evas\u00e3o dos Alunos&#8221; css=&#8221;&#8221; link=&#8221;url:https%3A%2F%2Fwww3.unicentro.br%2Fpetengenharias%2Fatividade-construindo-pontes-para-a-permanencia-analise-dos-fatores-de-evasao%2F|title:Atividade%20%E2%80%93%20Construindo%20Pontes%20para%20a%20Perman%C3%AAncia%3A%20An%C3%A1lise%20dos%20Fatores%20de%20Evas%C3%A3o.&#8221;][vc_column_text css=&#8221;&#8221;]<a href=\"https:\/\/www3.unicentro.br\/petengenharias\/atividade-construindo-pontes-para-a-permanencia-analise-dos-fatores-de-evasao\/\">Construindo Pontes para a Perman\u00eancia: An\u00e1lise dos Fatores de Evas\u00e3o.<\/a>[\/vc_column_text][\/vc_column][vc_column width=&#8221;1\/5&#8243;][vc_custom_heading text=&#8221;Novos Alunos&#8221; css=&#8221;&#8221;][vc_column_text css=&#8221;&#8221;]<span class=\"OYPEnA font-feature-liga-off font-feature-clig-off font-feature-calt-off text-decoration-none text-strikethrough-none\">Busca por aprovados no vestibular<\/span>[\/vc_column_text][\/vc_column][vc_column width=&#8221;1\/5&#8243;][vc_custom_heading text=&#8221;Tampinhas&#8221; css=&#8221;&#8221;][vc_column_text css=&#8221;&#8221;]<span class=\"OYPEnA font-feature-liga-off font-feature-clig-off font-feature-calt-off text-decoration-none text-strikethrough-none\">Coleta de tampinhas nas escolas e no Campus<\/span>[\/vc_column_text][\/vc_column][\/vc_row][vc_row][vc_column width=&#8221;1\/5&#8243;][vc_custom_heading text=&#8221;Walking Tour&#8221; css=&#8221;&#8221;][vc_column_text css=&#8221;&#8221;]Visita das Escolas ao Campus Irati[\/vc_column_text][\/vc_column][vc_column width=&#8221;1\/5&#8243;][vc_custom_heading text=&#8221;Brindes&#8221; css=&#8221;&#8221;][vc_column_text css=&#8221;&#8221;]<span class=\"OYPEnA font-feature-liga-off font-feature-clig-off font-feature-calt-off text-decoration-none text-strikethrough-none\">Busca por Brindes e Apoios<\/span>[\/vc_column_text][\/vc_column][vc_column width=&#8221;1\/5&#8243;][\/vc_column][vc_column width=&#8221;1\/5&#8243;][\/vc_column][vc_column width=&#8221;1\/5&#8243;][\/vc_column][\/vc_row][vc_row][vc_column][\/vc_column][\/vc_row]<\/p>\n<\/div>","protected":false},"excerpt":{"rendered":"<p>[vc_row][vc_column width=&#8221;1\/5&#8243;][vc_custom_heading text=&#8221;Visitec&#8221; css=&#8221;&#8221; link=&#8221;url:https%3A%2F%2Fwww3.unicentro.br%2Fpetengenharias%2Fatividade-projeto-visitec-pet-engenharias%2F|title:VISITEC%20PET-ENGENHARIAS&#8221;][vc_column_text css=&#8221;&#8221;]Projeto Visitec PET-Engenharias[\/vc_column_text][\/vc_column][vc_column width=&#8221;1\/5&#8243;][vc_custom_heading text=&#8221;\u00d3leo Consciente&#8221; css=&#8221;&#8221; link=&#8221;url:https%3A%2F%2Fwww3.unicentro.br%2Fpetengenharias%2Fprojetos%2Facompanhe-todas-as-atividades-do-pet-engenharias-2024%2Fatividade-projeto-oleo-consciente-coleta-e-reciclagem-de-oleo-queimado%2F|title:Atividade%20%E2%80%93%20Projeto%20%C3%93leo%20Consciente%3A%20Coleta%20e%20Reciclagem%20de%20%C3%93leo%20Queimado&#8221;][vc_column_text css=&#8221;&#8221;]Projeto \u00d3leo Consciente: Coleta e Reciclagem de \u00d3leo Queimado[\/vc_column_text][\/vc_column][vc_column width=&#8221;1\/5&#8243;][vc_custom_heading text=&#8221;Doa-se&#8221; css=&#8221;&#8221; link=&#8221;url:https%3A%2F%2Fwww3.unicentro.br%2Fpetengenharias%2Fprojetos%2Facompanhe-todas-as-atividades-do-pet-engenharias-2024%2Fatividade-projeto-doe-se%2F|title:Atividade%20%E2%80%93%20Projeto%20Doe-se&#8221;][vc_column_text css=&#8221;&#8221;]Projeto Doa-se[\/vc_column_text][\/vc_column][vc_column width=&#8221;1\/5&#8243;][vc_custom_heading text=&#8221;Consci\u00eancia Ambiental&#8221; css=&#8221;&#8221; link=&#8221;url:https%3A%2F%2Fwww3.unicentro.br%2Fpetengenharias%2Fprojetos%2Facompanhe-todas-as-atividades-do-pet-engenharias-2024%2Fatividade-projeto-consciencia-ambiental-na-comunidade-conectando-saberes-para-um-futuro-sustentavel%2F|title:Atividade%20%E2%80%93%20Projeto%20Consci%C3%AAncia%20Ambiental%20na%20Comunidade%3A%20Conectando%20Saberes%20para%20um%20Futuro%20Sustent%C3%A1vel&#8221;][vc_column_text css=&#8221;&#8221;]Projeto Consci\u00eancia Ambiental na Comunidade: Conectando Saberes para um Futuro Sustent\u00e1vel[\/vc_column_text][\/vc_column][vc_column width=&#8221;1\/5&#8243;][vc_custom_heading text=&#8221;Encontros&#8221; css=&#8221;&#8221; link=&#8221;url:https%3A%2F%2Fwww3.unicentro.br%2Fpetengenharias%2Fprojetos%2Facompanhe-todas-as-atividades-do-pet-engenharias-2024%2Fatividade-participacao-nas-reunioes-semanais-quinzenais%2F|title:Atividade%20%E2%80%93%20Participa%C3%A7%C3%A3o%20nas%20reuni%C3%B5es%20semanais%2Fquinzenais&#8221;][vc_column_text css=&#8221;&#8221;]Participa\u00e7\u00e3o nas reuni\u00f5es semanais\/quinzenais[\/vc_column_text][\/vc_column][\/vc_row][vc_row][vc_column width=&#8221;1\/5&#8243;][vc_custom_heading text=&#8221;Sele\u00e7\u00e3o&#8221; css=&#8221;&#8221; [&hellip;]<\/p>\n","protected":false},"author":775,"featured_media":1427,"parent":45,"menu_order":0,"comment_status":"closed","ping_status":"closed","template":"","meta":{"_exactmetrics_skip_tracking":false,"_exactmetrics_sitenote_active":false,"_exactmetrics_sitenote_note":"","_exactmetrics_sitenote_category":0,"footnotes":"","_links_to":"","_links_to_target":""},"class_list":["post-1409","page","type-page","status-publish","has-post-thumbnail","hentry"],"_links":{"self":[{"href":"https:\/\/www3.unicentro.br\/petengenharias\/wp-json\/wp\/v2\/pages\/1409","targetHints":{"allow":["GET"]}}],"collection":[{"href":"https:\/\/www3.unicentro.br\/petengenharias\/wp-json\/wp\/v2\/pages"}],"about":[{"href":"https:\/\/www3.unicentro.br\/petengenharias\/wp-json\/wp\/v2\/types\/page"}],"author":[{"embeddable":true,"href":"https:\/\/www3.unicentro.br\/petengenharias\/wp-json\/wp\/v2\/users\/775"}],"replies":[{"embeddable":true,"href":"https:\/\/www3.unicentro.br\/petengenharias\/wp-json\/wp\/v2\/comments?post=1409"}],"version-history":[{"count":2,"href":"https:\/\/www3.unicentro.br\/petengenharias\/wp-json\/wp\/v2\/pages\/1409\/revisions"}],"predecessor-version":[{"id":1491,"href":"https:\/\/www3.unicentro.br\/petengenharias\/wp-json\/wp\/v2\/pages\/1409\/revisions\/1491"}],"up":[{"embeddable":true,"href":"https:\/\/www3.unicentro.br\/petengenharias\/wp-json\/wp\/v2\/pages\/45"}],"wp:featuredmedia":[{"embeddable":true,"href":"https:\/\/www3.unicentro.br\/petengenharias\/wp-json\/wp\/v2\/media\/1427"}],"wp:attachment":[{"href":"https:\/\/www3.unicentro.br\/petengenharias\/wp-json\/wp\/v2\/media?parent=1409"}],"curies":[{"name":"wp","href":"https:\/\/api.w.org\/{rel}","templated":true}]}}