{"id":138,"date":"2019-01-03T18:45:47","date_gmt":"2019-01-03T20:45:47","guid":{"rendered":"https:\/\/www3.unicentro.br\/petengenharias\/?page_id=138"},"modified":"2019-01-03T18:52:38","modified_gmt":"2019-01-03T20:52:38","slug":"carta-andrearudniak","status":"publish","type":"page","link":"https:\/\/www3.unicentro.br\/petengenharias\/carta-andrearudniak\/","title":{"rendered":"Andr\u00e9a Rudniak"},"content":{"rendered":"<div class=\"wpb-content-wrapper\"><p>[vc_row full_width=&#8221;stretch_row&#8221; u_row_style=&#8221;0&#8243; u_row_paralax=&#8221;0&#8243; u_row_scheme=&#8221;0&#8243; css=&#8221;.vc_custom_1546548569826{padding-top: 100px !important;padding-bottom: 100px !important;background-position: center !important;background-repeat: no-repeat !important;background-size: cover !important;}&#8221;][vc_column width=&#8221;11\/12&#8243;][vc_single_image image=&#8221;139&#8243; alignment=&#8221;center&#8221; style=&#8221;vc_box_border_circle&#8221; border_color=&#8221;white&#8221;][vc_custom_heading text=&#8221;Andr\u00e9ia Rudniak&#8221; font_container=&#8221;tag:h1|text_align:center|color:%23000000&#8243; use_theme_fonts=&#8221;yes&#8221;][vc_column_text]Curso: Engenharia Ambiental<br \/>\ne-mail: andreiarudniak@hotmail.com<br \/>\nLattes: http:\/\/lattes.cnpq.br\/0117017374077308<br \/>\nIngresso no PET: Mar\u00e7o de 2013<br \/>\nEgresso do PET: Dezembro de 2014<\/p>\n<p style=\"text-align: center\">Primeiro vamos deixar claro que sou de exatas, e escrever n\u00e3o \u00e9 meu forte\u2026<\/p>\n<p style=\"text-align: center\">Bom, tive a honra de formar o primeiro grupo, do primeiro edital, no in\u00edcio do PET-Engenharias, em 2013. E como tudo que \u00e9 novidade, sempre tem o \u201cfrio na barriga\u201d\u2026apesar de n\u00e3o saber muito bem do que se tratava o tal programa. Por\u00e9m, a primeira reuni\u00e3o foi algo empolgante, algo descontra\u00eddo, risadas, muitas ideias para iniciar a moldar as caracter\u00edsticas e ess\u00eancias desse grupo. Chimarr\u00e3o!<\/p>\n<p style=\"text-align: center\">Mais que um encontro de \u201cnerd\u2019s\u201d o PET me mostrou que ali aconteciam reuni\u00f5es de jovens que queriam ir al\u00e9m das aulas da gradua\u00e7\u00e3o. E conseguimos algo maravilhoso: unir dois cursos que tinham uma rixa antiga dentro da faculdade, algo comprovado no sucesso da IV Semana de estudos Ambientais e Florestais, primeiro grande evento organizado pelo PET, e que levo na mem\u00f3ria com carinho.<\/p>\n<p style=\"text-align: center\">A tristeza de deixar o PET s\u00f3 n\u00e3o foi maior porque o mesmo per\u00edodo que estive no grupo, era o tempo que me restava no curso de Engenharia Ambiental at\u00e9 a formatura, ent\u00e3o sentimentos se misturavam. Mas quero deixar registrado que fico feliz por tudo o que aconteceu durante esse curto per\u00edodo de viv\u00eancia com os que entraram comigo bem como aos novos integrantes, aprendi muito, e melhor ainda, conheci pessoas encantadoras, espont\u00e2neas e talentosas.<\/p>\n<p style=\"text-align: center\">Deixo atividades em aberto. Pe\u00e7o desculpas, se por algum motivo frustrei aqueles que acreditaram mais em mim. Pe\u00e7o desculpas se errei com algum colega. Se posso deixar um conselho aos novos e aos futuros integrantes, \u00e9 que o equil\u00edbrio \u00e9 a palavra mais importante para um petiano\u2026pois \u00e9 preciso ter equil\u00edbrio entre o tempo, as atividades acad\u00eamicas e as atividades do grupo, para se ter um trabalho de excel\u00eancia.<\/p>\n<p style=\"text-align: center\">Enfim, o grupo ainda tem muito para crescer e se consolidar no \u00e2mbito dos cursos, e sei que temos potencial e muita vontade para nos tornarmos o melhor PET de toda a Universidade.<\/p>\n<p style=\"text-align: center\">As li\u00e7\u00f5es que aprendi aqui, levarei para toda a vida. No mais desejo sucesso a todos os colegas petianos e um abra\u00e7o especial aos tutores!<\/p>\n<p>[\/vc_column_text][\/vc_column][\/vc_row]<\/p>\n<\/div>","protected":false},"excerpt":{"rendered":"<p>[vc_row full_width=&#8221;stretch_row&#8221; u_row_style=&#8221;0&#8243; u_row_paralax=&#8221;0&#8243; u_row_scheme=&#8221;0&#8243; css=&#8221;.vc_custom_1546548569826{padding-top: 100px !important;padding-bottom: 100px !important;background-position: center !important;background-repeat: no-repeat !important;background-size: cover !important;}&#8221;][vc_column width=&#8221;11\/12&#8243;][vc_single_image image=&#8221;139&#8243; alignment=&#8221;center&#8221; style=&#8221;vc_box_border_circle&#8221; border_color=&#8221;white&#8221;][vc_custom_heading text=&#8221;Andr\u00e9ia Rudniak&#8221; font_container=&#8221;tag:h1|text_align:center|color:%23000000&#8243; use_theme_fonts=&#8221;yes&#8221;][vc_column_text]Curso: Engenharia Ambiental e-mail: andreiarudniak@hotmail.com Lattes: http:\/\/lattes.cnpq.br\/0117017374077308 Ingresso no PET: Mar\u00e7o de 2013 Egresso do PET: Dezembro de 2014 Primeiro vamos deixar claro que sou de exatas, e escrever n\u00e3o \u00e9 [&hellip;]<\/p>\n","protected":false},"author":145,"featured_media":0,"parent":0,"menu_order":0,"comment_status":"closed","ping_status":"closed","template":"","meta":{"_exactmetrics_skip_tracking":false,"_exactmetrics_sitenote_active":false,"_exactmetrics_sitenote_note":"","_exactmetrics_sitenote_category":0,"footnotes":"","_links_to":"","_links_to_target":""},"class_list":["post-138","page","type-page","status-publish","hentry"],"_links":{"self":[{"href":"https:\/\/www3.unicentro.br\/petengenharias\/wp-json\/wp\/v2\/pages\/138","targetHints":{"allow":["GET"]}}],"collection":[{"href":"https:\/\/www3.unicentro.br\/petengenharias\/wp-json\/wp\/v2\/pages"}],"about":[{"href":"https:\/\/www3.unicentro.br\/petengenharias\/wp-json\/wp\/v2\/types\/page"}],"author":[{"embeddable":true,"href":"https:\/\/www3.unicentro.br\/petengenharias\/wp-json\/wp\/v2\/users\/145"}],"replies":[{"embeddable":true,"href":"https:\/\/www3.unicentro.br\/petengenharias\/wp-json\/wp\/v2\/comments?post=138"}],"version-history":[{"count":0,"href":"https:\/\/www3.unicentro.br\/petengenharias\/wp-json\/wp\/v2\/pages\/138\/revisions"}],"wp:attachment":[{"href":"https:\/\/www3.unicentro.br\/petengenharias\/wp-json\/wp\/v2\/media?parent=138"}],"curies":[{"name":"wp","href":"https:\/\/api.w.org\/{rel}","templated":true}]}}