{"id":454,"date":"2025-04-29T08:22:48","date_gmt":"2025-04-29T11:22:48","guid":{"rendered":"https:\/\/www3.unicentro.br\/petcc\/?page_id=454"},"modified":"2025-04-29T08:46:21","modified_gmt":"2025-04-29T11:46:21","slug":"acoes-solidarias","status":"publish","type":"page","link":"https:\/\/www3.unicentro.br\/petcc\/acoes-solidarias\/","title":{"rendered":"A\u00e7\u00f5es Solid\u00e1rias"},"content":{"rendered":"<div class=\"wpb-content-wrapper\"><p>[vc_row][vc_column][vc_row_inner][\/vc_row_inner][vc_column_inner][\/vc_column_inner][vc_column_text css=&#8221;.vc_custom_1745927134589{margin-top: 20px !important;}&#8221;]<\/p>\n<p style=\"line-height: 0;text-align: center\"><span style=\"font-size: 22pt;color: #000000;font-family: arial, helvetica, sans-serif\"><span class=\"OYPEnA font-feature-liga-off font-feature-clig-off font-feature-calt-off text-decoration-none text-strikethrough-none\"><br \/>\nA\u00e7\u00f5es Solid\u00e1rias<br \/>\n<\/span><\/span><\/p>\n<p style=\"line-height: 0.3;text-align: center\"><span style=\"color: #007b99\">\u00a0 <\/span><span style=\"color: #007b99\">_____________________________________________<\/span><\/p>\n<p>[\/vc_column_text][vc_basic_grid post_type=&#8221;post&#8221; max_items=&#8221;10&#8243; element_width=&#8221;12&#8243; gap=&#8221;0&#8243; item=&#8221;basicGrid_FadeInWithSideContent&#8221; css=&#8221;.vc_custom_1745927179072{margin-top: 20px !important;}&#8221; grid_id=&#8221;vc_gid:1745927141692-353ab337-a03d-2&#8243; taxonomies=&#8221;16&#8243;][\/vc_column][\/vc_row]<\/p>\n<\/div>","protected":false},"excerpt":{"rendered":"<p>[vc_row][vc_column][vc_row_inner][\/vc_row_inner][vc_column_inner][\/vc_column_inner][vc_column_text css=&#8221;.vc_custom_1745927134589{margin-top: 20px !important;}&#8221;] A\u00e7\u00f5es Solid\u00e1rias \u00a0 _____________________________________________ [\/vc_column_text][vc_basic_grid post_type=&#8221;post&#8221; max_items=&#8221;10&#8243; element_width=&#8221;12&#8243; gap=&#8221;0&#8243; item=&#8221;basicGrid_FadeInWithSideContent&#8221; css=&#8221;.vc_custom_1745927179072{margin-top: 20px !important;}&#8221; grid_id=&#8221;vc_gid:1745927141692-353ab337-a03d-2&#8243; taxonomies=&#8221;16&#8243;][\/vc_column][\/vc_row]<\/p>\n","protected":false},"author":806,"featured_media":0,"parent":0,"menu_order":0,"comment_status":"closed","ping_status":"closed","template":"","meta":{"_exactmetrics_skip_tracking":false,"_exactmetrics_sitenote_active":false,"_exactmetrics_sitenote_note":"","_exactmetrics_sitenote_category":0,"footnotes":"","_links_to":"","_links_to_target":""},"class_list":["post-454","page","type-page","status-publish","hentry"],"_links":{"self":[{"href":"https:\/\/www3.unicentro.br\/petcc\/wp-json\/wp\/v2\/pages\/454","targetHints":{"allow":["GET"]}}],"collection":[{"href":"https:\/\/www3.unicentro.br\/petcc\/wp-json\/wp\/v2\/pages"}],"about":[{"href":"https:\/\/www3.unicentro.br\/petcc\/wp-json\/wp\/v2\/types\/page"}],"author":[{"embeddable":true,"href":"https:\/\/www3.unicentro.br\/petcc\/wp-json\/wp\/v2\/users\/806"}],"replies":[{"embeddable":true,"href":"https:\/\/www3.unicentro.br\/petcc\/wp-json\/wp\/v2\/comments?post=454"}],"version-history":[{"count":2,"href":"https:\/\/www3.unicentro.br\/petcc\/wp-json\/wp\/v2\/pages\/454\/revisions"}],"predecessor-version":[{"id":470,"href":"https:\/\/www3.unicentro.br\/petcc\/wp-json\/wp\/v2\/pages\/454\/revisions\/470"}],"wp:attachment":[{"href":"https:\/\/www3.unicentro.br\/petcc\/wp-json\/wp\/v2\/media?parent=454"}],"curies":[{"name":"wp","href":"https:\/\/api.w.org\/{rel}","templated":true}]}}