{"id":41,"date":"2024-06-18T15:50:49","date_gmt":"2024-06-18T18:50:49","guid":{"rendered":"https:\/\/www3.unicentro.br\/petcc\/?page_id=41"},"modified":"2025-07-09T15:47:28","modified_gmt":"2025-07-09T18:47:28","slug":"o-que-e-o-pet","status":"publish","type":"page","link":"https:\/\/www3.unicentro.br\/petcc\/o-que-e-o-pet\/","title":{"rendered":"O que \u00e9 o PET?"},"content":{"rendered":"<div class=\"wpb-content-wrapper\"><p>[vc_row][vc_column][vc_single_image image=&#8221;683&#8243; img_size=&#8221;1300&#215;900&#8243; alignment=&#8221;center&#8221; css=&#8221;&#8221;][vc_row_inner][vc_column_inner][vc_single_image image=&#8221;682&#8243; img_size=&#8221;1300&#215;900&#8243; alignment=&#8221;center&#8221; css=&#8221;.vc_custom_1752086846801{margin-bottom: 0px !important;}&#8221;][\/vc_column_inner][\/vc_row_inner][\/vc_column][\/vc_row][vc_row][vc_column width=&#8221;1\/3&#8243;][vc_single_image image=&#8221;64&#8243; img_size=&#8221;600&#215;500&#8243; alignment=&#8221;center&#8221; css=&#8221;.vc_custom_1741950549174{margin-top: 100px !important;}&#8221;][\/vc_column][vc_column width=&#8221;2\/3&#8243;][vc_column_text css=&#8221;.vc_custom_1742307449804{margin-top: 10px !important;}&#8221;]&nbsp;<\/p>\n<p style=\"line-height: 0;text-align: center\"><span style=\"font-size: 22pt;color: #000000;font-family: arial, helvetica, sans-serif\"><span class=\"OYPEnA font-feature-liga-off font-feature-clig-off font-feature-calt-off text-decoration-none text-strikethrough-none\"><br \/>\nPET CC<\/span><\/span><\/p>\n<p style=\"line-height: 0.3;text-align: center\"><span style=\"color: #007b99\">\u00a0 <\/span><span style=\"color: #007b99\">______________________________<\/span><\/p>\n<p>&nbsp;<\/p>\n<p class=\"cvGsUA direction-ltr align-justify para-style-body\" style=\"text-align: justify\"><span class=\"OYPEnA font-feature-liga-off font-feature-clig-off font-feature-calt-off text-decoration-none text-strikethrough-none\" style=\"font-size: 12pt\">O grupo PET-CC <\/span><span class=\"OYPEnA font-feature-liga-off font-feature-clig-off font-feature-calt-off text-decoration-none text-strikethrough-none\" style=\"font-size: 12pt\">busca fortalecer nos discentes dos cursos de Bacharelado em Ci\u00eancia da Computa\u00e7\u00e3o e Tecnologia em Big Data no Agroneg\u00f3cio basicamente os tr\u00eas pontos principais, formadores do trip\u00e9 universit\u00e1rio: ensino, pesquisa e extens\u00e3o. A indissociabilidade dos tr\u00eas pontos \u00e9 a principal quest\u00e3o a ser considerada.<\/span><\/p>\n<ul>\n<li style=\"text-align: justify\"><span class=\"OYPEnA font-feature-liga-off font-feature-clig-off font-feature-calt-off text-decoration-none text-strikethrough-none\" style=\"font-size: 12pt\">No ensino \u00e9 necess\u00e1rio buscar a forma\u00e7\u00e3o intelectual dos discentes, bem como da comunidade local. Para isso, o PET-CC pode oferecer palestras, workshops, cursos e atividades relacionadas \u00e0 difus\u00e3o do conhecimento e da computa\u00e7\u00e3o.<\/span><\/li>\n<li style=\"text-align: justify\"><span class=\"OYPEnA font-feature-liga-off font-feature-clig-off font-feature-calt-off text-decoration-none text-strikethrough-none\" style=\"font-size: 12pt\">Na pesquisa \u00e9 necess\u00e1rio a proposta e execu\u00e7\u00e3o de projetos de inicia\u00e7\u00e3o cient\u00edfica. Para isso, \u00e9 poss\u00edvel realizar, internamente ao grupo PET-CC, inicia\u00e7\u00f5es cient\u00edficas com o objetivo de desenvolver as habilidades pessoais de cada discente membro do grupo PET-CC e contribuir com a produ\u00e7\u00e3o cient\u00edfica da UNICENTRO.<\/span><\/li>\n<li style=\"text-align: justify\"><span class=\"OYPEnA font-feature-liga-off font-feature-clig-off font-feature-calt-off text-decoration-none text-strikethrough-none\" style=\"font-size: 12pt\">Na extens\u00e3o s\u00e3o necess\u00e1rias atividades que extrapolam os limites universit\u00e1rios, buscando atingir tamb\u00e9m a comunidade local. Para isso \u00e9 poss\u00edvel realizar projetos de extens\u00e3o a fim de engajar pessoas em projetos profissionais, sociais e at\u00e9 ambientais.<\/span><\/li>\n<\/ul>\n<p>[\/vc_column_text][\/vc_column][\/vc_row][vc_column][\/vc_column]<\/p>\n<\/div>","protected":false},"excerpt":{"rendered":"<p>[vc_row][vc_column][vc_single_image image=&#8221;683&#8243; img_size=&#8221;1300&#215;900&#8243; alignment=&#8221;center&#8221; css=&#8221;&#8221;][vc_row_inner][vc_column_inner][vc_single_image image=&#8221;682&#8243; img_size=&#8221;1300&#215;900&#8243; alignment=&#8221;center&#8221; css=&#8221;.vc_custom_1752086846801{margin-bottom: 0px !important;}&#8221;][\/vc_column_inner][\/vc_row_inner][\/vc_column][\/vc_row][vc_row][vc_column width=&#8221;1\/3&#8243;][vc_single_image image=&#8221;64&#8243; img_size=&#8221;600&#215;500&#8243; alignment=&#8221;center&#8221; css=&#8221;.vc_custom_1741950549174{margin-top: 100px !important;}&#8221;][\/vc_column][vc_column width=&#8221;2\/3&#8243;][vc_column_text css=&#8221;.vc_custom_1742307449804{margin-top: 10px !important;}&#8221;]&nbsp; PET CC \u00a0 ______________________________ &nbsp; O grupo PET-CC busca fortalecer nos discentes dos cursos de Bacharelado em Ci\u00eancia da Computa\u00e7\u00e3o e Tecnologia em Big Data no Agroneg\u00f3cio basicamente os tr\u00eas pontos principais, formadores [&hellip;]<\/p>\n","protected":false},"author":3,"featured_media":0,"parent":0,"menu_order":0,"comment_status":"closed","ping_status":"closed","template":"","meta":{"_exactmetrics_skip_tracking":false,"_exactmetrics_sitenote_active":false,"_exactmetrics_sitenote_note":"","_exactmetrics_sitenote_category":0,"footnotes":"","_links_to":"","_links_to_target":""},"class_list":["post-41","page","type-page","status-publish","hentry"],"_links":{"self":[{"href":"https:\/\/www3.unicentro.br\/petcc\/wp-json\/wp\/v2\/pages\/41","targetHints":{"allow":["GET"]}}],"collection":[{"href":"https:\/\/www3.unicentro.br\/petcc\/wp-json\/wp\/v2\/pages"}],"about":[{"href":"https:\/\/www3.unicentro.br\/petcc\/wp-json\/wp\/v2\/types\/page"}],"author":[{"embeddable":true,"href":"https:\/\/www3.unicentro.br\/petcc\/wp-json\/wp\/v2\/users\/3"}],"replies":[{"embeddable":true,"href":"https:\/\/www3.unicentro.br\/petcc\/wp-json\/wp\/v2\/comments?post=41"}],"version-history":[{"count":2,"href":"https:\/\/www3.unicentro.br\/petcc\/wp-json\/wp\/v2\/pages\/41\/revisions"}],"predecessor-version":[{"id":693,"href":"https:\/\/www3.unicentro.br\/petcc\/wp-json\/wp\/v2\/pages\/41\/revisions\/693"}],"wp:attachment":[{"href":"https:\/\/www3.unicentro.br\/petcc\/wp-json\/wp\/v2\/media?parent=41"}],"curies":[{"name":"wp","href":"https:\/\/api.w.org\/{rel}","templated":true}]}}