{"id":201,"date":"2025-03-18T08:44:23","date_gmt":"2025-03-18T11:44:23","guid":{"rendered":"https:\/\/www3.unicentro.br\/petcc\/?page_id=201"},"modified":"2025-11-12T14:04:57","modified_gmt":"2025-11-12T17:04:57","slug":"interpet","status":"publish","type":"page","link":"https:\/\/www3.unicentro.br\/petcc\/interpet\/","title":{"rendered":"InterPET"},"content":{"rendered":"<div class=\"wpb-content-wrapper\"><p>[vc_row][vc_column][vc_column_text css=&#8221;.vc_custom_1744138557863{margin-top: 70px !important;margin-bottom: 70px !important;}&#8221;]<\/p>\n<p style=\"line-height: 0;text-align: center\"><span style=\"font-size: 22pt;color: #000000;font-family: arial, helvetica, sans-serif\"><span class=\"OYPEnA font-feature-liga-off font-feature-clig-off font-feature-calt-off text-decoration-none text-strikethrough-none\">InterPET<\/span><\/span><\/p>\n<p style=\"line-height: 0.3;text-align: center\"><span style=\"color: #007b99\">\u00a0 ______________<\/span><span style=\"color: #007b99\">______________<\/span><\/p>\n<p>&nbsp;<\/p>\n<p style=\"text-align: justify\"><span style=\"font-size: 13pt\">O InterPET \u00e9 um evento anual que visa promover a integra\u00e7\u00e3o entre os participantes do Programa de Educa\u00e7\u00e3o Tutorial, o que facilitar\u00e1 a execu\u00e7\u00e3o dos trabalhos e projetos realizados em parceria, visando alcan\u00e7ar os melhores resultados poss\u00edveis. O evento incluir\u00e1 palestras sobre temas selecionados pelos petianos de todos os grupos. A respectiva atividade busca promover um espa\u00e7o de forma\u00e7\u00e3o, integra\u00e7\u00e3o e troca de experi\u00eancias entre tutores e petianos da universidade. Refere-se a um espa\u00e7o \u00edmpar no qual \u00e9 poss\u00edvel compartilhar as dificuldades enfrentadas por tutores e petianos e pensar atividades conjuntas capazes de fortalecer ainda mais o pr\u00f3prio programa institucional.<\/span><\/p>\n<p>[\/vc_column_text][\/vc_column][\/vc_row][vc_row][vc_column][vc_column_text]<\/p>\n<p>&nbsp;<\/p>\n<p style=\"line-height: 0.3;text-align: center\"><span style=\"color: #007b99\">\u00a0 <\/span><span style=\"color: #007b99\">_____________________________________________<\/span><\/p>\n<p>[\/vc_column_text][vc_basic_grid post_type=&#8221;post&#8221; max_items=&#8221;10&#8243; element_width=&#8221;12&#8243; gap=&#8221;0&#8243; item=&#8221;basicGrid_FadeInWithSideContent&#8221; initial_loading_animation=&#8221;pulse&#8221; css=&#8221;&#8221; grid_id=&#8221;vc_gid:1762967070613-34f918c3-91d1-8&#8243; taxonomies=&#8221;22&#8243;][\/vc_column][\/vc_row]<\/p>\n<\/div>","protected":false},"excerpt":{"rendered":"<p>[vc_row][vc_column][vc_column_text css=&#8221;.vc_custom_1744138557863{margin-top: 70px !important;margin-bottom: 70px !important;}&#8221;] InterPET \u00a0 ____________________________ &nbsp; O InterPET \u00e9 um evento anual que visa promover a integra\u00e7\u00e3o entre os participantes do Programa de Educa\u00e7\u00e3o Tutorial, o que facilitar\u00e1 a execu\u00e7\u00e3o dos trabalhos e projetos realizados em parceria, visando alcan\u00e7ar os melhores resultados poss\u00edveis. O evento incluir\u00e1 palestras sobre temas selecionados pelos [&hellip;]<\/p>\n","protected":false},"author":806,"featured_media":0,"parent":0,"menu_order":0,"comment_status":"closed","ping_status":"closed","template":"","meta":{"_exactmetrics_skip_tracking":false,"_exactmetrics_sitenote_active":false,"_exactmetrics_sitenote_note":"","_exactmetrics_sitenote_category":0,"footnotes":"","_links_to":"","_links_to_target":""},"class_list":["post-201","page","type-page","status-publish","hentry"],"_links":{"self":[{"href":"https:\/\/www3.unicentro.br\/petcc\/wp-json\/wp\/v2\/pages\/201","targetHints":{"allow":["GET"]}}],"collection":[{"href":"https:\/\/www3.unicentro.br\/petcc\/wp-json\/wp\/v2\/pages"}],"about":[{"href":"https:\/\/www3.unicentro.br\/petcc\/wp-json\/wp\/v2\/types\/page"}],"author":[{"embeddable":true,"href":"https:\/\/www3.unicentro.br\/petcc\/wp-json\/wp\/v2\/users\/806"}],"replies":[{"embeddable":true,"href":"https:\/\/www3.unicentro.br\/petcc\/wp-json\/wp\/v2\/comments?post=201"}],"version-history":[{"count":1,"href":"https:\/\/www3.unicentro.br\/petcc\/wp-json\/wp\/v2\/pages\/201\/revisions"}],"predecessor-version":[{"id":819,"href":"https:\/\/www3.unicentro.br\/petcc\/wp-json\/wp\/v2\/pages\/201\/revisions\/819"}],"wp:attachment":[{"href":"https:\/\/www3.unicentro.br\/petcc\/wp-json\/wp\/v2\/media?parent=201"}],"curies":[{"name":"wp","href":"https:\/\/api.w.org\/{rel}","templated":true}]}}