{"id":195,"date":"2025-03-18T08:37:20","date_gmt":"2025-03-18T11:37:20","guid":{"rendered":"https:\/\/www3.unicentro.br\/petcc\/?page_id=195"},"modified":"2025-03-18T11:12:40","modified_gmt":"2025-03-18T14:12:40","slug":"visitas-tecnicas","status":"publish","type":"page","link":"https:\/\/www3.unicentro.br\/petcc\/visitas-tecnicas\/","title":{"rendered":"Visitas T\u00e9cnicas"},"content":{"rendered":"<div class=\"wpb-content-wrapper\"><p>[vc_row][vc_column][vc_column_text css=&#8221;.vc_custom_1742299729079{margin-top: 25px !important;}&#8221;]<\/p>\n<p style=\"line-height: 0;text-align: center\"><span style=\"font-size: 22pt;color: #000000;font-family: arial, helvetica, sans-serif\"><span class=\"OYPEnA font-feature-liga-off font-feature-clig-off font-feature-calt-off text-decoration-none text-strikethrough-none\">Visitas T\u00e9cnicas<\/span><\/span><\/p>\n<p style=\"line-height: 0.3;text-align: center\"><span style=\"color: #007b99\">\u00a0 ________________<\/span><span style=\"color: #007b99\">____________________________________________<\/span><\/p>\n<p>[\/vc_column_text][\/vc_column][\/vc_row][vc_row][vc_column][vc_column_text css=&#8221;&#8221;]<\/p>\n<p style=\"text-align: justify\"><span style=\"font-size: 13pt\">O grupo PET-CC programa visitas t\u00e9cnicas a locais de relev\u00e2ncia tecnol\u00f3gica e cultural na regi\u00e3o, que estejam envolvidos em atividades que enrique\u00e7am a forma\u00e7\u00e3o integral dos participantes do programa e de alunos da universidade. Essa atividade contribui para o desenvolvimento das habilidades t\u00e9cnicas e n\u00e3o t\u00e9cnicas dos estudantes, os quais podem aprender por meio da experi\u00eancia pr\u00e1tica do conte\u00fado apresentado em sala, al\u00e9m de observar diferentes realidades. Estas visitas ocorrem a diversos locais, como empresas, universidades e institui\u00e7\u00f5es de pesquisa, afim de aprimorar a forma\u00e7\u00e3o t\u00e9cnica e social dos estudantes do curso de Ci\u00eancia da Computa\u00e7\u00e3o e do curso de Tecnologia em Big Data no Agroneg\u00f3cio.<\/span><\/p>\n<p>[\/vc_column_text][\/vc_column][\/vc_row][vc_row][vc_column width=&#8221;1\/2&#8243;][vc_single_image image=&#8221;199&#8243; img_size=&#8221;700&#215;700&#8243; css=&#8221;&#8221;][\/vc_column][vc_column width=&#8221;1\/2&#8243;][vc_column_text css=&#8221;&#8221;]<\/p>\n<p style=\"line-height: 0;text-align: center\"><strong><span style=\"font-size: 14pt;color: #000000;font-family: arial, helvetica, sans-serif\"><span class=\"OYPEnA font-feature-liga-off font-feature-clig-off font-feature-calt-off text-decoration-none text-strikethrough-none\">Visitas Recentes<\/span><\/span><\/strong><\/p>\n<p style=\"line-height: 0.3;text-align: center\"><span style=\"color: #0000ff\">\u00a0<\/span><span style=\"color: #0000ff\">_________________________________<\/span><\/p>\n<p>&nbsp;<\/p>\n<p>&nbsp;[\/vc_column_text][\/vc_column][\/vc_row]<\/p>\n<\/div>","protected":false},"excerpt":{"rendered":"<p>[vc_row][vc_column][vc_column_text css=&#8221;.vc_custom_1742299729079{margin-top: 25px !important;}&#8221;] Visitas T\u00e9cnicas \u00a0 ____________________________________________________________ [\/vc_column_text][\/vc_column][\/vc_row][vc_row][vc_column][vc_column_text css=&#8221;&#8221;] O grupo PET-CC programa visitas t\u00e9cnicas a locais de relev\u00e2ncia tecnol\u00f3gica e cultural na regi\u00e3o, que estejam envolvidos em atividades que enrique\u00e7am a forma\u00e7\u00e3o integral dos participantes do programa e de alunos da universidade. Essa atividade contribui para o desenvolvimento das habilidades t\u00e9cnicas e n\u00e3o [&hellip;]<\/p>\n","protected":false},"author":806,"featured_media":0,"parent":0,"menu_order":0,"comment_status":"closed","ping_status":"closed","template":"","meta":{"_exactmetrics_skip_tracking":false,"_exactmetrics_sitenote_active":false,"_exactmetrics_sitenote_note":"","_exactmetrics_sitenote_category":0,"footnotes":"","_links_to":"","_links_to_target":""},"class_list":["post-195","page","type-page","status-publish","hentry"],"_links":{"self":[{"href":"https:\/\/www3.unicentro.br\/petcc\/wp-json\/wp\/v2\/pages\/195","targetHints":{"allow":["GET"]}}],"collection":[{"href":"https:\/\/www3.unicentro.br\/petcc\/wp-json\/wp\/v2\/pages"}],"about":[{"href":"https:\/\/www3.unicentro.br\/petcc\/wp-json\/wp\/v2\/types\/page"}],"author":[{"embeddable":true,"href":"https:\/\/www3.unicentro.br\/petcc\/wp-json\/wp\/v2\/users\/806"}],"replies":[{"embeddable":true,"href":"https:\/\/www3.unicentro.br\/petcc\/wp-json\/wp\/v2\/comments?post=195"}],"version-history":[{"count":1,"href":"https:\/\/www3.unicentro.br\/petcc\/wp-json\/wp\/v2\/pages\/195\/revisions"}],"predecessor-version":[{"id":273,"href":"https:\/\/www3.unicentro.br\/petcc\/wp-json\/wp\/v2\/pages\/195\/revisions\/273"}],"wp:attachment":[{"href":"https:\/\/www3.unicentro.br\/petcc\/wp-json\/wp\/v2\/media?parent=195"}],"curies":[{"name":"wp","href":"https:\/\/api.w.org\/{rel}","templated":true}]}}