{"id":188,"date":"2025-03-18T08:16:58","date_gmt":"2025-03-18T11:16:58","guid":{"rendered":"https:\/\/www3.unicentro.br\/petcc\/?page_id=188"},"modified":"2025-11-28T22:19:57","modified_gmt":"2025-11-29T01:19:57","slug":"visitas-em-colegios","status":"publish","type":"page","link":"https:\/\/www3.unicentro.br\/petcc\/visitas-em-colegios\/","title":{"rendered":"Visitas em Col\u00e9gios"},"content":{"rendered":"<div class=\"wpb-content-wrapper\"><p>[vc_row][vc_column][vc_column_text css=&#8221;.vc_custom_1742299545707{margin-top: 30px !important;}&#8221;]<\/p>\n<p style=\"line-height: 0;text-align: center\"><span style=\"font-size: 22pt;color: #000000;font-family: arial, helvetica, sans-serif\"><span class=\"OYPEnA font-feature-liga-off font-feature-clig-off font-feature-calt-off text-decoration-none text-strikethrough-none\">\u00a0Visitas em Col\u00e9gios<\/span><\/span><\/p>\n<p style=\"line-height: 0.3;text-align: center\"><span style=\"color: #007b99\">\u00a0 ________________<\/span><span style=\"color: #007b99\">____________________________________________<\/span><\/p>\n<p>[\/vc_column_text][\/vc_column][\/vc_row][vc_row u_row_style=&#8221;0&#8243; u_row_paralax=&#8221;0&#8243; u_row_scheme=&#8221;0&#8243;][vc_column width=&#8221;7\/12&#8243;][vc_column_text css=&#8221;&#8221;]<\/p>\n<p style=\"text-align: justify\"><span class=\"OYPEnA font-feature-liga-off font-feature-clig-off font-feature-calt-off text-decoration-none text-strikethrough-none\"><span style=\"font-size: 13pt\">O grupo PET-CC realiza a visita\u00e7\u00e3o em col\u00e9gios da regi\u00e3o com o fim de promover a divulga\u00e7\u00e3o das oportunidades educacionais oferecidas pela UNICENTRO aos alunos do ensino m\u00e9dio de Guarapuava e regi\u00e3o, visando uma escolha de carreira mais informada e consciente, al\u00e9m de fortalecer a rela\u00e7\u00e3o entre a universidade e a comunidade. Essas visitas permitem que os alunos tenham acesso direto \u00e0s informa\u00e7\u00f5es sobre os cursos, projetos e a infraestrutura da UNICENTRO, ajudando-os a entender melhor todas as op\u00e7\u00f5es de forma\u00e7\u00e3o que a universidade oferece. Al\u00e9m de orientar sobre escolhas de carreira, essa iniciativa mostra o compromisso da UNICENTRO com a comunidade, criando um ambiente educacional mais inclusivo e informado.<\/span><\/span><\/p>\n<p>[\/vc_column_text][\/vc_column][vc_column width=&#8221;5\/12&#8243;][vc_single_image image=&#8221;193&#8243; img_size=&#8221;500&#215;500&#8243; alignment=&#8221;center&#8221; style=&#8221;vc_box_rounded&#8221; css=&#8221;.vc_custom_1742301262413{margin-right: 40px !important;margin-left: 40px !important;}&#8221;][\/vc_column][\/vc_row][vc_row][vc_column][vc_column_text]<\/p>\n<p>&nbsp;<\/p>\n<p style=\"line-height: 0.3;text-align: center\"><span style=\"color: #007b99\">\u00a0 <\/span><span style=\"color: #007b99\">_____________________________________________<\/span><\/p>\n<p>[\/vc_column_text][vc_basic_grid post_type=&#8221;post&#8221; max_items=&#8221;10&#8243; element_width=&#8221;12&#8243; gap=&#8221;0&#8243; item=&#8221;basicGrid_FadeInWithSideContent&#8221; initial_loading_animation=&#8221;pulse&#8221; css=&#8221;&#8221; grid_id=&#8221;vc_gid:1764379177439-1d044848-db01-10&#8243; taxonomies=&#8221;23&#8243;][\/vc_column][\/vc_row]<\/p>\n<\/div>","protected":false},"excerpt":{"rendered":"<p>[vc_row][vc_column][vc_column_text css=&#8221;.vc_custom_1742299545707{margin-top: 30px !important;}&#8221;] \u00a0Visitas em Col\u00e9gios \u00a0 ____________________________________________________________ [\/vc_column_text][\/vc_column][\/vc_row][vc_row u_row_style=&#8221;0&#8243; u_row_paralax=&#8221;0&#8243; u_row_scheme=&#8221;0&#8243;][vc_column width=&#8221;7\/12&#8243;][vc_column_text css=&#8221;&#8221;] O grupo PET-CC realiza a visita\u00e7\u00e3o em col\u00e9gios da regi\u00e3o com o fim de promover a divulga\u00e7\u00e3o das oportunidades educacionais oferecidas pela UNICENTRO aos alunos do ensino m\u00e9dio de Guarapuava e regi\u00e3o, visando uma escolha de carreira mais informada e [&hellip;]<\/p>\n","protected":false},"author":806,"featured_media":0,"parent":0,"menu_order":0,"comment_status":"closed","ping_status":"closed","template":"","meta":{"_exactmetrics_skip_tracking":false,"_exactmetrics_sitenote_active":false,"_exactmetrics_sitenote_note":"","_exactmetrics_sitenote_category":0,"footnotes":"","_links_to":"","_links_to_target":""},"class_list":["post-188","page","type-page","status-publish","hentry"],"_links":{"self":[{"href":"https:\/\/www3.unicentro.br\/petcc\/wp-json\/wp\/v2\/pages\/188","targetHints":{"allow":["GET"]}}],"collection":[{"href":"https:\/\/www3.unicentro.br\/petcc\/wp-json\/wp\/v2\/pages"}],"about":[{"href":"https:\/\/www3.unicentro.br\/petcc\/wp-json\/wp\/v2\/types\/page"}],"author":[{"embeddable":true,"href":"https:\/\/www3.unicentro.br\/petcc\/wp-json\/wp\/v2\/users\/806"}],"replies":[{"embeddable":true,"href":"https:\/\/www3.unicentro.br\/petcc\/wp-json\/wp\/v2\/comments?post=188"}],"version-history":[{"count":1,"href":"https:\/\/www3.unicentro.br\/petcc\/wp-json\/wp\/v2\/pages\/188\/revisions"}],"predecessor-version":[{"id":846,"href":"https:\/\/www3.unicentro.br\/petcc\/wp-json\/wp\/v2\/pages\/188\/revisions\/846"}],"wp:attachment":[{"href":"https:\/\/www3.unicentro.br\/petcc\/wp-json\/wp\/v2\/media?parent=188"}],"curies":[{"name":"wp","href":"https:\/\/api.w.org\/{rel}","templated":true}]}}