{"id":181,"date":"2025-03-18T08:07:29","date_gmt":"2025-03-18T11:07:29","guid":{"rendered":"https:\/\/www3.unicentro.br\/petcc\/?page_id=181"},"modified":"2025-11-12T14:26:08","modified_gmt":"2025-11-12T17:26:08","slug":"pesquisas-mulheres-de-referencia","status":"publish","type":"page","link":"https:\/\/www3.unicentro.br\/petcc\/pesquisas-mulheres-de-referencia\/","title":{"rendered":"Mulheres na Computa\u00e7\u00e3o"},"content":{"rendered":"<div class=\"wpb-content-wrapper\"><p>[vc_row][vc_column][vc_column_text css=&#8221;.vc_custom_1742301136457{margin-top: 30px !important;margin-bottom: 35px !important;}&#8221;]<\/p>\n<p style=\"line-height: 1;text-align: center\"><span style=\"font-size: 22pt;color: #000000;font-family: arial, helvetica, sans-serif\">Pesquisas: Mulheres de Refer\u00eancia<\/span><\/p>\n<p style=\"line-height: 0.3;text-align: center\"><span style=\"color: #007b99\">\u00a0 ________________<\/span><span style=\"color: #007b99\">____________________________________________________________________________<\/span><\/p>\n<p>[\/vc_column_text][\/vc_column][\/vc_row][vc_row][vc_column width=&#8221;8\/12&#8243;][vc_column_text css=&#8221;&#8221;]<\/p>\n<p style=\"text-align: justify\"><span style=\"font-size: 13pt\">A diversidade da popula\u00e7\u00e3o estudantil \u00e9 um fator importante para a melhoria da qualidade da educa\u00e7\u00e3o, para oportunizar novas experi\u00eancias aos discentes e para reparar desinforma\u00e7\u00f5es hist\u00f3ricas. As mulheres v\u00eam contribuindo com a Computa\u00e7\u00e3o e \u00e1reas afins mesmo antes da sua concep\u00e7\u00e3o (a primeira programadora foi uma mulher em uma \u00e9poca que computadores eram apenas instrumentos matem\u00e1ticos te\u00f3ricos), mas tendem a n\u00e3o ser citadas, percebidas ou apreciadas da maneira que deveriam pela comunidade. Diversas pesquisas das Big Techs apontam que equipes formadas por mulheres tendem a ter mais sucesso do que equipes formadas apenas por homens. Assim, o grupo PET-CC programa uma s\u00e9rie de atividades e pesquisas para incentivar a entrada de mulheres nos cursos de exatas.<\/span><\/p>\n<p>[\/vc_column_text][\/vc_column][vc_column width=&#8221;4\/12&#8243;][vc_single_image image=&#8221;185&#8243; img_size=&#8221;550&#215;450&#8243; alignment=&#8221;center&#8221; style=&#8221;vc_box_rounded&#8221; css=&#8221;.vc_custom_1742301168010{margin-right: 35px !important;margin-left: 35px !important;}&#8221;][\/vc_column][\/vc_row][vc_row][vc_column][vc_row_inner][vc_column_inner][\/vc_column_inner][\/vc_row_inner][vc_column_text css=&#8221;.vc_custom_1744111289269{margin-top: 40px !important;}&#8221;]<\/p>\n<p style=\"line-height: 0;text-align: center\"><span style=\"font-size: 22pt;color: #000000;font-family: arial, helvetica, sans-serif\"><span class=\"OYPEnA font-feature-liga-off font-feature-clig-off font-feature-calt-off text-decoration-none text-strikethrough-none\"><br \/>\n<span style=\"font-size: 17pt\">Publica\u00e7\u00f5es Recentes<\/span><br \/>\n<\/span><\/span><\/p>\n<p style=\"line-height: 0.3;text-align: center\"><span style=\"color: #007b99\">\u00a0 <\/span><span style=\"color: #007b99\">_____________________________________________<\/span><\/p>\n<p>[\/vc_column_text][vc_basic_grid post_type=&#8221;post&#8221; max_items=&#8221;10&#8243; element_width=&#8221;12&#8243; gap=&#8221;15&#8243; item=&#8221;basicGrid_FadeInWithSideContent&#8221; initial_loading_animation=&#8221;pulse&#8221; css=&#8221;&#8221; grid_id=&#8221;vc_gid:1762968349982-ca6d2974-dd37-1&#8243; taxonomies=&#8221;13&#8243;][\/vc_column][\/vc_row]<\/p>\n<\/div>","protected":false},"excerpt":{"rendered":"<p>[vc_row][vc_column][vc_column_text css=&#8221;.vc_custom_1742301136457{margin-top: 30px !important;margin-bottom: 35px !important;}&#8221;] Pesquisas: Mulheres de Refer\u00eancia \u00a0 ____________________________________________________________________________________________ [\/vc_column_text][\/vc_column][\/vc_row][vc_row][vc_column width=&#8221;8\/12&#8243;][vc_column_text css=&#8221;&#8221;] A diversidade da popula\u00e7\u00e3o estudantil \u00e9 um fator importante para a melhoria da qualidade da educa\u00e7\u00e3o, para oportunizar novas experi\u00eancias aos discentes e para reparar desinforma\u00e7\u00f5es hist\u00f3ricas. As mulheres v\u00eam contribuindo com a Computa\u00e7\u00e3o e \u00e1reas afins mesmo antes da [&hellip;]<\/p>\n","protected":false},"author":806,"featured_media":0,"parent":0,"menu_order":0,"comment_status":"closed","ping_status":"closed","template":"","meta":{"_exactmetrics_skip_tracking":false,"_exactmetrics_sitenote_active":false,"_exactmetrics_sitenote_note":"","_exactmetrics_sitenote_category":0,"footnotes":"","_links_to":"","_links_to_target":""},"class_list":["post-181","page","type-page","status-publish","hentry"],"_links":{"self":[{"href":"https:\/\/www3.unicentro.br\/petcc\/wp-json\/wp\/v2\/pages\/181","targetHints":{"allow":["GET"]}}],"collection":[{"href":"https:\/\/www3.unicentro.br\/petcc\/wp-json\/wp\/v2\/pages"}],"about":[{"href":"https:\/\/www3.unicentro.br\/petcc\/wp-json\/wp\/v2\/types\/page"}],"author":[{"embeddable":true,"href":"https:\/\/www3.unicentro.br\/petcc\/wp-json\/wp\/v2\/users\/806"}],"replies":[{"embeddable":true,"href":"https:\/\/www3.unicentro.br\/petcc\/wp-json\/wp\/v2\/comments?post=181"}],"version-history":[{"count":1,"href":"https:\/\/www3.unicentro.br\/petcc\/wp-json\/wp\/v2\/pages\/181\/revisions"}],"predecessor-version":[{"id":824,"href":"https:\/\/www3.unicentro.br\/petcc\/wp-json\/wp\/v2\/pages\/181\/revisions\/824"}],"wp:attachment":[{"href":"https:\/\/www3.unicentro.br\/petcc\/wp-json\/wp\/v2\/media?parent=181"}],"curies":[{"name":"wp","href":"https:\/\/api.w.org\/{rel}","templated":true}]}}