{"id":153,"date":"2025-03-14T19:47:26","date_gmt":"2025-03-14T22:47:26","guid":{"rendered":"https:\/\/www3.unicentro.br\/petcc\/?page_id=153"},"modified":"2025-05-27T10:01:52","modified_gmt":"2025-05-27T13:01:52","slug":"minicursos-e-palestras","status":"publish","type":"page","link":"https:\/\/www3.unicentro.br\/petcc\/minicursos-e-palestras\/","title":{"rendered":"Minicursos e Palestras"},"content":{"rendered":"<div class=\"wpb-content-wrapper\"><p>[vc_row][vc_column][vc_column_text css=&#8221;.vc_custom_1742294744384{margin-top: 30px !important;margin-bottom: 0px !important;}&#8221;]<\/p>\n<p style=\"line-height: 0;text-align: center\"><span style=\"font-size: 22pt;color: #000000;font-family: arial, helvetica, sans-serif\"><span class=\"OYPEnA font-feature-liga-off font-feature-clig-off font-feature-calt-off text-decoration-none text-strikethrough-none\">Minicursos e Palestras<\/span><\/span><\/p>\n<p style=\"line-height: 0.3;text-align: center\"><span style=\"color: #007b99\">\u00a0 ________________<\/span><span style=\"color: #007b99\">____________________________________________<\/span><\/p>\n<p>&nbsp;[\/vc_column_text][\/vc_column][\/vc_row][vc_row][vc_column][vc_single_image image=&#8221;641&#8243; img_size=&#8221;8000&#215;400&#8243; alignment=&#8221;center&#8221; style=&#8221;vc_box_rounded&#8221; css=&#8221;&#8221;][\/vc_column][\/vc_row][vc_row][vc_column][vc_column_text css=&#8221;&#8221;]<\/p>\n<p style=\"text-align: justify\"><span style=\"font-size: 13pt\">O grupo PET-CC organiza semanas de estudos do curso de Ci\u00eancia da Computa\u00e7\u00e3o, al\u00e9m de palestras isoladas de forma presencial, h\u00edbrida, ou mesmo virtual, tendo como p\u00fablico alvo os alunos do curso. A oferta de palestras e mini cursos se torna um complemento no repasse de conhecimentos, contribuindo para a forma\u00e7\u00e3o de um profissional atualizado com a realidade do mercado de trabalho e com as \u00e1reas de atua\u00e7\u00e3o profissional. Alguns cursos podem ser ministrados pelos pr\u00f3prios petianos, outros por professores do Departamento de Computa\u00e7\u00e3o ou de outros departamentos da institui\u00e7\u00e3o, p\u00f3s-graduandos ou profissionais da \u00e1rea convidados.<\/span><\/p>\n<p>[\/vc_column_text][\/vc_column][\/vc_row][vc_row][vc_column][vc_column_text css=&#8221;&#8221;]<\/p>\n<p style=\"line-height: 0;text-align: center\"><span style=\"font-size: 22pt;color: #000000;font-family: arial, helvetica, sans-serif\"><span class=\"OYPEnA font-feature-liga-off font-feature-clig-off font-feature-calt-off text-decoration-none text-strikethrough-none\"><br \/>\n<span style=\"font-size: 17pt\">Publica\u00e7\u00f5es Recentes<\/span><br \/>\n<\/span><\/span><\/p>\n<p style=\"line-height: 0.3;text-align: center\"><span style=\"color: #007b99\">\u00a0 <\/span><span style=\"color: #007b99\">_____________________________________________<\/span><\/p>\n<p>[\/vc_column_text][vc_basic_grid post_type=&#8221;post&#8221; max_items=&#8221;10&#8243; element_width=&#8221;12&#8243; gap=&#8221;15&#8243; item=&#8221;basicGrid_FadeInWithSideContent&#8221; css=&#8221;&#8221; grid_id=&#8221;vc_gid:1748350841224-0072d9d3eee9a1848ff782db7e8ab445-5&#8243; taxonomies=&#8221;18&#8243;][\/vc_column][\/vc_row]<\/p>\n<\/div>","protected":false},"excerpt":{"rendered":"<p>[vc_row][vc_column][vc_column_text css=&#8221;.vc_custom_1742294744384{margin-top: 30px !important;margin-bottom: 0px !important;}&#8221;] Minicursos e Palestras \u00a0 ____________________________________________________________ &nbsp;[\/vc_column_text][\/vc_column][\/vc_row][vc_row][vc_column][vc_single_image image=&#8221;641&#8243; img_size=&#8221;8000&#215;400&#8243; alignment=&#8221;center&#8221; style=&#8221;vc_box_rounded&#8221; css=&#8221;&#8221;][\/vc_column][\/vc_row][vc_row][vc_column][vc_column_text css=&#8221;&#8221;] O grupo PET-CC organiza semanas de estudos do curso de Ci\u00eancia da Computa\u00e7\u00e3o, al\u00e9m de palestras isoladas de forma presencial, h\u00edbrida, ou mesmo virtual, tendo como p\u00fablico alvo os alunos do curso. A oferta de palestras e [&hellip;]<\/p>\n","protected":false},"author":806,"featured_media":0,"parent":0,"menu_order":0,"comment_status":"closed","ping_status":"closed","template":"","meta":{"_exactmetrics_skip_tracking":false,"_exactmetrics_sitenote_active":false,"_exactmetrics_sitenote_note":"","_exactmetrics_sitenote_category":0,"footnotes":"","_links_to":"","_links_to_target":""},"class_list":["post-153","page","type-page","status-publish","hentry"],"_links":{"self":[{"href":"https:\/\/www3.unicentro.br\/petcc\/wp-json\/wp\/v2\/pages\/153","targetHints":{"allow":["GET"]}}],"collection":[{"href":"https:\/\/www3.unicentro.br\/petcc\/wp-json\/wp\/v2\/pages"}],"about":[{"href":"https:\/\/www3.unicentro.br\/petcc\/wp-json\/wp\/v2\/types\/page"}],"author":[{"embeddable":true,"href":"https:\/\/www3.unicentro.br\/petcc\/wp-json\/wp\/v2\/users\/806"}],"replies":[{"embeddable":true,"href":"https:\/\/www3.unicentro.br\/petcc\/wp-json\/wp\/v2\/comments?post=153"}],"version-history":[{"count":2,"href":"https:\/\/www3.unicentro.br\/petcc\/wp-json\/wp\/v2\/pages\/153\/revisions"}],"predecessor-version":[{"id":644,"href":"https:\/\/www3.unicentro.br\/petcc\/wp-json\/wp\/v2\/pages\/153\/revisions\/644"}],"wp:attachment":[{"href":"https:\/\/www3.unicentro.br\/petcc\/wp-json\/wp\/v2\/media?parent=153"}],"curies":[{"name":"wp","href":"https:\/\/api.w.org\/{rel}","templated":true}]}}