{"id":110,"date":"2025-03-11T09:40:04","date_gmt":"2025-03-11T12:40:04","guid":{"rendered":"https:\/\/www3.unicentro.br\/petcc\/?page_id=110"},"modified":"2025-04-30T10:01:59","modified_gmt":"2025-04-30T13:01:59","slug":"grupos-de-estudo-reforcos-e-monitoria","status":"publish","type":"page","link":"https:\/\/www3.unicentro.br\/petcc\/grupos-de-estudo-reforcos-e-monitoria\/","title":{"rendered":"Grupos de Estudo, Refor\u00e7os e Monitoria"},"content":{"rendered":"<div class=\"wpb-content-wrapper\"><p>[vc_row][vc_column][vc_single_image image=&#8221;253&#8243; img_size=&#8221;300&#215;300&#8243; alignment=&#8221;center&#8221; css=&#8221;.vc_custom_1746017265967{margin-top: 35px !important;}&#8221;][vc_wp_text]<\/p>\n<p style=\"line-height: 0.3;text-align: center\"><span style=\"font-size: 22pt;color: #000000;font-family: arial, helvetica, sans-serif\">\u00a0\u00a0<\/span><\/p>\n<p style=\"line-height: 1;text-align: center\"><span style=\"font-size: 22pt;color: #000000;font-family: arial, helvetica, sans-serif\">\u00a0Grupos de Estudo, <\/span><span style=\"font-size: 22pt;color: #000000;font-family: arial, helvetica, sans-serif\">Refor\u00e7os e Monitoria<\/span><\/p>\n<p style=\"line-height: 0;text-align: center\"><span style=\"color: #007b99\">____________________________________________________________________________________________________<\/span><\/p>\n<p>[\/vc_wp_text][\/vc_column][\/vc_row][vc_row][vc_column][vc_column_text css=&#8221;.vc_custom_1746018117826{margin-top: -15px !important;margin-bottom: 55px !important;}&#8221;]<\/p>\n<p style=\"text-align: justify\"><span style=\"font-size: 13pt\">Os Grupos de Estudo, Refor\u00e7os e Monitorias do PET-CC tem como objetivos preencher lacunas de conhecimento, introduzir de forma colaborativa novos conhecimentos t\u00e9cnicos e cient\u00edficos, desenvolver habilidades interpessoais necess\u00e1rias para a aquisi\u00e7\u00e3o e difus\u00e3o de novos conhecimentos, reduzir as defici\u00eancias de conhecimentos dos discentes, reduzir as reten\u00e7\u00f5es e aumentar o percentual de formandos. Realizando reuni\u00f5es presenciais, remotas e h\u00edbridas para aquisi\u00e7\u00e3o e transfer\u00eancia de conhecimentos, resolvendo exerc\u00edcios, elaborando listas de exerc\u00edcios, mapas mentais, flash cards e outros instrumentos. <\/span><\/p>\n<p>[\/vc_column_text][\/vc_column][\/vc_row][vc_row][vc_column][vc_column_text]<\/p>\n<p style=\"line-height: 0;text-align: center\"><span style=\"font-size: 22pt;color: #000000;font-family: arial, helvetica, sans-serif\"><span class=\"OYPEnA font-feature-liga-off font-feature-clig-off font-feature-calt-off text-decoration-none text-strikethrough-none\"><br \/>\n<span style=\"font-size: 17pt\">Publica\u00e7\u00f5es Recentes<\/span><br \/>\n<\/span><\/span><\/p>\n<p style=\"line-height: 0.3;text-align: center\"><span style=\"color: #007b99\">\u00a0 <\/span><span style=\"color: #007b99\">_____________________________________________<\/span><\/p>\n<p>[\/vc_column_text][vc_basic_grid post_type=&#8221;post&#8221; max_items=&#8221;10&#8243; element_width=&#8221;12&#8243; gap=&#8221;15&#8243; item=&#8221;basicGrid_FadeInWithSideContent&#8221; css=&#8221;&#8221; grid_id=&#8221;vc_gid:1746018100872-1481daad-0109-5&#8243; taxonomies=&#8221;14&#8243;][\/vc_column][\/vc_row]<\/p>\n<\/div>","protected":false},"excerpt":{"rendered":"<p>[vc_row][vc_column][vc_single_image image=&#8221;253&#8243; img_size=&#8221;300&#215;300&#8243; alignment=&#8221;center&#8221; css=&#8221;.vc_custom_1746017265967{margin-top: 35px !important;}&#8221;][vc_wp_text] \u00a0\u00a0 \u00a0Grupos de Estudo, Refor\u00e7os e Monitoria ____________________________________________________________________________________________________ [\/vc_wp_text][\/vc_column][\/vc_row][vc_row][vc_column][vc_column_text css=&#8221;.vc_custom_1746018117826{margin-top: -15px !important;margin-bottom: 55px !important;}&#8221;] Os Grupos de Estudo, Refor\u00e7os e Monitorias do PET-CC tem como objetivos preencher lacunas de conhecimento, introduzir de forma colaborativa novos conhecimentos t\u00e9cnicos e cient\u00edficos, desenvolver habilidades interpessoais necess\u00e1rias para a aquisi\u00e7\u00e3o e difus\u00e3o [&hellip;]<\/p>\n","protected":false},"author":806,"featured_media":0,"parent":0,"menu_order":0,"comment_status":"closed","ping_status":"closed","template":"","meta":{"_exactmetrics_skip_tracking":false,"_exactmetrics_sitenote_active":false,"_exactmetrics_sitenote_note":"","_exactmetrics_sitenote_category":0,"footnotes":"","_links_to":"","_links_to_target":""},"class_list":["post-110","page","type-page","status-publish","hentry"],"_links":{"self":[{"href":"https:\/\/www3.unicentro.br\/petcc\/wp-json\/wp\/v2\/pages\/110","targetHints":{"allow":["GET"]}}],"collection":[{"href":"https:\/\/www3.unicentro.br\/petcc\/wp-json\/wp\/v2\/pages"}],"about":[{"href":"https:\/\/www3.unicentro.br\/petcc\/wp-json\/wp\/v2\/types\/page"}],"author":[{"embeddable":true,"href":"https:\/\/www3.unicentro.br\/petcc\/wp-json\/wp\/v2\/users\/806"}],"replies":[{"embeddable":true,"href":"https:\/\/www3.unicentro.br\/petcc\/wp-json\/wp\/v2\/comments?post=110"}],"version-history":[{"count":2,"href":"https:\/\/www3.unicentro.br\/petcc\/wp-json\/wp\/v2\/pages\/110\/revisions"}],"predecessor-version":[{"id":553,"href":"https:\/\/www3.unicentro.br\/petcc\/wp-json\/wp\/v2\/pages\/110\/revisions\/553"}],"wp:attachment":[{"href":"https:\/\/www3.unicentro.br\/petcc\/wp-json\/wp\/v2\/media?parent=110"}],"curies":[{"name":"wp","href":"https:\/\/api.w.org\/{rel}","templated":true}]}}