{"id":53,"date":"2018-09-12T13:40:06","date_gmt":"2018-09-12T16:40:06","guid":{"rendered":"https:\/\/www3.unicentro.br\/petagronomia\/?page_id=53"},"modified":"2023-02-18T17:36:04","modified_gmt":"2023-02-18T20:36:04","slug":"galeria","status":"publish","type":"page","link":"https:\/\/www3.unicentro.br\/petagronomia\/galeria\/","title":{"rendered":"Galeria"},"content":{"rendered":"<div class=\"wpb-content-wrapper\"><p>[vc_row u_row_style=&#8221;0&#8243; u_row_paralax=&#8221;0&#8243; u_row_scheme=&#8221;0&#8243;][vc_column][vc_column_text]<\/p>\n<p style=\"text-align: center;\"><strong><span style=\"color: #008000; font-size: 24pt;\">Minicurso\u00a0de Gest\u00e3o de Res\u00edduos Org\u00e2nicos e Compostagem: Condu\u00e7\u00e3o e Avalia\u00e7\u00e3o de Atividade Microbiana.<\/span><\/strong><\/p>\n<p><span style=\"font-size: 18pt;\">O minicurso foi realizado em colabora\u00e7\u00e3o com as professoras Carla Fernanda Ferreira e Renata Moccellin, aliando teoria e pr\u00e1tica da realiza\u00e7\u00e3o da compostagem.<\/span>[\/vc_column_text][vc_row_inner][vc_column_inner][vc_media_grid grid_id=&#8221;vc_gid:1676752393968-9a3d54d0-7b59-8&#8243; include=&#8221;1012,1013&#8243;][vc_column_text]<\/p>\n<p style=\"text-align: center;\"><strong><span style=\"color: #008000; font-size: 24pt;\">Oficina de Kokedamas<\/span><\/strong><\/p>\n<p><span style=\"font-size: 18pt;\">As kokedamas s\u00e3o &#8220;bolas de musgo&#8221; e consistem em uma t\u00e9cnica japonesa de vasos que podem ser utilizados para cultivar diversas plantas.<\/span><\/p>\n<p><span style=\"font-size: 18pt;\">Os petianos participaram na \u00faltima semana de uma oficina para aprender mais sobre essa t\u00e9cnica, com o auxilio da professora Janine Menegaes.<\/span>[\/vc_column_text][vc_media_grid grid_id=&#8221;vc_gid:1676752077927-6f8a3c83ec7ee89fcb4e61ecb72ce723-4&#8243; include=&#8221;965,964,966,967&#8243;][\/vc_column_inner][\/vc_row_inner][vc_column_text]<\/p>\n<p style=\"text-align: center;\"><span style=\"color: #008000;\"><strong><span style=\"font-size: 24pt;\">II Manh\u00e3 de Ci\u00eancias do campus Cedeteg!<\/span><\/strong><\/span><\/p>\n<p><span style=\"font-size: 18pt;\">No dia 06 de abril de 2022 o PET &#8211; Agronomia esteve presente na II Manh\u00e3 de Ci\u00eancias do campus Cedeteg, com exposi\u00e7\u00f5es sobre as diferentes \u00e1reas da agronomia, para alunos de todas as idades. Essa intera\u00e7\u00e3o \u00e9 muito importante e demonstra as a\u00e7\u00f5es de ensino e extens\u00e3o realizadas pelos petianos.<\/span>[\/vc_column_text][vc_row_inner][vc_column_inner][vc_media_grid grid_id=&#8221;vc_gid:1676752077962-1651102ad7f886d97c7ee25ef285a6ab-10&#8243; include=&#8221;931,932,933,934,935,936,937&#8243;][vc_column_text]<\/p>\n<p style=\"text-align: center;\"><span style=\"font-size: 18pt; color: #008000;\"><strong>INTERPETS 2022<\/strong><\/span><\/p>\n<p><span style=\"font-size: 18pt;\">A intera\u00e7\u00e3o entre os diferentes grupos PET \u00e9 uma atividade muito importante e que permite a integra\u00e7\u00e3o dos petianos. O dia foi cheio de atividades e aprendizado!<\/span>[\/vc_column_text][vc_media_grid grid_id=&#8221;vc_gid:1676752077988-f304f08852ccea5a5a2b2bc1f757ad4b-5&#8243; include=&#8221;963,962&#8243;][\/vc_column_inner][\/vc_row_inner][vc_column_text css_animation=&#8221;fadeInDownBig&#8221;]<\/p>\n<p style=\"text-align: center\"><span style=\"color: #008000;font-size: 22pt\"><strong>\u00a0Coleta de tampas TAMPET<\/strong><\/span><\/p>\n<p><span style=\"font-size: 18pt\">O grupo PET Agronomia est\u00e1 continuamente recolhendo tampas pl\u00e1sticas, que s\u00e3o encaminhadas at\u00e9 o SOS de Guarapuava, contribuindo para a aquisi\u00e7\u00e3o de fraldas geri\u00e1tricas.<\/span><\/p>\n<div style=\"width: 640px;\" class=\"wp-video\"><video class=\"wp-video-shortcode\" id=\"video-53-1\" width=\"640\" height=\"352\" preload=\"metadata\" controls=\"controls\"><source type=\"video\/mp4\" src=\"https:\/\/www3.unicentro.br\/petagronomia\/wp-content\/uploads\/sites\/50\/2021\/06\/WhatsApp-Video-2021-06-08-at-20.19.43.mp4?_=1\" \/><a href=\"https:\/\/www3.unicentro.br\/petagronomia\/wp-content\/uploads\/sites\/50\/2021\/06\/WhatsApp-Video-2021-06-08-at-20.19.43.mp4\">https:\/\/www3.unicentro.br\/petagronomia\/wp-content\/uploads\/sites\/50\/2021\/06\/WhatsApp-Video-2021-06-08-at-20.19.43.mp4<\/a><\/video><\/div>\n<p style=\"text-align: center\"><span style=\"color: #008000;font-size: 22pt\"><strong>Visita a Esta\u00e7\u00e3o Experimental da G12 Agro<\/strong><\/span><\/p>\n<p style=\"text-align: justify\"><span style=\"font-size: 18pt\">No dia 25 de Outubro de 2019 o grupo PET Agronomia realizou uma visita a esta\u00e7\u00e3o experimental da G12 Agro, uma empresa de Pesquisa e Consultoria Agron\u00f4mica.<\/span><\/p>\n<p>[\/vc_column_text][vc_media_grid grid_id=&#8221;vc_gid:1676752078012-c57d51b053674304854c20575b15915c-6&#8243; include=&#8221;394,395,396,397,398,399&#8243;][vc_column_text css_animation=&#8221;fadeInDownBig&#8221;]<\/p>\n<p style=\"text-align: center\"><span style=\"color: #008000;font-size: 22pt\"><strong>Visita dos Alunos do Col\u00e9gio Plat\u00e3o<\/strong><\/span><\/p>\n<p style=\"text-align: justify\"><span style=\"font-size: 18pt\">No dia 26 de Outubro de 2019 recebemos a visita das crian\u00e7as do Col\u00e9gio Plat\u00e3o no Departamento de Agronomia da Unicentro, em que foram apresentados as mesmas um pouco sobre a Agricultura<\/span><\/p>\n<p>[\/vc_column_text][vc_media_grid grid_id=&#8221;vc_gid:1676752078033-f8a822dd84312514dd53980ea02ab5a7-8&#8243; include=&#8221;388,389,390,391,392,393&#8243;][vc_column_text css_animation=&#8221;fadeInDownBig&#8221;]<\/p>\n<p style=\"text-align: center\"><span style=\"color: #008000;font-size: 22pt\"><strong>Mini Curso: Fungicidas &#8211; Do conceito \u00e0 recomenda\u00e7\u00e3o<\/strong><\/span><\/p>\n<p style=\"text-align: justify\"><span style=\"font-size: 18pt\">Nos dias 7, 8 e 9 de Outubro de 2019 o grupo PET organizou um mini-curso sobre Fungicidas, que foi ministrado pelo Prof\u00ba Dr. Leandro Alvarenga Santos, abordando temas como: Mercado de Fungicidas, Fungicidas protetores e sist\u00eamicos, entre outros.<\/span><\/p>\n<p>[\/vc_column_text][vc_media_grid element_width=&#8221;3&#8243; grid_id=&#8221;vc_gid:1676752078060-40169f892cce2f11b63f151eefa0f9d7-0&#8243; include=&#8221;387&#8243;][vc_column_text css_animation=&#8221;fadeInDownBig&#8221;]<\/p>\n<p style=\"text-align: center\"><span style=\"color: #008000;font-size: 22pt\"><strong>Participa\u00e7\u00e3o na feira de profiss\u00f5es do Col\u00e9gio Alian\u00e7a<\/strong><\/span><\/p>\n<p style=\"text-align: justify\"><span style=\"font-size: 18pt\">No dia 28 de Agosto de 2019, integrantes do Pet Agronomia UNICENTRO participaram da feira de profiss\u00f5es do Col\u00e9gio Alian\u00e7a com o intu\u00edto de apresentar o Curso de Agronomia e as atribui\u00e7\u00f5es do Engenheiro Agr\u00f4nomo aos alunos de Ensino M\u00e9dio.<\/span><\/p>\n<p>[\/vc_column_text][vc_media_grid element_width=&#8221;3&#8243; grid_id=&#8221;vc_gid:1676752078080-83a741c6cd4d12017a7cf71b47dbb329-4&#8243; include=&#8221;383,384,385,386&#8243;][vc_column_text css_animation=&#8221;fadeInDownBig&#8221;]<\/p>\n<p style=\"text-align: center\"><span style=\"color: #008000;font-size: 22pt\"><strong>Participa\u00e7\u00e3o no &#8220;Unicentro na Pra\u00e7a&#8221;<\/strong><\/span><\/p>\n<p style=\"text-align: justify\"><span style=\"font-size: 18pt\">Nos dias 15 e 29 de Junho de 2019 o grupo PET-Agronomia participou do evento &#8220;Unicentro na Pra\u00e7a&#8221;, proporcionando a comunidade um maior entendimento sobre o curso de Agronomia.<\/span><\/p>\n<p>[\/vc_column_text][vc_media_grid grid_id=&#8221;vc_gid:1676752078106-42e9c91bc37f50280ec0a7f9f23c843a-3&#8243; include=&#8221;377,378,379,380,381,382&#8243;][vc_column_text css_animation=&#8221;fadeInDownBig&#8221;]<\/p>\n<p style=\"text-align: center\"><span style=\"color: #008000;font-size: 22pt\"><strong>I Simp\u00f3sio de Inova\u00e7\u00f5es T\u00e9cnicas Aplicadas \u00e0 Agricultura: Cultura do Milho<\/strong><\/span><\/p>\n<p style=\"text-align: justify\"><span style=\"font-size: 18pt\">Nos dias 6, 7 e 8 de Junho de 2019 ocorreu o 1\u00ba Simp\u00f3sio de Inova\u00e7\u00f5es T\u00e9cnicas Aplicadas \u00e0 Agricultura \u2013 Cultura do Milho realizado pela Unicentro &#8211; PET Agronomia, com o apoio do<span class=\"text_exposed_show\"> Sistema Faep\/Senar e Sindicato Rural. Foram tr\u00eas dias de simp\u00f3sio com palestras sobre diversos temas importantes para a cadeia do milho.\u00a0<\/span><\/span><\/p>\n<p>[\/vc_column_text][vc_media_grid grid_id=&#8221;vc_gid:1676752078128-16ddb9926eb7cb7e6e0053f563a6e011-0&#8243; include=&#8221;371,372,373,374,375,376&#8243;][vc_column_text css_animation=&#8221;fadeInDownBig&#8221;]<\/p>\n<p style=\"text-align: center\"><span style=\"color: #008000;font-size: 22pt\"><strong>III Ciclo de Palestras<\/strong><\/span><\/p>\n<p style=\"text-align: justify\"><span style=\"font-size: 18pt\">Nos dias 22,23 e 24 de Maio foi realizado pelo grupo PET o III Ciclo de Palestras com as seguintes palestras: Marketing na agricultura (Marcelo Scutti), Marketing pessoal (Lilian Waschburger Cadore), Pesquisa e Consultoria agron\u00f4mica (Carlos Andr\u00e9 Schipanski), Testemunho de ex-aluno na P\u00f3s-Gradua\u00e7\u00e3o (Isabella Cristina Cavallin) e Sele\u00e7\u00e3o de Agr\u00f4nomos para o mercado de trabalho (UNICAMPO).<\/span><\/p>\n<p>[\/vc_column_text][vc_media_grid grid_id=&#8221;vc_gid:1676752078155-afad7f023cdcef059440144999aa1be6-2&#8243; include=&#8221;363,364,365,366,367,368&#8243;][vc_column_text css_animation=&#8221;fadeInDownBig&#8221;]<\/p>\n<p style=\"text-align: center\"><span style=\"color: #008000;font-size: 22pt\"><strong>Parceria PET Agronomia com APAE Rural<\/strong><\/span><\/p>\n<p style=\"text-align: justify\"><span style=\"font-size: 18pt\">No dia\u00a017\/04\/2019\u00a0foi realizado pelo grupo PET o\u00a0preparo dos canteiros\u00a0para posterior transplantio de mudas de hortali\u00e7as.<\/span><\/p>\n<p>[\/vc_column_text][\/vc_column][vc_column][\/vc_column][vc_column][\/vc_column][vc_column][\/vc_column][\/vc_row][vc_row][vc_column][vc_media_grid grid_id=&#8221;vc_gid:1676752078246-f1d48723510dc96807d91067cef4dbba-8&#8243; include=&#8221;257,256,255,253,252,254&#8243;][\/vc_column][\/vc_row][vc_row][vc_column][vc_column_text]<\/p>\n<p style=\"text-align: center\"><strong><span style=\"font-size: 22pt;color: #008000\">Minicurso<\/span><\/strong><\/p>\n<p style=\"text-align: center\">\u00a0<span style=\"font-size: 18pt\">Inseticidas no Controle de Percevejos e Lagartas da Soja (06\/04\/2019).<\/span><\/p>\n<p>[\/vc_column_text][\/vc_column][\/vc_row][vc_row][vc_column][vc_media_grid element_width=&#8221;6&#8243; grid_id=&#8221;vc_gid:1676752078305-7a13567baac8d376a7c28e0ace7df2f0-6&#8243; include=&#8221;268,269&#8243;][\/vc_column][\/vc_row][vc_row][vc_column][vc_column_text]<\/p>\n<p style=\"text-align: center\"><span style=\"font-size: 22pt;color: #008000\"><strong>Minicurso<\/strong><\/span><\/p>\n<div id=\"js_tq\" class=\"_5pbx userContent _3576\" data-testid=\"post_message\" data-ft=\"{&quot;tn&quot;:&quot;K&quot;}\">\n<p style=\"text-align: center\"><span style=\"font-size: 18pt\">\u00a0Curr\u00edculo Lattes (03\/04\/2019).<\/span><\/p>\n<\/div>\n<div class=\"_3x-2\" data-ft=\"{&quot;tn&quot;:&quot;H&quot;}\">\n<div data-ft=\"{&quot;tn&quot;:&quot;H&quot;}\">\n<div class=\"mtm\">\n<div class=\"_2a2q _65sr\"><\/div>\n<\/div>\n<\/div>\n<\/div>\n<p>[\/vc_column_text][\/vc_column][\/vc_row][vc_row][vc_column][vc_media_grid grid_id=&#8221;vc_gid:1676752078377-7a12de1adb1c8d7827a361be80098a00-6&#8243; include=&#8221;270,271,272&#8243;][\/vc_column][\/vc_row][vc_row][vc_column][vc_column_text]<\/p>\n<p style=\"text-align: center\"><span style=\"color: #008000\"><strong><span style=\"font-size: 22pt\">Projeto de visita dos calouros de Agronomia aos laborat\u00f3rios de pesquisa do Departamento de Agronomia (DEAGRO)<\/span><\/strong><\/span><\/p>\n<p dir=\"ltr\" style=\"text-align: center\"><span style=\"font-size: 18pt\">Realizado no dia 23\/03\/2019.<\/span><\/p>\n<p>[\/vc_column_text][\/vc_column][\/vc_row][vc_row][vc_column][vc_media_grid grid_id=&#8221;vc_gid:1676752078453-659ef118ee28b32a8bae3c1c212344e9-1&#8243; include=&#8221;273,274,275,276,277,278,279&#8243;][\/vc_column][\/vc_row][vc_row][vc_column][vc_column_text]<\/p>\n<p style=\"text-align: center\"><strong><span style=\"color: #008000;font-size: 22pt\">II Unicentro Rural<\/span><\/strong><\/p>\n<p style=\"text-align: center\"><span style=\"font-size: 18pt\">Participa\u00e7\u00e3o do PET Agronomia na organiza\u00e7\u00e3o do &#8220;II Unicentro Rural&#8221;, ocorrido no dia 20\/03\/2019, no Campus Cedeteg em Guarapuava PR.<\/span><\/p>\n<p>[\/vc_column_text][\/vc_column][\/vc_row][vc_row][vc_column][vc_media_grid element_width=&#8221;6&#8243; gap=&#8221;0&#8243; grid_id=&#8221;vc_gid:1676752078527-7cb8062c9e50b808a693b35649973f7f-1&#8243; include=&#8221;280&#8243;][\/vc_column][\/vc_row][vc_row][vc_column][vc_column_text]<\/p>\n<p style=\"text-align: center\"><strong><span style=\"color: #008000;font-size: 22pt\">Doa\u00e7\u00e3o de alimentos arrecadados em Minicursos<\/span><\/strong><\/p>\n<p style=\"text-align: center\"><span style=\"font-size: 18pt\">Esses alimentos foram destinados a casa de apoio de Nazar\u00e9, em que foram entregues nos dias 25\/04\/2019 e 17\/05\/2018.<\/span><\/p>\n<p>[\/vc_column_text][\/vc_column][\/vc_row][vc_row][vc_column][vc_media_grid grid_id=&#8221;vc_gid:1676752078616-40b87bf16f0c8172966395415feeefab-4&#8243; include=&#8221;281,282,291&#8243;][\/vc_column][\/vc_row][vc_row][vc_column][vc_column_text]<\/p>\n<p style=\"text-align: center\"><span style=\"font-size: 22pt;color: #008000\"><strong>Minicurso<\/strong><\/span><\/p>\n<p style=\"text-align: center\"><span style=\"font-size: 18pt\">Feij\u00e3o de Alta Performance Construindo uma Boa planta de feij\u00e3o (04\/05\/2019).<\/span><\/p>\n<p>[\/vc_column_text][\/vc_column][\/vc_row][vc_row][vc_column][vc_media_grid element_width=&#8221;6&#8243; grid_id=&#8221;vc_gid:1676752078710-1e93790a2fa2b0c0516b0d9ba5e8945c-3&#8243; include=&#8221;284,285&#8243;][\/vc_column][\/vc_row][vc_row][vc_column][vc_column_text]<\/p>\n<p style=\"text-align: center\"><span style=\"font-size: 22pt\"><strong><span style=\"color: #008000\">Aul\u00e3o de Fisiologia Vegetal<\/span><\/strong><\/span><\/p>\n<p style=\"text-align: center\"><span style=\"font-size: 18pt\">Realizado nos dias 02\/05\/2018 e 09\/05\/2018.<\/span><\/p>\n<p>[\/vc_column_text][\/vc_column][\/vc_row][vc_row][vc_column][vc_media_grid grid_id=&#8221;vc_gid:1676752078795-8484d965c185f7a68bb947eebd3ed5e9-10&#8243; include=&#8221;286,287,288,289,290&#8243;][\/vc_column][\/vc_row][vc_row][vc_column][vc_column_text]<\/p>\n<p style=\"text-align: center\"><span style=\"color: #008000\"><strong><span style=\"font-size: 22pt\">Produshow 2018<\/span><\/strong><\/span><\/p>\n<p style=\"text-align: center\"><span style=\"font-size: 18pt\">Participa\u00e7\u00e3o do grupo PET- Agronomia no Produshow em Pitanga-PR no dia 18\/05\/2018.<\/span><\/p>\n<p>[\/vc_column_text][\/vc_column][\/vc_row][vc_row][vc_column][vc_media_grid grid_id=&#8221;vc_gid:1676752078893-8eb2b559c3562e9f3aacfe3791431b0e-0&#8243; include=&#8221;292,293,294&#8243;][\/vc_column][\/vc_row][vc_row][vc_column][vc_column_text]<\/p>\n<p style=\"text-align: center\"><strong><span style=\"font-size: 22pt;color: #008000\">Apresenta\u00e7\u00e3o do grupo PET aos calouros de Agronomia (2018)<\/span><\/strong><\/p>\n<p>[\/vc_column_text][\/vc_column][\/vc_row][vc_row][vc_column][vc_media_grid element_width=&#8221;6&#8243; grid_id=&#8221;vc_gid:1676752079001-836c924320f29e4bf981e2f02bbf9014-2&#8243; include=&#8221;295,296&#8243;][\/vc_column][\/vc_row][vc_row][vc_column][vc_column_text]<\/p>\n<p style=\"text-align: center\"><span style=\"color: #008000\"><strong><span style=\"font-size: 22pt\">I Unicentro Rural<\/span><\/strong><\/span><\/p>\n<p style=\"text-align: center\"><span style=\"font-size: 18pt\">Participa\u00e7\u00e3o do PET Agronomia na organiza\u00e7\u00e3o do \u201cI Unicentro Rural\u201d, ocorrido no dia 14\/03\/2018, na Fazenda Escola da Unicentro.<\/span><\/p>\n<p>[\/vc_column_text][\/vc_column][\/vc_row][vc_row][vc_column][vc_media_grid grid_id=&#8221;vc_gid:1676752079117-b2f939176cbaae997e70fb6b31d8af24-1&#8243; include=&#8221;298,299,300,301,302,304,305&#8243;][\/vc_column][\/vc_row][vc_row][vc_column][vc_column_text]<\/p>\n<div dir=\"auto\">Na manh\u00e3 do dia 12 de julho,<\/div>\n<div dir=\"auto\">foi realizada a entrega de tampas arrecadadas como parte do TamPET \u2013 projeto que envolve todos os grupos PET da Unicentro \u2013 ao SOS Guarapuava Airton de Haenisch.<\/div>\n<div dir=\"auto\">As tampas foram arrecadadas em pontos de coleta instalados nos campi Santa Cruz e CEDETEG, e contou com a colabora\u00e7\u00e3o de toda a comunidade acad\u00eamica. Al\u00e9m disso, os servidores da 1\u00aa Vara do Trabalho de Guarapuava encaminharam suas arrecada\u00e7\u00f5es para serem entregues para o projeto .<\/div>\n<div dir=\"auto\">As tampas coletadas ser\u00e3o trocadas por fraldas geri\u00e1tricas, beneficiando a institui\u00e7\u00e3o de servi\u00e7o social que recebeu a doa\u00e7\u00e3o.<\/div>\n<div dir=\"auto\">Os grupos PET da Unicentro agradecem a colabora\u00e7\u00e3o de todos que auxiliam na coleta das tampas e ressaltam que o TamPET continua em pleno funcionamento.<\/div>\n<div dir=\"auto\">Colabore com o projeto, procure um ponto de coleta ou entre em contato com integrantes dos grupos PET da Unicentro para a coleta das tampas. Sua atitude faz a diferen\u00e7a! <img loading=\"lazy\" decoding=\"async\" class=\"alignleft size-thumbnail wp-image-828\" src=\"https:\/\/www3.unicentro.br\/petagronomia\/wp-content\/uploads\/sites\/50\/2021\/07\/217391629_2622772551358989_819070123186365676_n-150x150.jpg\" alt=\"\" width=\"150\" height=\"150\" srcset=\"https:\/\/www3.unicentro.br\/petagronomia\/wp-content\/uploads\/sites\/50\/2021\/07\/217391629_2622772551358989_819070123186365676_n-150x150.jpg 150w, https:\/\/www3.unicentro.br\/petagronomia\/wp-content\/uploads\/sites\/50\/2021\/07\/217391629_2622772551358989_819070123186365676_n-50x50.jpg 50w, https:\/\/www3.unicentro.br\/petagronomia\/wp-content\/uploads\/sites\/50\/2021\/07\/217391629_2622772551358989_819070123186365676_n-80x80.jpg 80w, https:\/\/www3.unicentro.br\/petagronomia\/wp-content\/uploads\/sites\/50\/2021\/07\/217391629_2622772551358989_819070123186365676_n-263x263.jpg 263w, https:\/\/www3.unicentro.br\/petagronomia\/wp-content\/uploads\/sites\/50\/2021\/07\/217391629_2622772551358989_819070123186365676_n-100x100.jpg 100w, https:\/\/www3.unicentro.br\/petagronomia\/wp-content\/uploads\/sites\/50\/2021\/07\/217391629_2622772551358989_819070123186365676_n-526x526.jpg 526w\" sizes=\"auto, (max-width: 150px) 100vw, 150px\" \/><img decoding=\"async\" class=\"wpa-image-missing-alt size-thumbnail left\" src=\"https:\/\/www3.unicentro.br\/petagronomia\/wp-content\/plugins\/wp-accessibility\/imgs\/alt-missing.png\" alt=\"This image requires alt text, but the alt text is currently blank. Either add alt text or mark the image as decorative.\" \/><img loading=\"lazy\" decoding=\"async\" class=\"alignleft size-thumbnail wp-image-827\" src=\"https:\/\/www3.unicentro.br\/petagronomia\/wp-content\/uploads\/sites\/50\/2021\/07\/216815303_2622772594692318_4375243785746722001_n-150x150.jpg\" alt=\"\" width=\"150\" height=\"150\" srcset=\"https:\/\/www3.unicentro.br\/petagronomia\/wp-content\/uploads\/sites\/50\/2021\/07\/216815303_2622772594692318_4375243785746722001_n-150x150.jpg 150w, https:\/\/www3.unicentro.br\/petagronomia\/wp-content\/uploads\/sites\/50\/2021\/07\/216815303_2622772594692318_4375243785746722001_n-50x50.jpg 50w, https:\/\/www3.unicentro.br\/petagronomia\/wp-content\/uploads\/sites\/50\/2021\/07\/216815303_2622772594692318_4375243785746722001_n-80x80.jpg 80w, https:\/\/www3.unicentro.br\/petagronomia\/wp-content\/uploads\/sites\/50\/2021\/07\/216815303_2622772594692318_4375243785746722001_n-263x263.jpg 263w, https:\/\/www3.unicentro.br\/petagronomia\/wp-content\/uploads\/sites\/50\/2021\/07\/216815303_2622772594692318_4375243785746722001_n-100x100.jpg 100w, https:\/\/www3.unicentro.br\/petagronomia\/wp-content\/uploads\/sites\/50\/2021\/07\/216815303_2622772594692318_4375243785746722001_n-526x526.jpg 526w\" sizes=\"auto, (max-width: 150px) 100vw, 150px\" \/><img decoding=\"async\" class=\"wpa-image-missing-alt size-thumbnail left\" src=\"https:\/\/www3.unicentro.br\/petagronomia\/wp-content\/plugins\/wp-accessibility\/imgs\/alt-missing.png\" alt=\"This image requires alt text, but the alt text is currently blank. Either add alt text or mark the image as decorative.\" \/><\/div>\n<p>[\/vc_column_text][\/vc_column][\/vc_row]<\/p>\n<\/div>","protected":false},"excerpt":{"rendered":"<p>[vc_row u_row_style=&#8221;0&#8243; u_row_paralax=&#8221;0&#8243; u_row_scheme=&#8221;0&#8243;][vc_column][vc_column_text] Minicurso\u00a0de Gest\u00e3o de Res\u00edduos Org\u00e2nicos e Compostagem: Condu\u00e7\u00e3o e Avalia\u00e7\u00e3o de Atividade Microbiana. O minicurso foi realizado em colabora\u00e7\u00e3o com as professoras Carla Fernanda Ferreira e Renata Moccellin, aliando teoria e pr\u00e1tica da realiza\u00e7\u00e3o da compostagem.[\/vc_column_text][vc_row_inner][vc_column_inner][vc_media_grid grid_id=&#8221;vc_gid:1676752393968-9a3d54d0-7b59-8&#8243; include=&#8221;1012,1013&#8243;][vc_column_text] Oficina de Kokedamas As kokedamas s\u00e3o &#8220;bolas de musgo&#8221; e consistem em uma [&hellip;]<\/p>\n","protected":false},"author":3,"featured_media":0,"parent":0,"menu_order":0,"comment_status":"closed","ping_status":"closed","template":"","meta":{"_exactmetrics_skip_tracking":false,"_exactmetrics_sitenote_active":false,"_exactmetrics_sitenote_note":"","_exactmetrics_sitenote_category":0,"footnotes":"","_links_to":"","_links_to_target":""},"class_list":["post-53","page","type-page","status-publish","hentry"],"_links":{"self":[{"href":"https:\/\/www3.unicentro.br\/petagronomia\/wp-json\/wp\/v2\/pages\/53","targetHints":{"allow":["GET"]}}],"collection":[{"href":"https:\/\/www3.unicentro.br\/petagronomia\/wp-json\/wp\/v2\/pages"}],"about":[{"href":"https:\/\/www3.unicentro.br\/petagronomia\/wp-json\/wp\/v2\/types\/page"}],"author":[{"embeddable":true,"href":"https:\/\/www3.unicentro.br\/petagronomia\/wp-json\/wp\/v2\/users\/3"}],"replies":[{"embeddable":true,"href":"https:\/\/www3.unicentro.br\/petagronomia\/wp-json\/wp\/v2\/comments?post=53"}],"version-history":[{"count":0,"href":"https:\/\/www3.unicentro.br\/petagronomia\/wp-json\/wp\/v2\/pages\/53\/revisions"}],"wp:attachment":[{"href":"https:\/\/www3.unicentro.br\/petagronomia\/wp-json\/wp\/v2\/media?parent=53"}],"curies":[{"name":"wp","href":"https:\/\/api.w.org\/{rel}","templated":true}]}}