{"id":31,"date":"2018-09-12T13:34:56","date_gmt":"2018-09-12T16:34:56","guid":{"rendered":"https:\/\/www3.unicentro.br\/petagronomia\/?page_id=31"},"modified":"2018-10-03T17:04:15","modified_gmt":"2018-10-03T20:04:15","slug":"o-que-e-o-pet","status":"publish","type":"page","link":"https:\/\/www3.unicentro.br\/petagronomia\/o-que-e-o-pet\/","title":{"rendered":"O que \u00e9 o PET?"},"content":{"rendered":"<p><img loading=\"lazy\" decoding=\"async\" class=\"alignleft\" src=\"https:\/\/www3.unicentro.br\/petagronomia\/wp-content\/uploads\/sites\/50\/2018\/10\/14063856_1578566549112933_5305628362765225288_n.png\" alt=\"PET\" width=\"309\" height=\"309\" \/><\/p>\n<p style=\"text-align: justify\"><span style=\"font-size: 14pt\">O\u00a0<span style=\"color: #008000\"><strong>PET (Programa de Educa\u00e7\u00e3o Tutorial)<\/strong><\/span> \u00e9 um grupo constitu\u00eddo por alunos e um tutor vinculados a universidade afim de desenvolver a\u00e7\u00f5es no \u00e2mbito da pesquisa, ensino e extens\u00e3o, de forma a ampliar a experi\u00eancia dos alunos participantes e de toda comunidade acad\u00eamica. Neste sentido, o papel do tutor \u00e9 estimular a aprendizagem ativa dos seus membros , por meio de viv\u00eancia, reflex\u00f5es e discuss\u00f5es, em clima de informalidade e coopera\u00e7\u00e3o, o que permite aos alunos desenvolver pensamentos cr\u00edticos, habilidades de solu\u00e7\u00f5es de problemas e oportuniza aos estudantes a capacidade de se tornar uma pessoa mais independente em rela\u00e7\u00e3o \u00e0 sua administra\u00e7\u00e3o de suas necessidades de aprendizagem.<\/span><\/p>\n<p style=\"text-align: justify\"><span style=\"font-size: 14pt\">Para mais informa\u00e7\u00f5es acerca do grupo, acessar o manual de orienta\u00e7\u00f5es b\u00e1sicas:<span style=\"color: #008000\">\u00a0<a style=\"color: #008000\" href=\"http:\/\/portal.mec.gov.br\/sesu\/arquivos\/pdf\/PETmanual.pdf\">http:\/\/portal.mec.gov.br\/sesu\/arquivos\/pdf\/PETmanual.pdf<\/a><\/span><\/span><\/p>\n","protected":false},"excerpt":{"rendered":"<p>O\u00a0PET (Programa de Educa\u00e7\u00e3o Tutorial) \u00e9 um grupo constitu\u00eddo por alunos e um tutor vinculados a universidade afim de desenvolver a\u00e7\u00f5es no \u00e2mbito da pesquisa, ensino e extens\u00e3o, de forma a ampliar a experi\u00eancia dos alunos participantes e de toda comunidade acad\u00eamica. Neste sentido, o papel do tutor \u00e9 estimular a aprendizagem ativa dos seus [&hellip;]<\/p>\n","protected":false},"author":3,"featured_media":0,"parent":0,"menu_order":0,"comment_status":"closed","ping_status":"closed","template":"","meta":{"_exactmetrics_skip_tracking":false,"_exactmetrics_sitenote_active":false,"_exactmetrics_sitenote_note":"","_exactmetrics_sitenote_category":0,"footnotes":"","_links_to":"","_links_to_target":""},"class_list":["post-31","page","type-page","status-publish","hentry"],"_links":{"self":[{"href":"https:\/\/www3.unicentro.br\/petagronomia\/wp-json\/wp\/v2\/pages\/31","targetHints":{"allow":["GET"]}}],"collection":[{"href":"https:\/\/www3.unicentro.br\/petagronomia\/wp-json\/wp\/v2\/pages"}],"about":[{"href":"https:\/\/www3.unicentro.br\/petagronomia\/wp-json\/wp\/v2\/types\/page"}],"author":[{"embeddable":true,"href":"https:\/\/www3.unicentro.br\/petagronomia\/wp-json\/wp\/v2\/users\/3"}],"replies":[{"embeddable":true,"href":"https:\/\/www3.unicentro.br\/petagronomia\/wp-json\/wp\/v2\/comments?post=31"}],"version-history":[{"count":0,"href":"https:\/\/www3.unicentro.br\/petagronomia\/wp-json\/wp\/v2\/pages\/31\/revisions"}],"wp:attachment":[{"href":"https:\/\/www3.unicentro.br\/petagronomia\/wp-json\/wp\/v2\/media?parent=31"}],"curies":[{"name":"wp","href":"https:\/\/api.w.org\/{rel}","templated":true}]}}