{"id":29,"date":"2021-08-09T17:28:07","date_gmt":"2021-08-09T20:28:07","guid":{"rendered":"https:\/\/www3.unicentro.br\/pdi\/?page_id=29"},"modified":"2023-09-04T10:59:16","modified_gmt":"2023-09-04T13:59:16","slug":"importancia-estrategica","status":"publish","type":"page","link":"https:\/\/www3.unicentro.br\/pdi\/sobre\/importancia-estrategica\/","title":{"rendered":"Import\u00e2ncia Estrat\u00e9gica"},"content":{"rendered":"<p>O planejamento universit\u00e1rio define os planos e as a\u00e7\u00f5es institucionais. O PDI \u00e9 o instrumento de consolida\u00e7\u00e3o dos eixos, das diretrizes estrat\u00e9gicas e das meta-a\u00e7\u00f5es relacionadas e elaboradas pelos Conselhos Departamentais, Setoriais, Diretorias, Dire\u00e7\u00f5es de\u00a0c\u00e2mpus, Pr\u00f3-reitorias e Conselhos Superiores da Unicentro para o quinqu\u00eanio 2023-2027.<\/p>\n<p>As diretrizes estabelecidas no documento contemplam o resultado de um trabalho conjunto, participativo e estrat\u00e9gico visando promover transpar\u00eancia em todo o processo de constru\u00e7\u00e3o e de acompanhamento.<\/p>\n<p>Dessa forma, na elabora\u00e7\u00e3o das diferentes pol\u00edticas da Institui\u00e7\u00e3o, o PDI \u00e9 a refer\u00eancia para a efetividade de gest\u00e3o.<\/p>\n","protected":false},"excerpt":{"rendered":"<p>O planejamento universit\u00e1rio define os planos e as a\u00e7\u00f5es institucionais. O PDI \u00e9 o instrumento de consolida\u00e7\u00e3o dos eixos, das diretrizes estrat\u00e9gicas e das meta-a\u00e7\u00f5es relacionadas e elaboradas pelos Conselhos Departamentais, Setoriais, Diretorias, Dire\u00e7\u00f5es de\u00a0c\u00e2mpus, Pr\u00f3-reitorias e Conselhos Superiores da Unicentro para o quinqu\u00eanio 2023-2027. As diretrizes estabelecidas no documento contemplam o resultado de um [&hellip;]<\/p>\n","protected":false},"author":3,"featured_media":0,"parent":20,"menu_order":0,"comment_status":"closed","ping_status":"closed","template":"","meta":{"_exactmetrics_skip_tracking":false,"_exactmetrics_sitenote_active":false,"_exactmetrics_sitenote_note":"","_exactmetrics_sitenote_category":0,"footnotes":"","_links_to":"","_links_to_target":""},"class_list":["post-29","page","type-page","status-publish","hentry"],"_links":{"self":[{"href":"https:\/\/www3.unicentro.br\/pdi\/wp-json\/wp\/v2\/pages\/29","targetHints":{"allow":["GET"]}}],"collection":[{"href":"https:\/\/www3.unicentro.br\/pdi\/wp-json\/wp\/v2\/pages"}],"about":[{"href":"https:\/\/www3.unicentro.br\/pdi\/wp-json\/wp\/v2\/types\/page"}],"author":[{"embeddable":true,"href":"https:\/\/www3.unicentro.br\/pdi\/wp-json\/wp\/v2\/users\/3"}],"replies":[{"embeddable":true,"href":"https:\/\/www3.unicentro.br\/pdi\/wp-json\/wp\/v2\/comments?post=29"}],"version-history":[{"count":2,"href":"https:\/\/www3.unicentro.br\/pdi\/wp-json\/wp\/v2\/pages\/29\/revisions"}],"predecessor-version":[{"id":122,"href":"https:\/\/www3.unicentro.br\/pdi\/wp-json\/wp\/v2\/pages\/29\/revisions\/122"}],"up":[{"embeddable":true,"href":"https:\/\/www3.unicentro.br\/pdi\/wp-json\/wp\/v2\/pages\/20"}],"wp:attachment":[{"href":"https:\/\/www3.unicentro.br\/pdi\/wp-json\/wp\/v2\/media?parent=29"}],"curies":[{"name":"wp","href":"https:\/\/api.w.org\/{rel}","templated":true}]}}