{"id":27,"date":"2021-08-09T17:27:47","date_gmt":"2021-08-09T20:27:47","guid":{"rendered":"https:\/\/www3.unicentro.br\/pdi\/?page_id=27"},"modified":"2021-08-30T11:09:13","modified_gmt":"2021-08-30T14:09:13","slug":"funcoes","status":"publish","type":"page","link":"https:\/\/www3.unicentro.br\/pdi\/sobre\/funcoes\/","title":{"rendered":"Fun\u00e7\u00f5es PDI"},"content":{"rendered":"<p>O PDI atinge m\u00faltiplas fun\u00e7\u00f5es administrativas e pedag\u00f3gicas da Institui\u00e7\u00e3o. De acordo com a Delibera\u00e7\u00e3o CEE\/CP N\u00ba 06\/2020 &#8211; Art.13 \u201cO PDI deve integrar o pedido de credenciamento e de recredenciamento e constitui-se no compromisso de planejamento e de a\u00e7\u00f5es das Institui\u00e7\u00f5es de Educa\u00e7\u00e3o Superior\u201d.<\/p>\n<p>Desse modo, as a\u00e7\u00f5es da Universidade para Ensino, Pesquisa, Extens\u00e3o e demais atividades da institui\u00e7\u00e3o, faz com que a realiza\u00e7\u00e3o do PDI permita acompanhar o desenvolvimento das atividades e processos, al\u00e9m de permitir monitorar e sistematizar resultados, avaliar metas e instituir projetos e programas em todas as inst\u00e2ncias administrativas e pedag\u00f3gicas.<\/p>\n<p>Assim, o PDI cumpre a principal fun\u00e7\u00e3o da Institui\u00e7\u00e3o, ao assumir seus compromissos junto a sociedade.<\/p>\n<p>De acordo com o Estatuto da Unicentro, Resolu\u00e7\u00e3o N\u00ba 023\/2006-COU\/Unicentro<strong>:<\/strong><\/p>\n<p style=\"padding-left: 40px\">Art. 2\u00b0 A UNICENTRO goza de autonomia did\u00e1tico-cient\u00edfica, disciplinar, administrativa e de gest\u00e3o financeira e patrimonial, nos termos da legisla\u00e7\u00e3o aplic\u00e1vel e deste Estatuto.<\/p>\n<p style=\"padding-left: 40px\">Art. 3\u00b0 A UNICENTRO tem por finalidade:<\/p>\n<p style=\"padding-left: 80px\">I \u2013 promover o ensino para a forma\u00e7\u00e3o de pessoas habilitadas para a investiga\u00e7\u00e3o filos\u00f3fica, cient\u00edfica e liter\u00e1ria, para o exerc\u00edcio das profiss\u00f5es liberais, t\u00e9cnicas, art\u00edsticas, do magist\u00e9rio e da cidadania, de modo cr\u00edtico e criativo;<\/p>\n<p style=\"padding-left: 80px\">II \u2013 assegurar a gratuidade do ensino de gradua\u00e7\u00e3o nos termos da legisla\u00e7\u00e3o vigente;<\/p>\n<p style=\"padding-left: 80px\">III \u2013 promover e estimular a cultura, por meio da pesquisa cient\u00edfica e da produ\u00e7\u00e3o do pensamento, para o desenvolvimento das ci\u00eancias, da tecnologia, da filosofia, das letras e das artes;<\/p>\n<p style=\"padding-left: 80px\">IV \u2013 promover o desenvolvimento de programas, projetos, cursos e servi\u00e7os, voltados \u00e0 articula\u00e7\u00e3o com a comunidade;<\/p>\n<p style=\"padding-left: 80px\">V \u2013 manter uma infra-estrutura adequada e um corpo qualificado de servidores, necess\u00e1rios ao desenvolvimento do ensino, da pesquisa e da extens\u00e3o.<\/p>\n","protected":false},"excerpt":{"rendered":"<p>O PDI atinge m\u00faltiplas fun\u00e7\u00f5es administrativas e pedag\u00f3gicas da Institui\u00e7\u00e3o. De acordo com a Delibera\u00e7\u00e3o CEE\/CP N\u00ba 06\/2020 &#8211; Art.13 \u201cO PDI deve integrar o pedido de credenciamento e de recredenciamento e constitui-se no compromisso de planejamento e de a\u00e7\u00f5es das Institui\u00e7\u00f5es de Educa\u00e7\u00e3o Superior\u201d. Desse modo, as a\u00e7\u00f5es da Universidade para Ensino, Pesquisa, Extens\u00e3o [&hellip;]<\/p>\n","protected":false},"author":3,"featured_media":0,"parent":20,"menu_order":0,"comment_status":"closed","ping_status":"closed","template":"","meta":{"_exactmetrics_skip_tracking":false,"_exactmetrics_sitenote_active":false,"_exactmetrics_sitenote_note":"","_exactmetrics_sitenote_category":0,"footnotes":"","_links_to":"","_links_to_target":""},"class_list":["post-27","page","type-page","status-publish","hentry"],"_links":{"self":[{"href":"https:\/\/www3.unicentro.br\/pdi\/wp-json\/wp\/v2\/pages\/27","targetHints":{"allow":["GET"]}}],"collection":[{"href":"https:\/\/www3.unicentro.br\/pdi\/wp-json\/wp\/v2\/pages"}],"about":[{"href":"https:\/\/www3.unicentro.br\/pdi\/wp-json\/wp\/v2\/types\/page"}],"author":[{"embeddable":true,"href":"https:\/\/www3.unicentro.br\/pdi\/wp-json\/wp\/v2\/users\/3"}],"replies":[{"embeddable":true,"href":"https:\/\/www3.unicentro.br\/pdi\/wp-json\/wp\/v2\/comments?post=27"}],"version-history":[{"count":0,"href":"https:\/\/www3.unicentro.br\/pdi\/wp-json\/wp\/v2\/pages\/27\/revisions"}],"up":[{"embeddable":true,"href":"https:\/\/www3.unicentro.br\/pdi\/wp-json\/wp\/v2\/pages\/20"}],"wp:attachment":[{"href":"https:\/\/www3.unicentro.br\/pdi\/wp-json\/wp\/v2\/media?parent=27"}],"curies":[{"name":"wp","href":"https:\/\/api.w.org\/{rel}","templated":true}]}}