{"id":25,"date":"2021-08-09T17:27:30","date_gmt":"2021-08-09T20:27:30","guid":{"rendered":"https:\/\/www3.unicentro.br\/pdi\/?page_id=25"},"modified":"2021-08-30T11:08:06","modified_gmt":"2021-08-30T14:08:06","slug":"o-que-e","status":"publish","type":"page","link":"https:\/\/www3.unicentro.br\/pdi\/sobre\/o-que-e\/","title":{"rendered":"O que \u00e9 o PDI"},"content":{"rendered":"<p>Trata-se de importante instrumento de Planejamento da Universidade, que torna leg\u00edtimo a miss\u00e3o da institui\u00e7\u00e3o, vis\u00e3o, valores, princ\u00edpios e estrat\u00e9gias para atingir objetivos e metas no per\u00edodo de 5 anos.<\/p>\n<p>Conforme a Delibera\u00e7\u00e3o <a href=\"http:\/\/www.cee.pr.gov.br\/sites\/cee\/arquivos_restritos\/files\/documento\/2021-05\/deliberacao_06_20_retificada1_0.pdf\">CEE\/CP N\u00ba 06\/2020, <\/a>Art. 12 \u201cO Plano de Desenvolvimento Institucional (PDI) \u00e9 o documento de planejamento global da institui\u00e7\u00e3o\u201d.<\/p>\n<p>A elabora\u00e7\u00e3o do Plano de Desenvolvimento Institucional da Unicentro 2023\/2027 atende os prop\u00f3sitos legais e previstos no \u00e2mbito do estado do Paran\u00e1 e demais atos legais para a Educa\u00e7\u00e3o Superior no Brasil.<\/p>\n","protected":false},"excerpt":{"rendered":"<p>Trata-se de importante instrumento de Planejamento da Universidade, que torna leg\u00edtimo a miss\u00e3o da institui\u00e7\u00e3o, vis\u00e3o, valores, princ\u00edpios e estrat\u00e9gias para atingir objetivos e metas no per\u00edodo de 5 anos. Conforme a Delibera\u00e7\u00e3o CEE\/CP N\u00ba 06\/2020, Art. 12 \u201cO Plano de Desenvolvimento Institucional (PDI) \u00e9 o documento de planejamento global da institui\u00e7\u00e3o\u201d. A elabora\u00e7\u00e3o do [&hellip;]<\/p>\n","protected":false},"author":3,"featured_media":0,"parent":20,"menu_order":0,"comment_status":"closed","ping_status":"closed","template":"","meta":{"_exactmetrics_skip_tracking":false,"_exactmetrics_sitenote_active":false,"_exactmetrics_sitenote_note":"","_exactmetrics_sitenote_category":0,"footnotes":"","_links_to":"","_links_to_target":""},"class_list":["post-25","page","type-page","status-publish","hentry"],"_links":{"self":[{"href":"https:\/\/www3.unicentro.br\/pdi\/wp-json\/wp\/v2\/pages\/25","targetHints":{"allow":["GET"]}}],"collection":[{"href":"https:\/\/www3.unicentro.br\/pdi\/wp-json\/wp\/v2\/pages"}],"about":[{"href":"https:\/\/www3.unicentro.br\/pdi\/wp-json\/wp\/v2\/types\/page"}],"author":[{"embeddable":true,"href":"https:\/\/www3.unicentro.br\/pdi\/wp-json\/wp\/v2\/users\/3"}],"replies":[{"embeddable":true,"href":"https:\/\/www3.unicentro.br\/pdi\/wp-json\/wp\/v2\/comments?post=25"}],"version-history":[{"count":0,"href":"https:\/\/www3.unicentro.br\/pdi\/wp-json\/wp\/v2\/pages\/25\/revisions"}],"up":[{"embeddable":true,"href":"https:\/\/www3.unicentro.br\/pdi\/wp-json\/wp\/v2\/pages\/20"}],"wp:attachment":[{"href":"https:\/\/www3.unicentro.br\/pdi\/wp-json\/wp\/v2\/media?parent=25"}],"curies":[{"name":"wp","href":"https:\/\/api.w.org\/{rel}","templated":true}]}}