{"id":18,"date":"2021-08-09T17:24:50","date_gmt":"2021-08-09T20:24:50","guid":{"rendered":"https:\/\/www3.unicentro.br\/pdi\/?page_id=18"},"modified":"2021-11-19T09:43:55","modified_gmt":"2021-11-19T12:43:55","slug":"legislacao","status":"publish","type":"page","link":"https:\/\/www3.unicentro.br\/pdi\/legislacao\/","title":{"rendered":"Legisla\u00e7\u00e3o"},"content":{"rendered":"<div class=\"wpb-content-wrapper\"><p>[vc_row u_row_style=&#8221;0&#8243; u_row_paralax=&#8221;0&#8243; u_row_scheme=&#8221;0&#8243; css=&#8221;.vc_custom_1628691746500{margin-bottom: 40px !important;background-color: #e8e8e8 !important;}&#8221;][vc_column][vc_message message_box_style=&#8221;solid&#8221; style=&#8221;square&#8221; message_box_color=&#8221;juicy_pink&#8221; icon_fontawesome=&#8221;fas fa-arrow-circle-down&#8221;]<strong>Governos<\/strong>[\/vc_message][vc_column_text]<\/p>\n<ul>\n<li><a href=\"http:\/\/www.planalto.gov.br\/ccivil_03\/Constituicao\/Constituicao.htm\"><strong>CONSTITUI\u00c7\u00c3O DA REP\u00daBLICA FEDERATIVA DO BRASIL<\/strong><\/a><\/li>\n<li><a href=\"http:\/\/www.assembleia.pr.leg.br\/legislacao\/constituicao-estadual\"><strong>CONSTITUI\u00c7\u00c3O DO ESTADO DO PARAN\u00c1<\/strong><\/a><\/li>\n<li><a href=\"https:\/\/www.legislacao.pr.gov.br\/legislacao\/listarAtosAno.do?action=exibirImpressao&amp;codAto=7574\"><strong>LEI 9295 &#8211; 13 de Junho de 1990, Publicado no Di\u00e1rio Oficial n. 3286 de 15 de Junho de 1990<\/strong>, Institui a Funda\u00e7\u00e3o Universidade Estadual do Centro-Oeste &#8211; UNICENTRO, com sede e foro na cidade de Guarapuava, entidade mantenedora da Faculdade de Filosofia, Ci\u00eancias e Letras de Guarapuava e da Faculdade de Educa\u00e7\u00e3o, Ci\u00eancias e Letras de Irati, conforme especifica.<\/a><\/li>\n<li><strong><a href=\"http:\/\/www.planalto.gov.br\/ccivil_03\/leis\/l9394.htm\">LEI N\u00ba 9.394\/1996 (LDB), Estabelece as Diretrizes e Bases da Educa\u00e7\u00e3o Nacional.<\/a><\/strong><\/li>\n<li>\n<p class=\"p1\"><a href=\"https:\/\/normativasconselhos.mec.gov.br\/normativa\/view\/cee-pr-del-04-13_5f995627bf08d.pdf?query=Normas%20estaduais\"><strong>DELIBERA\u00c7\u00c3O N.\u00ba 04\/13, aprovada em 12 de novembro de 2013<\/strong>, Normas estaduais para a Educa\u00e7\u00e3o Ambiental no Sistema Estadual de Ensino do Paran\u00e1, com fundamento na Lei Federal n\u00ba 9.795\/1999, Lei Estadual n\u00ba 17.505\/2013 e Resolu\u00e7\u00e3o CNE\/CP n\u00ba 02\/2012<\/a><\/p>\n<\/li>\n<li><a href=\"https:\/\/normativasconselhos.mec.gov.br\/normativa\/pdf\/CEE-PR_123_Del_02_15.pdf\"><strong>DELIBERA\u00c7\u00c3O N\u00ba 02\/2015-CEE\/PR,<\/strong> Disp\u00f5e sobre as Normas Estaduais para a Educa\u00e7\u00e3o em Direitos Humanos no Sistema Estadual de Ensino do Paran\u00e1.<\/a><\/li>\n<li><a href=\"https:\/\/presrepublica.jusbrasil.com.br\/legislacao\/462913965\/decreto-9057-17\"><strong>DECRETO N\u00ba 9.057, DE 25 DE MAIO DE 2017<\/strong>, Regulamenta o art. 80 da Lei n\u00ba 9.394, de 20 de dezembro de 1996, que estabelece as diretrizes e bases da educa\u00e7\u00e3o nacional.<\/a><\/li>\n<li><a href=\"https:\/\/legis.senado.gov.br\/norma\/26323294\"><strong>DECRETO N\u00ba 9.235 DE 15\/12\/2017<\/strong>, Disp\u00f5e sobre o exerc\u00edcio das fun\u00e7\u00f5es de regula\u00e7\u00e3o, supervis\u00e3o e avalia\u00e7\u00e3o das institui\u00e7\u00f5es de educa\u00e7\u00e3o superior e dos cursos superiores de gradua\u00e7\u00e3o e de p\u00f3s-gradua\u00e7\u00e3o no sistema federal de ensino.<\/a><\/li>\n<li><a href=\"https:\/\/download.inep.gov.br\/educacao_superior\/avaliacao_institucional\/legislacao_normas\/2018\/portaria_normativa_GM-MEC_n840_de_24082018.pdf\"><strong>PORTARIA NORMATIVA N\u00ba 840, <\/strong>DE 24 DE AGOSTO DE 2018, Disp\u00f5e sobre os procedimentos de compet\u00eancia do Instituto Nacional de Estudos e Pesquisas Educacionais An\u00edsio Teixeira &#8211; INEP referentes \u00e0 avalia\u00e7\u00e3o de institui\u00e7\u00f5es de educa\u00e7\u00e3o superior, de cursos de gradua\u00e7\u00e3o e de desempenho acad\u00eamico de estudantes.<\/a><\/li>\n<li><a href=\"https:\/\/normativasconselhos.mec.gov.br\/normativa\/view\/CNE_RES_CNECESN72018.pdf?query=revogacao\"><strong>Resolu\u00e7\u00e3o CNE\/CES n\u00ba 7, <\/strong>de 18 de dezembro de 2018, Estabelece as Diretrizes para a Extens\u00e3o na Educa\u00e7\u00e3o Superior Brasileira e regimenta o disposto na Meta 12.7 da Lei n\u00ba 13.005\/2014, que aprova o Plano Nacional de Educa\u00e7\u00e3o &#8211; PNE 2014-2024 e da\u0301 outras provid\u00eancias.<\/a><\/li>\n<li><a href=\"http:\/\/www.planalto.gov.br\/ccivil_03\/_Ato2019-2022\/2019\/Lei\/L13796.htm\"><strong>LEI N\u00ba 13.796, DE 3 DE JANEIRO DE 2019<\/strong>, Altera a Lei n\u00ba 9.394, de 20 de dezembro de 1996 (Lei de Diretrizes e Bases da Educa\u00e7\u00e3o Nacional), para fixar, em virtude de escusa de consci\u00eancia, presta\u00e7\u00f5es alternativas \u00e0 aplica\u00e7\u00e3o de provas e \u00e0 frequ\u00eancia a aulas realizadas em dia de guarda religiosa.<\/a><\/li>\n<li><a href=\"https:\/\/www.in.gov.br\/en\/web\/dou\/-\/decreto-n-10.534-de-28-de-outubro-de-2020-285629205\"><strong>DECRETO N\u00ba 10.534, <\/strong>DE 28 DE OUTUBRO DE 2020, Institui a Pol\u00edtica Nacional de Inova\u00e7\u00e3o e disp\u00f5e sobre a sua governan\u00e7a<\/a><\/li>\n<li><a href=\"http:\/\/www.adur-rj.org.br\/portal\/wp-content\/uploads\/2020\/03\/PORTARIA-N%C2%BA-1.122-DE-19-DE-MAR%C3%87O-DE-2020-DOU-Imprensa-Nacional.pdf\"><strong>PORTARIA N\u00ba 1.122, DE 19 DE MAR\u00c7O DE 2020 <\/strong>Define as prioridades, no \u00e2mbito do Minist\u00e9rio da Ci\u00eancia, Tecnologia, Inova\u00e7\u00f5es e Comunica\u00e7\u00f5es (MCTIC), no que se refere a projetos de pesquisa, de desenvolvimento de tecnologias e inova\u00e7\u00f5es, para o per\u00edodo 2020 a 2023.<\/a><\/li>\n<li><a href=\"http:\/\/www.sr2.uerj.br\/download\/portaria_no_1329_de_27_de_marco_de_2020.pdf#:~:text=PORTARIA%20N%C2%BA%201.329%20DE%2027%20DE%20MAR%C3%87O%20DE,tecnologias%20e%20inova%C3%A7%C3%B5es%2Cpara%20o%20per%C3%ADodo%202020%20a%202023\"><strong>PORTARIA N\u00ba 1.329 DE 27 DE MAR\u00c7O DE 2020,<\/strong> Altera a A Portaria n\u00ba 1.122, de 19 de mar\u00e7o de 2020, que define as prioridades, no \u00e2mbito do Minist\u00e9rio da Ci\u00eancia, Tecnologia, Inova\u00e7\u00f5es e Comunica\u00e7\u00f5es (MCTIC), no que se refere a projetos de pesquisa, de desenvolvimento de tecnologias e inova\u00e7\u00f5es, para o per\u00edodo 2020 a 2023.<\/a><\/li>\n<li><a href=\"https:\/\/in.gov.br\/en\/web\/dou\/-\/resolucao-ci-n-1-de-23-de-julho-de-2021-334125807\"><strong>RESOLU\u00c7\u00c3O CI N\u00ba 1, DE 23 DE JULHO DE 2021, <\/strong>Aprova a Estrat\u00e9gia Nacional de Inova\u00e7\u00e3o e os Planos de A\u00e7\u00e3o para os Eixos de Fomento, Base Tecnol\u00f3gica, Cultura de Inova\u00e7\u00e3o, Mercado para Produtos e Servi\u00e7os Inovadores e Sistemas Educacionais.<\/a><\/li>\n<li><a href=\"https:\/\/leisestaduais.com.br\/pr\/lei-ordinaria-n-20537-2021-parana-dispoe-sobre-as-relacoes-entre-as-instituicoes-de-ensino-superior-os-hospitais-universitarios-e-os-institutos-de-ciencia-e-tecnologia-publicos-do-estado-do-parana-e-suas-fundacoes-de-apoio\"><strong>Lei Ordin\u00e1ria 20537\/2021 do Paran\u00e1 PR<\/strong>, Disp\u00f5e sobre as rela\u00e7\u00f5es entre as Institui\u00e7\u00f5es de Ensino Superior, os Hospitais Universit\u00e1rios e os Institutos de Ci\u00eancia e Tecnologia p\u00fablicos do Estado do Paran\u00e1 e suas Funda\u00e7\u00f5es de Apoio.<\/a><\/li>\n<li><a href=\"https:\/\/www3.unicentro.br\/proen\/wp-content\/uploads\/sites\/41\/2021\/06\/deliberacao_06_20_retificada1_0.pdf\"><strong>Delibera\u00e7\u00e3o n.\u00ba 06\/2020 &#8211;<\/strong> Fixa normas para as Institui\u00e7\u00f5es de Educa\u00e7\u00e3o Superior mantidas pelo Poder P\u00fablico Estadual e Municipal do Estado do Paran\u00e1 e disp\u00f5e sobre o exerc\u00edcio das fun\u00e7\u00f5es de regula\u00e7\u00e3o, supervis\u00e3o e avalia\u00e7\u00e3o das institui\u00e7\u00f5es e de seus cursos<\/a><\/li>\n<\/ul>\n<p>[\/vc_column_text][\/vc_column][\/vc_row][vc_row u_row_style=&#8221;0&#8243; u_row_paralax=&#8221;0&#8243; u_row_scheme=&#8221;0&#8243; css=&#8221;.vc_custom_1630333403350{margin-bottom: 40px !important;background-color: #e8e8e8 !important;}&#8221;][vc_column][vc_message message_box_style=&#8221;solid&#8221; style=&#8221;square&#8221; message_box_color=&#8221;juicy_pink&#8221; icon_fontawesome=&#8221;fas fa-arrow-circle-down&#8221;]<strong>Institucional<\/strong>[\/vc_message][vc_column_text]<\/p>\n<ul>\n<li><a href=\"https:\/\/sgu.unicentro.br\/pcatooficiais\/imprimir\/26B0FBFD\"><strong>PORTARIA N\u00ba 765-GR\/UNICENTRO, DE 28 DE OUTUBRO DE 2021.<\/strong> Inclui membro na Comiss\u00e3o Consultiva para estudo e elabora\u00e7\u00e3o do Plano de Desenvolvimento Institucional, PDI, da Unicentro, para o quinqu\u00eanio 2023 a 2027, e d\u00e1 outras provid\u00eancias.<\/a><\/li>\n<li><a href=\"https:\/\/sgu.unicentro.br\/pcatooficiais\/imprimir\/18F80EE0\"><strong>RESOLU\u00c7\u00c3O N\u00ba 023\/2006-COU\/UNICENTRO, DE 25 DE JULHO DE 2006.<\/strong> Aprova o Estatuto da Universidade Estadual do Centro-Oeste, Unicentro<\/a><\/li>\n<li><a href=\"https:\/\/sgu.unicentro.br\/pcatooficiais\/imprimir\/7986929C\"><strong>RESOLU\u00c7\u00c3O N\u00ba 101-COU\/UNICENTRO, DE 10 DE DEZEMBRO DE 2010. <\/strong>Aprova o Regimento Geral da Universidade Estadual do Centro-Oeste, Unicentro-PR.\u00a0<\/a><\/li>\n<\/ul>\n<p>[\/vc_column_text][\/vc_column][\/vc_row][vc_row u_row_style=&#8221;0&#8243; u_row_paralax=&#8221;0&#8243; u_row_scheme=&#8221;0&#8243; css=&#8221;.vc_custom_1630333410279{margin-bottom: 40px !important;background-color: #e8e8e8 !important;}&#8221;][vc_column][vc_message message_box_style=&#8221;solid&#8221; style=&#8221;square&#8221; message_box_color=&#8221;juicy_pink&#8221; icon_fontawesome=&#8221;fas fa-arrow-circle-down&#8221;]<strong>Refer\u00eancias para o PDI<\/strong>[\/vc_message][vc_column_text]<\/p>\n<ul>\n<li><a href=\"https:\/\/brasil.un.org\/pt-br\/sdgs\"><strong>ORGANIZA\u00c7\u00c3O DAS NA\u00c7\u00d5ES UNIDAS (ONU). Brasil. <\/strong>Os Objetivos de Desenvolvimento Sustent\u00e1vel no Brasil.<\/a><\/li>\n<li><a href=\"https:\/\/www3.unicentro.br\/proec\/wp-content\/uploads\/sites\/73\/2020\/02\/Politica_Nacional_de_Extensao_2012_07_13-1.pdf\"><strong>POL\u00cdTICA NACIONAL DE EXTENS\u00c3O UNIVERSIT\u00c1RIA<\/strong><\/a><\/li>\n<\/ul>\n<p>[\/vc_column_text][\/vc_column][\/vc_row]<\/p>\n<\/div>","protected":false},"excerpt":{"rendered":"<p>[vc_row u_row_style=&#8221;0&#8243; u_row_paralax=&#8221;0&#8243; u_row_scheme=&#8221;0&#8243; css=&#8221;.vc_custom_1628691746500{margin-bottom: 40px !important;background-color: #e8e8e8 !important;}&#8221;][vc_column][vc_message message_box_style=&#8221;solid&#8221; style=&#8221;square&#8221; message_box_color=&#8221;juicy_pink&#8221; icon_fontawesome=&#8221;fas fa-arrow-circle-down&#8221;]Governos[\/vc_message][vc_column_text] CONSTITUI\u00c7\u00c3O DA REP\u00daBLICA FEDERATIVA DO BRASIL CONSTITUI\u00c7\u00c3O DO ESTADO DO PARAN\u00c1 LEI 9295 &#8211; 13 de Junho de 1990, Publicado no Di\u00e1rio Oficial n. 3286 de 15 de Junho de 1990, Institui a Funda\u00e7\u00e3o Universidade Estadual do Centro-Oeste &#8211; UNICENTRO, com [&hellip;]<\/p>\n","protected":false},"author":3,"featured_media":0,"parent":0,"menu_order":0,"comment_status":"closed","ping_status":"closed","template":"","meta":{"_exactmetrics_skip_tracking":false,"_exactmetrics_sitenote_active":false,"_exactmetrics_sitenote_note":"","_exactmetrics_sitenote_category":0,"footnotes":"","_links_to":"","_links_to_target":""},"class_list":["post-18","page","type-page","status-publish","hentry"],"_links":{"self":[{"href":"https:\/\/www3.unicentro.br\/pdi\/wp-json\/wp\/v2\/pages\/18","targetHints":{"allow":["GET"]}}],"collection":[{"href":"https:\/\/www3.unicentro.br\/pdi\/wp-json\/wp\/v2\/pages"}],"about":[{"href":"https:\/\/www3.unicentro.br\/pdi\/wp-json\/wp\/v2\/types\/page"}],"author":[{"embeddable":true,"href":"https:\/\/www3.unicentro.br\/pdi\/wp-json\/wp\/v2\/users\/3"}],"replies":[{"embeddable":true,"href":"https:\/\/www3.unicentro.br\/pdi\/wp-json\/wp\/v2\/comments?post=18"}],"version-history":[{"count":0,"href":"https:\/\/www3.unicentro.br\/pdi\/wp-json\/wp\/v2\/pages\/18\/revisions"}],"wp:attachment":[{"href":"https:\/\/www3.unicentro.br\/pdi\/wp-json\/wp\/v2\/media?parent=18"}],"curies":[{"name":"wp","href":"https:\/\/api.w.org\/{rel}","templated":true}]}}