{"id":14,"date":"2021-08-09T17:24:26","date_gmt":"2021-08-09T20:24:26","guid":{"rendered":"https:\/\/www3.unicentro.br\/pdi\/?page_id=14"},"modified":"2023-09-04T10:57:14","modified_gmt":"2023-09-04T13:57:14","slug":"apresentacao","status":"publish","type":"page","link":"https:\/\/www3.unicentro.br\/pdi\/apresentacao\/","title":{"rendered":"Apresenta\u00e7\u00e3o"},"content":{"rendered":"<p>O Plano de Desenvolvimento Institucional \u2013 PDI, \u00e9 elaborado para um per\u00edodo de 5 (cinco) anos. Ele \u00e9 o documento que identifica a Institui\u00e7\u00e3o de Ensino Superior (IES), no que diz respeito a filosofia de trabalho, \u00e0 miss\u00e3o que a Universidade se prop\u00f5e, suas diretrizes pedag\u00f3gicas e acad\u00eamicas, e a sua estrutura organizacional laboral, no que diz respeito a gest\u00e3o Institucional.<\/p>\n<p>Em conformidade com a\u00a0DELIBERA\u00c7\u00c3O CEE\/CP N \u00ba 06\/2020, aprovada em\u00a009\/11\/2020,\u00a0que fixa normas para as Institui\u00e7\u00f5es de Educa\u00e7\u00e3o Superior, mantidas pelo Poder P\u00fablico Estadual e Municipal do Estado do Paran\u00e1, sobre o exerc\u00edcio das fun\u00e7\u00f5es de regula\u00e7\u00e3o, supervis\u00e3o e avalia\u00e7\u00e3o das institui\u00e7\u00f5es e de seus cursos, no Artigo 12, est\u00e1 expresso que \u201co Plano de Desenvolvimento Institucional (PDI), \u00e9 o documento de planejamento global da institui\u00e7\u00e3o\u201d. O Artigo 13, ressalta que o \u201cPDI deve integrar o pedido de credenciamento e de recredenciamento, e constitui-se no compromisso de planejamento e de a\u00e7\u00f5es das Institui\u00e7\u00f5es de Educa\u00e7\u00e3o Superior\u201d.<\/p>\n<p>Dessa forma, a elabora\u00e7\u00e3o do PDI contempla as diferentes dimens\u00f5es institucionais, identifica o seu perfil e o significado de sua atua\u00e7\u00e3o, atividades, cursos, programas, projetos e setores. Portanto, a participa\u00e7\u00e3o colaborativa foi fundamental para a elabora\u00e7\u00e3o do PDI 2023-2027!<\/p>\n","protected":false},"excerpt":{"rendered":"<p>O Plano de Desenvolvimento Institucional \u2013 PDI, \u00e9 elaborado para um per\u00edodo de 5 (cinco) anos. Ele \u00e9 o documento que identifica a Institui\u00e7\u00e3o de Ensino Superior (IES), no que diz respeito a filosofia de trabalho, \u00e0 miss\u00e3o que a Universidade se prop\u00f5e, suas diretrizes pedag\u00f3gicas e acad\u00eamicas, e a sua estrutura organizacional laboral, no [&hellip;]<\/p>\n","protected":false},"author":3,"featured_media":0,"parent":0,"menu_order":0,"comment_status":"closed","ping_status":"closed","template":"","meta":{"_exactmetrics_skip_tracking":false,"_exactmetrics_sitenote_active":false,"_exactmetrics_sitenote_note":"","_exactmetrics_sitenote_category":0,"footnotes":"","_links_to":"","_links_to_target":""},"class_list":["post-14","page","type-page","status-publish","hentry"],"_links":{"self":[{"href":"https:\/\/www3.unicentro.br\/pdi\/wp-json\/wp\/v2\/pages\/14","targetHints":{"allow":["GET"]}}],"collection":[{"href":"https:\/\/www3.unicentro.br\/pdi\/wp-json\/wp\/v2\/pages"}],"about":[{"href":"https:\/\/www3.unicentro.br\/pdi\/wp-json\/wp\/v2\/types\/page"}],"author":[{"embeddable":true,"href":"https:\/\/www3.unicentro.br\/pdi\/wp-json\/wp\/v2\/users\/3"}],"replies":[{"embeddable":true,"href":"https:\/\/www3.unicentro.br\/pdi\/wp-json\/wp\/v2\/comments?post=14"}],"version-history":[{"count":1,"href":"https:\/\/www3.unicentro.br\/pdi\/wp-json\/wp\/v2\/pages\/14\/revisions"}],"predecessor-version":[{"id":119,"href":"https:\/\/www3.unicentro.br\/pdi\/wp-json\/wp\/v2\/pages\/14\/revisions\/119"}],"wp:attachment":[{"href":"https:\/\/www3.unicentro.br\/pdi\/wp-json\/wp\/v2\/media?parent=14"}],"curies":[{"name":"wp","href":"https:\/\/api.w.org\/{rel}","templated":true}]}}