{"id":16,"date":"2021-06-07T15:23:13","date_gmt":"2021-06-07T18:23:13","guid":{"rendered":"https:\/\/www3.unicentro.br\/patentesalimentosfuncionais\/?page_id=16"},"modified":"2021-08-25T22:40:46","modified_gmt":"2021-08-26T01:40:46","slug":"metodologia","status":"publish","type":"page","link":"https:\/\/www3.unicentro.br\/patentesalimentosfuncionais\/metodologia\/","title":{"rendered":"Metodologia"},"content":{"rendered":"<p>As etapas da pesquisa patentom\u00e9trica no banco de patentes do INPI foram as seguintes:<\/p>\n<ol>\n<li>Foram pesquisados no campo \u201ct\u00edtulo\u201d e \u201cresumo\u201d as seguintes palavras: (i) gl\u00faten; (ii) lactose; (iii) probi\u00f3tico; (iv) prebi\u00f3tico; (v) enriquecido; (vi) fortificado. Para as palavras probi\u00f3tico, prebi\u00f3tico, enriquecido e fortificado, a \u00faltima letra foi substitu\u00edda pelo operador de truncagem (*) para expandir a pesquisa para termos al\u00e9m da raiz da palavra.<\/li>\n<li>Procedeu-se ent\u00e3o a an\u00e1lise de conte\u00fado sobre cada registro recuperado. Em rela\u00e7\u00e3o ao gl\u00faten, foram selecionadas somente as patentes que tratavam de alimentos \u201csem gl\u00faten\u201d. Quanto \u00e0 lactose, foram selecionadas as patentes que abordavam os alimentos \u201csem lactose\u201d e \u201ccom teor reduzido de lactose\u201d. As patentes encontradas com os termos \u201cenriquecido\u201d e \u201cfortificado\u201d foram agrupadas na mesma categoria \u201calimento enriquecido\u201d.<\/li>\n<li>Todos os registros enquadrados em alimentos funcionais foram transpostos para o Microsoft Excel 365 e caracterizados da seguinte forma:<\/li>\n<\/ol>\n<p>(i) tipo de alimento: sem gl\u00faten, sem lactose ou com baixo teor de lactose, probi\u00f3tico, prebi\u00f3tico, enriquecido\/fortificado;<\/p>\n<p>(ii) setor tecnol\u00f3gico: produto, processo, biotecnologia e conserva\u00e7\u00e3o;<\/p>\n<p>(iii) status do dep\u00f3sito: pendente, arquivado, indeferido, carta patente;<\/p>\n<p>(iv) titularidade: pessoa f\u00edsica, pessoa jur\u00eddica, Institui\u00e7\u00e3o de Ensino Superior (IES), instituto de pesquisa;<\/p>\n<p>(v) origem do dep\u00f3sito: residente e n\u00e3o residente;<\/p>\n<p>(vi) regi\u00e3o geogr\u00e1fica &#8211; para dep\u00f3sitos de residentes;<\/p>\n<p>(vii) se\u00e7\u00e3o, classes e subclasses da IPC, e,<\/p>\n<p>(viii) pagamento da anuidade: paga ou n\u00e3o paga.<\/p>\n","protected":false},"excerpt":{"rendered":"<p>As etapas da pesquisa patentom\u00e9trica no banco de patentes do INPI foram as seguintes: Foram pesquisados no campo \u201ct\u00edtulo\u201d e \u201cresumo\u201d as seguintes palavras: (i) gl\u00faten; (ii) lactose; (iii) probi\u00f3tico; (iv) prebi\u00f3tico; (v) enriquecido; (vi) fortificado. Para as palavras probi\u00f3tico, prebi\u00f3tico, enriquecido e fortificado, a \u00faltima letra foi substitu\u00edda pelo operador de truncagem (*) para [&hellip;]<\/p>\n","protected":false},"author":3,"featured_media":0,"parent":0,"menu_order":0,"comment_status":"closed","ping_status":"closed","template":"","meta":{"_exactmetrics_skip_tracking":false,"_exactmetrics_sitenote_active":false,"_exactmetrics_sitenote_note":"","_exactmetrics_sitenote_category":0,"footnotes":"","_links_to":"","_links_to_target":""},"class_list":["post-16","page","type-page","status-publish","hentry"],"_links":{"self":[{"href":"https:\/\/www3.unicentro.br\/patentesalimentosfuncionais\/wp-json\/wp\/v2\/pages\/16","targetHints":{"allow":["GET"]}}],"collection":[{"href":"https:\/\/www3.unicentro.br\/patentesalimentosfuncionais\/wp-json\/wp\/v2\/pages"}],"about":[{"href":"https:\/\/www3.unicentro.br\/patentesalimentosfuncionais\/wp-json\/wp\/v2\/types\/page"}],"author":[{"embeddable":true,"href":"https:\/\/www3.unicentro.br\/patentesalimentosfuncionais\/wp-json\/wp\/v2\/users\/3"}],"replies":[{"embeddable":true,"href":"https:\/\/www3.unicentro.br\/patentesalimentosfuncionais\/wp-json\/wp\/v2\/comments?post=16"}],"version-history":[{"count":0,"href":"https:\/\/www3.unicentro.br\/patentesalimentosfuncionais\/wp-json\/wp\/v2\/pages\/16\/revisions"}],"wp:attachment":[{"href":"https:\/\/www3.unicentro.br\/patentesalimentosfuncionais\/wp-json\/wp\/v2\/media?parent=16"}],"curies":[{"name":"wp","href":"https:\/\/api.w.org\/{rel}","templated":true}]}}