{"id":34,"date":"2017-12-18T15:38:25","date_gmt":"2017-12-18T17:38:25","guid":{"rendered":"https:\/\/www3.unicentro.br\/paranafalaingles\/?page_id=34"},"modified":"2026-03-06T16:32:02","modified_gmt":"2026-03-06T19:32:02","slug":"galeria","status":"publish","type":"page","link":"https:\/\/www3.unicentro.br\/paranafalaingles\/galeria\/","title":{"rendered":"Galeria"},"content":{"rendered":"<div class=\"wpb-content-wrapper\"><p>[vc_row][vc_column][vc_column_text css=&#8221;&#8221;]<span style=\"font-family: arial, helvetica, sans-serif;font-size: 14pt\">COORDENADORAS DO PROGRAMA PARAN\u00c1 FALA IDIOMAS DA UNICENTRO NO EVENTO WORLD CAF\u00c9<\/span><\/p>\n<p>&nbsp;<\/p>\n<div>\n<div class=\"wp-block-image\"><img loading=\"lazy\" decoding=\"async\" class=\"wpa-warning wpa-image-missing-alt wp-image-1388 aligncenter\" src=\"https:\/\/www3.unicentro.br\/paranafalaingles\/wp-content\/uploads\/sites\/33\/2026\/03\/WhatsApp-Image-2026-03-04-at-09.51.17-300x139.jpeg\" alt=\"\" width=\"595\" height=\"276\" data-warning=\"Texto alternativo ausente\" srcset=\"https:\/\/www3.unicentro.br\/paranafalaingles\/wp-content\/uploads\/sites\/33\/2026\/03\/WhatsApp-Image-2026-03-04-at-09.51.17-300x139.jpeg 300w, https:\/\/www3.unicentro.br\/paranafalaingles\/wp-content\/uploads\/sites\/33\/2026\/03\/WhatsApp-Image-2026-03-04-at-09.51.17-1024x473.jpeg 1024w, https:\/\/www3.unicentro.br\/paranafalaingles\/wp-content\/uploads\/sites\/33\/2026\/03\/WhatsApp-Image-2026-03-04-at-09.51.17-768x355.jpeg 768w, https:\/\/www3.unicentro.br\/paranafalaingles\/wp-content\/uploads\/sites\/33\/2026\/03\/WhatsApp-Image-2026-03-04-at-09.51.17-1536x709.jpeg 1536w, https:\/\/www3.unicentro.br\/paranafalaingles\/wp-content\/uploads\/sites\/33\/2026\/03\/WhatsApp-Image-2026-03-04-at-09.51.17-255x118.jpeg 255w, https:\/\/www3.unicentro.br\/paranafalaingles\/wp-content\/uploads\/sites\/33\/2026\/03\/WhatsApp-Image-2026-03-04-at-09.51.17.jpeg 1600w\" sizes=\"auto, (max-width: 595px) 100vw, 595px\" \/><\/div>\n<\/div>\n<div><\/div>\n<div><\/div>\n<div><\/div>\n<div><\/div>\n<div><\/div>\n<div><\/div>\n<div><\/div>\n<div class=\"wp-block-image\"><img loading=\"lazy\" decoding=\"async\" class=\"wpa-warning wpa-image-missing-alt wp-image-1387 aligncenter\" src=\"https:\/\/www3.unicentro.br\/paranafalaingles\/wp-content\/uploads\/sites\/33\/2026\/03\/WhatsApp-Image-2026-03-04-at-09.51.01-169x300.jpeg\" alt=\"\" width=\"400\" height=\"710\" data-warning=\"Texto alternativo ausente\" srcset=\"https:\/\/www3.unicentro.br\/paranafalaingles\/wp-content\/uploads\/sites\/33\/2026\/03\/WhatsApp-Image-2026-03-04-at-09.51.01-169x300.jpeg 169w, https:\/\/www3.unicentro.br\/paranafalaingles\/wp-content\/uploads\/sites\/33\/2026\/03\/WhatsApp-Image-2026-03-04-at-09.51.01-576x1024.jpeg 576w, https:\/\/www3.unicentro.br\/paranafalaingles\/wp-content\/uploads\/sites\/33\/2026\/03\/WhatsApp-Image-2026-03-04-at-09.51.01-255x453.jpeg 255w, https:\/\/www3.unicentro.br\/paranafalaingles\/wp-content\/uploads\/sites\/33\/2026\/03\/WhatsApp-Image-2026-03-04-at-09.51.01.jpeg 675w\" sizes=\"auto, (max-width: 400px) 100vw, 400px\" \/><\/div>\n<div><\/div>\n<div><\/div>\n<div><\/div>\n<div><\/div>\n<div><\/div>\n<div><\/div>\n<div><\/div>\n<div><\/div>\n<div class=\"wp-block-image\"><img loading=\"lazy\" decoding=\"async\" class=\"wpa-warning wpa-image-missing-alt wp-image-1385 aligncenter\" src=\"https:\/\/www3.unicentro.br\/paranafalaingles\/wp-content\/uploads\/sites\/33\/2026\/03\/WhatsApp-Image-2026-03-04-at-09.51.00-1-169x300.jpeg\" alt=\"\" width=\"405\" height=\"719\" data-warning=\"Texto alternativo ausente\" srcset=\"https:\/\/www3.unicentro.br\/paranafalaingles\/wp-content\/uploads\/sites\/33\/2026\/03\/WhatsApp-Image-2026-03-04-at-09.51.00-1-169x300.jpeg 169w, https:\/\/www3.unicentro.br\/paranafalaingles\/wp-content\/uploads\/sites\/33\/2026\/03\/WhatsApp-Image-2026-03-04-at-09.51.00-1-576x1024.jpeg 576w, https:\/\/www3.unicentro.br\/paranafalaingles\/wp-content\/uploads\/sites\/33\/2026\/03\/WhatsApp-Image-2026-03-04-at-09.51.00-1-255x453.jpeg 255w, https:\/\/www3.unicentro.br\/paranafalaingles\/wp-content\/uploads\/sites\/33\/2026\/03\/WhatsApp-Image-2026-03-04-at-09.51.00-1.jpeg 675w\" sizes=\"auto, (max-width: 405px) 100vw, 405px\" \/><\/div>\n<div><\/div>\n<div><\/div>\n<div><\/div>\n<div><\/div>\n<div><\/div>\n<div><\/div>\n<div><\/div>\n<div><\/div>\n<div class=\"wp-block-image\"><img loading=\"lazy\" decoding=\"async\" class=\"wpa-warning wpa-image-missing-alt wp-image-1386 aligncenter\" src=\"https:\/\/www3.unicentro.br\/paranafalaingles\/wp-content\/uploads\/sites\/33\/2026\/03\/WhatsApp-Image-2026-03-04-at-09.51.00-169x300.jpeg\" alt=\"\" width=\"407\" height=\"722\" data-warning=\"Texto alternativo ausente\" srcset=\"https:\/\/www3.unicentro.br\/paranafalaingles\/wp-content\/uploads\/sites\/33\/2026\/03\/WhatsApp-Image-2026-03-04-at-09.51.00-169x300.jpeg 169w, https:\/\/www3.unicentro.br\/paranafalaingles\/wp-content\/uploads\/sites\/33\/2026\/03\/WhatsApp-Image-2026-03-04-at-09.51.00-255x453.jpeg 255w\" sizes=\"auto, (max-width: 407px) 100vw, 407px\" \/><\/div>\n<div><\/div>\n<div><\/div>\n<div><\/div>\n<div><\/div>\n<div><\/div>\n<div><\/div>\n<div class=\"wp-block-image\"><\/div>\n<div><\/div>\n<div><\/div>\n<div><\/div>\n<div><\/div>\n<div><\/div>\n<div><\/div>\n<div><\/div>\n<div><\/div>\n<p><span style=\"font-size: 16pt\">PFI UNICENTRO PARTICIPA DE CURSO DE\u00a0 &#8220;METODOLOGIA DE EDUCA\u00c7\u00c3O SUPERIOR: INGL\u00caS COMO MEIO DE INSTRU\u00c7\u00c3O&#8221;\u00a0 NA UFPR<\/span><\/p>\n<p>Na primeira semana do m\u00eas de fevereiro, as Professoras Neide G. Pinheiro e Luciane Baretta, respectivamente coordenadora institucional e orientadora pedag\u00f3gica do PFI UNICENTRO, participaram de um curso com enfoque em metodologias para o ensino de Ingl\u00eas como Meio de Instru\u00e7\u00e3o ( English as a Medium of Instruction- EMI),\u00a0 ministrado pelo Professor Ronald Barry Martinez, na Universidade Federal do Paran\u00e1.\u00a0 O curso teve como objetivo\u00a0 apresentar metodologias ativas voltadas ao ensino de disciplinas acad\u00eamicas\u00a0 por meio da l\u00edngua inglesa.<\/p>\n<p>&nbsp;<\/p>\n<p>&nbsp;<\/p>\n<p>&nbsp;<\/p>\n<p><span style=\"font-size: 16pt\">PFI UNICENTRO OFERTOU O TOEFL ITP<\/span><\/p>\n<p>A equipe do PFI UNICENTRO\u00a0 realizou ao longo do semestre duas\u00a0 aplica\u00e7\u00f5es do TOEFL ITP, que s\u00e3o oferecidos \u00e0 comunidade universit\u00e1ria por meio de uma parceria com a Mastertest, representante oficial da ETS no Brasil<\/p>\n<p><img loading=\"lazy\" decoding=\"async\" class=\"alignnone size-medium wp-image-412\" src=\"https:\/\/www3.unicentro.br\/paranafalaingles\/wp-content\/uploads\/sites\/33\/2018\/11\/47119773_555952558186775_6759971992088084480_n-300x225.jpg\" alt=\"\" width=\"300\" height=\"225\" srcset=\"https:\/\/www3.unicentro.br\/paranafalaingles\/wp-content\/uploads\/sites\/33\/2018\/11\/47119773_555952558186775_6759971992088084480_n-300x225.jpg 300w, https:\/\/www3.unicentro.br\/paranafalaingles\/wp-content\/uploads\/sites\/33\/2018\/11\/47119773_555952558186775_6759971992088084480_n-768x576.jpg 768w, https:\/\/www3.unicentro.br\/paranafalaingles\/wp-content\/uploads\/sites\/33\/2018\/11\/47119773_555952558186775_6759971992088084480_n-255x191.jpg 255w, https:\/\/www3.unicentro.br\/paranafalaingles\/wp-content\/uploads\/sites\/33\/2018\/11\/47119773_555952558186775_6759971992088084480_n.jpg 1024w\" sizes=\"auto, (max-width: 300px) 100vw, 300px\" \/><\/p>\n<p>Na foto, estudantes do PFI, momentos antes de iniciarem o teste.<\/p>\n<p>&nbsp;<\/p>\n<p><span style=\"font-size: 16pt\">EQUIPE DO PFI UNICENTRO PARTICIPA DO CELSUL<\/span><\/p>\n<p>A Universidade Estadual do Centro-Oeste sediou o XIII CELSUL &#8211; C\u00edrculo de estudos lingu\u00edsticos do Sul, entre os dias 05 a 07 de novembro de 2018. A\u00a0 equipe do PFI\/UNICENTRO se fez presente no evento, apresentando comunica\u00e7\u00f5es que s\u00e3o resultados das discuss\u00f5es e trabalhos de pesquisa dos coordenadores, profissionais graduados e estudante de gradua\u00e7\u00e3o que atuam no programa.<\/p>\n<p><img loading=\"lazy\" decoding=\"async\" class=\"alignnone size-medium wp-image-411\" src=\"https:\/\/www3.unicentro.br\/paranafalaingles\/wp-content\/uploads\/sites\/33\/2018\/11\/47183832_2243674185880264_3542224305431511040_n-1-300x225.jpg\" alt=\"\" width=\"300\" height=\"225\" srcset=\"https:\/\/www3.unicentro.br\/paranafalaingles\/wp-content\/uploads\/sites\/33\/2018\/11\/47183832_2243674185880264_3542224305431511040_n-1-300x225.jpg 300w, https:\/\/www3.unicentro.br\/paranafalaingles\/wp-content\/uploads\/sites\/33\/2018\/11\/47183832_2243674185880264_3542224305431511040_n-1-768x576.jpg 768w, https:\/\/www3.unicentro.br\/paranafalaingles\/wp-content\/uploads\/sites\/33\/2018\/11\/47183832_2243674185880264_3542224305431511040_n-1-255x191.jpg 255w, https:\/\/www3.unicentro.br\/paranafalaingles\/wp-content\/uploads\/sites\/33\/2018\/11\/47183832_2243674185880264_3542224305431511040_n-1.jpg 1024w\" sizes=\"auto, (max-width: 300px) 100vw, 300px\" \/><\/p>\n<p><span style=\"font-size: 8pt\">Prof. Edan\u00a0 apresenta comunica\u00e7\u00e3o no CELSUL<\/span><\/p>\n<p>&nbsp;<\/p>\n<p><span style=\"font-size: 16pt\">PROGRAMA DE MOBILIDADE INTERNACIONAL &#8220;O PARAN\u00c1 FALA IDIOMAS &#8211; INGL\u00caS&#8221;<\/span><\/p>\n<p><img loading=\"lazy\" decoding=\"async\" class=\"size-medium wp-image-298\" src=\"https:\/\/www3.unicentro.br\/paranafalaingles\/wp-content\/uploads\/sites\/33\/2018\/08\/dc01c30e-bbe2-4728-ba29-76fb0ff88c5f-300x225.jpg\" alt=\"\" width=\"300\" height=\"225\" srcset=\"https:\/\/www3.unicentro.br\/paranafalaingles\/wp-content\/uploads\/sites\/33\/2018\/08\/dc01c30e-bbe2-4728-ba29-76fb0ff88c5f-300x225.jpg 300w, https:\/\/www3.unicentro.br\/paranafalaingles\/wp-content\/uploads\/sites\/33\/2018\/08\/dc01c30e-bbe2-4728-ba29-76fb0ff88c5f-768x576.jpg 768w, https:\/\/www3.unicentro.br\/paranafalaingles\/wp-content\/uploads\/sites\/33\/2018\/08\/dc01c30e-bbe2-4728-ba29-76fb0ff88c5f-1024x768.jpg 1024w, https:\/\/www3.unicentro.br\/paranafalaingles\/wp-content\/uploads\/sites\/33\/2018\/08\/dc01c30e-bbe2-4728-ba29-76fb0ff88c5f-255x191.jpg 255w, https:\/\/www3.unicentro.br\/paranafalaingles\/wp-content\/uploads\/sites\/33\/2018\/08\/dc01c30e-bbe2-4728-ba29-76fb0ff88c5f.jpg 1280w\" sizes=\"auto, (max-width: 300px) 100vw, 300px\" \/><\/p>\n<p>Em conjunto com as coordena\u00e7\u00f5es das demais universidades\u00a0 estaduais do Paran\u00e1, a Coordenadora do PFI UNICENTRO participa de reuni\u00e3o na English School of Canada, Toronto, para discuss\u00e3o sobre curr\u00edculos e avalia\u00e7\u00f5es<\/p>\n<div id=\"attachment_312\" style=\"width: 310px\" class=\"wp-caption alignnone\"><img loading=\"lazy\" decoding=\"async\" aria-describedby=\"caption-attachment-312\" id=\"longdesc-return-312\" class=\"wp-image-312 size-medium\" src=\"https:\/\/www3.unicentro.br\/paranafalaingles\/wp-content\/uploads\/sites\/33\/2018\/08\/d99c9a45-2412-40ea-b746-6a09ae7db607-1-300x225.jpg\" alt=\"\" width=\"300\" height=\"225\" longdesc=\"https:\/\/www3.unicentro.br\/paranafalaingles?longdesc=312&amp;referrer=34\" srcset=\"https:\/\/www3.unicentro.br\/paranafalaingles\/wp-content\/uploads\/sites\/33\/2018\/08\/d99c9a45-2412-40ea-b746-6a09ae7db607-1-300x225.jpg 300w, https:\/\/www3.unicentro.br\/paranafalaingles\/wp-content\/uploads\/sites\/33\/2018\/08\/d99c9a45-2412-40ea-b746-6a09ae7db607-1-768x576.jpg 768w, https:\/\/www3.unicentro.br\/paranafalaingles\/wp-content\/uploads\/sites\/33\/2018\/08\/d99c9a45-2412-40ea-b746-6a09ae7db607-1-1024x768.jpg 1024w, https:\/\/www3.unicentro.br\/paranafalaingles\/wp-content\/uploads\/sites\/33\/2018\/08\/d99c9a45-2412-40ea-b746-6a09ae7db607-1-255x191.jpg 255w, https:\/\/www3.unicentro.br\/paranafalaingles\/wp-content\/uploads\/sites\/33\/2018\/08\/d99c9a45-2412-40ea-b746-6a09ae7db607-1.jpg 1280w\" sizes=\"auto, (max-width: 300px) 100vw, 300px\" \/><p id=\"caption-attachment-312\" class=\"wp-caption-text\">Visita ao Real Institute, Ryerson University, Toronto. Julho de 2018.<\/p><\/div>\n<div id=\"attachment_299\" style=\"width: 310px\" class=\"wp-caption alignnone\"><img loading=\"lazy\" decoding=\"async\" aria-describedby=\"caption-attachment-299\" class=\"wp-image-299 size-medium\" src=\"https:\/\/www3.unicentro.br\/paranafalaingles\/wp-content\/uploads\/sites\/33\/2018\/08\/b42d3b76-ce25-404d-bccc-7697052c6061-300x225.jpg\" alt=\"\" width=\"300\" height=\"225\" srcset=\"https:\/\/www3.unicentro.br\/paranafalaingles\/wp-content\/uploads\/sites\/33\/2018\/08\/b42d3b76-ce25-404d-bccc-7697052c6061-300x225.jpg 300w, https:\/\/www3.unicentro.br\/paranafalaingles\/wp-content\/uploads\/sites\/33\/2018\/08\/b42d3b76-ce25-404d-bccc-7697052c6061-768x576.jpg 768w, https:\/\/www3.unicentro.br\/paranafalaingles\/wp-content\/uploads\/sites\/33\/2018\/08\/b42d3b76-ce25-404d-bccc-7697052c6061-1024x768.jpg 1024w, https:\/\/www3.unicentro.br\/paranafalaingles\/wp-content\/uploads\/sites\/33\/2018\/08\/b42d3b76-ce25-404d-bccc-7697052c6061-255x191.jpg 255w, https:\/\/www3.unicentro.br\/paranafalaingles\/wp-content\/uploads\/sites\/33\/2018\/08\/b42d3b76-ce25-404d-bccc-7697052c6061.jpg 1280w\" sizes=\"auto, (max-width: 300px) 100vw, 300px\" \/><p id=\"caption-attachment-299\" class=\"wp-caption-text\">Primeiro dia de aula na English School of Canada, Toronto. Porque o PFI precisa estar em constante aperfei\u00e7oamento.<\/p><\/div>\n<div id=\"attachment_296\" style=\"width: 310px\" class=\"wp-caption alignnone\"><img loading=\"lazy\" decoding=\"async\" aria-describedby=\"caption-attachment-296\" class=\"wp-image-296 size-medium\" src=\"https:\/\/www3.unicentro.br\/paranafalaingles\/wp-content\/uploads\/sites\/33\/2018\/08\/IMG_3134-300x225.jpg\" alt=\"\" width=\"300\" height=\"225\" srcset=\"https:\/\/www3.unicentro.br\/paranafalaingles\/wp-content\/uploads\/sites\/33\/2018\/08\/IMG_3134-300x225.jpg 300w, https:\/\/www3.unicentro.br\/paranafalaingles\/wp-content\/uploads\/sites\/33\/2018\/08\/IMG_3134-768x576.jpg 768w, https:\/\/www3.unicentro.br\/paranafalaingles\/wp-content\/uploads\/sites\/33\/2018\/08\/IMG_3134.jpg 1024w, https:\/\/www3.unicentro.br\/paranafalaingles\/wp-content\/uploads\/sites\/33\/2018\/08\/IMG_3134-255x191.jpg 255w\" sizes=\"auto, (max-width: 300px) 100vw, 300px\" \/><p id=\"caption-attachment-296\" class=\"wp-caption-text\">Coordenadoras do PFI das universidades estaduais do Paran\u00e1 recebem certificado de participa\u00e7\u00e3o em workshop oferecido pela Trent University, Canada.<\/p><\/div>\n<div id=\"attachment_311\" style=\"width: 310px\" class=\"wp-caption alignnone\"><img loading=\"lazy\" decoding=\"async\" aria-describedby=\"caption-attachment-311\" id=\"longdesc-return-311\" class=\"wp-image-311 size-medium\" src=\"https:\/\/www3.unicentro.br\/paranafalaingles\/wp-content\/uploads\/sites\/33\/2018\/08\/3d554da5-3ef8-49a9-8ff0-43db2d9c1b8d-2-300x225.jpg\" alt=\"\" width=\"300\" height=\"225\" longdesc=\"https:\/\/www3.unicentro.br\/paranafalaingles?longdesc=311&amp;referrer=34\" srcset=\"https:\/\/www3.unicentro.br\/paranafalaingles\/wp-content\/uploads\/sites\/33\/2018\/08\/3d554da5-3ef8-49a9-8ff0-43db2d9c1b8d-2-300x225.jpg 300w, https:\/\/www3.unicentro.br\/paranafalaingles\/wp-content\/uploads\/sites\/33\/2018\/08\/3d554da5-3ef8-49a9-8ff0-43db2d9c1b8d-2-768x576.jpg 768w, https:\/\/www3.unicentro.br\/paranafalaingles\/wp-content\/uploads\/sites\/33\/2018\/08\/3d554da5-3ef8-49a9-8ff0-43db2d9c1b8d-2-1024x768.jpg 1024w, https:\/\/www3.unicentro.br\/paranafalaingles\/wp-content\/uploads\/sites\/33\/2018\/08\/3d554da5-3ef8-49a9-8ff0-43db2d9c1b8d-2-255x191.jpg 255w, https:\/\/www3.unicentro.br\/paranafalaingles\/wp-content\/uploads\/sites\/33\/2018\/08\/3d554da5-3ef8-49a9-8ff0-43db2d9c1b8d-2.jpg 1280w\" sizes=\"auto, (max-width: 300px) 100vw, 300px\" \/><p id=\"caption-attachment-311\" class=\"wp-caption-text\">Visita \u00e0 York University, Toronto. Julho de 2018.<\/p><\/div>\n<div id=\"attachment_295\" style=\"width: 235px\" class=\"wp-caption alignnone\"><img loading=\"lazy\" decoding=\"async\" aria-describedby=\"caption-attachment-295\" class=\"wp-image-295 size-medium\" src=\"https:\/\/www3.unicentro.br\/paranafalaingles\/wp-content\/uploads\/sites\/33\/2018\/08\/IMG_3365-225x300.jpg\" alt=\"\" width=\"225\" height=\"300\" srcset=\"https:\/\/www3.unicentro.br\/paranafalaingles\/wp-content\/uploads\/sites\/33\/2018\/08\/IMG_3365-225x300.jpg 225w, https:\/\/www3.unicentro.br\/paranafalaingles\/wp-content\/uploads\/sites\/33\/2018\/08\/IMG_3365-768x1024.jpg 768w, https:\/\/www3.unicentro.br\/paranafalaingles\/wp-content\/uploads\/sites\/33\/2018\/08\/IMG_3365-255x340.jpg 255w\" sizes=\"auto, (max-width: 225px) 100vw, 225px\" \/><p id=\"caption-attachment-295\" class=\"wp-caption-text\">&#8220;Let&#8217;s get to work.&#8221; Mais uma universidade canadense com perspectivas para o PFI.<\/p><\/div>\n<p>[\/vc_column_text][\/vc_column][\/vc_row]<\/p>\n<\/div>","protected":false},"excerpt":{"rendered":"<p>[vc_row][vc_column][vc_column_text css=&#8221;&#8221;]COORDENADORAS DO PROGRAMA PARAN\u00c1 FALA IDIOMAS DA UNICENTRO NO EVENTO WORLD CAF\u00c9 &nbsp; PFI UNICENTRO PARTICIPA DE CURSO DE\u00a0 &#8220;METODOLOGIA DE EDUCA\u00c7\u00c3O SUPERIOR: INGL\u00caS COMO MEIO DE INSTRU\u00c7\u00c3O&#8221;\u00a0 NA UFPR Na primeira semana do m\u00eas de fevereiro, as Professoras Neide G. Pinheiro e Luciane Baretta, respectivamente coordenadora institucional e orientadora pedag\u00f3gica do PFI UNICENTRO, [&hellip;]<\/p>\n","protected":false},"author":3,"featured_media":0,"parent":0,"menu_order":0,"comment_status":"closed","ping_status":"closed","template":"","meta":{"_exactmetrics_skip_tracking":false,"_exactmetrics_sitenote_active":false,"_exactmetrics_sitenote_note":"","_exactmetrics_sitenote_category":0,"footnotes":"","_links_to":"","_links_to_target":""},"class_list":["post-34","page","type-page","status-publish","hentry"],"_links":{"self":[{"href":"https:\/\/www3.unicentro.br\/paranafalaingles\/wp-json\/wp\/v2\/pages\/34","targetHints":{"allow":["GET"]}}],"collection":[{"href":"https:\/\/www3.unicentro.br\/paranafalaingles\/wp-json\/wp\/v2\/pages"}],"about":[{"href":"https:\/\/www3.unicentro.br\/paranafalaingles\/wp-json\/wp\/v2\/types\/page"}],"author":[{"embeddable":true,"href":"https:\/\/www3.unicentro.br\/paranafalaingles\/wp-json\/wp\/v2\/users\/3"}],"replies":[{"embeddable":true,"href":"https:\/\/www3.unicentro.br\/paranafalaingles\/wp-json\/wp\/v2\/comments?post=34"}],"version-history":[{"count":2,"href":"https:\/\/www3.unicentro.br\/paranafalaingles\/wp-json\/wp\/v2\/pages\/34\/revisions"}],"predecessor-version":[{"id":1397,"href":"https:\/\/www3.unicentro.br\/paranafalaingles\/wp-json\/wp\/v2\/pages\/34\/revisions\/1397"}],"wp:attachment":[{"href":"https:\/\/www3.unicentro.br\/paranafalaingles\/wp-json\/wp\/v2\/media?parent=34"}],"curies":[{"name":"wp","href":"https:\/\/api.w.org\/{rel}","templated":true}]}}