{"id":28,"date":"2017-12-18T15:37:46","date_gmt":"2017-12-18T17:37:46","guid":{"rendered":"https:\/\/www3.unicentro.br\/paranafalaingles\/?page_id=28"},"modified":"2021-05-13T16:39:59","modified_gmt":"2021-05-13T19:39:59","slug":"publicacoes-e-pesquisas","status":"publish","type":"page","link":"https:\/\/www3.unicentro.br\/paranafalaingles\/publicacoes-e-pesquisas\/","title":{"rendered":"Publica\u00e7\u00f5es e Pesquisas"},"content":{"rendered":"<p style=\"text-align: center\"><span style=\"color: #ff0000\"><strong>NOVO<\/strong><\/span><\/p>\n<p style=\"text-align: center\"><span style=\"color: #3366ff\"><a style=\"color: #3366ff\" href=\"https:\/\/www3.unicentro.br\/paranafalaingles\/wp-content\/uploads\/sites\/33\/2021\/05\/Parana\u0301-Fala-Idiomas-Ingle\u0302s-pesquisas-praticas-e-desafios-de-uma-politica-linguistica-de-Estado.pdf\">Parana\u0301 Fala Idiomas &#8211; Ingle\u0302s &#8211; pesquisas, pr\u00e1ticas e desafios de uma pol\u00edtica lingu\u00edstica de Estado<\/a><\/span><\/p>\n<p style=\"text-align: center\">Colet\u00e2nea de textos escritos por professores, acad\u00eamicos e pesquisadores, envolvidos na pol\u00edtica lingu\u00edstica das Institui\u00e7\u00f5es de Ensino Superior do Paran\u00e1 e, em especial, no desenvolvimento do Programa Paran\u00e1 Fala Idiomas.<\/p>\n<p style=\"text-align: center\">Organizado pelas professoras Eliane Segati Rios (UENP), Luciana Cabrini Sim\u00f5es Calvo (UEM e Josimayre Novelli (UEM).<\/p>\n<p>&nbsp;<\/p>\n<hr \/>\n<p>O Paran\u00e1 Fala Ingl\u00eas preocupa-se em ofertar\u00a0 cursos com qualidade\u00a0 e que atendam \u00e0s demandas da comunidade universit\u00e1ria.<\/p>\n<p>Reuni\u00f5es pedag\u00f3gicas e administrativas s\u00e3o\u00a0 realizadas semanalmente e toda a equipe participa de constante aperfei\u00e7oamento que ocorre por meio das discuss\u00f5es em grupo e tamb\u00e9m do envolvimento em pesquisa.<\/p>\n<p>&nbsp;<\/p>\n<div id=\"attachment_290\" style=\"width: 310px\" class=\"wp-caption alignnone\"><img loading=\"lazy\" decoding=\"async\" aria-describedby=\"caption-attachment-290\" class=\"size-medium wp-image-290\" src=\"https:\/\/www3.unicentro.br\/paranafalaingles\/wp-content\/uploads\/sites\/33\/2018\/08\/Imagem-3-Reuni\u00e3o-Pedag\u00f3gica-e-Administrativa-300x169.jpg\" alt=\"\" width=\"300\" height=\"169\" srcset=\"https:\/\/www3.unicentro.br\/paranafalaingles\/wp-content\/uploads\/sites\/33\/2018\/08\/Imagem-3-Reuni\u00e3o-Pedag\u00f3gica-e-Administrativa-300x169.jpg 300w, https:\/\/www3.unicentro.br\/paranafalaingles\/wp-content\/uploads\/sites\/33\/2018\/08\/Imagem-3-Reuni\u00e3o-Pedag\u00f3gica-e-Administrativa-768x432.jpg 768w, https:\/\/www3.unicentro.br\/paranafalaingles\/wp-content\/uploads\/sites\/33\/2018\/08\/Imagem-3-Reuni\u00e3o-Pedag\u00f3gica-e-Administrativa-255x143.jpg 255w, https:\/\/www3.unicentro.br\/paranafalaingles\/wp-content\/uploads\/sites\/33\/2018\/08\/Imagem-3-Reuni\u00e3o-Pedag\u00f3gica-e-Administrativa.jpg 960w\" sizes=\"auto, (max-width: 300px) 100vw, 300px\" \/><p id=\"caption-attachment-290\" class=\"wp-caption-text\">Equipe do PFI em constante aperfei\u00e7oamento. Reuni\u00f5es pedag\u00f3gicas e administrativas semanais<\/p><\/div>\n<p>&nbsp;<\/p>\n<p>Participa\u00e7\u00e3o em eventos para dissemina\u00e7\u00e3o de pesquisas<\/p>\n<ol>\n<li>SIEPE &#8211; 2017- UNICENTRO<\/li>\n<\/ol>\n<p>https:\/\/evento.unicentro.br\/files\/Submissaoxarquivos\/car_submissao\/31_08_2017_car_submissao_1406544488.pdf<\/p>\n<p>Ministrantes:\u00a0 Profa. Dra. Luciane Baretta (PPGL\/PFI), Profa. Dra. Neide Garcia Pinheiro (PFI\/DELET)<\/p>\n<p>2. Participa\u00e7\u00e3o no V SEDAN E I SIMLIVE &#8211; 2018-\u00a0 UNICENTRO<\/p>\n<p>2.1 Minicurso: &#8220;PFI: sharing experiences for the teaching of EFL&#8221;<\/p>\n<p>Ministrantes:\u00a0 \u00a0Mestrando Emanoel Godoy da Silva (PPGL\/PFI-G) Thiago Grokoski (PFI-I) Rita Guimar\u00e3es (PFI-G)<\/p>\n<p>2.2 Comunica\u00e7\u00e3o:\u00a0 &#8220;<span style=\"color: #000000\"><span style=\"font-family: Times New Roman, serif\"><span lang=\"pt-PT\">A plataforma SmrtEnglish e os objetivos ao ensinar ingl<\/span><\/span><\/span><span style=\"color: #000000\"><span lang=\"pt-PT\">\u00ea<\/span><\/span><span style=\"color: #000000\"><span style=\"font-family: Times New Roman, serif\"><span lang=\"pt-PT\">s&#8221;<\/span><\/span><\/span><\/p>\n<p><span style=\"color: #000000\"><span style=\"font-family: Times New Roman, serif\"><span lang=\"pt-PT\">\u00a0Apresentador: Emanoel Godoy da Silva<\/span><\/span><\/span><\/p>\n<p>2.3. Participa\u00e7\u00e3o no CELSUL<\/p>\n<p>Comunica\u00e7\u00f5es:<\/p>\n<p>&nbsp;<\/p>\n<p>&nbsp;<\/p>\n<p>&nbsp;<\/p>\n<p>&nbsp;<\/p>\n<p>&nbsp;<\/p>\n<p>&nbsp;<\/p>\n<p>&nbsp;<\/p>\n<p>&nbsp;<\/p>\n<p>&nbsp;<\/p>\n<p>&nbsp;<\/p>\n<p>&nbsp;<\/p>\n<p>&nbsp;<\/p>\n<p>&nbsp;<\/p>\n<p>&nbsp;<\/p>\n","protected":false},"excerpt":{"rendered":"<p>NOVO Parana\u0301 Fala Idiomas &#8211; Ingle\u0302s &#8211; pesquisas, pr\u00e1ticas e desafios de uma pol\u00edtica lingu\u00edstica de Estado Colet\u00e2nea de textos escritos por professores, acad\u00eamicos e pesquisadores, envolvidos na pol\u00edtica lingu\u00edstica das Institui\u00e7\u00f5es de Ensino Superior do Paran\u00e1 e, em especial, no desenvolvimento do Programa Paran\u00e1 Fala Idiomas. Organizado pelas professoras Eliane Segati Rios (UENP), Luciana [&hellip;]<\/p>\n","protected":false},"author":3,"featured_media":0,"parent":0,"menu_order":0,"comment_status":"closed","ping_status":"closed","template":"","meta":{"_exactmetrics_skip_tracking":false,"_exactmetrics_sitenote_active":false,"_exactmetrics_sitenote_note":"","_exactmetrics_sitenote_category":0,"footnotes":"","_links_to":"","_links_to_target":""},"class_list":["post-28","page","type-page","status-publish","hentry"],"_links":{"self":[{"href":"https:\/\/www3.unicentro.br\/paranafalaingles\/wp-json\/wp\/v2\/pages\/28","targetHints":{"allow":["GET"]}}],"collection":[{"href":"https:\/\/www3.unicentro.br\/paranafalaingles\/wp-json\/wp\/v2\/pages"}],"about":[{"href":"https:\/\/www3.unicentro.br\/paranafalaingles\/wp-json\/wp\/v2\/types\/page"}],"author":[{"embeddable":true,"href":"https:\/\/www3.unicentro.br\/paranafalaingles\/wp-json\/wp\/v2\/users\/3"}],"replies":[{"embeddable":true,"href":"https:\/\/www3.unicentro.br\/paranafalaingles\/wp-json\/wp\/v2\/comments?post=28"}],"version-history":[{"count":0,"href":"https:\/\/www3.unicentro.br\/paranafalaingles\/wp-json\/wp\/v2\/pages\/28\/revisions"}],"wp:attachment":[{"href":"https:\/\/www3.unicentro.br\/paranafalaingles\/wp-json\/wp\/v2\/media?parent=28"}],"curies":[{"name":"wp","href":"https:\/\/api.w.org\/{rel}","templated":true}]}}