{"id":18,"date":"2017-12-18T15:36:10","date_gmt":"2017-12-18T17:36:10","guid":{"rendered":"https:\/\/www3.unicentro.br\/paranafalaingles\/?page_id=18"},"modified":"2026-03-04T13:08:53","modified_gmt":"2026-03-04T16:08:53","slug":"cursos","status":"publish","type":"page","link":"https:\/\/www3.unicentro.br\/paranafalaingles\/cursos\/","title":{"rendered":"Cursos"},"content":{"rendered":"<div class=\"wpb-content-wrapper\"><p>[vc_row][vc_column][vc_column_text css=&#8221;&#8221;]<img loading=\"lazy\" decoding=\"async\" class=\"aligncenter size-full wp-image-782\" src=\"https:\/\/www3.unicentro.br\/paranafalaingles\/wp-content\/uploads\/sites\/33\/2020\/10\/header-cursos.gif\" alt=\"\" width=\"1280\" height=\"150\" \/><\/p>\n<div><\/div>\n<div><\/div>\n<div><\/div>\n<div class=\"wp-block-image\"><img loading=\"lazy\" decoding=\"async\" class=\"wpa-warning wpa-image-missing-alt wp-image-1353 aligncenter\" src=\"https:\/\/www3.unicentro.br\/paranafalaingles\/wp-content\/uploads\/sites\/33\/2026\/02\/WhatsApp-Image-2026-02-19-at-14.28.53-1-1-240x300.jpeg\" alt=\"\" width=\"503\" height=\"629\" data-warning=\"Texto alternativo ausente\" srcset=\"https:\/\/www3.unicentro.br\/paranafalaingles\/wp-content\/uploads\/sites\/33\/2026\/02\/WhatsApp-Image-2026-02-19-at-14.28.53-1-1-240x300.jpeg 240w, https:\/\/www3.unicentro.br\/paranafalaingles\/wp-content\/uploads\/sites\/33\/2026\/02\/WhatsApp-Image-2026-02-19-at-14.28.53-1-1-819x1024.jpeg 819w, https:\/\/www3.unicentro.br\/paranafalaingles\/wp-content\/uploads\/sites\/33\/2026\/02\/WhatsApp-Image-2026-02-19-at-14.28.53-1-1-768x960.jpeg 768w, https:\/\/www3.unicentro.br\/paranafalaingles\/wp-content\/uploads\/sites\/33\/2026\/02\/WhatsApp-Image-2026-02-19-at-14.28.53-1-1-255x319.jpeg 255w, https:\/\/www3.unicentro.br\/paranafalaingles\/wp-content\/uploads\/sites\/33\/2026\/02\/WhatsApp-Image-2026-02-19-at-14.28.53-1-1.jpeg 960w\" sizes=\"auto, (max-width: 503px) 100vw, 503px\" \/><\/div>\n<p style=\"text-align: center\"><span style=\"font-size: 18pt\"><b>CONHE\u00c7A OS CURSOS OFERECIDOS PELO PARAN\u00c1 FALA INGL\u00caS<\/b><\/span><\/p>\n<div class=\"wp-block-image\"><\/div>\n<div class=\"wp-block-image\"><img loading=\"lazy\" decoding=\"async\" class=\"wpa-warning wpa-image-missing-alt wp-image-1362 aligncenter\" src=\"https:\/\/www3.unicentro.br\/paranafalaingles\/wp-content\/uploads\/sites\/33\/2026\/02\/11-300x225.jpg\" alt=\"\" width=\"504\" height=\"378\" data-warning=\"Texto alternativo ausente\" srcset=\"https:\/\/www3.unicentro.br\/paranafalaingles\/wp-content\/uploads\/sites\/33\/2026\/02\/11-300x225.jpg 300w, https:\/\/www3.unicentro.br\/paranafalaingles\/wp-content\/uploads\/sites\/33\/2026\/02\/11-768x576.jpg 768w, https:\/\/www3.unicentro.br\/paranafalaingles\/wp-content\/uploads\/sites\/33\/2026\/02\/11-255x191.jpg 255w, https:\/\/www3.unicentro.br\/paranafalaingles\/wp-content\/uploads\/sites\/33\/2026\/02\/11.jpg 1024w\" sizes=\"auto, (max-width: 504px) 100vw, 504px\" \/><\/div>\n<div><\/div>\n<div class=\"wp-block-image\">\n<div class=\"wp-block-image\"><img loading=\"lazy\" decoding=\"async\" class=\"wpa-warning wpa-image-missing-alt wp-image-1363 aligncenter\" src=\"https:\/\/www3.unicentro.br\/paranafalaingles\/wp-content\/uploads\/sites\/33\/2026\/02\/21-300x225.jpg\" alt=\"\" width=\"508\" height=\"381\" data-warning=\"Texto alternativo ausente\" srcset=\"https:\/\/www3.unicentro.br\/paranafalaingles\/wp-content\/uploads\/sites\/33\/2026\/02\/21-300x225.jpg 300w, https:\/\/www3.unicentro.br\/paranafalaingles\/wp-content\/uploads\/sites\/33\/2026\/02\/21-768x576.jpg 768w, https:\/\/www3.unicentro.br\/paranafalaingles\/wp-content\/uploads\/sites\/33\/2026\/02\/21-255x191.jpg 255w, https:\/\/www3.unicentro.br\/paranafalaingles\/wp-content\/uploads\/sites\/33\/2026\/02\/21.jpg 1024w\" sizes=\"auto, (max-width: 508px) 100vw, 508px\" \/><\/div>\n<div><\/div>\n<\/div>\n<div>\n<div class=\"wp-block-image\"><img loading=\"lazy\" decoding=\"async\" class=\"wpa-warning wpa-image-missing-alt wp-image-1364 aligncenter\" src=\"https:\/\/www3.unicentro.br\/paranafalaingles\/wp-content\/uploads\/sites\/33\/2026\/02\/31-300x225.jpg\" alt=\"\" width=\"509\" height=\"382\" data-warning=\"Texto alternativo ausente\" srcset=\"https:\/\/www3.unicentro.br\/paranafalaingles\/wp-content\/uploads\/sites\/33\/2026\/02\/31-300x225.jpg 300w, https:\/\/www3.unicentro.br\/paranafalaingles\/wp-content\/uploads\/sites\/33\/2026\/02\/31-768x576.jpg 768w, https:\/\/www3.unicentro.br\/paranafalaingles\/wp-content\/uploads\/sites\/33\/2026\/02\/31-255x191.jpg 255w, https:\/\/www3.unicentro.br\/paranafalaingles\/wp-content\/uploads\/sites\/33\/2026\/02\/31.jpg 1024w\" sizes=\"auto, (max-width: 509px) 100vw, 509px\" \/><\/div>\n<\/div>\n<div class=\"wp-block-image\">\n<p><strong style=\"font-size: 12pt\">Carga Hor\u00e1ria: 45h\u00a0<\/strong><\/p>\n<\/div>\n<p><span style=\"font-size: 12pt\"><strong>Investimento:<\/strong><\/span><\/p>\n<p><span style=\"font-size: 12pt\"><strong>OBSERVA\u00c7\u00d5ES:<\/strong><\/span><\/p>\n<ul>\n<li><span style=\"font-size: 12pt\"><strong>Os cursos \u201cLEITURA DE TEXTOS ACAD\u00caMICOS<\/strong><\/span><span style=\"font-size: 12pt\"><strong>\u201d, &#8220;INGL\u00caS ELEMENTAR&#8221; e &#8220;PREPARAT\u00d3RIO PARA PROVAS DE PROFICI\u00caNCIA EM P\u00d3S-GRADUA\u00c7\u00c3O&#8221; N\u00c3O exigem teste de nivelamento pr\u00e9vio.<\/strong><\/span><\/li>\n<\/ul>\n<p style=\"text-align: center\"><a href=\"https:\/\/forms.gle\/c2KT1q5Vm7UqKqq78\"><span style=\"color: #ff0000\"><strong>CLIQUE AQUI PARA FAZER SEU TESTE DE NIVELAMENTO<\/strong><\/span><\/a><\/p>\n<p style=\"text-align: center\"><span style=\"color: #008000\"><a style=\"color: #008000\" href=\"https:\/\/forms.gle\/5ZZBYkopqVKkvUBT6\"><strong>CLIQUE AQUI PARA FAZER O CURSO DE PREPARAT\u00d3RIO PARA PROVAS DE PROFICI\u00caNCIA EM P\u00d3S-GRADUA\u00c7\u00c3O<\/strong><\/a><\/span><\/p>\n<p style=\"text-align: center\"><strong><span style=\"color: #ff9900\">C<a style=\"color: #ff9900\" href=\"https:\/\/forms.gle\/HKVpciACwVhL9pCEA\">LIQUE AQUI PARA FAZER O CURSO DE INGL\u00caS ELEMENTAR<\/a><\/span><\/strong><\/p>\n<p style=\"text-align: center\"><strong><a href=\"https:\/\/forms.gle\/ivdHUYFAzvZbKPRE6\"><span style=\"color: #3366ff\">CLIQUE AQUI PARA FAZER O CURSO DE LEITURA DE TEXTOS ACAD\u00caMICOS<\/span><\/a><\/strong><\/p>\n<p><b>AVISOS:<\/b><\/p>\n<p>\u2013 As vagas para nossos cursos s\u00e3o limitadas.<\/p>\n<p>\u2013 Observe atentamente em qual HOR\u00c1RIO e C\u00c2MPUS voc\u00ea se inscreveu (Santa Cruz ou CEDETEG).<\/p>\n<p>\u2013 Indispens\u00e1vel a apresenta\u00e7\u00e3o de documento que comprove seu v\u00ednculo vigente com a sua universidade, pois ele dever\u00e1 ser inserido no formul\u00e1rio de inscri\u00e7\u00e3o. S\u00e3o aceitos os seguintes documentos, por exemplo:<\/p>\n<ul>\n<li>Atestado de matr\u00edcula atual; (no m\u00e1x. 3 meses de emiss\u00e3o)<\/li>\n<li>Foto do crach\u00e1 (frente e verso);<\/li>\n<li>Declara\u00e7\u00e3o emitida pela PRORH;<\/li>\n<li>Declara\u00e7\u00e3o emitida pelo departamento\/programa\/setor ao qual voc\u00ea est\u00e1 vinculado(a).<\/li>\n<\/ul>\n<p>D\u00favidas? Entre em contato: pfiunicentro@gmail.com<\/p>\n<p>OU<\/p>\n<p>Direct @pfi.unicentro<\/p>\n<p>O material dos cursos ser\u00e1 adquirido por meio da nossa parceira SMRT ENGLISH do Canad\u00e1. Conhe\u00e7a os n\u00edveis ofertados:<\/p>\n<p style=\"text-align: center\"><span style=\"font-family: helvetica, arial, sans-serif\"><b>Ingl\u00eas Acad\u00eamico para Iniciantes<\/b><span style=\"font-weight: 400\">\u00a0<\/span><\/span><\/p>\n<p style=\"text-align: center\"><span style=\"font-family: helvetica, arial, sans-serif\"><img loading=\"lazy\" decoding=\"async\" class=\"aligncenter\" src=\"https:\/\/s3.amazonaws.com\/smrtenglish.com\/courseimg\/j218.png\" width=\"120\" height=\"192\" \/><\/span><\/p>\n<p style=\"text-align: center\"><span style=\"font-weight: 400;font-family: helvetica, arial, sans-serif;font-size: 10pt\">\u00a0O principal objetivo do curso \u00e9 a compreens\u00e3o e a produ\u00e7\u00e3o oral em n\u00edvel b\u00e1sico, em diferentes contextos de intera\u00e7\u00e3o: sauda\u00e7\u00f5es, fam\u00edlia e moradia, profiss\u00f5es, clima, alimenta\u00e7\u00e3o.<\/span><\/p>\n<p style=\"text-align: center\"><span style=\"font-weight: 400;font-family: helvetica, arial, sans-serif;font-size: 10pt\">Material: Smrt English 110<\/span><\/p>\n<p style=\"text-align: center\"><span style=\"font-weight: 400;font-family: helvetica, arial, sans-serif;font-size: 10pt\">Investimento: R$99,00 (pagamento \u00fanico)<\/span><\/p>\n<p style=\"text-align: center\"><span style=\"font-family: helvetica, arial, sans-serif;font-size: 10pt\">Carga Hor\u00e1ria: 60 horas<\/span><\/p>\n<hr \/>\n<p style=\"text-align: center\"><span style=\"font-family: helvetica, arial, sans-serif\"><span style=\"font-weight: 400\"><b>Ingl\u00eas Acad\u00eamico Pr\u00e9-Intermedi\u00e1rio<\/b><\/span><\/span><\/p>\n<p style=\"text-align: center\"><span style=\"font-weight: 400;font-family: helvetica, arial, sans-serif\"><img loading=\"lazy\" decoding=\"async\" class=\"size-full wp-image-235 aligncenter\" src=\"https:\/\/www3.unicentro.br\/paranafalaingles\/wp-content\/uploads\/sites\/33\/2018\/06\/115.jpg\" alt=\"\" width=\"120\" height=\"192\" \/><\/span><\/p>\n<p style=\"text-align: center\"><span style=\"font-family: helvetica, arial, sans-serif;font-size: 10pt\">\u00a0O enfoque do curso \u00e9 o desenvolvimento das habilidades relativas \u00e0 compreens\u00e3o e produ\u00e7\u00e3o oral necess\u00e1rias para situa\u00e7\u00f5es cotidianas: rela\u00e7\u00f5es pessoais e profissionais, rotina, acontecimentos pessoais e mundiais, localiza\u00e7\u00e3o geogr\u00e1fica e temporal, compras, mundo animal.<\/span><\/p>\n<p style=\"text-align: center\"><span style=\"font-family: helvetica, arial, sans-serif;font-size: 10pt\">N\u00edvel: A2<\/span><\/p>\n<p style=\"text-align: center\"><span style=\"font-family: helvetica, arial, sans-serif;font-size: 10pt\">Material: SmrtEnglish 115<\/span><\/p>\n<p style=\"text-align: center\"><span style=\"font-family: helvetica, arial, sans-serif;font-size: 10pt\">Investimento: R$99,00 (pagamento \u00fanico)<\/span><\/p>\n<p style=\"text-align: center\"><span style=\"font-family: helvetica, arial, sans-serif;font-size: 10pt\">Carga Hor\u00e1ria: 60 horas<\/span><\/p>\n<hr \/>\n<p style=\"text-align: center\"><span style=\"font-family: helvetica, arial, sans-serif\"><strong>Ingl\u00eas Acad\u00eamico Intermedi\u00e1rio<\/strong><\/span><\/p>\n<p style=\"text-align: center\"><span style=\"font-family: helvetica, arial, sans-serif\"><img loading=\"lazy\" decoding=\"async\" class=\"wp-image-236 aligncenter\" src=\"https:\/\/www3.unicentro.br\/paranafalaingles\/wp-content\/uploads\/sites\/33\/2018\/06\/120.jpg\" alt=\"\" width=\"123\" height=\"195\" \/><\/span><\/p>\n<p style=\"text-align: center\"><span style=\"font-family: helvetica, arial, sans-serif;font-size: 10pt\"><span style=\"font-weight: 400\">\u00a0O objetivo principal do curso \u00e9 o desenvolvimento das habilidades necess\u00e1rias para comunica\u00e7\u00e3o em situa\u00e7\u00f5es cotidianas: rela\u00e7\u00f5es pessoais e profissionais, rotina, acontecimentos pessoais e mundiais, localiza\u00e7\u00e3o geogr\u00e1fica e temporal, compras, mundo animal.<\/span><\/span><\/p>\n<p style=\"text-align: center\"><span style=\"font-family: helvetica, arial, sans-serif;font-size: 10pt\">N\u00edvel: B1<\/span><\/p>\n<p style=\"text-align: center\"><span style=\"font-weight: 400;font-family: helvetica, arial, sans-serif;font-size: 10pt\">Material:\u00a0Smrt English 120 <\/span><\/p>\n<p style=\"text-align: center\"><span style=\"font-weight: 400;font-family: helvetica, arial, sans-serif;font-size: 10pt\">Investimento: R$99,00 (pagamento \u00fanico)<\/span><\/p>\n<p style=\"text-align: center\"><span style=\"font-family: helvetica, arial, sans-serif;font-size: 10pt\">Carga Hor\u00e1ria: 60 horas<\/span><\/p>\n<hr \/>\n<p style=\"text-align: center\"><span style=\"font-family: helvetica, arial, sans-serif\"><strong>Ingl\u00eas Acad\u00eamico P\u00f3s-Intermedi\u00e1rio<\/strong><\/span><\/p>\n<p style=\"text-align: center\"><span style=\"font-family: helvetica, arial, sans-serif\"><strong><img loading=\"lazy\" decoding=\"async\" class=\"aligncenter wp-image-958\" src=\"https:\/\/www3.unicentro.br\/paranafalaingles\/wp-content\/uploads\/sites\/33\/2021\/08\/125.png\" alt=\"\" width=\"122\" height=\"194\" \/><\/strong><\/span><\/p>\n<p style=\"text-align: center\"><span style=\"font-family: helvetica, arial, sans-serif;font-size: 10pt\">O objetivo principal do curso \u00e9 o desenvolvimento das habilidades necess\u00e1rias para comunica\u00e7\u00e3o em situa\u00e7\u00f5es cotidianas e do contexto acad\u00eamico: alimenta\u00e7\u00e3o e bem-estar, educa\u00e7\u00e3o e conscientiza\u00e7\u00e3o ambiental, gamifica\u00e7\u00e3o, ind\u00fastria do entretenimento: cinema e TV, entre outras. Compreens\u00e3o e produ\u00e7\u00e3o oral, da leitura e da escrita acad\u00eamica em n\u00edvel p\u00f3s-intermedi\u00e1rio.\u00a0<\/span><\/p>\n<p style=\"text-align: center\"><span style=\"font-family: helvetica, arial, sans-serif;font-size: 10pt\"> N\u00edvel: B2 <\/span><\/p>\n<p style=\"text-align: center\"><span style=\"font-family: helvetica, arial, sans-serif;font-size: 10pt\">Material: Smrt English 125 <\/span><\/p>\n<p style=\"text-align: center\"><span style=\"font-family: helvetica, arial, sans-serif;font-size: 10pt\">Investimento: R$99,00 (pagamento \u00fanico)<\/span><\/p>\n<p style=\"text-align: center\"><span style=\"font-family: helvetica, arial, sans-serif;font-size: 10pt\">Carga Hor\u00e1ria: 60 horas<\/span><\/p>\n<hr \/>\n<p style=\"text-align: center\"><span style=\"font-family: helvetica, arial, sans-serif\"><strong>Ingl\u00eas Acad\u00eamico Pr\u00e9-Avan\u00e7ado<\/strong><\/span><\/p>\n<p style=\"text-align: center\"><span style=\"font-family: helvetica, arial, sans-serif\"><img loading=\"lazy\" decoding=\"async\" class=\"aligncenter wp-image-843\" src=\"https:\/\/www3.unicentro.br\/paranafalaingles\/wp-content\/uploads\/sites\/33\/2020\/12\/130.png\" alt=\"\" width=\"121\" height=\"193\" \/><\/span><\/p>\n<p style=\"text-align: center\"><span style=\"font-weight: 400;font-family: helvetica, arial, sans-serif;font-size: 10pt\">O objetivo principal do curso \u00e9 o aperfei\u00e7oamento das habilidades lingu\u00edsticas de leitura, escrita, escuta e produ\u00e7\u00e3o oral em diferentes contextos: rela\u00e7\u00f5es interpessoais, lingu\u00edsticas e culturais; globaliza\u00e7\u00e3o e as interfaces com a educa\u00e7\u00e3o e o meio-ambiente. Leitura e produ\u00e7\u00e3o escrita com foco no texto acad\u00eamico. Compreens\u00e3o e produ\u00e7\u00e3o oral em n\u00edvel pr\u00e9-avan\u00e7ado.\u00a0<\/span><\/p>\n<p style=\"text-align: center\"><span style=\"font-family: helvetica, arial, sans-serif;font-size: 10pt\">N\u00edvel: C1<\/span><\/p>\n<p style=\"text-align: center\"><span style=\"font-weight: 400;font-family: helvetica, arial, sans-serif;font-size: 10pt\">Material: Smrt English 130<\/span><\/p>\n<p style=\"text-align: center\"><span style=\"font-weight: 400;font-family: helvetica, arial, sans-serif;font-size: 10pt\">Investimento: R$99,00 (pagamento \u00fanico)<\/span><\/p>\n<p style=\"text-align: center\"><span style=\"font-family: helvetica, arial, sans-serif;font-size: 10pt\">Carga Hor\u00e1ria: 60 horas<\/span><\/p>\n<hr \/>\n<p><span style=\"font-weight: 400;font-family: helvetica, arial, sans-serif\">Se ainda tiver d\u00favidas sobre os cursos oferecidos pelo Paran\u00e1 Fala Ingl\u00eas na UNICENTRO, por favor, entre em contato conosco pelo endere\u00e7o de email pfiunicentro@gmail.com<\/span>[\/vc_column_text][\/vc_column][\/vc_row]<\/p>\n<\/div>","protected":false},"excerpt":{"rendered":"<p>[vc_row][vc_column][vc_column_text css=&#8221;&#8221;] CONHE\u00c7A OS CURSOS OFERECIDOS PELO PARAN\u00c1 FALA INGL\u00caS Carga Hor\u00e1ria: 45h\u00a0 Investimento: OBSERVA\u00c7\u00d5ES: Os cursos \u201cLEITURA DE TEXTOS ACAD\u00caMICOS\u201d, &#8220;INGL\u00caS ELEMENTAR&#8221; e &#8220;PREPARAT\u00d3RIO PARA PROVAS DE PROFICI\u00caNCIA EM P\u00d3S-GRADUA\u00c7\u00c3O&#8221; N\u00c3O exigem teste de nivelamento pr\u00e9vio. CLIQUE AQUI PARA FAZER SEU TESTE DE NIVELAMENTO CLIQUE AQUI PARA FAZER O CURSO DE PREPARAT\u00d3RIO PARA PROVAS [&hellip;]<\/p>\n","protected":false},"author":3,"featured_media":0,"parent":0,"menu_order":0,"comment_status":"closed","ping_status":"closed","template":"","meta":{"_exactmetrics_skip_tracking":false,"_exactmetrics_sitenote_active":false,"_exactmetrics_sitenote_note":"","_exactmetrics_sitenote_category":0,"footnotes":"","_links_to":"","_links_to_target":""},"class_list":["post-18","page","type-page","status-publish","hentry"],"_links":{"self":[{"href":"https:\/\/www3.unicentro.br\/paranafalaingles\/wp-json\/wp\/v2\/pages\/18","targetHints":{"allow":["GET"]}}],"collection":[{"href":"https:\/\/www3.unicentro.br\/paranafalaingles\/wp-json\/wp\/v2\/pages"}],"about":[{"href":"https:\/\/www3.unicentro.br\/paranafalaingles\/wp-json\/wp\/v2\/types\/page"}],"author":[{"embeddable":true,"href":"https:\/\/www3.unicentro.br\/paranafalaingles\/wp-json\/wp\/v2\/users\/3"}],"replies":[{"embeddable":true,"href":"https:\/\/www3.unicentro.br\/paranafalaingles\/wp-json\/wp\/v2\/comments?post=18"}],"version-history":[{"count":4,"href":"https:\/\/www3.unicentro.br\/paranafalaingles\/wp-json\/wp\/v2\/pages\/18\/revisions"}],"predecessor-version":[{"id":1326,"href":"https:\/\/www3.unicentro.br\/paranafalaingles\/wp-json\/wp\/v2\/pages\/18\/revisions\/1326"}],"wp:attachment":[{"href":"https:\/\/www3.unicentro.br\/paranafalaingles\/wp-json\/wp\/v2\/media?parent=18"}],"curies":[{"name":"wp","href":"https:\/\/api.w.org\/{rel}","templated":true}]}}