{"id":16,"date":"2017-12-18T15:35:59","date_gmt":"2017-12-18T17:35:59","guid":{"rendered":"https:\/\/www3.unicentro.br\/paranafalaingles\/?page_id=16"},"modified":"2026-02-26T14:04:03","modified_gmt":"2026-02-26T17:04:03","slug":"inicial","status":"publish","type":"page","link":"https:\/\/www3.unicentro.br\/paranafalaingles\/","title":{"rendered":"Inicial"},"content":{"rendered":"<div class=\"wpb-content-wrapper\"><p>[vc_row][vc_column][vc_column_text css=&#8221;&#8221;]<img loading=\"lazy\" decoding=\"async\" class=\"aligncenter wp-image-1047 size-large\" src=\"https:\/\/www3.unicentro.br\/paranafalaingles\/wp-content\/uploads\/sites\/33\/2022\/07\/Design-sem-nome-1024x256.png\" alt=\"\" width=\"900\" height=\"225\" srcset=\"https:\/\/www3.unicentro.br\/paranafalaingles\/wp-content\/uploads\/sites\/33\/2022\/07\/Design-sem-nome-1024x256.png 1024w, https:\/\/www3.unicentro.br\/paranafalaingles\/wp-content\/uploads\/sites\/33\/2022\/07\/Design-sem-nome-300x75.png 300w, https:\/\/www3.unicentro.br\/paranafalaingles\/wp-content\/uploads\/sites\/33\/2022\/07\/Design-sem-nome-768x192.png 768w, https:\/\/www3.unicentro.br\/paranafalaingles\/wp-content\/uploads\/sites\/33\/2022\/07\/Design-sem-nome-1536x384.png 1536w, https:\/\/www3.unicentro.br\/paranafalaingles\/wp-content\/uploads\/sites\/33\/2022\/07\/Design-sem-nome-255x64.png 255w, https:\/\/www3.unicentro.br\/paranafalaingles\/wp-content\/uploads\/sites\/33\/2022\/07\/Design-sem-nome.png 1600w\" sizes=\"auto, (max-width: 900px) 100vw, 900px\" \/><\/p>\n<p>&nbsp;<\/p>\n<p style=\"text-align: center\"><span style=\"font-size: 14pt\"><b>INSCRI\u00c7\u00d5ES PARA O PRIMEIRO SEMESTRE DE 2026<\/b><\/span><\/p>\n<div class=\"wp-block-image\"><\/div>\n<div class=\"wp-block-image\"><img loading=\"lazy\" decoding=\"async\" class=\"wpa-warning wpa-image-missing-alt wp-image-1362 aligncenter\" src=\"https:\/\/www3.unicentro.br\/paranafalaingles\/wp-content\/uploads\/sites\/33\/2026\/02\/11-300x225.jpg\" alt=\"\" width=\"508\" height=\"381\" data-warning=\"Texto alternativo ausente\" srcset=\"https:\/\/www3.unicentro.br\/paranafalaingles\/wp-content\/uploads\/sites\/33\/2026\/02\/11-300x225.jpg 300w, https:\/\/www3.unicentro.br\/paranafalaingles\/wp-content\/uploads\/sites\/33\/2026\/02\/11-768x576.jpg 768w, https:\/\/www3.unicentro.br\/paranafalaingles\/wp-content\/uploads\/sites\/33\/2026\/02\/11-255x191.jpg 255w, https:\/\/www3.unicentro.br\/paranafalaingles\/wp-content\/uploads\/sites\/33\/2026\/02\/11.jpg 1024w\" sizes=\"auto, (max-width: 508px) 100vw, 508px\" \/><\/div>\n<div><\/div>\n<div class=\"wp-block-image\"><img loading=\"lazy\" decoding=\"async\" class=\"wpa-warning wpa-image-missing-alt wp-image-1363 aligncenter\" src=\"https:\/\/www3.unicentro.br\/paranafalaingles\/wp-content\/uploads\/sites\/33\/2026\/02\/21-300x225.jpg\" alt=\"\" width=\"506\" height=\"380\" data-warning=\"Texto alternativo ausente\" srcset=\"https:\/\/www3.unicentro.br\/paranafalaingles\/wp-content\/uploads\/sites\/33\/2026\/02\/21-300x225.jpg 300w, https:\/\/www3.unicentro.br\/paranafalaingles\/wp-content\/uploads\/sites\/33\/2026\/02\/21-768x576.jpg 768w, https:\/\/www3.unicentro.br\/paranafalaingles\/wp-content\/uploads\/sites\/33\/2026\/02\/21-255x191.jpg 255w, https:\/\/www3.unicentro.br\/paranafalaingles\/wp-content\/uploads\/sites\/33\/2026\/02\/21.jpg 1024w\" sizes=\"auto, (max-width: 506px) 100vw, 506px\" \/><\/div>\n<div><\/div>\n<div class=\"wp-block-image\"><img loading=\"lazy\" decoding=\"async\" class=\"wpa-warning wpa-image-missing-alt wp-image-1364 aligncenter\" src=\"https:\/\/www3.unicentro.br\/paranafalaingles\/wp-content\/uploads\/sites\/33\/2026\/02\/31-300x225.jpg\" alt=\"\" width=\"505\" height=\"379\" data-warning=\"Texto alternativo ausente\" srcset=\"https:\/\/www3.unicentro.br\/paranafalaingles\/wp-content\/uploads\/sites\/33\/2026\/02\/31-300x225.jpg 300w, https:\/\/www3.unicentro.br\/paranafalaingles\/wp-content\/uploads\/sites\/33\/2026\/02\/31-768x576.jpg 768w, https:\/\/www3.unicentro.br\/paranafalaingles\/wp-content\/uploads\/sites\/33\/2026\/02\/31-255x191.jpg 255w, https:\/\/www3.unicentro.br\/paranafalaingles\/wp-content\/uploads\/sites\/33\/2026\/02\/31.jpg 1024w\" sizes=\"auto, (max-width: 505px) 100vw, 505px\" \/><\/div>\n<p><b>P\u00fablico alvo:<\/b> Estudantes de gradua\u00e7\u00e3o e p\u00f3s-gradua\u00e7\u00e3o, professores e agentes universit\u00e1rios das UNICENTRO, UEL, UEM, UEPG, UNESPAR, UENP E UNIOSTE.<\/p>\n<p><strong>OBSERVA\u00c7\u00d5ES:<\/strong><\/p>\n<ul>\n<li><strong>Os cursos de &#8220;Leitura de textos Acad\u00eamicos&#8221; , &#8220;Ingl\u00eas Elementar&#8221; e &#8220;Preparat\u00f3rio para Provas de Profici\u00eancia em P\u00f3s-gradua\u00e7\u00e3o&#8221; N\u00c3O exigem teste de nivelamento pr\u00e9vio. Acesse os links para os respectivos formul\u00e1rios abaixo.<\/strong><\/li>\n<\/ul>\n<p>&nbsp;<\/p>\n<p><b>ETAPAS PARA INSCRI\u00c7\u00c3O (exceto para INGL\u00caS ELEMENTAR, LEITURA DE TEXTOS ACAD\u00caMICOS E PREPARAT\u00d3RIO PARA PROVAS DE PROFICI\u00caNCIA EM P\u00d3S-GRADUA\u00c7\u00c3O):<\/b><\/p>\n<ol>\n<li>Fa\u00e7a o teste de nivelamento escrito no link dispon\u00edvel abaixo.<\/li>\n<li>Aguarde o contato da secretaria para agendar o teste de nivelamento oral (para alunos com n\u00edvel pr\u00e9-intermedi\u00e1rio ou superior).<\/li>\n<li>Escolha o curso no qual voc\u00ea vai se matricular de acordo com o resultado do teste de nivelamento e sua disponibilidade.<\/li>\n<li>Preencha a ficha de matr\u00edcula enviada pela secretaria.<\/li>\n<\/ol>\n<p><a href=\"https:\/\/forms.gle\/surCsyKHdJZFK7oZ7\">LEITURA DE TEXTOS ACAD\u00caMICOS<\/a><\/p>\n<p><a href=\"https:\/\/forms.gle\/43EzshmV3siVh5j47\">INGL\u00caS\u00a0 ELEMENTAR<\/a><\/p>\n<p><a href=\"https:\/\/forms.gle\/zDds5DNWbAcBo9ao8\">PREPARAT\u00d3RIO PARA PROVAS DE PROFICI\u00caNCIA EM P\u00d3S-GRADUA\u00c7\u00c3O<\/a><\/p>\n<p><a href=\"https:\/\/forms.gle\/xQDcQPg1JtciteQd9\">TESTE DE NIVELAMENTO<\/a><\/p>\n<hr \/>\n<p><img loading=\"lazy\" decoding=\"async\" class=\"aligncenter wp-image-1048 size-large\" src=\"https:\/\/www3.unicentro.br\/paranafalaingles\/wp-content\/uploads\/sites\/33\/2022\/07\/Design-sem-nome-1-1024x576.png\" alt=\"\" width=\"900\" height=\"506\" srcset=\"https:\/\/www3.unicentro.br\/paranafalaingles\/wp-content\/uploads\/sites\/33\/2022\/07\/Design-sem-nome-1-1024x576.png 1024w, https:\/\/www3.unicentro.br\/paranafalaingles\/wp-content\/uploads\/sites\/33\/2022\/07\/Design-sem-nome-1-300x169.png 300w, https:\/\/www3.unicentro.br\/paranafalaingles\/wp-content\/uploads\/sites\/33\/2022\/07\/Design-sem-nome-1-768x432.png 768w, https:\/\/www3.unicentro.br\/paranafalaingles\/wp-content\/uploads\/sites\/33\/2022\/07\/Design-sem-nome-1-1536x864.png 1536w, https:\/\/www3.unicentro.br\/paranafalaingles\/wp-content\/uploads\/sites\/33\/2022\/07\/Design-sem-nome-1-255x143.png 255w, https:\/\/www3.unicentro.br\/paranafalaingles\/wp-content\/uploads\/sites\/33\/2022\/07\/Design-sem-nome-1.png 2048w\" sizes=\"auto, (max-width: 900px) 100vw, 900px\" \/><\/p>\n<p style=\"text-align: center\"><span style=\"font-family: helvetica, arial, sans-serif\"><strong>UEL<\/strong>: <a href=\"http:\/\/pfiuel.wordpress.com\" data-saferedirecturl=\"https:\/\/www.google.com\/url?q=http:\/\/pfiuel.wordpress.com&amp;source=gmail&amp;ust=1627573468479000&amp;usg=AFQjCNEzbeNcgdpNssfBQULWEdzRQ-s_0g\">pfiuel.wordpress.com<\/a><\/span><\/p>\n<p style=\"text-align: center\"><span style=\"font-family: helvetica, arial, sans-serif\"><strong>UEM<\/strong>: <a href=\"http:\/\/pfiuem.wixsite.com\/pfiuem\" data-saferedirecturl=\"https:\/\/www.google.com\/url?q=http:\/\/pfiuem.wixsite.com\/pfiuem&amp;source=gmail&amp;ust=1627573468479000&amp;usg=AFQjCNHf6KhIUSjcuCDCvdMlVnZLoG_DxA\">pfiuem.wixsite.com\/pfiuem<\/a><\/span><\/p>\n<p style=\"text-align: center\"><span style=\"font-family: helvetica, arial, sans-serif\"><strong>UEPG<\/strong>: <a href=\"http:\/\/www2.uepg.br\/parana-fala-idiomas\" data-saferedirecturl=\"https:\/\/www.google.com\/url?q=http:\/\/www2.uepg.br\/parana-fala-idiomas&amp;source=gmail&amp;ust=1627573468479000&amp;usg=AFQjCNGEhUmi55TcE7JHxf6xYE8EdSI2Pw\">www2.uepg.br\/parana-fala-idiomas<\/a><\/span><\/p>\n<p style=\"text-align: center\"><span style=\"font-family: helvetica, arial, sans-serif\"><strong>UNIOESTE<\/strong>: <a href=\"http:\/\/unioeste.br\/pfi\" data-saferedirecturl=\"https:\/\/www.google.com\/url?q=http:\/\/unioeste.br\/pfi&amp;source=gmail&amp;ust=1627573468479000&amp;usg=AFQjCNHFzWY6x_DnfwduKU2jXBpJI9jB1A\">unioeste.br\/pfi<\/a><\/span><\/p>\n<p style=\"text-align: center\"><span style=\"font-family: helvetica, arial, sans-serif\"><strong>UNICENTRO<\/strong> <a href=\"http:\/\/www3.unicentro.br\/paranafalaidiomas\" data-saferedirecturl=\"https:\/\/www.google.com\/url?q=http:\/\/www3.unicentro.br\/paranafalaidiomas&amp;source=gmail&amp;ust=1627573468479000&amp;usg=AFQjCNFJrL-YB4EmWAqPPMXgsUGI1s-NtA\">www3.unicentro.br\/paranafalaidiomas<\/a><\/span><\/p>\n<p style=\"text-align: center\"><span style=\"font-family: helvetica, arial, sans-serif\"><strong>UENP<\/strong>: <a href=\"http:\/\/cri.uenp.edu.br\/index.php\/parana-fala-idiomas\" data-saferedirecturl=\"https:\/\/www.google.com\/url?q=http:\/\/cri.uenp.edu.br\/index.php\/parana-fala-idiomas&amp;source=gmail&amp;ust=1627573468479000&amp;usg=AFQjCNEiAEZmrPipBS7S079TBA30KIwsHg\">cri.uenp.edu.br\/index.php\/parana-fala-idiomas<\/a><\/span><\/p>\n<p style=\"text-align: center\"><span style=\"font-family: helvetica, arial, sans-serif\"><strong>UNESPAR<\/strong>: <a href=\"http:\/\/eri.unespar.edu.br\/paranafalaidiomas\" data-saferedirecturl=\"https:\/\/www.google.com\/url?q=http:\/\/eri.unespar.edu.br\/paranafalaidiomas&amp;source=gmail&amp;ust=1627573468479000&amp;usg=AFQjCNHkDl4--RFenox6cpl5ZpNesuk_FQ\">eri.unespar.edu.br\/paranafalaidiomas<\/a><\/span><\/p>\n<hr \/>\n<p>&nbsp;<\/p>\n<p><iframe loading=\"lazy\" title=\"Programa Paran\u00e1 Idiomas - Unicentro\" width=\"900\" height=\"506\" src=\"https:\/\/www.youtube.com\/embed\/0DUAZj6L2tY?feature=oembed\" frameborder=\"0\" allow=\"accelerometer; autoplay; clipboard-write; encrypted-media; gyroscope; picture-in-picture; web-share\" referrerpolicy=\"strict-origin-when-cross-origin\" allowfullscreen><\/iframe><\/p>\n<p style=\"text-align: justify\"><span style=\"font-family: helvetica, arial, sans-serif;font-size: 12pt\">Lan\u00e7ado em 2014, com o apoio da Secretaria de Ci\u00eancia, Tecnologia e Ensino Superior do Paran\u00e1 (Seti), bem como da Unidade Gestora do Fundo Paran\u00e1 (UGF), o programa &#8220;O Paran\u00e1 Fala Ingl\u00eas&#8221; (PFI) \u00e9 um trabalho conjunto das institui\u00e7\u00f5es de ensino superior p\u00fablicas estaduais do Paran\u00e1 (UNICENTRO, UEPG, UEL, UEM, UNESPAR, UENP, UNIOESTE). O programa\u00a0 contribui para o fortalecimento das a\u00e7\u00f5es de internacionaliza\u00e7\u00e3o das universidades, um processo em franca expans\u00e3o,\u00a0 para o qual a excel\u00eancia no desempenho em l\u00edngua estrangeira \u00e9 fundamental. <\/span><\/p>\n<p style=\"text-align: justify\"><span style=\"font-family: helvetica, arial, sans-serif;font-size: 12pt\">Em\u00a0 sua primeira edi\u00e7\u00e3o o PFI\/Unicentro ofertou cursos preparat\u00f3rios para o <em>TOEFL iBT<\/em>. Agora, remodelado e com importantes parcerias internacionais, como a <em>Languages Canada<\/em> e a <em>SmrtEnglish<\/em>, o PFI\u00a0 amplia a oferta de cursos que buscam atender \u00e0s diversas demandas institucionais, entre eles o ingl\u00eas voltado para fins espec\u00edficos e acad\u00eamicos. Assim, visando colaborar para que a comunidade universit\u00e1ria esteja cada vez mais integrada ao contexto internacional nos eixos de ensino, pesquisa e extens\u00e3o, o PFI tem os seguintes objetivos espec\u00edficos:<\/span><\/p>\n<ol>\n<li style=\"text-align: justify\"><span style=\"font-family: helvetica, arial, sans-serif;font-size: 12pt\">Ofertar cursos de ingl\u00eas acad\u00eamico, ingl\u00eas para \u00e1reas espec\u00edficas e outros, de modo a potencializar as publica\u00e7\u00f5es em revistas internacionais de alto impacto; intensificar a participa\u00e7\u00e3o da comunidade acad\u00eamica em eventos internacionais; al\u00e9m de preparar a comunidade acad\u00eamica para o cen\u00e1rio internacional da pesquisa;\u00a0<\/span><\/li>\n<li style=\"text-align: justify\"><span style=\"font-family: helvetica, arial, sans-serif;font-size: 12pt\">Ofertar cursos preparat\u00f3rios para obten\u00e7\u00e3o da pontua\u00e7\u00e3o necess\u00e1ria em exames internacionais de l\u00edngua inglesa;<\/span><\/li>\n<li style=\"text-align: justify\"><span style=\"font-family: helvetica, arial, sans-serif;font-size: 12pt\">Ofertar cursos em \u00e1reas estrat\u00e9gicas de desenvolvimento internacional da universidade;<\/span><\/li>\n<li style=\"text-align: justify\"><span style=\"font-family: helvetica, arial, sans-serif;font-size: 12pt\">Capacitar a equipe de coordenadores para gerirem os cursos em suas IES;<\/span><\/li>\n<li style=\"text-align: justify\"><span style=\"font-family: helvetica, arial, sans-serif;font-size: 12pt\">Fomentar a parceria com pa\u00edses falantes de l\u00edngua inglesa e\/ou outros contextos internacionais, a fim de promover a\u00e7\u00f5es conjuntas em prol da qualifica\u00e7\u00e3o, fortalecimento e expans\u00e3o do PFI.<\/span><\/li>\n<\/ol>\n<p>[\/vc_column_text][\/vc_column][\/vc_row]<\/p>\n<\/div>","protected":false},"excerpt":{"rendered":"<p>[vc_row][vc_column][vc_column_text css=&#8221;&#8221;] &nbsp; INSCRI\u00c7\u00d5ES PARA O PRIMEIRO SEMESTRE DE 2026 P\u00fablico alvo: Estudantes de gradua\u00e7\u00e3o e p\u00f3s-gradua\u00e7\u00e3o, professores e agentes universit\u00e1rios das UNICENTRO, UEL, UEM, UEPG, UNESPAR, UENP E UNIOSTE. OBSERVA\u00c7\u00d5ES: Os cursos de &#8220;Leitura de textos Acad\u00eamicos&#8221; , &#8220;Ingl\u00eas Elementar&#8221; e &#8220;Preparat\u00f3rio para Provas de Profici\u00eancia em P\u00f3s-gradua\u00e7\u00e3o&#8221; N\u00c3O exigem teste de nivelamento pr\u00e9vio. [&hellip;]<\/p>\n","protected":false},"author":3,"featured_media":0,"parent":0,"menu_order":0,"comment_status":"closed","ping_status":"closed","template":"","meta":{"_exactmetrics_skip_tracking":false,"_exactmetrics_sitenote_active":false,"_exactmetrics_sitenote_note":"","_exactmetrics_sitenote_category":0,"footnotes":"","_links_to":"","_links_to_target":""},"class_list":["post-16","page","type-page","status-publish","hentry"],"_links":{"self":[{"href":"https:\/\/www3.unicentro.br\/paranafalaingles\/wp-json\/wp\/v2\/pages\/16","targetHints":{"allow":["GET"]}}],"collection":[{"href":"https:\/\/www3.unicentro.br\/paranafalaingles\/wp-json\/wp\/v2\/pages"}],"about":[{"href":"https:\/\/www3.unicentro.br\/paranafalaingles\/wp-json\/wp\/v2\/types\/page"}],"author":[{"embeddable":true,"href":"https:\/\/www3.unicentro.br\/paranafalaingles\/wp-json\/wp\/v2\/users\/3"}],"replies":[{"embeddable":true,"href":"https:\/\/www3.unicentro.br\/paranafalaingles\/wp-json\/wp\/v2\/comments?post=16"}],"version-history":[{"count":5,"href":"https:\/\/www3.unicentro.br\/paranafalaingles\/wp-json\/wp\/v2\/pages\/16\/revisions"}],"predecessor-version":[{"id":1352,"href":"https:\/\/www3.unicentro.br\/paranafalaingles\/wp-json\/wp\/v2\/pages\/16\/revisions\/1352"}],"wp:attachment":[{"href":"https:\/\/www3.unicentro.br\/paranafalaingles\/wp-json\/wp\/v2\/media?parent=16"}],"curies":[{"name":"wp","href":"https:\/\/api.w.org\/{rel}","templated":true}]}}