{"id":56,"date":"2018-07-10T16:56:53","date_gmt":"2018-07-10T19:56:53","guid":{"rendered":"https:\/\/www3.unicentro.br\/paranafalafrances\/?page_id=56"},"modified":"2023-03-01T12:12:41","modified_gmt":"2023-03-01T15:12:41","slug":"contato","status":"publish","type":"page","link":"https:\/\/www3.unicentro.br\/paranafalafrances\/contato\/","title":{"rendered":"Contato"},"content":{"rendered":"<div class=\"wpb-content-wrapper\"><p>[vc_row][vc_column][vc_column_text]Voc\u00ea pode entrar em contato com a nossa equipe pelo seguinte e-mail:<\/p>\n<p>pff.unicentro@gmail.com<\/p>\n<p>O Paran\u00e1 Fala Franc\u00eas &#8211; Unicentro tamb\u00e9m est\u00e1 nas redes sociais, nos acompanhe por l\u00e1 para se manter atualizado das novidades![\/vc_column_text][\/vc_column][\/vc_row][vc_row][vc_column css_animation=&#8221;fadeInLeft&#8221; width=&#8221;1\/3&#8243;][vc_icon type=&#8221;monosocial&#8221; icon_monosocial=&#8221;vc-mono vc-mono-instagram&#8221; color=&#8221;custom&#8221; size=&#8221;lg&#8221; css_animation=&#8221;slideInDown&#8221; link=&#8221;url:https%3A%2F%2Fwww.instagram.com%2Fpffunicentro%2F|title:Perfil%20do%20Instagram|target:_blank&#8221; custom_color=&#8221;#ea0000&#8243;][\/vc_column][vc_column width=&#8221;1\/3&#8243;][vc_icon type=&#8221;monosocial&#8221; icon_monosocial=&#8221;vc-mono vc-mono-facebook&#8221; size=&#8221;lg&#8221; css_animation=&#8221;fadeInDown&#8221; link=&#8221;url:http%3A%2F%2FFacebook|title:https%3A%2F%2Fwww.facebook.com%2Fpffunicentro|target:_blank&#8221;][\/vc_column][vc_column width=&#8221;1\/3&#8243;][vc_icon type=&#8221;monosocial&#8221; icon_monosocial=&#8221;vc-mono vc-mono-email&#8221; color=&#8221;juicy_pink&#8221; size=&#8221;lg&#8221; css_animation=&#8221;fadeInDown&#8221; link=&#8221;url:http%3A%2F%2Fpff.unicentro%40gmail.com|title:E-mail|rel:nofollow&#8221;][\/vc_column][\/vc_row]<\/p>\n<\/div>","protected":false},"excerpt":{"rendered":"<p>[vc_row][vc_column][vc_column_text]Voc\u00ea pode entrar em contato com a nossa equipe pelo seguinte e-mail: pff.unicentro@gmail.com O Paran\u00e1 Fala Franc\u00eas &#8211; Unicentro tamb\u00e9m est\u00e1 nas redes sociais, nos acompanhe por l\u00e1 para se manter atualizado das novidades![\/vc_column_text][\/vc_column][\/vc_row][vc_row][vc_column css_animation=&#8221;fadeInLeft&#8221; width=&#8221;1\/3&#8243;][vc_icon type=&#8221;monosocial&#8221; icon_monosocial=&#8221;vc-mono vc-mono-instagram&#8221; color=&#8221;custom&#8221; size=&#8221;lg&#8221; css_animation=&#8221;slideInDown&#8221; link=&#8221;url:https%3A%2F%2Fwww.instagram.com%2Fpffunicentro%2F|title:Perfil%20do%20Instagram|target:_blank&#8221; custom_color=&#8221;#ea0000&#8243;][\/vc_column][vc_column width=&#8221;1\/3&#8243;][vc_icon type=&#8221;monosocial&#8221; icon_monosocial=&#8221;vc-mono vc-mono-facebook&#8221; size=&#8221;lg&#8221; css_animation=&#8221;fadeInDown&#8221; link=&#8221;url:http%3A%2F%2FFacebook|title:https%3A%2F%2Fwww.facebook.com%2Fpffunicentro|target:_blank&#8221;][\/vc_column][vc_column width=&#8221;1\/3&#8243;][vc_icon type=&#8221;monosocial&#8221; icon_monosocial=&#8221;vc-mono vc-mono-email&#8221; [&hellip;]<\/p>\n","protected":false},"author":3,"featured_media":0,"parent":0,"menu_order":0,"comment_status":"closed","ping_status":"closed","template":"","meta":{"_exactmetrics_skip_tracking":false,"_exactmetrics_sitenote_active":false,"_exactmetrics_sitenote_note":"","_exactmetrics_sitenote_category":0,"footnotes":"","_links_to":"","_links_to_target":""},"class_list":["post-56","page","type-page","status-publish","hentry"],"_links":{"self":[{"href":"https:\/\/www3.unicentro.br\/paranafalafrances\/wp-json\/wp\/v2\/pages\/56","targetHints":{"allow":["GET"]}}],"collection":[{"href":"https:\/\/www3.unicentro.br\/paranafalafrances\/wp-json\/wp\/v2\/pages"}],"about":[{"href":"https:\/\/www3.unicentro.br\/paranafalafrances\/wp-json\/wp\/v2\/types\/page"}],"author":[{"embeddable":true,"href":"https:\/\/www3.unicentro.br\/paranafalafrances\/wp-json\/wp\/v2\/users\/3"}],"replies":[{"embeddable":true,"href":"https:\/\/www3.unicentro.br\/paranafalafrances\/wp-json\/wp\/v2\/comments?post=56"}],"version-history":[{"count":0,"href":"https:\/\/www3.unicentro.br\/paranafalafrances\/wp-json\/wp\/v2\/pages\/56\/revisions"}],"wp:attachment":[{"href":"https:\/\/www3.unicentro.br\/paranafalafrances\/wp-json\/wp\/v2\/media?parent=56"}],"curies":[{"name":"wp","href":"https:\/\/api.w.org\/{rel}","templated":true}]}}