{"id":54,"date":"2018-07-10T16:56:42","date_gmt":"2018-07-10T19:56:42","guid":{"rendered":"https:\/\/www3.unicentro.br\/paranafalafrances\/?page_id=54"},"modified":"2023-07-27T16:11:06","modified_gmt":"2023-07-27T19:11:06","slug":"equipe","status":"publish","type":"page","link":"https:\/\/www3.unicentro.br\/paranafalafrances\/equipe\/","title":{"rendered":"Equipe"},"content":{"rendered":"<div class=\"wpb-content-wrapper\"><p>[vc_row][vc_column][vc_column_text]<strong><span style=\"font-size: 14pt;\">CORDENADORA INSTITUCIONAL<\/span><\/strong><\/p>\n<p><img loading=\"lazy\" decoding=\"async\" class=\"size-medium wp-image-318 alignright\" style=\"outline-color: #b32d2e; outline-width: 4px; outline-offset: 2px;\" src=\"https:\/\/www3.unicentro.br\/paranafalafrances\/wp-content\/uploads\/sites\/42\/2023\/02\/Instagram-Post-Quem-sou-eu-Roxo-e-Amarelo-300x300.jpg\" alt=\"\" width=\"300\" height=\"300\" srcset=\"https:\/\/www3.unicentro.br\/paranafalafrances\/wp-content\/uploads\/sites\/42\/2023\/02\/Instagram-Post-Quem-sou-eu-Roxo-e-Amarelo-300x300.jpg 300w, https:\/\/www3.unicentro.br\/paranafalafrances\/wp-content\/uploads\/sites\/42\/2023\/02\/Instagram-Post-Quem-sou-eu-Roxo-e-Amarelo-1024x1024.jpg 1024w, https:\/\/www3.unicentro.br\/paranafalafrances\/wp-content\/uploads\/sites\/42\/2023\/02\/Instagram-Post-Quem-sou-eu-Roxo-e-Amarelo-150x150.jpg 150w, https:\/\/www3.unicentro.br\/paranafalafrances\/wp-content\/uploads\/sites\/42\/2023\/02\/Instagram-Post-Quem-sou-eu-Roxo-e-Amarelo-768x768.jpg 768w, https:\/\/www3.unicentro.br\/paranafalafrances\/wp-content\/uploads\/sites\/42\/2023\/02\/Instagram-Post-Quem-sou-eu-Roxo-e-Amarelo-50x50.jpg 50w, https:\/\/www3.unicentro.br\/paranafalafrances\/wp-content\/uploads\/sites\/42\/2023\/02\/Instagram-Post-Quem-sou-eu-Roxo-e-Amarelo-80x80.jpg 80w, https:\/\/www3.unicentro.br\/paranafalafrances\/wp-content\/uploads\/sites\/42\/2023\/02\/Instagram-Post-Quem-sou-eu-Roxo-e-Amarelo-263x263.jpg 263w, https:\/\/www3.unicentro.br\/paranafalafrances\/wp-content\/uploads\/sites\/42\/2023\/02\/Instagram-Post-Quem-sou-eu-Roxo-e-Amarelo-100x100.jpg 100w, https:\/\/www3.unicentro.br\/paranafalafrances\/wp-content\/uploads\/sites\/42\/2023\/02\/Instagram-Post-Quem-sou-eu-Roxo-e-Amarelo-526x526.jpg 526w, https:\/\/www3.unicentro.br\/paranafalafrances\/wp-content\/uploads\/sites\/42\/2023\/02\/Instagram-Post-Quem-sou-eu-Roxo-e-Amarelo-255x255.jpg 255w, https:\/\/www3.unicentro.br\/paranafalafrances\/wp-content\/uploads\/sites\/42\/2023\/02\/Instagram-Post-Quem-sou-eu-Roxo-e-Amarelo.jpg 1080w\" sizes=\"auto, (max-width: 300px) 100vw, 300px\" \/><\/p>\n<p>Denise Gabriel Witzel<\/p>\n<p>Possui gradua\u00e7\u00e3o em Letras Portugu\u00eas Franc\u00eas pela Universidade Estadual Paulista -UNESP-Assis (1989), mestrado em Lingu\u00edstica Aplicada pela Universidade Estadual de Maring\u00e1 (2003) e doutorado em Lingu\u00edstica e L\u00edngua Portuguesa pela Universidade Estadual Paulista &#8211; FCL\/UNESP-Araraquara-SP (2011). Em 2009, realizou estudos em programa de doutorado sandu\u00edche na Universidade Louis Lumi\u00e8re de Lyon II, Fran\u00e7a. Desde 1998, \u00e9 professora na Universidade Estadual do Centro-Oeste (UNICENTRO-Guarapuava\/Pr). L\u00edder do Grupo de Pesquisa Laborat\u00f3rio de Estudos do Discurso da Unicentro (LEDUNI\/CNPQ); Membro do GT de Estudos Discursivos Foucaultianos da ANPOLL. Diretora da Editora UNICENTRO (EDUNI). Coordenadora Institucional do Programa Paran\u00e1 Fala Franc\u00eas (PFF) na UNICENTRO. Tem experi\u00eancia na \u00e1rea de Lingu\u00edstica, com \u00eanfase em An\u00e1lise do Discurso, atuando principalmente nos seguintes temas: ensino da l\u00edngua portuguesa, discurso, corpo e hist\u00f3ria das mulheres.[\/vc_column_text][vc_separator][vc_column_text]<strong><span style=\"font-size: 14pt;\">COORDENADORA PEDAG\u00d3GICA\u00a0<\/span><\/strong><\/p>\n<p><img loading=\"lazy\" decoding=\"async\" class=\"size-medium wp-image-391 alignright\" style=\"outline-color: #b32d2e; outline-width: 4px; outline-offset: 2px;\" src=\"https:\/\/www3.unicentro.br\/paranafalafrances\/wp-content\/uploads\/sites\/42\/2023\/07\/Post-Insta-1-300x300.jpg\" alt=\"\" width=\"300\" height=\"300\" srcset=\"https:\/\/www3.unicentro.br\/paranafalafrances\/wp-content\/uploads\/sites\/42\/2023\/07\/Post-Insta-1-300x300.jpg 300w, https:\/\/www3.unicentro.br\/paranafalafrances\/wp-content\/uploads\/sites\/42\/2023\/07\/Post-Insta-1-1024x1024.jpg 1024w, https:\/\/www3.unicentro.br\/paranafalafrances\/wp-content\/uploads\/sites\/42\/2023\/07\/Post-Insta-1-150x150.jpg 150w, https:\/\/www3.unicentro.br\/paranafalafrances\/wp-content\/uploads\/sites\/42\/2023\/07\/Post-Insta-1-768x768.jpg 768w, https:\/\/www3.unicentro.br\/paranafalafrances\/wp-content\/uploads\/sites\/42\/2023\/07\/Post-Insta-1-50x50.jpg 50w, https:\/\/www3.unicentro.br\/paranafalafrances\/wp-content\/uploads\/sites\/42\/2023\/07\/Post-Insta-1-80x80.jpg 80w, https:\/\/www3.unicentro.br\/paranafalafrances\/wp-content\/uploads\/sites\/42\/2023\/07\/Post-Insta-1-263x263.jpg 263w, https:\/\/www3.unicentro.br\/paranafalafrances\/wp-content\/uploads\/sites\/42\/2023\/07\/Post-Insta-1-100x100.jpg 100w, https:\/\/www3.unicentro.br\/paranafalafrances\/wp-content\/uploads\/sites\/42\/2023\/07\/Post-Insta-1-526x526.jpg 526w, https:\/\/www3.unicentro.br\/paranafalafrances\/wp-content\/uploads\/sites\/42\/2023\/07\/Post-Insta-1-255x255.jpg 255w, https:\/\/www3.unicentro.br\/paranafalafrances\/wp-content\/uploads\/sites\/42\/2023\/07\/Post-Insta-1.jpg 1080w\" sizes=\"auto, (max-width: 300px) 100vw, 300px\" \/><\/p>\n<p>Elizandra Fernandes Alves<\/p>\n<p>Doutora e Mestre em Letras pela Universidade Estadual de Maring\u00e1 (UEM), \u00e9 professora adjunto do Departamento de Letras (Delet) da Universidade Estadual do Centro-Oeste (Unicentro), Campus Santa Cruz, em Guarapuava\/PR, atuante no Curso de Letras Ingl\u00eas. Dedica-se a pesquisas voltadas aos Estudos P\u00f3s-Coloniais com discuss\u00f5es nos temas da outremiza\u00e7\u00e3o, resist\u00eancia\/revide e representa\u00e7\u00e3o dos sujeitos negros. Tamb\u00e9m pesquisa a literatura ind\u00edgena contempor\u00e2nea produzida nos Estados Unidos, tendo interesse nos Estudos Ind\u00edgenas encabe\u00e7ados por Gerald Vizenor (sobrevidade\/survivance). Atualmente comp\u00f5e o grupo de pesquisa Interfaces L\u00edngua e Literatura da Unicentro e na UEM \u00e9 membro do Gemup, Grupo de Estudos em Multiculturalismo e P\u00f3s-Colonialismo.[\/vc_column_text][vc_separator][vc_column_text]<strong><span style=\"font-size: 14pt;\">PROFESSORA\u00a0<\/span><\/strong><\/p>\n<p>Joyce Bender<\/p>\n<p><img loading=\"lazy\" decoding=\"async\" class=\"size-medium wp-image-320 alignright\" style=\"outline-color: #b32d2e; outline-width: 4px; outline-offset: 2px;\" src=\"https:\/\/www3.unicentro.br\/paranafalafrances\/wp-content\/uploads\/sites\/42\/2023\/02\/Instagram-Post-Quem-sou-eu-Roxo-e-Amarelo-2-300x300.jpg\" alt=\"\" width=\"300\" height=\"300\" srcset=\"https:\/\/www3.unicentro.br\/paranafalafrances\/wp-content\/uploads\/sites\/42\/2023\/02\/Instagram-Post-Quem-sou-eu-Roxo-e-Amarelo-2-300x300.jpg 300w, https:\/\/www3.unicentro.br\/paranafalafrances\/wp-content\/uploads\/sites\/42\/2023\/02\/Instagram-Post-Quem-sou-eu-Roxo-e-Amarelo-2-1024x1024.jpg 1024w, https:\/\/www3.unicentro.br\/paranafalafrances\/wp-content\/uploads\/sites\/42\/2023\/02\/Instagram-Post-Quem-sou-eu-Roxo-e-Amarelo-2-150x150.jpg 150w, https:\/\/www3.unicentro.br\/paranafalafrances\/wp-content\/uploads\/sites\/42\/2023\/02\/Instagram-Post-Quem-sou-eu-Roxo-e-Amarelo-2-768x768.jpg 768w, https:\/\/www3.unicentro.br\/paranafalafrances\/wp-content\/uploads\/sites\/42\/2023\/02\/Instagram-Post-Quem-sou-eu-Roxo-e-Amarelo-2-50x50.jpg 50w, https:\/\/www3.unicentro.br\/paranafalafrances\/wp-content\/uploads\/sites\/42\/2023\/02\/Instagram-Post-Quem-sou-eu-Roxo-e-Amarelo-2-80x80.jpg 80w, https:\/\/www3.unicentro.br\/paranafalafrances\/wp-content\/uploads\/sites\/42\/2023\/02\/Instagram-Post-Quem-sou-eu-Roxo-e-Amarelo-2-263x263.jpg 263w, https:\/\/www3.unicentro.br\/paranafalafrances\/wp-content\/uploads\/sites\/42\/2023\/02\/Instagram-Post-Quem-sou-eu-Roxo-e-Amarelo-2-100x100.jpg 100w, https:\/\/www3.unicentro.br\/paranafalafrances\/wp-content\/uploads\/sites\/42\/2023\/02\/Instagram-Post-Quem-sou-eu-Roxo-e-Amarelo-2-526x526.jpg 526w, https:\/\/www3.unicentro.br\/paranafalafrances\/wp-content\/uploads\/sites\/42\/2023\/02\/Instagram-Post-Quem-sou-eu-Roxo-e-Amarelo-2-255x255.jpg 255w, https:\/\/www3.unicentro.br\/paranafalafrances\/wp-content\/uploads\/sites\/42\/2023\/02\/Instagram-Post-Quem-sou-eu-Roxo-e-Amarelo-2.jpg 1080w\" sizes=\"auto, (max-width: 300px) 100vw, 300px\" \/><\/p>\n<p>Engenheira Civil formada pela Universidade Estadual de Maring\u00e1 (UEM); Estudante de Medicina na Universidade do Centro-Oeste (Unicentro).[\/vc_column_text][\/vc_column][\/vc_row][vc_row][vc_column][vc_separator][vc_column_text]<\/p>\n<p style=\"text-align: left;\"><strong><span style=\"font-size: 14pt;\">PROFESSOR<\/span><\/strong><\/p>\n<p><img loading=\"lazy\" decoding=\"async\" class=\"wp-image-387 size-medium alignright\" style=\"outline-color: #b32d2e; outline-width: 4px; outline-offset: 2px;\" src=\"https:\/\/www3.unicentro.br\/paranafalafrances\/wp-content\/uploads\/sites\/42\/2023\/07\/Post-Insta-300x300.jpg\" alt=\"\" width=\"300\" height=\"300\" srcset=\"https:\/\/www3.unicentro.br\/paranafalafrances\/wp-content\/uploads\/sites\/42\/2023\/07\/Post-Insta-300x300.jpg 300w, https:\/\/www3.unicentro.br\/paranafalafrances\/wp-content\/uploads\/sites\/42\/2023\/07\/Post-Insta-1024x1024.jpg 1024w, https:\/\/www3.unicentro.br\/paranafalafrances\/wp-content\/uploads\/sites\/42\/2023\/07\/Post-Insta-150x150.jpg 150w, https:\/\/www3.unicentro.br\/paranafalafrances\/wp-content\/uploads\/sites\/42\/2023\/07\/Post-Insta-768x768.jpg 768w, https:\/\/www3.unicentro.br\/paranafalafrances\/wp-content\/uploads\/sites\/42\/2023\/07\/Post-Insta-50x50.jpg 50w, https:\/\/www3.unicentro.br\/paranafalafrances\/wp-content\/uploads\/sites\/42\/2023\/07\/Post-Insta-80x80.jpg 80w, https:\/\/www3.unicentro.br\/paranafalafrances\/wp-content\/uploads\/sites\/42\/2023\/07\/Post-Insta-263x263.jpg 263w, https:\/\/www3.unicentro.br\/paranafalafrances\/wp-content\/uploads\/sites\/42\/2023\/07\/Post-Insta-100x100.jpg 100w, https:\/\/www3.unicentro.br\/paranafalafrances\/wp-content\/uploads\/sites\/42\/2023\/07\/Post-Insta-526x526.jpg 526w, https:\/\/www3.unicentro.br\/paranafalafrances\/wp-content\/uploads\/sites\/42\/2023\/07\/Post-Insta-255x255.jpg 255w, https:\/\/www3.unicentro.br\/paranafalafrances\/wp-content\/uploads\/sites\/42\/2023\/07\/Post-Insta.jpg 1080w\" sizes=\"auto, (max-width: 300px) 100vw, 300px\" \/><\/p>\n<p>Felipe Soares<\/p>\n<p>Docente em L\u00edngua Francesa e Letras Portugu\u00eas (UNICENTRO-PR, 2007-2012; DELF C1, 2022); Doutoramento em Letras\/Lingu\u00edstica (UNICENTRO-PR, 2021); Est\u00e1gio doutoral sandu\u00edche (UNIVERSIT\u00c9 DE LORRAINE, Metz\/Fran\u00e7a, 2022); Mestre em Letras\/Lingu\u00edstica\/AD (UNICENTRO-PR, 2017). Professor do Programa da Secretaria da Ci\u00eancia, Tecnologia e Ensino Superior do Estado do Paran\u00e1 SETI &#8211; Paran\u00e1 Fala Franc\u00eas\/UNICENTRO (2023). Pesquisador do LEDUNI-CNPq &#8211; Laborat\u00f3rio dos Estudos Discursivos da UNICENTRO (desde 2016) com \u00eanfase nas \u00e1reas de Lingu\u00edstica, AD foucaultiana e Semiologia. Atua principalmente no ensino da l\u00edngua francesa e pesquisa nas tem\u00e1ticas: corpo, drag, queer, cristianismo, artes cl\u00e1ssicas\/contempor\u00e2neas. Disserta\u00e7\u00e3o indicada ao pr\u00eamio ANPOLL (2018) e pr\u00eamio &#8220;Comenda&#8221; da Academia Brasileira de Belas Artes em pintura contempor\u00e2nea (2011).<span class=\"texto\">\u00a0<\/span>[\/vc_column_text][\/vc_column][\/vc_row][vc_row][vc_column][vc_separator][\/vc_column][\/vc_row][vc_row][vc_column][vc_column_text]<strong><span style=\"font-size: 14pt;\">SECRET\u00c1RIA<\/span><\/strong><\/p>\n<p><img loading=\"lazy\" decoding=\"async\" class=\"size-medium wp-image-319 alignright\" style=\"outline-color: #b32d2e; outline-width: 4px; outline-offset: 2px;\" src=\"https:\/\/www3.unicentro.br\/paranafalafrances\/wp-content\/uploads\/sites\/42\/2023\/02\/Instagram-Post-Quem-sou-eu-Roxo-e-Amarelo-1-300x300.jpg\" alt=\"\" width=\"300\" height=\"300\" srcset=\"https:\/\/www3.unicentro.br\/paranafalafrances\/wp-content\/uploads\/sites\/42\/2023\/02\/Instagram-Post-Quem-sou-eu-Roxo-e-Amarelo-1-300x300.jpg 300w, https:\/\/www3.unicentro.br\/paranafalafrances\/wp-content\/uploads\/sites\/42\/2023\/02\/Instagram-Post-Quem-sou-eu-Roxo-e-Amarelo-1-1024x1024.jpg 1024w, https:\/\/www3.unicentro.br\/paranafalafrances\/wp-content\/uploads\/sites\/42\/2023\/02\/Instagram-Post-Quem-sou-eu-Roxo-e-Amarelo-1-150x150.jpg 150w, https:\/\/www3.unicentro.br\/paranafalafrances\/wp-content\/uploads\/sites\/42\/2023\/02\/Instagram-Post-Quem-sou-eu-Roxo-e-Amarelo-1-768x768.jpg 768w, https:\/\/www3.unicentro.br\/paranafalafrances\/wp-content\/uploads\/sites\/42\/2023\/02\/Instagram-Post-Quem-sou-eu-Roxo-e-Amarelo-1-50x50.jpg 50w, https:\/\/www3.unicentro.br\/paranafalafrances\/wp-content\/uploads\/sites\/42\/2023\/02\/Instagram-Post-Quem-sou-eu-Roxo-e-Amarelo-1-80x80.jpg 80w, https:\/\/www3.unicentro.br\/paranafalafrances\/wp-content\/uploads\/sites\/42\/2023\/02\/Instagram-Post-Quem-sou-eu-Roxo-e-Amarelo-1-263x263.jpg 263w, https:\/\/www3.unicentro.br\/paranafalafrances\/wp-content\/uploads\/sites\/42\/2023\/02\/Instagram-Post-Quem-sou-eu-Roxo-e-Amarelo-1-100x100.jpg 100w, https:\/\/www3.unicentro.br\/paranafalafrances\/wp-content\/uploads\/sites\/42\/2023\/02\/Instagram-Post-Quem-sou-eu-Roxo-e-Amarelo-1-526x526.jpg 526w, https:\/\/www3.unicentro.br\/paranafalafrances\/wp-content\/uploads\/sites\/42\/2023\/02\/Instagram-Post-Quem-sou-eu-Roxo-e-Amarelo-1-255x255.jpg 255w, https:\/\/www3.unicentro.br\/paranafalafrances\/wp-content\/uploads\/sites\/42\/2023\/02\/Instagram-Post-Quem-sou-eu-Roxo-e-Amarelo-1.jpg 1080w\" sizes=\"auto, (max-width: 300px) 100vw, 300px\" \/><\/p>\n<p>Igraine Motta<\/p>\n<p>&nbsp;[\/vc_column_text][\/vc_column][\/vc_row][vc_row][vc_column][vc_separator color=&#8221;black&#8221;][\/vc_column][\/vc_row]<\/p>\n<\/div>","protected":false},"excerpt":{"rendered":"<p>[vc_row][vc_column][vc_column_text]CORDENADORA INSTITUCIONAL Denise Gabriel Witzel Possui gradua\u00e7\u00e3o em Letras Portugu\u00eas Franc\u00eas pela Universidade Estadual Paulista -UNESP-Assis (1989), mestrado em Lingu\u00edstica Aplicada pela Universidade Estadual de Maring\u00e1 (2003) e doutorado em Lingu\u00edstica e L\u00edngua Portuguesa pela Universidade Estadual Paulista &#8211; FCL\/UNESP-Araraquara-SP (2011). Em 2009, realizou estudos em programa de doutorado sandu\u00edche na Universidade Louis Lumi\u00e8re de [&hellip;]<\/p>\n","protected":false},"author":3,"featured_media":0,"parent":0,"menu_order":0,"comment_status":"closed","ping_status":"closed","template":"","meta":{"_exactmetrics_skip_tracking":false,"_exactmetrics_sitenote_active":false,"_exactmetrics_sitenote_note":"","_exactmetrics_sitenote_category":0,"footnotes":"","_links_to":"","_links_to_target":""},"class_list":["post-54","page","type-page","status-publish","hentry"],"_links":{"self":[{"href":"https:\/\/www3.unicentro.br\/paranafalafrances\/wp-json\/wp\/v2\/pages\/54","targetHints":{"allow":["GET"]}}],"collection":[{"href":"https:\/\/www3.unicentro.br\/paranafalafrances\/wp-json\/wp\/v2\/pages"}],"about":[{"href":"https:\/\/www3.unicentro.br\/paranafalafrances\/wp-json\/wp\/v2\/types\/page"}],"author":[{"embeddable":true,"href":"https:\/\/www3.unicentro.br\/paranafalafrances\/wp-json\/wp\/v2\/users\/3"}],"replies":[{"embeddable":true,"href":"https:\/\/www3.unicentro.br\/paranafalafrances\/wp-json\/wp\/v2\/comments?post=54"}],"version-history":[{"count":0,"href":"https:\/\/www3.unicentro.br\/paranafalafrances\/wp-json\/wp\/v2\/pages\/54\/revisions"}],"wp:attachment":[{"href":"https:\/\/www3.unicentro.br\/paranafalafrances\/wp-json\/wp\/v2\/media?parent=54"}],"curies":[{"name":"wp","href":"https:\/\/api.w.org\/{rel}","templated":true}]}}