{"id":50,"date":"2018-07-10T16:46:17","date_gmt":"2018-07-10T19:46:17","guid":{"rendered":"https:\/\/www3.unicentro.br\/paranafalafrances\/?page_id=50"},"modified":"2023-07-06T16:08:06","modified_gmt":"2023-07-06T19:08:06","slug":"galeria","status":"publish","type":"page","link":"https:\/\/www3.unicentro.br\/paranafalafrances\/galeria\/","title":{"rendered":"Galeria"},"content":{"rendered":"<div class=\"wpb-content-wrapper\"><p>[vc_row][vc_column][vc_column_text]&nbsp;<\/p>\n<p>\n\t\t<style type=\"text\/css\">\n\t\t\t#gallery-1 {\n\t\t\t\tmargin: auto;\n\t\t\t}\n\t\t\t#gallery-1 .gallery-item {\n\t\t\t\tfloat: left;\n\t\t\t\tmargin-top: 10px;\n\t\t\t\ttext-align: center;\n\t\t\t\twidth: 33%;\n\t\t\t}\n\t\t\t#gallery-1 img {\n\t\t\t\tborder: 2px solid #cfcfcf;\n\t\t\t}\n\t\t\t#gallery-1 .gallery-caption {\n\t\t\t\tmargin-left: 0;\n\t\t\t}\n\t\t\t\/* see gallery_shortcode() in wp-includes\/media.php *\/\n\t\t<\/style>\n\t\t<div id='gallery-1' class='gallery galleryid-50 gallery-columns-3 gallery-size-thumbnail'><dl class='gallery-item'>\n\t\t\t<dt class='gallery-icon landscape'>\n\t\t\t\t<a href='https:\/\/www3.unicentro.br\/paranafalafrances\/galeria\/37712024_1766480953387397_4435431542830923776_n\/'><img loading=\"lazy\" decoding=\"async\" width=\"150\" height=\"150\" src=\"https:\/\/www3.unicentro.br\/paranafalafrances\/wp-content\/uploads\/sites\/42\/2018\/07\/37712024_1766480953387397_4435431542830923776_n-150x150.jpg\" class=\"attachment-thumbnail size-thumbnail\" alt=\"\" aria-describedby=\"gallery-1-106\" srcset=\"https:\/\/www3.unicentro.br\/paranafalafrances\/wp-content\/uploads\/sites\/42\/2018\/07\/37712024_1766480953387397_4435431542830923776_n-150x150.jpg 150w, https:\/\/www3.unicentro.br\/paranafalafrances\/wp-content\/uploads\/sites\/42\/2018\/07\/37712024_1766480953387397_4435431542830923776_n-50x50.jpg 50w, https:\/\/www3.unicentro.br\/paranafalafrances\/wp-content\/uploads\/sites\/42\/2018\/07\/37712024_1766480953387397_4435431542830923776_n-80x80.jpg 80w, https:\/\/www3.unicentro.br\/paranafalafrances\/wp-content\/uploads\/sites\/42\/2018\/07\/37712024_1766480953387397_4435431542830923776_n-263x263.jpg 263w, https:\/\/www3.unicentro.br\/paranafalafrances\/wp-content\/uploads\/sites\/42\/2018\/07\/37712024_1766480953387397_4435431542830923776_n-100x100.jpg 100w, https:\/\/www3.unicentro.br\/paranafalafrances\/wp-content\/uploads\/sites\/42\/2018\/07\/37712024_1766480953387397_4435431542830923776_n-526x526.jpg 526w\" sizes=\"auto, (max-width: 150px) 100vw, 150px\" \/><\/a>\n\t\t\t<\/dt>\n\t\t\t\t<dd class='wp-caption-text gallery-caption' id='gallery-1-106'>\n\t\t\t\tProf. Dr.  Denise Gabriel Witzel &#8211; Coordenadora do PFF\n\t\t\t\t<\/dd><\/dl><dl class='gallery-item'>\n\t\t\t<dt class='gallery-icon landscape'>\n\t\t\t\t<a href='https:\/\/www3.unicentro.br\/paranafalafrances\/galeria\/41903140594_8ed86fb780_o\/'><img loading=\"lazy\" decoding=\"async\" width=\"150\" height=\"150\" src=\"https:\/\/www3.unicentro.br\/paranafalafrances\/wp-content\/uploads\/sites\/42\/2018\/07\/41903140594_8ed86fb780_o-150x150.jpg\" class=\"attachment-thumbnail size-thumbnail\" alt=\"\" aria-describedby=\"gallery-1-104\" srcset=\"https:\/\/www3.unicentro.br\/paranafalafrances\/wp-content\/uploads\/sites\/42\/2018\/07\/41903140594_8ed86fb780_o-150x150.jpg 150w, https:\/\/www3.unicentro.br\/paranafalafrances\/wp-content\/uploads\/sites\/42\/2018\/07\/41903140594_8ed86fb780_o-50x50.jpg 50w, https:\/\/www3.unicentro.br\/paranafalafrances\/wp-content\/uploads\/sites\/42\/2018\/07\/41903140594_8ed86fb780_o-80x80.jpg 80w, https:\/\/www3.unicentro.br\/paranafalafrances\/wp-content\/uploads\/sites\/42\/2018\/07\/41903140594_8ed86fb780_o-263x263.jpg 263w, https:\/\/www3.unicentro.br\/paranafalafrances\/wp-content\/uploads\/sites\/42\/2018\/07\/41903140594_8ed86fb780_o-100x100.jpg 100w, https:\/\/www3.unicentro.br\/paranafalafrances\/wp-content\/uploads\/sites\/42\/2018\/07\/41903140594_8ed86fb780_o-526x526.jpg 526w\" sizes=\"auto, (max-width: 150px) 100vw, 150px\" \/><\/a>\n\t\t\t<\/dt>\n\t\t\t\t<dd class='wp-caption-text gallery-caption' id='gallery-1-104'>\n\t\t\t\tExibi\u00e7\u00e3o e debate do filme &#8220;Bienvenue Chez les Ch&#8217;tis&#8221;\n\t\t\t\t<\/dd><\/dl><dl class='gallery-item'>\n\t\t\t<dt class='gallery-icon landscape'>\n\t\t\t\t<a href='https:\/\/www3.unicentro.br\/paranafalafrances\/galeria\/41903129424_ce3b75a2f8_o\/'><img loading=\"lazy\" decoding=\"async\" width=\"150\" height=\"150\" src=\"https:\/\/www3.unicentro.br\/paranafalafrances\/wp-content\/uploads\/sites\/42\/2018\/07\/41903129424_ce3b75a2f8_o-150x150.jpg\" class=\"attachment-thumbnail size-thumbnail\" alt=\"\" aria-describedby=\"gallery-1-103\" srcset=\"https:\/\/www3.unicentro.br\/paranafalafrances\/wp-content\/uploads\/sites\/42\/2018\/07\/41903129424_ce3b75a2f8_o-150x150.jpg 150w, https:\/\/www3.unicentro.br\/paranafalafrances\/wp-content\/uploads\/sites\/42\/2018\/07\/41903129424_ce3b75a2f8_o-50x50.jpg 50w, https:\/\/www3.unicentro.br\/paranafalafrances\/wp-content\/uploads\/sites\/42\/2018\/07\/41903129424_ce3b75a2f8_o-80x80.jpg 80w, https:\/\/www3.unicentro.br\/paranafalafrances\/wp-content\/uploads\/sites\/42\/2018\/07\/41903129424_ce3b75a2f8_o-263x263.jpg 263w, https:\/\/www3.unicentro.br\/paranafalafrances\/wp-content\/uploads\/sites\/42\/2018\/07\/41903129424_ce3b75a2f8_o-100x100.jpg 100w, https:\/\/www3.unicentro.br\/paranafalafrances\/wp-content\/uploads\/sites\/42\/2018\/07\/41903129424_ce3b75a2f8_o-526x526.jpg 526w\" sizes=\"auto, (max-width: 150px) 100vw, 150px\" \/><\/a>\n\t\t\t<\/dt>\n\t\t\t\t<dd class='wp-caption-text gallery-caption' id='gallery-1-103'>\n\t\t\t\tProfessora Camila Germano Barp do PFF\n\t\t\t\t<\/dd><\/dl><br style=\"clear: both\" \/><dl class='gallery-item'>\n\t\t\t<dt class='gallery-icon landscape'>\n\t\t\t\t<a href='https:\/\/www3.unicentro.br\/paranafalafrances\/galeria\/41720976685_a1faf23440_o\/'><img loading=\"lazy\" decoding=\"async\" width=\"150\" height=\"150\" src=\"https:\/\/www3.unicentro.br\/paranafalafrances\/wp-content\/uploads\/sites\/42\/2018\/07\/41720976685_a1faf23440_o-150x150.jpg\" class=\"attachment-thumbnail size-thumbnail\" alt=\"\" aria-describedby=\"gallery-1-102\" srcset=\"https:\/\/www3.unicentro.br\/paranafalafrances\/wp-content\/uploads\/sites\/42\/2018\/07\/41720976685_a1faf23440_o-150x150.jpg 150w, https:\/\/www3.unicentro.br\/paranafalafrances\/wp-content\/uploads\/sites\/42\/2018\/07\/41720976685_a1faf23440_o-50x50.jpg 50w, https:\/\/www3.unicentro.br\/paranafalafrances\/wp-content\/uploads\/sites\/42\/2018\/07\/41720976685_a1faf23440_o-80x80.jpg 80w, https:\/\/www3.unicentro.br\/paranafalafrances\/wp-content\/uploads\/sites\/42\/2018\/07\/41720976685_a1faf23440_o-263x263.jpg 263w, https:\/\/www3.unicentro.br\/paranafalafrances\/wp-content\/uploads\/sites\/42\/2018\/07\/41720976685_a1faf23440_o-100x100.jpg 100w, https:\/\/www3.unicentro.br\/paranafalafrances\/wp-content\/uploads\/sites\/42\/2018\/07\/41720976685_a1faf23440_o-526x526.jpg 526w\" sizes=\"auto, (max-width: 150px) 100vw, 150px\" \/><\/a>\n\t\t\t<\/dt>\n\t\t\t\t<dd class='wp-caption-text gallery-caption' id='gallery-1-102'>\n\t\t\t\tApresenta\u00e7\u00e3o cultural &#8211; Chansons Fran\u00e7aises\n\t\t\t\t<\/dd><\/dl><dl class='gallery-item'>\n\t\t\t<dt class='gallery-icon landscape'>\n\t\t\t\t<a href='https:\/\/www3.unicentro.br\/paranafalafrances\/galeria\/28748047748_fd6cff1398_o\/'><img loading=\"lazy\" decoding=\"async\" width=\"150\" height=\"150\" src=\"https:\/\/www3.unicentro.br\/paranafalafrances\/wp-content\/uploads\/sites\/42\/2018\/07\/28748047748_fd6cff1398_o-150x150.jpg\" class=\"attachment-thumbnail size-thumbnail\" alt=\"\" aria-describedby=\"gallery-1-101\" srcset=\"https:\/\/www3.unicentro.br\/paranafalafrances\/wp-content\/uploads\/sites\/42\/2018\/07\/28748047748_fd6cff1398_o-150x150.jpg 150w, https:\/\/www3.unicentro.br\/paranafalafrances\/wp-content\/uploads\/sites\/42\/2018\/07\/28748047748_fd6cff1398_o-50x50.jpg 50w, https:\/\/www3.unicentro.br\/paranafalafrances\/wp-content\/uploads\/sites\/42\/2018\/07\/28748047748_fd6cff1398_o-80x80.jpg 80w, https:\/\/www3.unicentro.br\/paranafalafrances\/wp-content\/uploads\/sites\/42\/2018\/07\/28748047748_fd6cff1398_o-263x263.jpg 263w, https:\/\/www3.unicentro.br\/paranafalafrances\/wp-content\/uploads\/sites\/42\/2018\/07\/28748047748_fd6cff1398_o-100x100.jpg 100w, https:\/\/www3.unicentro.br\/paranafalafrances\/wp-content\/uploads\/sites\/42\/2018\/07\/28748047748_fd6cff1398_o-526x526.jpg 526w\" sizes=\"auto, (max-width: 150px) 100vw, 150px\" \/><\/a>\n\t\t\t<\/dt>\n\t\t\t\t<dd class='wp-caption-text gallery-caption' id='gallery-1-101'>\n\t\t\t\tProf.Ms.  Felipe Soares &#8211;  Aul\u00e3o de Franc\u00eas.\n\t\t\t\t<\/dd><\/dl><dl class='gallery-item'>\n\t\t\t<dt class='gallery-icon landscape'>\n\t\t\t\t<a href='https:\/\/www3.unicentro.br\/paranafalafrances\/galeria\/28748044128_1ec52e324e_o\/'><img loading=\"lazy\" decoding=\"async\" width=\"150\" height=\"150\" src=\"https:\/\/www3.unicentro.br\/paranafalafrances\/wp-content\/uploads\/sites\/42\/2018\/07\/28748044128_1ec52e324e_o-150x150.jpg\" class=\"attachment-thumbnail size-thumbnail\" alt=\"\" aria-describedby=\"gallery-1-100\" srcset=\"https:\/\/www3.unicentro.br\/paranafalafrances\/wp-content\/uploads\/sites\/42\/2018\/07\/28748044128_1ec52e324e_o-150x150.jpg 150w, https:\/\/www3.unicentro.br\/paranafalafrances\/wp-content\/uploads\/sites\/42\/2018\/07\/28748044128_1ec52e324e_o-50x50.jpg 50w, https:\/\/www3.unicentro.br\/paranafalafrances\/wp-content\/uploads\/sites\/42\/2018\/07\/28748044128_1ec52e324e_o-80x80.jpg 80w, https:\/\/www3.unicentro.br\/paranafalafrances\/wp-content\/uploads\/sites\/42\/2018\/07\/28748044128_1ec52e324e_o-263x263.jpg 263w, https:\/\/www3.unicentro.br\/paranafalafrances\/wp-content\/uploads\/sites\/42\/2018\/07\/28748044128_1ec52e324e_o-100x100.jpg 100w, https:\/\/www3.unicentro.br\/paranafalafrances\/wp-content\/uploads\/sites\/42\/2018\/07\/28748044128_1ec52e324e_o-526x526.jpg 526w\" sizes=\"auto, (max-width: 150px) 100vw, 150px\" \/><\/a>\n\t\t\t<\/dt>\n\t\t\t\t<dd class='wp-caption-text gallery-caption' id='gallery-1-100'>\n\t\t\t\tAul\u00e3o de Franc\u00eas &#8211; Prof.Ms. Felipe Soares (PROMUL\/PROEX)\n\t\t\t\t<\/dd><\/dl><br style=\"clear: both\" \/><dl class='gallery-item'>\n\t\t\t<dt class='gallery-icon landscape'>\n\t\t\t\t<a href='https:\/\/www3.unicentro.br\/paranafalafrances\/galeria\/28748039438_c61551eed9_o\/'><img loading=\"lazy\" decoding=\"async\" width=\"150\" height=\"150\" src=\"https:\/\/www3.unicentro.br\/paranafalafrances\/wp-content\/uploads\/sites\/42\/2018\/07\/28748039438_c61551eed9_o-150x150.jpg\" class=\"attachment-thumbnail size-thumbnail\" alt=\"\" aria-describedby=\"gallery-1-99\" srcset=\"https:\/\/www3.unicentro.br\/paranafalafrances\/wp-content\/uploads\/sites\/42\/2018\/07\/28748039438_c61551eed9_o-150x150.jpg 150w, https:\/\/www3.unicentro.br\/paranafalafrances\/wp-content\/uploads\/sites\/42\/2018\/07\/28748039438_c61551eed9_o-50x50.jpg 50w, https:\/\/www3.unicentro.br\/paranafalafrances\/wp-content\/uploads\/sites\/42\/2018\/07\/28748039438_c61551eed9_o-80x80.jpg 80w, https:\/\/www3.unicentro.br\/paranafalafrances\/wp-content\/uploads\/sites\/42\/2018\/07\/28748039438_c61551eed9_o-263x263.jpg 263w, https:\/\/www3.unicentro.br\/paranafalafrances\/wp-content\/uploads\/sites\/42\/2018\/07\/28748039438_c61551eed9_o-100x100.jpg 100w, https:\/\/www3.unicentro.br\/paranafalafrances\/wp-content\/uploads\/sites\/42\/2018\/07\/28748039438_c61551eed9_o-526x526.jpg 526w\" sizes=\"auto, (max-width: 150px) 100vw, 150px\" \/><\/a>\n\t\t\t<\/dt>\n\t\t\t\t<dd class='wp-caption-text gallery-caption' id='gallery-1-99'>\n\t\t\t\tConfer\u00eancia Paran\u00e1 Fala Idiomas (PFI)\n\t\t\t\t<\/dd><\/dl><dl class='gallery-item'>\n\t\t\t<dt class='gallery-icon landscape'>\n\t\t\t\t<a href='https:\/\/www3.unicentro.br\/paranafalafrances\/galeria\/28748036578_27a28351ac_o\/'><img loading=\"lazy\" decoding=\"async\" width=\"150\" height=\"150\" src=\"https:\/\/www3.unicentro.br\/paranafalafrances\/wp-content\/uploads\/sites\/42\/2018\/07\/28748036578_27a28351ac_o-150x150.jpg\" class=\"attachment-thumbnail size-thumbnail\" alt=\"\" aria-describedby=\"gallery-1-98\" srcset=\"https:\/\/www3.unicentro.br\/paranafalafrances\/wp-content\/uploads\/sites\/42\/2018\/07\/28748036578_27a28351ac_o-150x150.jpg 150w, https:\/\/www3.unicentro.br\/paranafalafrances\/wp-content\/uploads\/sites\/42\/2018\/07\/28748036578_27a28351ac_o-50x50.jpg 50w, https:\/\/www3.unicentro.br\/paranafalafrances\/wp-content\/uploads\/sites\/42\/2018\/07\/28748036578_27a28351ac_o-80x80.jpg 80w, https:\/\/www3.unicentro.br\/paranafalafrances\/wp-content\/uploads\/sites\/42\/2018\/07\/28748036578_27a28351ac_o-263x263.jpg 263w, https:\/\/www3.unicentro.br\/paranafalafrances\/wp-content\/uploads\/sites\/42\/2018\/07\/28748036578_27a28351ac_o-100x100.jpg 100w, https:\/\/www3.unicentro.br\/paranafalafrances\/wp-content\/uploads\/sites\/42\/2018\/07\/28748036578_27a28351ac_o-526x526.jpg 526w\" sizes=\"auto, (max-width: 150px) 100vw, 150px\" \/><\/a>\n\t\t\t<\/dt>\n\t\t\t\t<dd class='wp-caption-text gallery-caption' id='gallery-1-98'>\n\t\t\t\t Prof. Dra. Eliane Segatti \n\t\t\t\t<\/dd><\/dl><dl class='gallery-item'>\n\t\t\t<dt class='gallery-icon landscape'>\n\t\t\t\t<a href='https:\/\/www3.unicentro.br\/paranafalafrances\/galeria\/28748031318_3723d9d7db_o\/'><img loading=\"lazy\" decoding=\"async\" width=\"150\" height=\"150\" src=\"https:\/\/www3.unicentro.br\/paranafalafrances\/wp-content\/uploads\/sites\/42\/2018\/07\/28748031318_3723d9d7db_o-150x150.jpg\" class=\"attachment-thumbnail size-thumbnail\" alt=\"\" aria-describedby=\"gallery-1-97\" srcset=\"https:\/\/www3.unicentro.br\/paranafalafrances\/wp-content\/uploads\/sites\/42\/2018\/07\/28748031318_3723d9d7db_o-150x150.jpg 150w, https:\/\/www3.unicentro.br\/paranafalafrances\/wp-content\/uploads\/sites\/42\/2018\/07\/28748031318_3723d9d7db_o-50x50.jpg 50w, https:\/\/www3.unicentro.br\/paranafalafrances\/wp-content\/uploads\/sites\/42\/2018\/07\/28748031318_3723d9d7db_o-80x80.jpg 80w, https:\/\/www3.unicentro.br\/paranafalafrances\/wp-content\/uploads\/sites\/42\/2018\/07\/28748031318_3723d9d7db_o-263x263.jpg 263w, https:\/\/www3.unicentro.br\/paranafalafrances\/wp-content\/uploads\/sites\/42\/2018\/07\/28748031318_3723d9d7db_o-100x100.jpg 100w, https:\/\/www3.unicentro.br\/paranafalafrances\/wp-content\/uploads\/sites\/42\/2018\/07\/28748031318_3723d9d7db_o-526x526.jpg 526w\" sizes=\"auto, (max-width: 150px) 100vw, 150px\" \/><\/a>\n\t\t\t<\/dt>\n\t\t\t\t<dd class='wp-caption-text gallery-caption' id='gallery-1-97'>\n\t\t\t\tApresenta\u00e7\u00e3o cultural &#8211; Chansons Fran\u00e7aises\n\t\t\t\t<\/dd><\/dl><br style=\"clear: both\" \/><dl class='gallery-item'>\n\t\t\t<dt class='gallery-icon landscape'>\n\t\t\t\t<a href='https:\/\/www3.unicentro.br\/paranafalafrances\/galeria\/28748028648_65322e3988_o\/'><img loading=\"lazy\" decoding=\"async\" width=\"150\" height=\"150\" src=\"https:\/\/www3.unicentro.br\/paranafalafrances\/wp-content\/uploads\/sites\/42\/2018\/07\/28748028648_65322e3988_o-150x150.jpg\" class=\"attachment-thumbnail size-thumbnail\" alt=\"\" aria-describedby=\"gallery-1-96\" srcset=\"https:\/\/www3.unicentro.br\/paranafalafrances\/wp-content\/uploads\/sites\/42\/2018\/07\/28748028648_65322e3988_o-150x150.jpg 150w, https:\/\/www3.unicentro.br\/paranafalafrances\/wp-content\/uploads\/sites\/42\/2018\/07\/28748028648_65322e3988_o-50x50.jpg 50w, https:\/\/www3.unicentro.br\/paranafalafrances\/wp-content\/uploads\/sites\/42\/2018\/07\/28748028648_65322e3988_o-80x80.jpg 80w, https:\/\/www3.unicentro.br\/paranafalafrances\/wp-content\/uploads\/sites\/42\/2018\/07\/28748028648_65322e3988_o-263x263.jpg 263w, https:\/\/www3.unicentro.br\/paranafalafrances\/wp-content\/uploads\/sites\/42\/2018\/07\/28748028648_65322e3988_o-100x100.jpg 100w, https:\/\/www3.unicentro.br\/paranafalafrances\/wp-content\/uploads\/sites\/42\/2018\/07\/28748028648_65322e3988_o-526x526.jpg 526w\" sizes=\"auto, (max-width: 150px) 100vw, 150px\" \/><\/a>\n\t\t\t<\/dt>\n\t\t\t\t<dd class='wp-caption-text gallery-caption' id='gallery-1-96'>\n\t\t\t\tProf. Dr. Luiz Paulo Gomes Mascarenhas   &#8211; Diretor do Escrit\u00f3rio de Rela\u00e7\u00f5es Internacionais da Unicentro\n\t\t\t\t<\/dd><\/dl><dl class='gallery-item'>\n\t\t\t<dt class='gallery-icon landscape'>\n\t\t\t\t<a href='https:\/\/www3.unicentro.br\/paranafalafrances\/galeria\/28748026178_366310f987_o\/'><img loading=\"lazy\" decoding=\"async\" width=\"150\" height=\"150\" src=\"https:\/\/www3.unicentro.br\/paranafalafrances\/wp-content\/uploads\/sites\/42\/2018\/07\/28748026178_366310f987_o-150x150.jpg\" class=\"attachment-thumbnail size-thumbnail\" alt=\"\" aria-describedby=\"gallery-1-95\" srcset=\"https:\/\/www3.unicentro.br\/paranafalafrances\/wp-content\/uploads\/sites\/42\/2018\/07\/28748026178_366310f987_o-150x150.jpg 150w, https:\/\/www3.unicentro.br\/paranafalafrances\/wp-content\/uploads\/sites\/42\/2018\/07\/28748026178_366310f987_o-50x50.jpg 50w, https:\/\/www3.unicentro.br\/paranafalafrances\/wp-content\/uploads\/sites\/42\/2018\/07\/28748026178_366310f987_o-80x80.jpg 80w, https:\/\/www3.unicentro.br\/paranafalafrances\/wp-content\/uploads\/sites\/42\/2018\/07\/28748026178_366310f987_o-263x263.jpg 263w, https:\/\/www3.unicentro.br\/paranafalafrances\/wp-content\/uploads\/sites\/42\/2018\/07\/28748026178_366310f987_o-100x100.jpg 100w, https:\/\/www3.unicentro.br\/paranafalafrances\/wp-content\/uploads\/sites\/42\/2018\/07\/28748026178_366310f987_o-526x526.jpg 526w\" sizes=\"auto, (max-width: 150px) 100vw, 150px\" \/><\/a>\n\t\t\t<\/dt>\n\t\t\t\t<dd class='wp-caption-text gallery-caption' id='gallery-1-95'>\n\t\t\t\tApresenta\u00e7\u00e3o cultural &#8211; Chansons Fran\u00e7aises\n\t\t\t\t<\/dd><\/dl><dl class='gallery-item'>\n\t\t\t<dt class='gallery-icon landscape'>\n\t\t\t\t<a href='https:\/\/www3.unicentro.br\/paranafalafrances\/galeria\/34789607_1699705990064894_3040225551462694912_n\/'><img loading=\"lazy\" decoding=\"async\" width=\"150\" height=\"150\" src=\"https:\/\/www3.unicentro.br\/paranafalafrances\/wp-content\/uploads\/sites\/42\/2018\/07\/34789607_1699705990064894_3040225551462694912_n-150x150.jpg\" class=\"attachment-thumbnail size-thumbnail\" alt=\"\" aria-describedby=\"gallery-1-94\" srcset=\"https:\/\/www3.unicentro.br\/paranafalafrances\/wp-content\/uploads\/sites\/42\/2018\/07\/34789607_1699705990064894_3040225551462694912_n-150x150.jpg 150w, https:\/\/www3.unicentro.br\/paranafalafrances\/wp-content\/uploads\/sites\/42\/2018\/07\/34789607_1699705990064894_3040225551462694912_n-50x50.jpg 50w, https:\/\/www3.unicentro.br\/paranafalafrances\/wp-content\/uploads\/sites\/42\/2018\/07\/34789607_1699705990064894_3040225551462694912_n-80x80.jpg 80w, https:\/\/www3.unicentro.br\/paranafalafrances\/wp-content\/uploads\/sites\/42\/2018\/07\/34789607_1699705990064894_3040225551462694912_n-263x263.jpg 263w, https:\/\/www3.unicentro.br\/paranafalafrances\/wp-content\/uploads\/sites\/42\/2018\/07\/34789607_1699705990064894_3040225551462694912_n-100x100.jpg 100w, https:\/\/www3.unicentro.br\/paranafalafrances\/wp-content\/uploads\/sites\/42\/2018\/07\/34789607_1699705990064894_3040225551462694912_n-526x526.jpg 526w\" sizes=\"auto, (max-width: 150px) 100vw, 150px\" \/><\/a>\n\t\t\t<\/dt>\n\t\t\t\t<dd class='wp-caption-text gallery-caption' id='gallery-1-94'>\n\t\t\t\tProf. Dra Denise Witzel &#8211; Coordenadora institucional do PFF\n\t\t\t\t<\/dd><\/dl><br style=\"clear: both\" \/><dl class='gallery-item'>\n\t\t\t<dt class='gallery-icon landscape'>\n\t\t\t\t<a href='https:\/\/www3.unicentro.br\/paranafalafrances\/galeria\/34618103_1699706416731518_3463622486904537088_n\/'><img loading=\"lazy\" decoding=\"async\" width=\"150\" height=\"150\" src=\"https:\/\/www3.unicentro.br\/paranafalafrances\/wp-content\/uploads\/sites\/42\/2018\/07\/34618103_1699706416731518_3463622486904537088_n-150x150.jpg\" class=\"attachment-thumbnail size-thumbnail\" alt=\"\" aria-describedby=\"gallery-1-93\" srcset=\"https:\/\/www3.unicentro.br\/paranafalafrances\/wp-content\/uploads\/sites\/42\/2018\/07\/34618103_1699706416731518_3463622486904537088_n-150x150.jpg 150w, https:\/\/www3.unicentro.br\/paranafalafrances\/wp-content\/uploads\/sites\/42\/2018\/07\/34618103_1699706416731518_3463622486904537088_n-50x50.jpg 50w, https:\/\/www3.unicentro.br\/paranafalafrances\/wp-content\/uploads\/sites\/42\/2018\/07\/34618103_1699706416731518_3463622486904537088_n-80x80.jpg 80w, https:\/\/www3.unicentro.br\/paranafalafrances\/wp-content\/uploads\/sites\/42\/2018\/07\/34618103_1699706416731518_3463622486904537088_n-263x263.jpg 263w, https:\/\/www3.unicentro.br\/paranafalafrances\/wp-content\/uploads\/sites\/42\/2018\/07\/34618103_1699706416731518_3463622486904537088_n-100x100.jpg 100w, https:\/\/www3.unicentro.br\/paranafalafrances\/wp-content\/uploads\/sites\/42\/2018\/07\/34618103_1699706416731518_3463622486904537088_n-526x526.jpg 526w\" sizes=\"auto, (max-width: 150px) 100vw, 150px\" \/><\/a>\n\t\t\t<\/dt>\n\t\t\t\t<dd class='wp-caption-text gallery-caption' id='gallery-1-93'>\n\t\t\t\tConfer\u00eancia &#8220;Paran\u00e1 Fala Idiomas&#8221; (PFI)\n\t\t\t\t<\/dd><\/dl><dl class='gallery-item'>\n\t\t\t<dt class='gallery-icon landscape'>\n\t\t\t\t<a href='https:\/\/www3.unicentro.br\/paranafalafrances\/galeria\/42621613051_471862342d_o\/'><img loading=\"lazy\" decoding=\"async\" width=\"150\" height=\"150\" src=\"https:\/\/www3.unicentro.br\/paranafalafrances\/wp-content\/uploads\/sites\/42\/2018\/07\/42621613051_471862342d_o-150x150.jpg\" class=\"attachment-thumbnail size-thumbnail\" alt=\"\" aria-describedby=\"gallery-1-92\" srcset=\"https:\/\/www3.unicentro.br\/paranafalafrances\/wp-content\/uploads\/sites\/42\/2018\/07\/42621613051_471862342d_o-150x150.jpg 150w, https:\/\/www3.unicentro.br\/paranafalafrances\/wp-content\/uploads\/sites\/42\/2018\/07\/42621613051_471862342d_o-50x50.jpg 50w, https:\/\/www3.unicentro.br\/paranafalafrances\/wp-content\/uploads\/sites\/42\/2018\/07\/42621613051_471862342d_o-80x80.jpg 80w, https:\/\/www3.unicentro.br\/paranafalafrances\/wp-content\/uploads\/sites\/42\/2018\/07\/42621613051_471862342d_o-263x263.jpg 263w, https:\/\/www3.unicentro.br\/paranafalafrances\/wp-content\/uploads\/sites\/42\/2018\/07\/42621613051_471862342d_o-100x100.jpg 100w, https:\/\/www3.unicentro.br\/paranafalafrances\/wp-content\/uploads\/sites\/42\/2018\/07\/42621613051_471862342d_o-526x526.jpg 526w\" sizes=\"auto, (max-width: 150px) 100vw, 150px\" \/><\/a>\n\t\t\t<\/dt>\n\t\t\t\t<dd class='wp-caption-text gallery-caption' id='gallery-1-92'>\n\t\t\t\tReitor da Unicentro Aldo Nelson Bona \n\t\t\t\t<\/dd><\/dl><dl class='gallery-item'>\n\t\t\t<dt class='gallery-icon landscape'>\n\t\t\t\t<a href='https:\/\/www3.unicentro.br\/paranafalafrances\/galeria\/42570821392_94bfcb5e8f_o\/'><img loading=\"lazy\" decoding=\"async\" width=\"150\" height=\"150\" src=\"https:\/\/www3.unicentro.br\/paranafalafrances\/wp-content\/uploads\/sites\/42\/2018\/07\/42570821392_94bfcb5e8f_o-150x150.jpg\" class=\"attachment-thumbnail size-thumbnail\" alt=\"\" aria-describedby=\"gallery-1-91\" srcset=\"https:\/\/www3.unicentro.br\/paranafalafrances\/wp-content\/uploads\/sites\/42\/2018\/07\/42570821392_94bfcb5e8f_o-150x150.jpg 150w, https:\/\/www3.unicentro.br\/paranafalafrances\/wp-content\/uploads\/sites\/42\/2018\/07\/42570821392_94bfcb5e8f_o-50x50.jpg 50w, https:\/\/www3.unicentro.br\/paranafalafrances\/wp-content\/uploads\/sites\/42\/2018\/07\/42570821392_94bfcb5e8f_o-80x80.jpg 80w, https:\/\/www3.unicentro.br\/paranafalafrances\/wp-content\/uploads\/sites\/42\/2018\/07\/42570821392_94bfcb5e8f_o-263x263.jpg 263w, https:\/\/www3.unicentro.br\/paranafalafrances\/wp-content\/uploads\/sites\/42\/2018\/07\/42570821392_94bfcb5e8f_o-100x100.jpg 100w, https:\/\/www3.unicentro.br\/paranafalafrances\/wp-content\/uploads\/sites\/42\/2018\/07\/42570821392_94bfcb5e8f_o-526x526.jpg 526w\" sizes=\"auto, (max-width: 150px) 100vw, 150px\" \/><\/a>\n\t\t\t<\/dt>\n\t\t\t\t<dd class='wp-caption-text gallery-caption' id='gallery-1-91'>\n\t\t\t\tTrajet\u00f3ria do cinema franc\u00eas &#8211; Dra. V\u00e2nia Vaz \n\t\t\t\t<\/dd><\/dl><br style=\"clear: both\" \/>\n\t\t<\/div>\n[\/vc_column_text][\/vc_column][\/vc_row]<\/p>\n<\/div>","protected":false},"excerpt":{"rendered":"<p>[vc_row][vc_column][vc_column_text]&nbsp; [\/vc_column_text][\/vc_column][\/vc_row]<\/p>\n","protected":false},"author":3,"featured_media":0,"parent":0,"menu_order":0,"comment_status":"closed","ping_status":"closed","template":"","meta":{"_exactmetrics_skip_tracking":false,"_exactmetrics_sitenote_active":false,"_exactmetrics_sitenote_note":"","_exactmetrics_sitenote_category":0,"footnotes":"","_links_to":"","_links_to_target":""},"class_list":["post-50","page","type-page","status-publish","hentry"],"_links":{"self":[{"href":"https:\/\/www3.unicentro.br\/paranafalafrances\/wp-json\/wp\/v2\/pages\/50","targetHints":{"allow":["GET"]}}],"collection":[{"href":"https:\/\/www3.unicentro.br\/paranafalafrances\/wp-json\/wp\/v2\/pages"}],"about":[{"href":"https:\/\/www3.unicentro.br\/paranafalafrances\/wp-json\/wp\/v2\/types\/page"}],"author":[{"embeddable":true,"href":"https:\/\/www3.unicentro.br\/paranafalafrances\/wp-json\/wp\/v2\/users\/3"}],"replies":[{"embeddable":true,"href":"https:\/\/www3.unicentro.br\/paranafalafrances\/wp-json\/wp\/v2\/comments?post=50"}],"version-history":[{"count":0,"href":"https:\/\/www3.unicentro.br\/paranafalafrances\/wp-json\/wp\/v2\/pages\/50\/revisions"}],"wp:attachment":[{"href":"https:\/\/www3.unicentro.br\/paranafalafrances\/wp-json\/wp\/v2\/media?parent=50"}],"curies":[{"name":"wp","href":"https:\/\/api.w.org\/{rel}","templated":true}]}}