{"id":46,"date":"2018-07-10T16:45:47","date_gmt":"2018-07-10T19:45:47","guid":{"rendered":"https:\/\/www3.unicentro.br\/paranafalafrances\/?page_id=46"},"modified":"2023-07-27T16:08:56","modified_gmt":"2023-07-27T19:08:56","slug":"editais","status":"publish","type":"page","link":"https:\/\/www3.unicentro.br\/paranafalafrances\/editais\/","title":{"rendered":"Editais"},"content":{"rendered":"<div class=\"wpb-content-wrapper\"><p>[vc_row][vc_column][vc_tta_accordion active_section=&#8221;1&#8243;][vc_tta_section tab_id=&#8221;1677678847899-7ea2c181-1e19&#8243; title=&#8221;Editais 2023&#8243;][vc_column_text]Edital 2023\/07 PFF-UNICENTRO<\/p>\n<p><a href=\"https:\/\/www3.unicentro.br\/proec\/wp-content\/uploads\/sites\/73\/2023\/07\/Edital_2023_006_PFF_UNICENTRO_homologacao_estudante.docx_assinado.pdf\">Edital 2023\/06 PFF-UNICENTRO<\/a><\/p>\n<p><a href=\"https:\/\/www3.unicentro.br\/proec\/wp-content\/uploads\/sites\/73\/2023\/07\/Edital_2023_005_PFF_UNICENTRO_abertura_estudante.docx_assinado.pdf\">Edital 2023\/05 PFF-UNICENTRO<\/a><\/p>\n<p><a href=\"https:\/\/www3.unicentro.br\/proec\/wp-content\/uploads\/sites\/73\/2023\/03\/Edital_2023_004_PFF_UNICENTRO_resultado_final_e_convocacao_profissional.docx_assinado.pdf\">Edital 2023\/04 PFF-UNICENTRO<\/a><\/p>\n<p><a href=\"https:\/\/www3.unicentro.br\/proec\/wp-content\/uploads\/sites\/73\/2023\/03\/Edital_2023_003_PFF_UNICENTRO_homologacao_final_profissional.docx_assinado.pdf\">Edital 2023\/03 PFF-UNICENTRO<\/a><\/p>\n<p><a href=\"https:\/\/www3.unicentro.br\/proec\/wp-content\/uploads\/sites\/73\/2023\/03\/Edital_2023_002_PFF_UNICENTRO_homologacao_profissional.docx_assinado.pdf\">Edital 2023\/02 PFF-UNICENTRO<\/a><\/p>\n<p><a href=\"https:\/\/www3.unicentro.br\/proec\/wp-content\/uploads\/sites\/73\/2023\/03\/Edital_2023_001_PFF_UNICENTRO_abertura_profissional.docx_assinado.pdf\">Edital 2023\/01 PFF-UNICENTRO<\/a>[\/vc_column_text][\/vc_tta_section][vc_tta_section title=&#8221;Editais 2022&#8243; tab_id=&#8221;1677678128111-efab2b4a-9728&#8243;][vc_column_text]<a href=\"https:\/\/www3.unicentro.br\/proec\/wp-content\/uploads\/sites\/73\/2022\/10\/Edital_2022_022_PFF_UNICENTRO_convocacao_estudante.docx_assinado.pdf\">Edital 2022\/022\u00a0 PFF-UNICENTRO<\/a><\/p>\n<p><a href=\"https:\/\/www3.unicentro.br\/proec\/wp-content\/uploads\/sites\/73\/2022\/10\/Edital_2022_021_PFF_UNICENTRO_homologacao_profissional.docx.pdf\">Edital 2022\/021\u00a0 PFF-UNICENTRO<\/a><\/p>\n<p><a href=\"https:\/\/www3.unicentro.br\/proec\/wp-content\/uploads\/sites\/73\/2022\/10\/Edital_2022_020_PFF_UNICENTRO_convocacao_final_estudante.docx.pdf\">Edital 2022\/020\u00a0 PFF-UNICENTRO<\/a><\/p>\n<p><a href=\"https:\/\/www3.unicentro.br\/proec\/wp-content\/uploads\/sites\/73\/2022\/09\/Edital_2022_019_PFF_UNICENTRO_resultado_final_estudante.docx.pdf\">Edital 2022\/019\u00a0 PFF-UNICENTRO<\/a><\/p>\n<p><a href=\"https:\/\/www3.unicentro.br\/proec\/wp-content\/uploads\/sites\/73\/2022\/09\/Edital_2022_018_PFF_UNICENTRO_abertura_profissional.pdf\">Edital 2022\/018\u00a0 PFF-UNICENTRO<\/a><\/p>\n<p><a href=\"https:\/\/www3.unicentro.br\/proec\/wp-content\/uploads\/sites\/73\/2022\/09\/Edital_2022_017_PFF_UNICENTRO_homologacao_estudante.docx.pdf\">Edital 2022\/017\u00a0 PFF-UNICENTRO<\/a><\/p>\n<p><a href=\"https:\/\/www3.unicentro.br\/proec\/wp-content\/uploads\/sites\/73\/2022\/09\/Edital_2022_016_PFF_UNICENTRO_abertura_profissional.docx_assinado.pdf\">Edital 2022\/016\u00a0 PFF-UNICENTRO<\/a><\/p>\n<p><a href=\"https:\/\/www3.unicentro.br\/proec\/wp-content\/uploads\/sites\/73\/2022\/09\/Edital_2022_015_PFF_UNICENTRO_abertura_estudante.docx_assinado.pdf\">Edital 2022\/015\u00a0 PFF-UNICENTRO<\/a><\/p>\n<p><a href=\"https:\/\/www3.unicentro.br\/proec\/wp-content\/uploads\/sites\/73\/2022\/06\/Edital_2022_014_PFF_UNICENTRO_resultado_final_estudante.pdf\">Edital 2022\/014\u00a0 PFF-UNICENTRO<\/a><\/p>\n<p><a href=\"https:\/\/www3.unicentro.br\/proec\/wp-content\/uploads\/sites\/73\/2022\/06\/Edital_2022_013_PFF_UNICENTRO_abertura_estudante.docx-1.pdf\">Edital 2022\/013 PFF-UNICENTRO<\/a><\/p>\n<p><span style=\"color: #000000\"><a href=\"https:\/\/www3.unicentro.br\/paranafalafrances\/wp-content\/uploads\/sites\/42\/2022\/06\/Edital_2022_012_PFF_UNICENTRO_abertura_estudante.pdf\">Edital 2022\/012 PFF-UNICENTRO<\/a><\/span><\/p>\n<p><span style=\"color: #000000\"><a href=\"https:\/\/www3.unicentro.br\/paranafalafrances\/wp-content\/uploads\/sites\/42\/2022\/06\/Edital_2022_011_PFF_UNICENTRO_abertura_profissional.docx.pdf\">Edital 2022\/011 PFF-UNICENTRO<\/a><\/span><\/p>\n<p><a href=\"https:\/\/www3.unicentro.br\/proec\/wp-content\/uploads\/sites\/73\/2022\/04\/Edital_2022_010_PFF_UNICENTRO_resultado_final_estudante.pdf\">Edital 2022\/010 PFF-UNICENTRO<\/a><\/p>\n<p><a href=\"https:\/\/www3.unicentro.br\/proec\/wp-content\/uploads\/sites\/73\/2022\/04\/Edital_2022_009_PFF_UNICENTRO_resultado_prova_escrita_estudante.pdf\">Edital 2022\/09 PFF-UNICENTRO<\/a><\/p>\n<p><a href=\"https:\/\/www3.unicentro.br\/proec\/wp-content\/uploads\/sites\/73\/2022\/03\/Edital_2022_008_PFF_UNICENTRO_homologacao_profissional_e_estudante.pdf\">Edital 2022\/08 PFF-UNICENTRO<\/a><\/p>\n<p><a href=\"https:\/\/www3.unicentro.br\/proec\/wp-content\/uploads\/sites\/73\/2022\/03\/Edital_2022_007_PFF_UNICENTRO_abertura_profissional_e_estudante.pdf\"><span style=\"color: #000000\">Edital 2022\/07\u00a0 PFF-UNICENTRO<\/span><\/a><\/p>\n<p><span style=\"color: #000000\"><a style=\"color: #000000\" href=\"https:\/\/www3.unicentro.br\/proec\/wp-content\/uploads\/sites\/73\/2022\/02\/Edital_2022_006_PFF_UNICENTRO_resultado_final_profissional.pdf\">Edital 2022\/06\u00a0 PFF-UNICENTRO<\/a><\/span><\/p>\n<p><span style=\"color: #000000\"><a style=\"color: #000000\" href=\"https:\/\/www3.unicentro.br\/proec\/wp-content\/uploads\/sites\/73\/2022\/02\/Edital_005_2022_PFF_UNICENTRO_Resultado_prova_escrita_profissional.pdf\">Edital 2022\/05\u00a0 PFF-UNICENTRO<\/a><\/span><\/p>\n<p><span style=\"color: #000000\"><a style=\"color: #000000\" href=\"https:\/\/www3.unicentro.br\/proec\/wp-content\/uploads\/sites\/73\/2022\/02\/Edital_2022_004_PFF_UNICENTRO_Homologacao_Profissional.pdf\">Edital 2022\/04 PFF-UNICENTRO<\/a><\/span><\/p>\n<p><span style=\"color: #000000\"><a style=\"color: #000000\" href=\"https:\/\/www3.unicentro.br\/proec\/wp-content\/uploads\/sites\/73\/2022\/02\/Edital_003_2022_PFF_UNICENTRO_abertura_profissional.pdf\">Edital 2022\/03\u00a0 PFF-UNICENTRO<\/a>\u00a0<\/span><\/p>\n<p><span style=\"color: #000000\"><a style=\"color: #000000\" href=\"https:\/\/www3.unicentro.br\/proec\/wp-content\/uploads\/sites\/73\/2022\/02\/Edital_2022_002_PFF_UNICENTRO_homologacao_profissional.pdf\">Edital 2022\/02\u00a0 PFF-UNICENTRO<\/a><\/span><\/p>\n<p><span style=\"color: #000000\"><a style=\"color: #000000\" href=\"https:\/\/www3.unicentro.br\/proec\/wp-content\/uploads\/sites\/73\/2022\/02\/Edital_001_2022_PFF_UNICENTRO_abertura_profissional.pdf\">Edital 2022\/01 PFF-UNICENTRO<\/a><\/span>[\/vc_column_text][\/vc_tta_section][vc_tta_section title=&#8221;Editais 2021&#8243; tab_id=&#8221;1677678254719-1e3ef19b-b37d&#8221;][vc_column_text]<span style=\"color: #0000ff;font-size: 12pt\"><a style=\"color: #0000ff\" href=\"https:\/\/www3.unicentro.br\/paranafalafrances\/wp-content\/uploads\/sites\/42\/2021\/02\/Edital_017_2021_PFF_UNICENTRO_reabertura_profissional.pdf\">Edital 2021\/017 PFF-UNICENTRO<\/a><\/span><\/p>\n<p><span style=\"color: #0000ff;font-size: 12pt\"><a style=\"color: #0000ff\" href=\"https:\/\/www3.unicentro.br\/paranafalafrances\/wp-content\/uploads\/sites\/42\/2021\/02\/Edital_016_2021_PFF_UNICENTRO_resultado_final_profissional.pdf\">Edital 2021\/016 PFF-UNICENTRO<\/a><\/span><\/p>\n<p><span style=\"color: #0000ff;font-size: 12pt\"><a style=\"color: #0000ff\" href=\"https:\/\/www3.unicentro.br\/paranafalafrances\/wp-content\/uploads\/sites\/42\/2021\/02\/Edital_015_2021_PFF_UNICENTRO_resultado_profissional.pdf\">Edital 2021\/015 PFF-UNICENTRO<\/a><\/span><\/p>\n<p><span style=\"color: #0000ff;font-size: 12pt\"><a style=\"color: #0000ff\" href=\"https:\/\/www3.unicentro.br\/paranafalafrances\/wp-content\/uploads\/sites\/42\/2021\/02\/Edital_014_2021_PFF_UNICENTRO_retificacao_cronograma.pdf\">Edital 2021\/014 PFF-UNICENTRO<\/a><\/span><\/p>\n<p><span style=\"color: #0000ff;font-size: 12pt\"><a style=\"color: #0000ff\" href=\"https:\/\/www3.unicentro.br\/paranafalafrances\/wp-content\/uploads\/sites\/42\/2021\/02\/Edital_013_2021_PFF_UNICENTRO_resultado_final_estudante.pdf\">Edital 2021\/013 PFF-UNICENTRO<\/a><\/span><\/p>\n<p><span style=\"color: #0000ff;font-size: 12pt\"><a style=\"color: #0000ff\" href=\"https:\/\/www3.unicentro.br\/paranafalafrances\/wp-content\/uploads\/sites\/42\/2021\/02\/Edital_012_2021_PFF_UNICENTRO_resultado_final_prova_escrita_profissional.pdf\">Edital 2021\/012 PFF-UNICENTRO<\/a><\/span><\/p>\n<p><span style=\"color: #0000ff;font-size: 12pt\"><a style=\"color: #0000ff\" href=\"https:\/\/www3.unicentro.br\/paranafalafrances\/wp-content\/uploads\/sites\/42\/2021\/02\/Edital_011_2021_PFF_UNICENTRO_resultado_estudante.pdf\">Edital 2021\/011 PFF-UNICENTRO<\/a><\/span><\/p>\n<p><span style=\"color: #0000ff;font-size: 12pt\"><a style=\"color: #0000ff\" href=\"https:\/\/www3.unicentro.br\/paranafalafrances\/wp-content\/uploads\/sites\/42\/2021\/02\/Edital_010_2021_PFF_UNICENTRO_resultado_prova_escrita_profissional.pdf\">Edital 2021\/010 PFF-UNICENTRO<\/a><\/span><\/p>\n<p><span style=\"font-size: 12pt;color: #0000ff\"><a style=\"color: #0000ff\" href=\"https:\/\/www3.unicentro.br\/paranafalafrances\/wp-content\/uploads\/sites\/42\/2021\/02\/09-2021-PFF-UNICENTRO.pdf\">Edital 2021\/09\u00a0 PFF-UNICENTRO<\/a><\/span><\/p>\n<p><span style=\"font-size: 12pt;color: #0000ff\"><a style=\"color: #0000ff\" href=\"https:\/\/www3.unicentro.br\/paranafalafrances\/wp-content\/uploads\/sites\/42\/2021\/02\/08-2021-PFF-UNICENTRO.pdf\">Edital 2021\/08 PFF-UNICENTRO<\/a><\/span><\/p>\n<p><span style=\"font-size: 12pt;color: #0000ff\"><a style=\"color: #0000ff\" href=\"https:\/\/www3.unicentro.br\/paranafalafrances\/wp-content\/uploads\/sites\/42\/2021\/02\/07-2021-PFF-UNICENTRO.pdf\">Edital 2021\/07 PFF-UNICENTRO<\/a><\/span><\/p>\n<p><span style=\"font-size: 12pt;color: #0000ff\"><a style=\"color: #0000ff\" href=\"https:\/\/www3.unicentro.br\/paranafalafrances\/wp-content\/uploads\/sites\/42\/2021\/02\/06-2021-PFF-UNICENTRO.pdf\">Edital 2021\/06 PFF-UNICENTRO<\/a><\/span><\/p>\n<p><span style=\"font-size: 12pt;color: #0000ff\"><a style=\"color: #0000ff\" href=\"https:\/\/www3.unicentro.br\/paranafalafrances\/wp-content\/uploads\/sites\/42\/2021\/02\/05-2021-\u2013-PFF-UNICENTRO.pdf\">Edital 2021\/05 PFF-UNICENTRO<\/a><\/span><\/p>\n<p><span style=\"font-size: 12pt;color: #0000ff\"><a style=\"color: #0000ff\" href=\"https:\/\/www3.unicentro.br\/paranafalafrances\/wp-content\/uploads\/sites\/42\/2021\/01\/EDITAL-04-2021-pff-unicentro-anexo-ii-doc.docx\">Edital ANEXO II 2021\/04 PFF-UNICENTRO<\/a><\/span><\/p>\n<p><span style=\"font-size: 12pt;color: #0000ff\"><a style=\"color: #0000ff\" href=\"https:\/\/www3.unicentro.br\/paranafalafrances\/wp-content\/uploads\/sites\/42\/2021\/01\/EDITAL-04-2021-pff-unicentro-anexo-i-doc.docx\">Edital ANEXO I 2021\/04 PFF-UNICENTRO<\/a><\/span><\/p>\n<p><span style=\"font-size: 12pt;color: #0000ff\"><a style=\"color: #0000ff\" href=\"https:\/\/www3.unicentro.br\/paranafalafrances\/wp-content\/uploads\/sites\/42\/2021\/01\/EDITAL-04-2021-pff-unicentro.pdf\">Edital 2021\/04 PFF-UNICENTRO<\/a><\/span><\/p>\n<p><span style=\"font-size: 12pt;color: #0000ff\"><a style=\"color: #0000ff\" href=\"https:\/\/www3.unicentro.br\/paranafalafrances\/wp-content\/uploads\/sites\/42\/2021\/01\/EDITAL-03-2021-pff-unicentro-anexo-ii-doc.docx\">Edital ANEXO II 2021\/03 PFF-UNICENTRO<\/a><\/span><\/p>\n<p><span style=\"font-size: 12pt;color: #0000ff\"><a style=\"color: #0000ff\" href=\"https:\/\/www3.unicentro.br\/paranafalafrances\/wp-content\/uploads\/sites\/42\/2021\/01\/EDITAL-03-2021-pff-unicentro-anexo-i-doc.docx\">Edital ANEXO I 2021\/03 PFF-UNICENTRO<\/a><\/span><\/p>\n<p><span style=\"font-size: 12pt;color: #0000ff\"><a style=\"color: #0000ff\" href=\"https:\/\/www3.unicentro.br\/paranafalafrances\/wp-content\/uploads\/sites\/42\/2021\/01\/EDITAL-03-2021-pff-unicentro.pdf\">Edital 2021\/03 PFF-UNICENTRO<\/a><\/span><\/p>\n<p><span style=\"font-size: 12pt;color: #0000ff\"><a style=\"color: #0000ff\" href=\"https:\/\/www3.unicentro.br\/paranafalafrances\/wp-content\/uploads\/sites\/42\/2021\/01\/EDITAL-02-2021.pdf\"><span style=\"font-size: 12pt\">Edital 2021\/02 PFF-UNICENTRO<\/span><\/a><\/span><\/p>\n<p><span style=\"font-size: 12pt;color: #0000ff\"><a style=\"color: #0000ff\" href=\"https:\/\/www3.unicentro.br\/paranafalafrances\/wp-content\/uploads\/sites\/42\/2021\/01\/EDITAL-01-2021.pdf\">Edital 2021\/01 PFF-UNICENTRO<\/a><\/span>[\/vc_column_text][\/vc_tta_section][vc_tta_section title=&#8221;Editais 2020&#8243; tab_id=&#8221;1677678265588-d339fccd-ebb6&#8243;][vc_column_text]<span style=\"font-size: 12pt\"><a href=\"https:\/\/www3.unicentro.br\/paranafalafrances\/wp-content\/uploads\/sites\/42\/2020\/05\/08-2020-TERCEIRA-CHAMADA.pdf\">Edital 2020\/08 PFF-UNICENTRO<\/a><\/span><\/p>\n<p><span style=\"font-size: 12pt\"><a href=\"https:\/\/www3.unicentro.br\/paranafalafrances\/wp-content\/uploads\/sites\/42\/2020\/05\/07-2020-SEGUNDA-CHAMADA.pdf\">Edital 2020\/07\u00a0 PFF-UNICENTRO<\/a><\/span><\/p>\n<p><span style=\"font-size: 12pt\"><a href=\"https:\/\/www3.unicentro.br\/paranafalafrances\/wp-content\/uploads\/sites\/42\/2020\/04\/06-2020-HOMOLOGACAO-2.pdf\">Edital 2020\/06 PFF-UNICENTOR<\/a><\/span><\/p>\n<p><span style=\"font-size: 12pt\"><a href=\"https:\/\/www3.unicentro.br\/paranafalafrances\/wp-content\/uploads\/sites\/42\/2020\/04\/05-2020-INSCRI\u00c7\u00d5ES.pdf\">Edital 2020\/05\u00a0 PFF-UNICENTRO<\/a><\/span><\/p>\n<p><span style=\"font-size: 12pt\"><a href=\"https:\/\/www3.unicentro.br\/paranafalafrances\/wp-content\/uploads\/sites\/42\/2020\/04\/04-2020-REMATRICULAS.pdf\">Edital 2020\/04 PFF-UNICENTRO<\/a><\/span><\/p>\n<p><span style=\"font-size: 12pt\"><a href=\"https:\/\/www3.unicentro.br\/paranafalafrances\/wp-content\/uploads\/sites\/42\/2020\/04\/03-2020-NIVELAMENTO-RESULTADO.pdf\">Edital 2020\/03 PFF-UNICENTRO<\/a><\/span><\/p>\n<p><span style=\"font-size: 12pt\"><a href=\"https:\/\/www3.unicentro.br\/paranafalafrances\/wp-content\/uploads\/sites\/42\/2020\/04\/02-2020-EDITAL-RETIFICA\u00c7\u00c3O-NIVELAMENTO.pdf\">Edital RETIFICA\u00c7\u00c3O 2020\/02 PFF-UNICENTRO<\/a><\/span><\/p>\n<p><span style=\"font-size: 12pt\"><a href=\"https:\/\/www3.unicentro.br\/paranafalafrances\/wp-content\/uploads\/sites\/42\/2020\/03\/02-2020-EDITAL-CONVOCA\u00c7\u00c3O-NIVELAMENTO.pdf\">Edital 2020\/02 PFF-UNICENTRO<\/a><\/span><\/p>\n<p><span style=\"font-size: 12pt\"><a href=\"https:\/\/www3.unicentro.br\/paranafalafrances\/wp-content\/uploads\/sites\/42\/2020\/02\/01-2020-EDITAL-nivelamento-1.pdf\">Edital 2020\/01 PFF-UNICENTRO<\/a><\/span>[\/vc_column_text][\/vc_tta_section][vc_tta_section title=&#8221;Editais 2019&#8243; tab_id=&#8221;1677678266547-f00f3b1f-8666&#8243;][vc_column_text]<span style=\"font-size: 12pt\"><a href=\"https:\/\/www3.unicentro.br\/paranafalafrances\/wp-content\/uploads\/sites\/42\/2019\/09\/15_PFF-RESULTADO-SELE\u00c7\u00c3O.pdf\">Edital 2019\/015 PFF-UNICENTRO<\/a><\/span><\/p>\n<p><span style=\"font-size: 12pt\"><a href=\"https:\/\/www3.unicentro.br\/paranafalafrances\/wp-content\/uploads\/sites\/42\/2019\/09\/14_PFF-SORTEIO-TEMA-PROVA-DID\u00c1TICA.pdf\">Edital 2019\/014 PFF-UNICENTRO<\/a><\/span><\/p>\n<p><span style=\"font-size: 12pt\"><a href=\"https:\/\/www3.unicentro.br\/paranafalafrances\/wp-content\/uploads\/sites\/42\/2019\/09\/13_PFF-RESULTADO-PROVA-ESCRITA-E-CONVOCA\u00c7\u00c3O-1.pdf\">Edital 2019\/013 PFF-UNICENTRO<\/a><\/span><\/p>\n<p><span style=\"font-size: 12pt\"><a href=\"https:\/\/www3.unicentro.br\/paranafalafrances\/wp-content\/uploads\/sites\/42\/2019\/09\/12-2019-BANCA-PROVA-ESCRITA.pdf\">Edital 2019\/012 PFF-UNICENTRO<\/a><\/span><\/p>\n<p><span style=\"font-size: 12pt\"><a href=\"https:\/\/www3.unicentro.br\/paranafalafrances\/wp-content\/uploads\/sites\/42\/2019\/08\/11-2019-HOMOLOGA\u00c7\u00c3O-E-CONVOCA\u00c7\u00c3O-PARA-PROVA-ESCRITA.pdf\">Edital 209\/011 PFF-UNICENTRO<\/a><\/span><\/p>\n<p><span style=\"font-size: 12pt\"><a href=\"https:\/\/www3.unicentro.br\/paranafalafrances\/wp-content\/uploads\/sites\/42\/2019\/08\/10_PFF_EDITAL-SELEC\u0327A\u0303O-bolsista.pdf\">Edital 2019\/010 PFF-UNICENTRO<\/a><\/span><\/p>\n<p><span style=\"font-size: 12pt\"><a href=\"https:\/\/www3.unicentro.br\/paranafalafrances\/wp-content\/uploads\/sites\/42\/2019\/07\/09_PFF-RESULTADO-SELE\u00c7\u00c3O.pdf\">Edital 2019\/09 PFF-UNICENTRO<\/a><\/span><\/p>\n<p><span style=\"font-size: 12pt\"><a href=\"https:\/\/www3.unicentro.br\/paranafalafrances\/wp-content\/uploads\/sites\/42\/2019\/07\/08_2019-SORTEIO-TEMA-PROVA-DID\u00c1TICA.pdf\">Edital 2019\/08 PFF-UNICENTRO<\/a><\/span><\/p>\n<p><span style=\"font-size: 12pt\"><a href=\"https:\/\/www3.unicentro.br\/paranafalafrances\/wp-content\/uploads\/sites\/42\/2019\/07\/07_PFF-RESULTADO-PROVA-ESCRITA-E-CONVOCA\u00c7\u00c3O.pdf\">Edital 2019\/07 PFF-UNICENTRO<\/a><\/span><\/p>\n<p><span style=\"font-size: 12pt\"><a href=\"https:\/\/www3.unicentro.br\/paranafalafrances\/wp-content\/uploads\/sites\/42\/2019\/07\/06-2019-RETIFICA\u00c7\u00c3O.pdf\">Edital 2019\/06 PFF-UNICENTRO<\/a><\/span><\/p>\n<p><span style=\"font-size: 12pt\"><a href=\"https:\/\/www3.unicentro.br\/paranafalafrances\/wp-content\/uploads\/sites\/42\/2019\/07\/05-2019-HOMOLOGA\u00c7\u00c3O-E-CONVOCA\u00c7\u00c3O-PARA-PROVA-ESCRITA-2.pdf\">Edital 2019\/05 PFF-UNICENTRO<\/a><\/span><\/p>\n<p><span style=\"font-size: 12pt\"><a href=\"https:\/\/www3.unicentro.br\/paranafalafrances\/wp-content\/uploads\/sites\/42\/2019\/07\/Edital-04-2019-abertura-das-inscri\u00e7\u00f5es-PFF.pdf\">Edital 2019\/04 PFF-UNICENTRO<\/a><\/span><\/p>\n<p><span style=\"font-size: 12pt\"><a href=\"https:\/\/www3.unicentro.br\/paranafalafrances\/wp-content\/uploads\/sites\/42\/2019\/03\/03-2019-NIVELAMENTO-RESULTADO.pdf\">Edital 2019\/03 PFF-UNICENTRO<\/a><\/span><\/p>\n<p><span style=\"font-size: 12pt\"><a href=\"https:\/\/www3.unicentro.br\/paranafalafrances\/wp-content\/uploads\/sites\/42\/2019\/02\/02-2019-EDITAL-nivelamento.pdf\">Edital 2019\/02 PFF-UNICENTRO<\/a><\/span><\/p>\n<p><span style=\"font-size: 12pt\"><a href=\"https:\/\/www3.unicentro.br\/paranafalafrances\/wp-content\/uploads\/sites\/42\/2019\/02\/01-2019-EDITAL-REMATRICULAS.pdf\">Edital 2019\/01 PFF-UNICENTRO<\/a><\/span>[\/vc_column_text][\/vc_tta_section][vc_tta_section title=&#8221;Editais 2018&#8243; tab_id=&#8221;1677678174108-100a5dd4-0b35&#8243;][vc_column_text]<span style=\"font-size: 12pt\"><a href=\"https:\/\/www3.unicentro.br\/paranafalafrances\/wp-content\/uploads\/sites\/42\/2018\/09\/16_PFF-HOMOLOGACAO-terceira-chamada-1.pdf\">Edital 2018\/016 PFF-UNICENTRO<\/a><\/span><\/p>\n<p><span style=\"font-size: 12pt\"><a href=\"https:\/\/www3.unicentro.br\/paranafalafrances\/wp-content\/uploads\/sites\/42\/2018\/07\/13_PFF-INSCRI\u00c7\u00d5ES.pdf\">Edital 2018\/015 PFF-UNICENTRO<\/a><\/span><\/p>\n<p><span style=\"font-size: 12pt\"><a href=\"https:\/\/www3.unicentro.br\/paranafalafrances\/wp-content\/uploads\/sites\/42\/2018\/08\/14_PFF-HOMOLOGACAO-1.pdf\">Edital 2018\/014 PFF-UNICENTRO<\/a><\/span><\/p>\n<p><span style=\"font-size: 12pt\"><a href=\"https:\/\/www3.unicentro.br\/paranafalafrances\/wp-content\/uploads\/sites\/42\/2018\/07\/13_PFF-INSCRI\u00c7\u00d5ES.pdf\">Edital 2018\/013 PFF-UNICENTRO<\/a><\/span>[\/vc_column_text][\/vc_tta_section][\/vc_tta_accordion][\/vc_column][\/vc_row]<\/p>\n<\/div>","protected":false},"excerpt":{"rendered":"<p>[vc_row][vc_column][vc_tta_accordion active_section=&#8221;1&#8243;][vc_tta_section tab_id=&#8221;1677678847899-7ea2c181-1e19&#8243; title=&#8221;Editais 2023&#8243;][vc_column_text]Edital 2023\/07 PFF-UNICENTRO Edital 2023\/06 PFF-UNICENTRO Edital 2023\/05 PFF-UNICENTRO Edital 2023\/04 PFF-UNICENTRO Edital 2023\/03 PFF-UNICENTRO Edital 2023\/02 PFF-UNICENTRO Edital 2023\/01 PFF-UNICENTRO[\/vc_column_text][\/vc_tta_section][vc_tta_section title=&#8221;Editais 2022&#8243; tab_id=&#8221;1677678128111-efab2b4a-9728&#8243;][vc_column_text]Edital 2022\/022\u00a0 PFF-UNICENTRO Edital 2022\/021\u00a0 PFF-UNICENTRO Edital 2022\/020\u00a0 PFF-UNICENTRO Edital 2022\/019\u00a0 PFF-UNICENTRO Edital 2022\/018\u00a0 PFF-UNICENTRO Edital 2022\/017\u00a0 PFF-UNICENTRO Edital 2022\/016\u00a0 PFF-UNICENTRO Edital 2022\/015\u00a0 PFF-UNICENTRO Edital 2022\/014\u00a0 PFF-UNICENTRO Edital [&hellip;]<\/p>\n","protected":false},"author":3,"featured_media":0,"parent":0,"menu_order":0,"comment_status":"closed","ping_status":"closed","template":"","meta":{"_exactmetrics_skip_tracking":false,"_exactmetrics_sitenote_active":false,"_exactmetrics_sitenote_note":"","_exactmetrics_sitenote_category":0,"footnotes":"","_links_to":"","_links_to_target":""},"class_list":["post-46","page","type-page","status-publish","hentry"],"_links":{"self":[{"href":"https:\/\/www3.unicentro.br\/paranafalafrances\/wp-json\/wp\/v2\/pages\/46","targetHints":{"allow":["GET"]}}],"collection":[{"href":"https:\/\/www3.unicentro.br\/paranafalafrances\/wp-json\/wp\/v2\/pages"}],"about":[{"href":"https:\/\/www3.unicentro.br\/paranafalafrances\/wp-json\/wp\/v2\/types\/page"}],"author":[{"embeddable":true,"href":"https:\/\/www3.unicentro.br\/paranafalafrances\/wp-json\/wp\/v2\/users\/3"}],"replies":[{"embeddable":true,"href":"https:\/\/www3.unicentro.br\/paranafalafrances\/wp-json\/wp\/v2\/comments?post=46"}],"version-history":[{"count":0,"href":"https:\/\/www3.unicentro.br\/paranafalafrances\/wp-json\/wp\/v2\/pages\/46\/revisions"}],"wp:attachment":[{"href":"https:\/\/www3.unicentro.br\/paranafalafrances\/wp-json\/wp\/v2\/media?parent=46"}],"curies":[{"name":"wp","href":"https:\/\/api.w.org\/{rel}","templated":true}]}}