{"id":26,"date":"2018-07-10T13:11:50","date_gmt":"2018-07-10T16:11:50","guid":{"rendered":"https:\/\/www3.unicentro.br\/paranafalafrances\/?page_id=26"},"modified":"2023-02-17T14:20:58","modified_gmt":"2023-02-17T17:20:58","slug":"inicial","status":"publish","type":"page","link":"https:\/\/www3.unicentro.br\/paranafalafrances\/","title":{"rendered":"Inicial"},"content":{"rendered":"<div class=\"wpb-content-wrapper\"><p>[vc_row][vc_column][\/vc_column][\/vc_row][vc_row][vc_column][vc_column_text]<\/p>\n<p style=\"font-weight: 400\">O \u201cParan\u00e1 Fala Idiomas &#8211; Paran\u00e1 Fala Franc\u00eas\u201d est\u00e1 enquadrado na \u00c1rea Priorit\u00e1ria: Melhoria do Ensino Superior, definida pelo Conselho Paranaense de Ci\u00eancia e Tecnologia \u2013 CCT PARAN\u00c1, com apoio financeiro da SETI\/UGF, com recursos do Fundo Paran\u00e1.<\/p>\n<p style=\"font-weight: 400\">A meta do Programa &#8220;Paran\u00e1 Fala Idiomas&#8221; \u00e9 impulsionar as universidades a promoverem a\u00e7\u00f5es de internacionaliza\u00e7\u00e3o, de maneira significativa em suas IES, por meio do ensino, da pesquisa e da extens\u00e3o que ultrapassem as barreiras geogr\u00e1ficas ao capacitar estudantes, docentes e agentes universit\u00e1rios em l\u00edngua estrangeira. Desse modo, fortalecer a internacionaliza\u00e7\u00e3o das universidades do Paran\u00e1. Junto a isso tamb\u00e9m est\u00e1 o aprimoramento das pol\u00edticas lingu\u00edsticas institucionais com o ensino de l\u00ednguas estrangeiras \u00e0 comunidade acad\u00eamica.<\/p>\n<p style=\"font-weight: 400\">As a\u00e7\u00f5es do PPF vem com o intuito de colaborar com a transforma\u00e7\u00e3o das a\u00e7\u00f5es locais em a\u00e7\u00f5es globais, a fim de inserir as universidades em um relevante contexto mundial.\u00a0 A\u00a0pol\u00edtica lingu\u00edstica est\u00e1 fortemente atrelada \u00e0 pol\u00edtica de internacionaliza\u00e7\u00e3o das IES.<\/p>\n<p style=\"font-weight: 400\">O programa\u00a0<em>\u201cParan\u00e1 Fala Idiomas<\/em>\u201d oferta cursos de franc\u00eas de forma gratuita. Esses cursos s\u00e3o ofertados para a comunidade acad\u00eamica da Unicentro. A certifica\u00e7\u00e3o dos cursos variam de 30h e 60h.<\/p>\n<p>[\/vc_column_text][\/vc_column][\/vc_row]<\/p>\n<\/div>","protected":false},"excerpt":{"rendered":"<p>[vc_row][vc_column][\/vc_column][\/vc_row][vc_row][vc_column][vc_column_text] O \u201cParan\u00e1 Fala Idiomas &#8211; Paran\u00e1 Fala Franc\u00eas\u201d est\u00e1 enquadrado na \u00c1rea Priorit\u00e1ria: Melhoria do Ensino Superior, definida pelo Conselho Paranaense de Ci\u00eancia e Tecnologia \u2013 CCT PARAN\u00c1, com apoio financeiro da SETI\/UGF, com recursos do Fundo Paran\u00e1. A meta do Programa &#8220;Paran\u00e1 Fala Idiomas&#8221; \u00e9 impulsionar as universidades a promoverem a\u00e7\u00f5es de internacionaliza\u00e7\u00e3o, [&hellip;]<\/p>\n","protected":false},"author":3,"featured_media":0,"parent":0,"menu_order":0,"comment_status":"closed","ping_status":"closed","template":"","meta":{"_exactmetrics_skip_tracking":false,"_exactmetrics_sitenote_active":false,"_exactmetrics_sitenote_note":"","_exactmetrics_sitenote_category":0,"footnotes":"","_links_to":"","_links_to_target":""},"class_list":["post-26","page","type-page","status-publish","hentry"],"_links":{"self":[{"href":"https:\/\/www3.unicentro.br\/paranafalafrances\/wp-json\/wp\/v2\/pages\/26","targetHints":{"allow":["GET"]}}],"collection":[{"href":"https:\/\/www3.unicentro.br\/paranafalafrances\/wp-json\/wp\/v2\/pages"}],"about":[{"href":"https:\/\/www3.unicentro.br\/paranafalafrances\/wp-json\/wp\/v2\/types\/page"}],"author":[{"embeddable":true,"href":"https:\/\/www3.unicentro.br\/paranafalafrances\/wp-json\/wp\/v2\/users\/3"}],"replies":[{"embeddable":true,"href":"https:\/\/www3.unicentro.br\/paranafalafrances\/wp-json\/wp\/v2\/comments?post=26"}],"version-history":[{"count":0,"href":"https:\/\/www3.unicentro.br\/paranafalafrances\/wp-json\/wp\/v2\/pages\/26\/revisions"}],"wp:attachment":[{"href":"https:\/\/www3.unicentro.br\/paranafalafrances\/wp-json\/wp\/v2\/media?parent=26"}],"curies":[{"name":"wp","href":"https:\/\/api.w.org\/{rel}","templated":true}]}}