{"id":343,"date":"2026-04-07T08:55:22","date_gmt":"2026-04-07T11:55:22","guid":{"rendered":"https:\/\/www3.unicentro.br\/paranafalaespanhol\/?page_id=343"},"modified":"2026-04-07T08:55:22","modified_gmt":"2026-04-07T11:55:22","slug":"publicacoes-e-pesquisas","status":"publish","type":"page","link":"https:\/\/www3.unicentro.br\/paranafalaespanhol\/publicacoes-e-pesquisas\/","title":{"rendered":"Publica\u00e7\u00f5es e Pesquisas"},"content":{"rendered":"<div class=\"wpb-content-wrapper\"><p>[vc_row][vc_column][vc_column_text css=&#8221;&#8221;]<strong>&#8211; Apresenta\u00e7\u00e3o e publica\u00e7\u00e3o de resumo expandido<\/strong><br \/>\nEvento: XVII Encontro Anual de Extens\u00e3o da UNICENTRO, EAEX<br \/>\nAno: 2024<br \/>\nT\u00edtulo do trabalho: METODOLOGIA ATIVA E SALA DE AULA INVERTIDA NOS CURSOS DO PARAN\u00c1 FALA ESPANHOL DA UNICENTRO: UMA UNIDADE DID\u00c1TICA SOBRE LIDERAN\u00c7A E DESIGUALDADE DE G\u00caNERO<\/p>\n<p><strong>&#8211; Apresenta\u00e7\u00e3o e publica\u00e7\u00e3o de resumo expandido<\/strong><br \/>\nEvento: do 39o Encontro da Rede Zicosur Universit\u00e1rio e 3\u00ba Semin\u00e1rio Internacional da Rede Zicosur Universit\u00e1rio (SIZU)<br \/>\nAno: 2026<br \/>\nT\u00edtulo do trabalho: ENSINO ON-LINE NOS CURSOS DO PARAN\u00c1 FALA ESPANHOL DA<br \/>\nUNICENTRO: CURADORIA DIGITAL E CONSTRU\u00c7\u00c3O DE MATERIAL DID\u00c1TICO[\/vc_column_text][\/vc_column][\/vc_row]<\/p>\n<\/div>","protected":false},"excerpt":{"rendered":"<p>[vc_row][vc_column][vc_column_text css=&#8221;&#8221;]&#8211; Apresenta\u00e7\u00e3o e publica\u00e7\u00e3o de resumo expandido Evento: XVII Encontro Anual de Extens\u00e3o da UNICENTRO, EAEX Ano: 2024 T\u00edtulo do trabalho: METODOLOGIA ATIVA E SALA DE AULA INVERTIDA NOS CURSOS DO PARAN\u00c1 FALA ESPANHOL DA UNICENTRO: UMA UNIDADE DID\u00c1TICA SOBRE LIDERAN\u00c7A E DESIGUALDADE DE G\u00caNERO &#8211; Apresenta\u00e7\u00e3o e publica\u00e7\u00e3o de resumo expandido Evento: do [&hellip;]<\/p>\n","protected":false},"author":6,"featured_media":0,"parent":0,"menu_order":0,"comment_status":"closed","ping_status":"closed","template":"","meta":{"_exactmetrics_skip_tracking":false,"_exactmetrics_sitenote_active":false,"_exactmetrics_sitenote_note":"","_exactmetrics_sitenote_category":0,"footnotes":"","_links_to":"","_links_to_target":""},"class_list":["post-343","page","type-page","status-publish","hentry"],"_links":{"self":[{"href":"https:\/\/www3.unicentro.br\/paranafalaespanhol\/wp-json\/wp\/v2\/pages\/343","targetHints":{"allow":["GET"]}}],"collection":[{"href":"https:\/\/www3.unicentro.br\/paranafalaespanhol\/wp-json\/wp\/v2\/pages"}],"about":[{"href":"https:\/\/www3.unicentro.br\/paranafalaespanhol\/wp-json\/wp\/v2\/types\/page"}],"author":[{"embeddable":true,"href":"https:\/\/www3.unicentro.br\/paranafalaespanhol\/wp-json\/wp\/v2\/users\/6"}],"replies":[{"embeddable":true,"href":"https:\/\/www3.unicentro.br\/paranafalaespanhol\/wp-json\/wp\/v2\/comments?post=343"}],"version-history":[{"count":1,"href":"https:\/\/www3.unicentro.br\/paranafalaespanhol\/wp-json\/wp\/v2\/pages\/343\/revisions"}],"predecessor-version":[{"id":344,"href":"https:\/\/www3.unicentro.br\/paranafalaespanhol\/wp-json\/wp\/v2\/pages\/343\/revisions\/344"}],"wp:attachment":[{"href":"https:\/\/www3.unicentro.br\/paranafalaespanhol\/wp-json\/wp\/v2\/media?parent=343"}],"curies":[{"name":"wp","href":"https:\/\/api.w.org\/{rel}","templated":true}]}}