{"id":26,"date":"2022-09-08T11:42:00","date_gmt":"2022-09-08T14:42:00","guid":{"rendered":"https:\/\/www3.unicentro.br\/paranafalaespanhol\/?page_id=26"},"modified":"2023-09-05T14:37:09","modified_gmt":"2023-09-05T17:37:09","slug":"noticias-e-eventos","status":"publish","type":"page","link":"https:\/\/www3.unicentro.br\/paranafalaespanhol\/noticias-e-eventos\/","title":{"rendered":"Not\u00edcias e Eventos"},"content":{"rendered":"<div class=\"wpb-content-wrapper\"><p>[vc_row][vc_column][vc_column_text]Por <strong><a href=\"http:\/\/linktr.ee\/pfeunicentro?utm_source=qr_code\">esta plataforma<\/a><\/strong> voc\u00ea estar\u00e1 por dentro de nossos cursos, minicursos, inscri\u00e7\u00f5es, redes sociais e eventos culturais.[\/vc_column_text][vc_single_image image=&#8221;152&#8243; img_size=&#8221;full&#8221; alignment=&#8221;center&#8221; onclick=&#8221;custom_link&#8221; link=&#8221;http:\/\/linktr.ee\/pfeunicentro?utm_source=qr_code&#8221;][\/vc_column][\/vc_row]<\/p>\n<\/div>","protected":false},"excerpt":{"rendered":"<p>[vc_row][vc_column][vc_column_text]Por esta plataforma voc\u00ea estar\u00e1 por dentro de nossos cursos, minicursos, inscri\u00e7\u00f5es, redes sociais e eventos culturais.[\/vc_column_text][vc_single_image image=&#8221;152&#8243; img_size=&#8221;full&#8221; alignment=&#8221;center&#8221; onclick=&#8221;custom_link&#8221; link=&#8221;http:\/\/linktr.ee\/pfeunicentro?utm_source=qr_code&#8221;][\/vc_column][\/vc_row]<\/p>\n","protected":false},"author":3,"featured_media":0,"parent":0,"menu_order":0,"comment_status":"closed","ping_status":"closed","template":"","meta":{"_exactmetrics_skip_tracking":false,"_exactmetrics_sitenote_active":false,"_exactmetrics_sitenote_note":"","_exactmetrics_sitenote_category":0,"footnotes":"","_links_to":"","_links_to_target":""},"class_list":["post-26","page","type-page","status-publish","hentry"],"_links":{"self":[{"href":"https:\/\/www3.unicentro.br\/paranafalaespanhol\/wp-json\/wp\/v2\/pages\/26","targetHints":{"allow":["GET"]}}],"collection":[{"href":"https:\/\/www3.unicentro.br\/paranafalaespanhol\/wp-json\/wp\/v2\/pages"}],"about":[{"href":"https:\/\/www3.unicentro.br\/paranafalaespanhol\/wp-json\/wp\/v2\/types\/page"}],"author":[{"embeddable":true,"href":"https:\/\/www3.unicentro.br\/paranafalaespanhol\/wp-json\/wp\/v2\/users\/3"}],"replies":[{"embeddable":true,"href":"https:\/\/www3.unicentro.br\/paranafalaespanhol\/wp-json\/wp\/v2\/comments?post=26"}],"version-history":[{"count":2,"href":"https:\/\/www3.unicentro.br\/paranafalaespanhol\/wp-json\/wp\/v2\/pages\/26\/revisions"}],"predecessor-version":[{"id":191,"href":"https:\/\/www3.unicentro.br\/paranafalaespanhol\/wp-json\/wp\/v2\/pages\/26\/revisions\/191"}],"wp:attachment":[{"href":"https:\/\/www3.unicentro.br\/paranafalaespanhol\/wp-json\/wp\/v2\/media?parent=26"}],"curies":[{"name":"wp","href":"https:\/\/api.w.org\/{rel}","templated":true}]}}