{"id":20,"date":"2022-09-08T11:40:57","date_gmt":"2022-09-08T14:40:57","guid":{"rendered":"https:\/\/www3.unicentro.br\/paranafalaespanhol\/?page_id=20"},"modified":"2023-09-05T14:10:21","modified_gmt":"2023-09-05T17:10:21","slug":"parcerias","status":"publish","type":"page","link":"https:\/\/www3.unicentro.br\/paranafalaespanhol\/parcerias\/","title":{"rendered":"Parcerias"},"content":{"rendered":"<div class=\"wpb-content-wrapper\"><p>[vc_row][vc_column][vc_column_text]O Programa Paran\u00e1 Fala Espanhol possibilita a inser\u00e7\u00e3o de seus alunos em diferentes atividades acad\u00eamicas realizadas por meio de parcerias internacionais \u2013 estas ligadas \u00e0 mobilidade discente, docente e t\u00e9cnica, em universidades de pa\u00edses hispanos, bem como por meio da participa\u00e7\u00e3o em eventos presenciais e virtuais nos quais o uso do espanhol \u00e9 requerido. Um deles \u00e9 o Eaic \u2013 Encontro Anual de Inicia\u00e7\u00e3o Cient\u00edfica, organizado pela Unicentro, com suas parcerias internacionais.<\/p>\n<p>Atualmente a Unicentro \u00e9 signat\u00e1ria da Rede Zicosur, o qual constitui-se de\u00a0um Grupo de Universidades P\u00fablicas da Argentina, Bol\u00edvia, Brasil, Chile, Paraguai e Peru, que vem atuando em programas conjuntos para fortalecer a integra\u00e7\u00e3o regional acad\u00eamica\u00a0a fim de\u00a0consolidar o interc\u00e2mbio nas \u00e1reas de ensino, pesquisa e extens\u00e3o.<\/p>\n<p>Al\u00e9m disso, a Unicentro possui acordos de coopera\u00e7\u00e3o com universidades espanholas, tais como a Universidade de M\u00e1laga, Universidade do Pa\u00eds Vasco e est\u00e1 em fase de assinatura de um conv\u00eanio com Universidade Aut\u00f3noma de Madrid, por meio do Programa Erasumus, focado na mobilidade discente.<\/p>\n<p>Por isso, o PFE destaca-se por sua import\u00e2ncia institucional ao possibilitar o acesso a variadas oportunidades em que o conhecimento de espanhol \u00e9 requerido para o pleno desenvolvimento de atividades acad\u00eamicas.[\/vc_column_text][\/vc_column][\/vc_row]<\/p>\n<\/div>","protected":false},"excerpt":{"rendered":"<p>[vc_row][vc_column][vc_column_text]O Programa Paran\u00e1 Fala Espanhol possibilita a inser\u00e7\u00e3o de seus alunos em diferentes atividades acad\u00eamicas realizadas por meio de parcerias internacionais \u2013 estas ligadas \u00e0 mobilidade discente, docente e t\u00e9cnica, em universidades de pa\u00edses hispanos, bem como por meio da participa\u00e7\u00e3o em eventos presenciais e virtuais nos quais o uso do espanhol \u00e9 requerido. Um [&hellip;]<\/p>\n","protected":false},"author":3,"featured_media":0,"parent":0,"menu_order":0,"comment_status":"closed","ping_status":"closed","template":"","meta":{"_exactmetrics_skip_tracking":false,"_exactmetrics_sitenote_active":false,"_exactmetrics_sitenote_note":"","_exactmetrics_sitenote_category":0,"footnotes":"","_links_to":"","_links_to_target":""},"class_list":["post-20","page","type-page","status-publish","hentry"],"_links":{"self":[{"href":"https:\/\/www3.unicentro.br\/paranafalaespanhol\/wp-json\/wp\/v2\/pages\/20","targetHints":{"allow":["GET"]}}],"collection":[{"href":"https:\/\/www3.unicentro.br\/paranafalaespanhol\/wp-json\/wp\/v2\/pages"}],"about":[{"href":"https:\/\/www3.unicentro.br\/paranafalaespanhol\/wp-json\/wp\/v2\/types\/page"}],"author":[{"embeddable":true,"href":"https:\/\/www3.unicentro.br\/paranafalaespanhol\/wp-json\/wp\/v2\/users\/3"}],"replies":[{"embeddable":true,"href":"https:\/\/www3.unicentro.br\/paranafalaespanhol\/wp-json\/wp\/v2\/comments?post=20"}],"version-history":[{"count":2,"href":"https:\/\/www3.unicentro.br\/paranafalaespanhol\/wp-json\/wp\/v2\/pages\/20\/revisions"}],"predecessor-version":[{"id":178,"href":"https:\/\/www3.unicentro.br\/paranafalaespanhol\/wp-json\/wp\/v2\/pages\/20\/revisions\/178"}],"wp:attachment":[{"href":"https:\/\/www3.unicentro.br\/paranafalaespanhol\/wp-json\/wp\/v2\/media?parent=20"}],"curies":[{"name":"wp","href":"https:\/\/api.w.org\/{rel}","templated":true}]}}