{"id":16,"date":"2022-09-08T11:40:37","date_gmt":"2022-09-08T14:40:37","guid":{"rendered":"https:\/\/www3.unicentro.br\/paranafalaespanhol\/?page_id=16"},"modified":"2026-04-07T08:50:53","modified_gmt":"2026-04-07T11:50:53","slug":"inscricoes","status":"publish","type":"page","link":"https:\/\/www3.unicentro.br\/paranafalaespanhol\/inscricoes\/","title":{"rendered":"Inscri\u00e7\u00f5es"},"content":{"rendered":"<div class=\"wpb-content-wrapper\"><p>[vc_row][vc_column][vc_column_text css=&#8221;&#8221;]<strong>P\u00fablico alvo:<\/strong>\u00a0Estudantes de gradua\u00e7\u00e3o e p\u00f3s-gradua\u00e7\u00e3o, professores e agentes universit\u00e1rios da Unicentro e\/ou de outra IEs estadual do Paran\u00e1.<\/p>\n<p><strong>Link para inscri\u00e7\u00e3o:<\/strong> <a href=\"https:\/\/unicentro.br\/pfe\"><em>https:\/\/unicentro.br\/pfe<\/em><\/a><\/p>\n<p><strong>Per\u00edodo de matr\u00edculas:<\/strong>\u00a0geralmente as matr\u00edculas acontecem nas primeiras semanas de aula do semestre letivo.<\/p>\n<p>Fique atento:<\/p>\n<p><a href=\"https:\/\/unicentro.br\/pfe\"><em>https:\/\/unicentro.br\/pfe<\/em><\/a><\/p>\n<p><a href=\"https:\/\/www.instagram.com\/pfeunicentro\"><em>https:\/\/www.instagram.com\/pfeunicentro<\/em><\/a><\/p>\n<p><a href=\"mailto:pfeunicentro@gmail.com\"><em>pfeunicentro@gmail.com<\/em><\/a><\/p>\n<p>(42) 3421-3162[\/vc_column_text][\/vc_column][\/vc_row]<\/p>\n<\/div>","protected":false},"excerpt":{"rendered":"<p>[vc_row][vc_column][vc_column_text css=&#8221;&#8221;]P\u00fablico alvo:\u00a0Estudantes de gradua\u00e7\u00e3o e p\u00f3s-gradua\u00e7\u00e3o, professores e agentes universit\u00e1rios da Unicentro e\/ou de outra IEs estadual do Paran\u00e1. Link para inscri\u00e7\u00e3o: https:\/\/unicentro.br\/pfe Per\u00edodo de matr\u00edculas:\u00a0geralmente as matr\u00edculas acontecem nas primeiras semanas de aula do semestre letivo. Fique atento: https:\/\/unicentro.br\/pfe https:\/\/www.instagram.com\/pfeunicentro pfeunicentro@gmail.com (42) 3421-3162[\/vc_column_text][\/vc_column][\/vc_row]<\/p>\n","protected":false},"author":3,"featured_media":0,"parent":0,"menu_order":0,"comment_status":"closed","ping_status":"closed","template":"","meta":{"_exactmetrics_skip_tracking":false,"_exactmetrics_sitenote_active":false,"_exactmetrics_sitenote_note":"","_exactmetrics_sitenote_category":0,"footnotes":"","_links_to":"","_links_to_target":""},"class_list":["post-16","page","type-page","status-publish","hentry"],"_links":{"self":[{"href":"https:\/\/www3.unicentro.br\/paranafalaespanhol\/wp-json\/wp\/v2\/pages\/16","targetHints":{"allow":["GET"]}}],"collection":[{"href":"https:\/\/www3.unicentro.br\/paranafalaespanhol\/wp-json\/wp\/v2\/pages"}],"about":[{"href":"https:\/\/www3.unicentro.br\/paranafalaespanhol\/wp-json\/wp\/v2\/types\/page"}],"author":[{"embeddable":true,"href":"https:\/\/www3.unicentro.br\/paranafalaespanhol\/wp-json\/wp\/v2\/users\/3"}],"replies":[{"embeddable":true,"href":"https:\/\/www3.unicentro.br\/paranafalaespanhol\/wp-json\/wp\/v2\/comments?post=16"}],"version-history":[{"count":3,"href":"https:\/\/www3.unicentro.br\/paranafalaespanhol\/wp-json\/wp\/v2\/pages\/16\/revisions"}],"predecessor-version":[{"id":340,"href":"https:\/\/www3.unicentro.br\/paranafalaespanhol\/wp-json\/wp\/v2\/pages\/16\/revisions\/340"}],"wp:attachment":[{"href":"https:\/\/www3.unicentro.br\/paranafalaespanhol\/wp-json\/wp\/v2\/media?parent=16"}],"curies":[{"name":"wp","href":"https:\/\/api.w.org\/{rel}","templated":true}]}}