{"id":11,"date":"2022-09-08T11:25:39","date_gmt":"2022-09-08T14:25:39","guid":{"rendered":"https:\/\/www3.unicentro.br\/paranafalaespanhol\/?page_id=11"},"modified":"2026-04-07T08:46:32","modified_gmt":"2026-04-07T11:46:32","slug":"inicial","status":"publish","type":"page","link":"https:\/\/www3.unicentro.br\/paranafalaespanhol\/","title":{"rendered":"Inicial"},"content":{"rendered":"<div class=\"wpb-content-wrapper\"><p>[vc_row disable_element=&#8221;yes&#8221; u_row_style=&#8221;0&#8243; u_row_paralax=&#8221;0&#8243; u_row_scheme=&#8221;0&#8243; css=&#8221;.vc_custom_1693931490301{margin-top: -40px !important;margin-bottom: -40px !important;}&#8221;][vc_column]\n\t\t\t\t<p class=\"rs-p-wp-fix\"><\/p>\n\t\t\t\t<sr7-module data-alias=\"home\" data-id=\"1\" id=\"SR7_1_1\" data-version=\"6.7.51\">\n\t\t\t\t\t<sr7-adjuster><\/sr7-adjuster>\n\t\t\t\t\t<sr7-content>\n\t\t\t\t\t\t<sr7-slide id=\"SR7_1_1-1\" data-key=\"1\">\n\t\t\t\t\t\t\t<sr7-txt id=\"SR7_1_1-1-0\" class=\"sr7-layer\">Programa<\/sr7-txt>\n\t\t\t\t\t\t\t<sr7-txt id=\"SR7_1_1-1-1\" class=\"sr7-layer\">Paran\u00e1 Fala Espanhol<\/sr7-txt>\n\t\t\t\t\t\t<\/sr7-slide>\n\t\t\t\t\t\t<sr7-slide id=\"SR7_1_1-2\" data-key=\"2\">\n\t\t\t\t\t\t<\/sr7-slide>\n\t\t\t\t\t<\/sr7-content>\n\t\t\t\t<\/sr7-module>\n\t\t\t\t<script>\n\t\t\t\t\twindow.SR7 ??={};SR7.PMH ??={}; SR7.PMH[\"SR7_1_1\"] = {cn:100,state:false,fn: function() { if (window._tpt!==undefined && window._tpt.prepareModuleHeight !== undefined) {  _tpt.prepareModuleHeight({id:\"SR7_1_1\",el:[600],type:'standard',shdw:'0',gh:[600],gw:[1200],vpt:['-200px'],size:{fullWidth:true, fullHeight:false},mh:'0',onh:0,onw:0,bg:{color:'transparent'}});   SR7.PMH[\"SR7_1_1\"].state=true;} else if(SR7.PMH[\"SR7_1_1\"].cn-->0)\tsetTimeout( SR7.PMH[\"SR7_1_1\"].fn,19);}};SR7.PMH[\"SR7_1_1\" ].fn();\n\t\t\t\t<\/script>\n[\/vc_column][\/vc_row][vc_row][vc_column][vc_single_image image=&#8221;152&#8243; img_size=&#8221;full&#8221; alignment=&#8221;center&#8221; css_animation=&#8221;fadeIn&#8221;][vc_column_text css=&#8221;&#8221;]Lan\u00e7ado em 2023, com o apoio da Secretaria de Ci\u00eancia, Tecnologia e Ensino Superior do Paran\u00e1 (Seti), bem como da Unidade Executiva do Fundo Paran\u00e1 (UEF), o programa \u201cO Paran\u00e1 Fala Espanhol\u201d (PFE) \u00e9 um trabalho conjunto das institui\u00e7\u00f5es de ensino superior p\u00fablicas estaduais do Paran\u00e1 (UNICENTRO, UEPG, UEL, UEM, UNESPAR, UENP, UNIOESTE). O programa contribui para o fortalecimento das a\u00e7\u00f5es de internacionaliza\u00e7\u00e3o das universidades, um processo em franca expans\u00e3o, para o qual a excel\u00eancia no desempenho em l\u00edngua estrangeira \u00e9 fundamental. No ano de lan\u00e7amento, 2023, tivemos mais de 100 inscritos nos primeiros cursos, incluindo docentes, funcion\u00e1rios e discentes interessados em participar de programas de mobilidade internacional, bem como participar em eventos nos quais o uso do espanhol \u00e9 requerido. A Unicentro possui acordos de coopera\u00e7\u00e3o com diversas universidades da Espanha e da Am\u00e9rica Latina. Venha estudar espanhol no PFE, com professores qualificados e cursos espec\u00edficos para ter acesso a variadas oportunidades acad\u00eamicas em que o conhecimento de espanhol \u00e9 requerido.[\/vc_column_text][vc_single_image image=&#8221;158&#8243; img_size=&#8221;full&#8221; alignment=&#8221;center&#8221;][\/vc_column][\/vc_row]<\/p>\n<\/div>","protected":false},"excerpt":{"rendered":"<p>[vc_row disable_element=&#8221;yes&#8221; u_row_style=&#8221;0&#8243; u_row_paralax=&#8221;0&#8243; u_row_scheme=&#8221;0&#8243; css=&#8221;.vc_custom_1693931490301{margin-top: -40px !important;margin-bottom: -40px !important;}&#8221;][vc_column][\/vc_column][\/vc_row][vc_row][vc_column][vc_single_image image=&#8221;152&#8243; img_size=&#8221;full&#8221; alignment=&#8221;center&#8221; css_animation=&#8221;fadeIn&#8221;][vc_column_text css=&#8221;&#8221;]Lan\u00e7ado em 2023, com o apoio da Secretaria de Ci\u00eancia, Tecnologia e Ensino Superior do Paran\u00e1 (Seti), bem como da Unidade Executiva do Fundo Paran\u00e1 (UEF), o programa \u201cO Paran\u00e1 Fala Espanhol\u201d (PFE) \u00e9 um trabalho conjunto das institui\u00e7\u00f5es de ensino [&hellip;]<\/p>\n","protected":false},"author":3,"featured_media":0,"parent":0,"menu_order":0,"comment_status":"closed","ping_status":"closed","template":"page-templates\/front-page.php","meta":{"_exactmetrics_skip_tracking":false,"_exactmetrics_sitenote_active":false,"_exactmetrics_sitenote_note":"","_exactmetrics_sitenote_category":0,"footnotes":"","_links_to":"","_links_to_target":""},"class_list":["post-11","page","type-page","status-publish","hentry"],"_links":{"self":[{"href":"https:\/\/www3.unicentro.br\/paranafalaespanhol\/wp-json\/wp\/v2\/pages\/11","targetHints":{"allow":["GET"]}}],"collection":[{"href":"https:\/\/www3.unicentro.br\/paranafalaespanhol\/wp-json\/wp\/v2\/pages"}],"about":[{"href":"https:\/\/www3.unicentro.br\/paranafalaespanhol\/wp-json\/wp\/v2\/types\/page"}],"author":[{"embeddable":true,"href":"https:\/\/www3.unicentro.br\/paranafalaespanhol\/wp-json\/wp\/v2\/users\/3"}],"replies":[{"embeddable":true,"href":"https:\/\/www3.unicentro.br\/paranafalaespanhol\/wp-json\/wp\/v2\/comments?post=11"}],"version-history":[{"count":3,"href":"https:\/\/www3.unicentro.br\/paranafalaespanhol\/wp-json\/wp\/v2\/pages\/11\/revisions"}],"predecessor-version":[{"id":338,"href":"https:\/\/www3.unicentro.br\/paranafalaespanhol\/wp-json\/wp\/v2\/pages\/11\/revisions\/338"}],"wp:attachment":[{"href":"https:\/\/www3.unicentro.br\/paranafalaespanhol\/wp-json\/wp\/v2\/media?parent=11"}],"curies":[{"name":"wp","href":"https:\/\/api.w.org\/{rel}","templated":true}]}}