{"id":71,"date":"2025-12-10T11:50:03","date_gmt":"2025-12-10T14:50:03","guid":{"rendered":"https:\/\/www3.unicentro.br\/observatorioeconomico\/?page_id=71"},"modified":"2026-03-30T08:54:59","modified_gmt":"2026-03-30T11:54:59","slug":"pobreza-e-desigualdade","status":"publish","type":"page","link":"https:\/\/www3.unicentro.br\/observatorioeconomico\/socioeconomicos\/pobreza-e-desigualdade\/","title":{"rendered":"Pobreza e Desigualdade"},"content":{"rendered":"<div class=\"wpb-content-wrapper\"><p>[vc_row][vc_column][vc_column_text css=&#8221;&#8221;]<\/p>\n<p style=\"text-align: justify\"><b>Pobreza em Guarapuava apresenta alta mensal, mas mant\u00e9m tend\u00eancia de queda anual<\/b><\/p>\n<p style=\"text-align: justify\">O n\u00famero de fam\u00edlias em situa\u00e7\u00e3o de pobreza aumentou em Guarapuava no in\u00edcio de 2026. Segundo dados do Cadastro \u00danico, o contingente de fam\u00edlias com renda mensal de at\u00e9 R$ 218,00 subiu de 10.987 em janeiro para 11.135 em fevereiro \u2014 uma alta de <b>1,35%<\/b>. O avan\u00e7o local superou as m\u00e9dias registradas no Paran\u00e1 (0,89%) e no Brasil (0,49%) no mesmo per\u00edodo.<\/p>\n<p style=\"text-align: justify\">Contudo, em uma perspectiva ampliada de 12 meses, os indicadores permanecem positivos. No \u00faltimo ano, Guarapuava registrou uma redu\u00e7\u00e3o de <b>2,79%<\/b> no n\u00famero de fam\u00edlias abaixo da linha de pobreza, superando a queda observada no estado (1,85%) e no pa\u00eds (2,40%).<\/p>\n<p>[\/vc_column_text][\/vc_column][\/vc_row][vc_row u_row_style=&#8221;0&#8243; u_row_paralax=&#8221;0&#8243; u_row_scheme=&#8221;0&#8243; el_class=&#8221;oe-grafico&#8221;][vc_column][vc_line_chart x_values=&#8221;MAR\/23;ABR\/23;MAI\/23;JUN\/23;JUL\/23;AGO\/23;SET\/23;OUT\/23;NOV\/23;DEZ\/23;JAN\/24;FEV\/24;MAR\/24;ABR\/24;MAI\/24;JUN\/24;JUL\/24;AGO\/24;SET\/24;OUT\/24;NOV\/24;DEZ\/24;JAN\/25;FEV\/25;MAR\/25;MAI\/25;JUN\/25;JUL\/25;AGO\/25;SET\/25;OUT\/25;NOV\/25;DEZ\/25;JAN\/26;FEV\/26;&#8221; values=&#8221;%5B%7B%22title%22%3A%22GUARAPUAVA%20%22%2C%22y_values%22%3A%2214230%3B%2014273%3B%2014468%3B%2011738%3B%2012072%3B%2012394%3B%2012711%3B%2011952%3B%2012156%3B%2012470%3B%2012314%3B%2011712%3B%2012064%3B%2012266%3B%2012459%3B%2011756%3B%2011891%3B%2012230%3B%2011781%3B%2011973%3B%2012116%3B%2011528%3B%2011575%3B%2011454%3B%2011653%3B%2011522%3B%2011407%3B%2011100%3B%2011010%3B%2011073%3B%2011050%3B%2011017%3B%2011079%3B%2010987%3B%2011135%3B%22%2C%22color%22%3A%22blue%22%7D%5D&#8221; css=&#8221;&#8221;][\/vc_column][\/vc_row][vc_row u_row_style=&#8221;0&#8243; u_row_paralax=&#8221;0&#8243; u_row_scheme=&#8221;0&#8243; el_class=&#8221;oe-grafico&#8221;][vc_column][vc_line_chart x_values=&#8221;MAR\/23;ABR\/23;MAI\/23;JUN\/23;JUL\/23;AGO\/23;SET\/23;OUT\/23;NOV\/23;DEZ\/23;JAN\/24;FEV\/24;MAR\/24;ABR\/24;MAI\/24;JUN\/24;JUL\/24;AGO\/24;SET\/24;OUT\/24;NOV\/24;DEZ\/24;JAN\/25;FEV\/25;MAR\/25;MAI\/25;JUN\/25;JUL\/25;AGO\/25;SET\/25;OUT\/25;NOV\/25;DEZ\/25;JAN\/26;FEV\/26&#8243; values=&#8221;%5B%7B%22title%22%3A%22PARAN%C3%81%22%2C%22y_values%22%3A%22749465%3B%20747382%3B%20752514%3B%20610405%3B%20623397%3B%20634878%3B%20646523%3B%20607054%3B%20615339%3B%20626517%3B%20611364%3B%20577142%3B%20589126%3B%20595877%3B%20599034%3B%20565922%3B%20568118%3B%20581286%3B%20557540%3B%20566862%3B%20574925%3B%20551416%3B%20551548%3B%20540137%3B%20549243%3B%20543810%3B%20541395%3B%20532289%3B%20528581%3B%20530639%3B%20529520%3B%20528179%3B%20529454%3B%20525449%3B%20530118%3B%22%2C%22color%22%3A%22pink%22%7D%5D&#8221; css=&#8221;&#8221;][\/vc_column][\/vc_row][vc_row u_row_style=&#8221;0&#8243; u_row_paralax=&#8221;0&#8243; u_row_scheme=&#8221;0&#8243; el_class=&#8221;oe-grafico&#8221;][vc_column][vc_line_chart x_values=&#8221;MAR\/23;ABR\/23;MAI\/23;JUN\/23;JUL\/23;AGO\/23;SET\/23;OUT\/23;NOV\/23;DEZ\/23;JAN\/24;FEV\/24;MAR\/24;ABR\/24;MAI\/24;JUN\/24;JUL\/24;AGO\/24;SET\/24;OUT\/24;NOV\/24;DEZ\/24;JAN\/25;FEV\/25;MAR\/25;MAI\/25;JUN\/25;JUL\/25;AGO\/25;SET\/25;OUT\/25;NOV\/25;DEZ\/25;JAN\/26;FEV\/26&#8243; values=&#8221;%5B%7B%22title%22%3A%22BRASIL%22%2C%22y_values%22%3A%2226020390%3B%2025950829%3B%2026111970%3B%2022462883%3B%2022773237%3B%2023064489%3B%2023313723%3B%2022264177%3B%2022469486%3B%2022774800%3B%2021997398%3B%2021029311%3B%2021328900%3B%2021452086%3B%2021466550%3B%2020637194%3B%2020700062%3B%2021048204%3B%2020447162%3B%2020691586%3B%2020887091%3B%2020298905%3B%2020258990%3B%2019871687%3B%2020083895%3B%2019901160%3B%2019828022%3B%2019563529%3B%2019452231%3B%2019465470%3B%2019420358%3B%2019376361%3B%2019407475%3B%2019300849%3B%2019395067%3B%22%2C%22color%22%3A%22green%22%2C%22custom_color%22%3A%22%23fe6c61%22%7D%5D&#8221; css=&#8221;&#8221;][\/vc_column][\/vc_row]<\/p>\n<\/div>","protected":false},"excerpt":{"rendered":"<p>[vc_row][vc_column][vc_column_text css=&#8221;&#8221;] Pobreza em Guarapuava apresenta alta mensal, mas mant\u00e9m tend\u00eancia de queda anual O n\u00famero de fam\u00edlias em situa\u00e7\u00e3o de pobreza aumentou em Guarapuava no in\u00edcio de 2026. Segundo dados do Cadastro \u00danico, o contingente de fam\u00edlias com renda mensal de at\u00e9 R$ 218,00 subiu de 10.987 em janeiro para 11.135 em fevereiro \u2014 [&hellip;]<\/p>\n","protected":false},"author":3,"featured_media":0,"parent":65,"menu_order":0,"comment_status":"closed","ping_status":"closed","template":"","meta":{"_exactmetrics_skip_tracking":false,"_exactmetrics_sitenote_active":false,"_exactmetrics_sitenote_note":"","_exactmetrics_sitenote_category":0,"footnotes":"","_links_to":"","_links_to_target":""},"class_list":["post-71","page","type-page","status-publish","hentry"],"_links":{"self":[{"href":"https:\/\/www3.unicentro.br\/observatorioeconomico\/wp-json\/wp\/v2\/pages\/71","targetHints":{"allow":["GET"]}}],"collection":[{"href":"https:\/\/www3.unicentro.br\/observatorioeconomico\/wp-json\/wp\/v2\/pages"}],"about":[{"href":"https:\/\/www3.unicentro.br\/observatorioeconomico\/wp-json\/wp\/v2\/types\/page"}],"author":[{"embeddable":true,"href":"https:\/\/www3.unicentro.br\/observatorioeconomico\/wp-json\/wp\/v2\/users\/3"}],"replies":[{"embeddable":true,"href":"https:\/\/www3.unicentro.br\/observatorioeconomico\/wp-json\/wp\/v2\/comments?post=71"}],"version-history":[{"count":3,"href":"https:\/\/www3.unicentro.br\/observatorioeconomico\/wp-json\/wp\/v2\/pages\/71\/revisions"}],"predecessor-version":[{"id":292,"href":"https:\/\/www3.unicentro.br\/observatorioeconomico\/wp-json\/wp\/v2\/pages\/71\/revisions\/292"}],"up":[{"embeddable":true,"href":"https:\/\/www3.unicentro.br\/observatorioeconomico\/wp-json\/wp\/v2\/pages\/65"}],"wp:attachment":[{"href":"https:\/\/www3.unicentro.br\/observatorioeconomico\/wp-json\/wp\/v2\/media?parent=71"}],"curies":[{"name":"wp","href":"https:\/\/api.w.org\/{rel}","templated":true}]}}