{"id":69,"date":"2025-12-10T11:49:45","date_gmt":"2025-12-10T14:49:45","guid":{"rendered":"https:\/\/www3.unicentro.br\/observatorioeconomico\/?page_id=69"},"modified":"2025-12-17T12:02:58","modified_gmt":"2025-12-17T15:02:58","slug":"saude","status":"publish","type":"page","link":"https:\/\/www3.unicentro.br\/observatorioeconomico\/socioeconomicos\/saude\/","title":{"rendered":"Sa\u00fade"},"content":{"rendered":"<div class=\"wpb-content-wrapper\"><p>[vc_row u_row_style=&#8221;0&#8243; u_row_paralax=&#8221;0&#8243; u_row_scheme=&#8221;0&#8243; el_class=&#8221;oe-grafico&#8221;][vc_column width=&#8221;2\/3&#8243;][vc_line_chart x_values=&#8221;1996; 1997; 1998; 1999; 2000; 2001; 2002; 2003; 2004; 2005; 2006; 2007; 2008; 2009; 2010; 2011; 2012; 2013; 2014; 2015; 2016; 2017; 2018; 2019; 2020; 2021; 2022; 2023; 2024&#8243; values=&#8221;%5B%7B%22title%22%3A%22Taxa%20de%20Mortalidade%20(p%2F%20mil%20nascimentos)%22%2C%22y_values%22%3A%2237.71%3B%2035.02%3B%2032.03%3B%2031.63%3B%2026.79%3B%2027.54%3B%2028.79%3B%2020.48%3B%2019.32%3B%2022.16%3B%2014.36%3B%2015.35%3B%2019.95%3B%2019.77%3B%2017.88%3B%2019.06%3B%2019.38%3B%2012.88%3B%2013.68%3B%2013.4%3B%2012.64%3B%2011.73%3B%209.47%3B%208.96%3B%209.89%3B%207.34%3B%209.24%3B%2014.25%3B%2013.84%22%2C%22color%22%3A%22turquoise%22%7D%5D&#8221; css=&#8221;&#8221;][\/vc_column][vc_column width=&#8221;1\/3&#8243;][vc_column_text css=&#8221;&#8221;]<strong>1 \u2013 Taxa de Mortalidade Infantil<\/strong><\/p>\n<p>A s\u00e9rie hist\u00f3rica da Taxa de Mortalidade Infantil (TMI) em Guarapuava, baseada em dados do DATASUS e da SESA\/PR, mostra uma expressiva redu\u00e7\u00e3o entre 1996 e 2021, quando o \u00edndice caiu de 37,71 para o m\u00ednimo hist\u00f3rico de 7,34 \u00f3bitos por mil nascidos vivos, refletindo avan\u00e7os nas pol\u00edticas de sa\u00fade materno-infantil. Contudo, a partir de 2022 observa-se uma revers\u00e3o preocupante, com aumento para 9,24, seguido de um salto de 54% em 2023 (14,25) e uma estabiliza\u00e7\u00e3o em patamar elevado em 2024 (13,84), retrocedendo a n\u00edveis de uma d\u00e9cada atr\u00e1s. Esse cen\u00e1rio indica fragilidades no per\u00edodo p\u00f3s-pand\u00eamico e demanda aten\u00e7\u00e3o urgente de gestores e pesquisadores para retomar a trajet\u00f3ria de queda.[\/vc_column_text][\/vc_column][\/vc_row][vc_row][vc_column][vc_column_text css=&#8221;&#8221;]<strong>2.1 \u2013 Abastecimento de \u00c1gua<\/strong><br \/>\nEm Guarapuava, o \u00cdndice de Atendimento Total de \u00c1gua manteve-se em patamar elevado e est\u00e1vel entre 2021 e 2023, sempre acima de 93% da popula\u00e7\u00e3o atendida pela rede p\u00fablica de distribui\u00e7\u00e3o de \u00e1gua pot\u00e1vel. A varia\u00e7\u00e3o registrada no \u00faltimo per\u00edodo foi de apenas 0,5 pontos percentuais, o que reflete a consolida\u00e7\u00e3o do servi\u00e7o e sua abrang\u00eancia quase universal no munic\u00edpio. No comparativo com o Paran\u00e1 e o Brasil, Guarapuava se destaca por apresentar os melhores \u00edndices durante todo o tri\u00eanio, enquanto as demais esferas geogr\u00e1ficas avan\u00e7am de forma gradual, mas ainda em n\u00edveis inferiores.<\/p>\n<p><strong>2.2 \u2013 Esgotamento Sanit\u00e1rio<\/strong><\/p>\n<p>Considerando o \u00cdndice de Cobertura de Esgotamento Sanit\u00e1rio, Guarapuava apresentou crescimento acelerado e consistente, passando de 85,40% em 2021 para 89,10% em 2023, um avan\u00e7o de 3,7 pontos percentuais em tr\u00eas anos. Esse desempenho coloca o munic\u00edpio muito pr\u00f3ximo da meta de universaliza\u00e7\u00e3o prevista pelo Marco Legal do Saneamento e evidencia uma infraestrutura mais robusta em compara\u00e7\u00e3o \u00e0s m\u00e9dias estadual e nacional. Em 2023, Guarapuava registrou uma cobertura 11,8 pontos percentuais superior ao Paran\u00e1 e 31,3 pontos acima da m\u00e9dia brasileira, consolidando-se como refer\u00eancia regional na expans\u00e3o do acesso ao esgotamento sanit\u00e1rio.[\/vc_column_text][\/vc_column][\/vc_row]<\/p>\n<\/div>","protected":false},"excerpt":{"rendered":"<p>[vc_row u_row_style=&#8221;0&#8243; u_row_paralax=&#8221;0&#8243; u_row_scheme=&#8221;0&#8243; el_class=&#8221;oe-grafico&#8221;][vc_column width=&#8221;2\/3&#8243;][vc_line_chart x_values=&#8221;1996; 1997; 1998; 1999; 2000; 2001; 2002; 2003; 2004; 2005; 2006; 2007; 2008; 2009; 2010; 2011; 2012; 2013; 2014; 2015; 2016; 2017; 2018; 2019; 2020; 2021; 2022; 2023; 2024&#8243; values=&#8221;%5B%7B%22title%22%3A%22Taxa%20de%20Mortalidade%20(p%2F%20mil%20nascimentos)%22%2C%22y_values%22%3A%2237.71%3B%2035.02%3B%2032.03%3B%2031.63%3B%2026.79%3B%2027.54%3B%2028.79%3B%2020.48%3B%2019.32%3B%2022.16%3B%2014.36%3B%2015.35%3B%2019.95%3B%2019.77%3B%2017.88%3B%2019.06%3B%2019.38%3B%2012.88%3B%2013.68%3B%2013.4%3B%2012.64%3B%2011.73%3B%209.47%3B%208.96%3B%209.89%3B%207.34%3B%209.24%3B%2014.25%3B%2013.84%22%2C%22color%22%3A%22turquoise%22%7D%5D&#8221; css=&#8221;&#8221;][\/vc_column][vc_column width=&#8221;1\/3&#8243;][vc_column_text css=&#8221;&#8221;]1 \u2013 Taxa de Mortalidade Infantil A s\u00e9rie hist\u00f3rica da Taxa de Mortalidade Infantil (TMI) em Guarapuava, [&hellip;]<\/p>\n","protected":false},"author":3,"featured_media":0,"parent":65,"menu_order":0,"comment_status":"closed","ping_status":"closed","template":"","meta":{"_exactmetrics_skip_tracking":false,"_exactmetrics_sitenote_active":false,"_exactmetrics_sitenote_note":"","_exactmetrics_sitenote_category":0,"footnotes":"","_links_to":"","_links_to_target":""},"class_list":["post-69","page","type-page","status-publish","hentry"],"_links":{"self":[{"href":"https:\/\/www3.unicentro.br\/observatorioeconomico\/wp-json\/wp\/v2\/pages\/69","targetHints":{"allow":["GET"]}}],"collection":[{"href":"https:\/\/www3.unicentro.br\/observatorioeconomico\/wp-json\/wp\/v2\/pages"}],"about":[{"href":"https:\/\/www3.unicentro.br\/observatorioeconomico\/wp-json\/wp\/v2\/types\/page"}],"author":[{"embeddable":true,"href":"https:\/\/www3.unicentro.br\/observatorioeconomico\/wp-json\/wp\/v2\/users\/3"}],"replies":[{"embeddable":true,"href":"https:\/\/www3.unicentro.br\/observatorioeconomico\/wp-json\/wp\/v2\/comments?post=69"}],"version-history":[{"count":2,"href":"https:\/\/www3.unicentro.br\/observatorioeconomico\/wp-json\/wp\/v2\/pages\/69\/revisions"}],"predecessor-version":[{"id":215,"href":"https:\/\/www3.unicentro.br\/observatorioeconomico\/wp-json\/wp\/v2\/pages\/69\/revisions\/215"}],"up":[{"embeddable":true,"href":"https:\/\/www3.unicentro.br\/observatorioeconomico\/wp-json\/wp\/v2\/pages\/65"}],"wp:attachment":[{"href":"https:\/\/www3.unicentro.br\/observatorioeconomico\/wp-json\/wp\/v2\/media?parent=69"}],"curies":[{"name":"wp","href":"https:\/\/api.w.org\/{rel}","templated":true}]}}