{"id":63,"date":"2025-12-10T11:48:41","date_gmt":"2025-12-10T14:48:41","guid":{"rendered":"https:\/\/www3.unicentro.br\/observatorioeconomico\/?page_id=63"},"modified":"2026-03-17T11:52:45","modified_gmt":"2026-03-17T14:52:45","slug":"gastos","status":"publish","type":"page","link":"https:\/\/www3.unicentro.br\/observatorioeconomico\/financas-publicas\/gastos\/","title":{"rendered":"Gastos"},"content":{"rendered":"<div class=\"wpb-content-wrapper\"><p>[vc_row content_placement=&#8221;middle&#8221; u_row_style=&#8221;0&#8243; u_row_paralax=&#8221;0&#8243; u_row_scheme=&#8221;0&#8243;][vc_column width=&#8221;1\/3&#8243;][vc_line_chart legend=&#8221;&#8221; x_values=&#8221;1\u00ba Trimestre; 2\u00ba Trimestre; 3\u00ba Trimestre; 4\u00ba Trimestre&#8221; values=&#8221;%5B%7B%22title%22%3A%22Despesas%22%2C%22y_values%22%3A%22185.0%3B227.9%3B259.2%3B295.7%22%2C%22color%22%3A%22juicy-pink%22%7D%5D&#8221; animation=&#8221;easeOutBounce&#8221; css=&#8221;&#8221;][\/vc_column][vc_column width=&#8221;2\/3&#8243;][vc_column_text css=&#8221;&#8221;]<\/p>\n<p class=\"p1\">As despesas mostram crescimento trimestral cont\u00ednuo, totalizando R$ 672,19 milh\u00f5es nos tr\u00eas primeiros trimestres, um aumento de 40,1% em rela\u00e7\u00e3o ao in\u00edcio do ano. Esse crescimento supera o das receitas, resultando em d\u00e9ficit acumulado de R$ 12,34 milh\u00f5es.<\/p>\n<p>[\/vc_column_text][\/vc_column][\/vc_row][vc_row][vc_column][vc_text_separator title=&#8221;EDUCA\u00c7\u00c3O&#8221; color=&#8221;juicy_pink&#8221; css=&#8221;&#8221; el_class=&#8221;titulo-divisor&#8221;][\/vc_column][\/vc_row][vc_row content_placement=&#8221;middle&#8221; u_row_style=&#8221;0&#8243; u_row_paralax=&#8221;0&#8243; u_row_scheme=&#8221;0&#8243;][vc_column width=&#8221;2\/3&#8243;][vc_column_text css=&#8221;&#8221;]<\/p>\n<p class=\"p1\">As despesas com Educa\u00e7\u00e3o apresentam crescimento trimestral acelerado: 1\u00ba Trim (R$ 45,46M) \u2192 2\u00ba Trim (R$ 61,53M, +35,4%) \u2192 3\u00ba Trim (R$ 69,76M, +13,4%). Este aumento acumulado de 53,5% reflete investimentos em in\u00edcio de ano letivo, contrata\u00e7\u00f5es de professores e manuten\u00e7\u00e3o de infraestrutura escolar. Como maior rubrica or\u00e7ament\u00e1ria, consome 26,3% do total de despesas at\u00e9 o momento.<\/p>\n<p>[\/vc_column_text][\/vc_column][vc_column width=&#8221;1\/3&#8243;][vc_line_chart legend=&#8221;&#8221; x_values=&#8221;1\u00ba Trimestre; 2\u00ba Trimestre; 3\u00ba Trimestre; 4\u00ba Trimestre&#8221; values=&#8221;%5B%7B%22title%22%3A%22Despesas%22%2C%22y_values%22%3A%2245.4%3B61.5%3B69.7%3B80.6%22%2C%22color%22%3A%22juicy-pink%22%7D%5D&#8221; animation=&#8221;easeOutBounce&#8221; css=&#8221;&#8221;][\/vc_column][\/vc_row][vc_row][vc_column][vc_text_separator title=&#8221;SA\u00daDE&#8221; color=&#8221;juicy_pink&#8221; css=&#8221;&#8221; el_class=&#8221;titulo-divisor&#8221;][\/vc_column][\/vc_row][vc_row content_placement=&#8221;middle&#8221; u_row_style=&#8221;0&#8243; u_row_paralax=&#8221;0&#8243; u_row_scheme=&#8221;0&#8243;][vc_column width=&#8221;1\/3&#8243;][vc_line_chart legend=&#8221;&#8221; x_values=&#8221;1\u00ba Trimestre; 2\u00ba Trimestre; 3\u00ba Trimestre; 4\u00ba Trimestre&#8221; values=&#8221;%5B%7B%22title%22%3A%22Despesas%22%2C%22y_values%22%3A%2244.9%3B54.1%3B59.3%3B70.5%22%2C%22color%22%3A%22juicy-pink%22%7D%5D&#8221; animation=&#8221;easeOutBounce&#8221; css=&#8221;&#8221;][\/vc_column][vc_column width=&#8221;2\/3&#8243;][vc_column_text css=&#8221;&#8221;]<\/p>\n<p class=\"p1\">Os gastos com Sa\u00fade seguem trajet\u00f3ria de crescimento constante, aumentando 20,3% do primeiro para o segundo trimestre e 9,6% do segundo para o terceiro. Este padr\u00e3o pode estar associado a demandas sazonais (inverno), aquisi\u00e7\u00e3o de medicamentos e equipamentos, ou amplia\u00e7\u00e3o de servi\u00e7os. Representando 23,6% das despesas totais, mant\u00e9m-se como segunda maior prioridade or\u00e7ament\u00e1ria.<\/p>\n<p>[\/vc_column_text][\/vc_column][\/vc_row][vc_row][vc_column][vc_text_separator title=&#8221;SECRETARIA DE VIA\u00c7\u00c3O, OBRAS E SERVI\u00c7OS URBANOS&#8221; color=&#8221;juicy_pink&#8221; css=&#8221;&#8221; el_class=&#8221;titulo-divisor&#8221;][\/vc_column][\/vc_row][vc_row content_placement=&#8221;middle&#8221; u_row_style=&#8221;0&#8243; u_row_paralax=&#8221;0&#8243; u_row_scheme=&#8221;0&#8243;][vc_column width=&#8221;2\/3&#8243;][vc_column_text css=&#8221;&#8221;]<\/p>\n<p class=\"p1\">Os investimentos em infraestrutura urbana mostram crescimento consistente: 18,6% entre primeiro e segundo trimestres, e 18,6% novamente entre segundo e terceiro. Este padr\u00e3o sugere programa\u00e7\u00e3o planejada de obras p\u00fablicas, com execu\u00e7\u00e3o progressiva ao longo do ano. Como terceira maior despesa (8,0% do total), indica compromisso com desenvolvimento urbano e mobilidade.<\/p>\n<p>[\/vc_column_text][\/vc_column][vc_column width=&#8221;1\/3&#8243;][vc_line_chart legend=&#8221;&#8221; x_values=&#8221;1\u00ba Trimestre; 2\u00ba Trimestre; 3\u00ba Trimestre; 4\u00ba Trimestre&#8221; values=&#8221;%5B%7B%22title%22%3A%22Despesas%22%2C%22y_values%22%3A%2215.0%3B17.8%3B21.1%3B22%22%2C%22color%22%3A%22juicy-pink%22%7D%5D&#8221; animation=&#8221;easeOutBounce&#8221; css=&#8221;&#8221;][\/vc_column][\/vc_row][vc_row][vc_column][vc_text_separator title=&#8221;SECRETARIA MUNICIPAL DE ADMINISTRA\u00c7\u00c3O&#8221; color=&#8221;juicy_pink&#8221; css=&#8221;&#8221; el_class=&#8221;titulo-divisor&#8221;][\/vc_column][\/vc_row][vc_row content_placement=&#8221;middle&#8221; u_row_style=&#8221;0&#8243; u_row_paralax=&#8221;0&#8243; u_row_scheme=&#8221;0&#8243;][vc_column width=&#8221;1\/3&#8243;][vc_line_chart legend=&#8221;&#8221; x_values=&#8221;1\u00ba Trimestre; 2\u00ba Trimestre; 3\u00ba Trimestre; 4\u00ba Trimestre&#8221; values=&#8221;%5B%7B%22title%22%3A%22Despesas%22%2C%22y_values%22%3A%224.3%3B5.7%3B7.7%3B7.2%22%2C%22color%22%3A%22juicy-pink%22%7D%5D&#8221; animation=&#8221;easeOutBounce&#8221; css=&#8221;&#8221;][\/vc_column][vc_column width=&#8221;2\/3&#8243;][vc_column_text css=&#8221;&#8221;]<\/p>\n<p class=\"p1\">As despesas administrativas apresentam o maior crescimento percentual entre todas as secretarias: 30,8% do primeiro para o segundo trimestre e 34,9% do segundo para o terceiro. Este aumento acumulado de 76,3% pode estar relacionado a processos licitat\u00f3rios, contrata\u00e7\u00f5es tempor\u00e1rias, ou investimentos em moderniza\u00e7\u00e3o administrativa. Requer monitoramento quanto \u00e0 efici\u00eancia do gasto.<\/p>\n<p>[\/vc_column_text][\/vc_column][\/vc_row][vc_row][vc_column][vc_text_separator title=&#8221;SECRETARIA MUNICIPAL DE FINAN\u00c7AS&#8221; color=&#8221;juicy_pink&#8221; css=&#8221;&#8221; el_class=&#8221;titulo-divisor&#8221;][\/vc_column][\/vc_row][vc_row content_placement=&#8221;middle&#8221; u_row_style=&#8221;0&#8243; u_row_paralax=&#8221;0&#8243; u_row_scheme=&#8221;0&#8243;][vc_column width=&#8221;2\/3&#8243;][vc_column_text css=&#8221;&#8221;]<\/p>\n<p class=\"p1\">Os gastos da Secretaria de Finan\u00e7as cresceram 18,2% do primeiro para o segundo trimestre e 6,0% do segundo para o terceiro. Este padr\u00e3o mais moderado comparado a outras secretarias pode refletir efici\u00eancia na gest\u00e3o ou estrutura de custos mais previs\u00edvel. Como respons\u00e1vel pela arrecada\u00e7\u00e3o e controle financeiro, seu bom funcionamento \u00e9 essencial para o equil\u00edbrio fiscal.<\/p>\n<p>[\/vc_column_text][\/vc_column][vc_column width=&#8221;1\/3&#8243;][vc_line_chart legend=&#8221;&#8221; x_values=&#8221;1\u00ba Trimestre; 2\u00ba Trimestre; 3\u00ba Trimestre; 4\u00ba Trimestre&#8221; values=&#8221;%5B%7B%22title%22%3A%22Despesas%22%2C%22y_values%22%3A%2220.9%3B24.7%3B26.2%3B27.6%22%2C%22color%22%3A%22juicy-pink%22%7D%5D&#8221; animation=&#8221;easeOutBounce&#8221; css=&#8221;&#8221;][\/vc_column][\/vc_row][vc_row][vc_column][vc_text_separator title=&#8221;SECRETARIA DE ASSIST\u00caNCIA E DESENVOLVIMENTO SOCIAL&#8221; color=&#8221;juicy_pink&#8221; css=&#8221;&#8221; el_class=&#8221;titulo-divisor&#8221;][\/vc_column][\/vc_row][vc_row content_placement=&#8221;middle&#8221; u_row_style=&#8221;0&#8243; u_row_paralax=&#8221;0&#8243; u_row_scheme=&#8221;0&#8243;][vc_column width=&#8221;1\/3&#8243;][vc_line_chart legend=&#8221;&#8221; x_values=&#8221;1\u00ba Trimestre; 2\u00ba Trimestre; 3\u00ba Trimestre; 4\u00ba Trimestre&#8221; values=&#8221;%5B%7B%22title%22%3A%22Despesas%22%2C%22y_values%22%3A%224%3B5.4%3B6.8%3B8.1%22%2C%22color%22%3A%22juicy-pink%22%7D%5D&#8221; animation=&#8221;easeOutBounce&#8221; css=&#8221;&#8221;][\/vc_column][vc_column width=&#8221;2\/3&#8243;][vc_column_text css=&#8221;&#8221;]<\/p>\n<p class=\"p1\">Os gastos com assist\u00eancia social apresentam crescimento expressivo: 35,3% entre primeiro e segundo trimestres, e 24,3% entre segundo e terceiro. Este aumento pode estar relacionado a programas sociais sazonais (inverno), aux\u00edlios emergenciais ou amplia\u00e7\u00e3o da cobertura de benef\u00edcios. Representa 2,4% das despesas totais, com tend\u00eancia de aumento.<\/p>\n<p>[\/vc_column_text][\/vc_column][\/vc_row][vc_row][vc_column][vc_text_separator title=&#8221;SECRETARIA DE MEIO AMBIENTE&#8221; color=&#8221;juicy_pink&#8221; css=&#8221;&#8221; el_class=&#8221;titulo-divisor&#8221;][\/vc_column][\/vc_row][vc_row content_placement=&#8221;middle&#8221; u_row_style=&#8221;0&#8243; u_row_paralax=&#8221;0&#8243; u_row_scheme=&#8221;0&#8243;][vc_column width=&#8221;2\/3&#8243;][vc_column_text css=&#8221;&#8221;]<\/p>\n<p class=\"p1\">As despesas ambientais mostram crescimento sustentado: 18,0% do primeiro para o segundo trimestre e 21,0% do segundo para o terceiro. Este padr\u00e3o sugere implementa\u00e7\u00e3o progressiva de pol\u00edticas ambientais, investimentos em saneamento ou programas de educa\u00e7\u00e3o ambiental. Representando 3,7% do or\u00e7amento, indica compromisso crescente com sustentabilidade.<\/p>\n<p>[\/vc_column_text][\/vc_column][vc_column width=&#8221;1\/3&#8243;][vc_line_chart legend=&#8221;&#8221; x_values=&#8221;1\u00ba Trimestre; 2\u00ba Trimestre; 3\u00ba Trimestre; 4\u00ba Trimestre&#8221; values=&#8221;%5B%7B%22title%22%3A%22Despesas%22%2C%22y_values%22%3A%226.9%3B8.2%3B9.9%3B10.3%22%2C%22color%22%3A%22juicy-pink%22%7D%5D&#8221; animation=&#8221;easeOutBounce&#8221; css=&#8221;&#8221;][\/vc_column][\/vc_row]<\/p>\n<\/div>","protected":false},"excerpt":{"rendered":"<p>[vc_row content_placement=&#8221;middle&#8221; u_row_style=&#8221;0&#8243; u_row_paralax=&#8221;0&#8243; u_row_scheme=&#8221;0&#8243;][vc_column width=&#8221;1\/3&#8243;][vc_line_chart legend=&#8221;&#8221; x_values=&#8221;1\u00ba Trimestre; 2\u00ba Trimestre; 3\u00ba Trimestre; 4\u00ba Trimestre&#8221; values=&#8221;%5B%7B%22title%22%3A%22Despesas%22%2C%22y_values%22%3A%22185.0%3B227.9%3B259.2%3B295.7%22%2C%22color%22%3A%22juicy-pink%22%7D%5D&#8221; animation=&#8221;easeOutBounce&#8221; css=&#8221;&#8221;][\/vc_column][vc_column width=&#8221;2\/3&#8243;][vc_column_text css=&#8221;&#8221;] As despesas mostram crescimento trimestral cont\u00ednuo, totalizando R$ 672,19 milh\u00f5es nos tr\u00eas primeiros trimestres, um aumento de 40,1% em rela\u00e7\u00e3o ao in\u00edcio do ano. Esse crescimento supera o das receitas, resultando em d\u00e9ficit acumulado de [&hellip;]<\/p>\n","protected":false},"author":3,"featured_media":0,"parent":59,"menu_order":0,"comment_status":"closed","ping_status":"closed","template":"","meta":{"_exactmetrics_skip_tracking":false,"_exactmetrics_sitenote_active":false,"_exactmetrics_sitenote_note":"","_exactmetrics_sitenote_category":0,"footnotes":"","_links_to":"","_links_to_target":""},"class_list":["post-63","page","type-page","status-publish","hentry"],"_links":{"self":[{"href":"https:\/\/www3.unicentro.br\/observatorioeconomico\/wp-json\/wp\/v2\/pages\/63","targetHints":{"allow":["GET"]}}],"collection":[{"href":"https:\/\/www3.unicentro.br\/observatorioeconomico\/wp-json\/wp\/v2\/pages"}],"about":[{"href":"https:\/\/www3.unicentro.br\/observatorioeconomico\/wp-json\/wp\/v2\/types\/page"}],"author":[{"embeddable":true,"href":"https:\/\/www3.unicentro.br\/observatorioeconomico\/wp-json\/wp\/v2\/users\/3"}],"replies":[{"embeddable":true,"href":"https:\/\/www3.unicentro.br\/observatorioeconomico\/wp-json\/wp\/v2\/comments?post=63"}],"version-history":[{"count":3,"href":"https:\/\/www3.unicentro.br\/observatorioeconomico\/wp-json\/wp\/v2\/pages\/63\/revisions"}],"predecessor-version":[{"id":290,"href":"https:\/\/www3.unicentro.br\/observatorioeconomico\/wp-json\/wp\/v2\/pages\/63\/revisions\/290"}],"up":[{"embeddable":true,"href":"https:\/\/www3.unicentro.br\/observatorioeconomico\/wp-json\/wp\/v2\/pages\/59"}],"wp:attachment":[{"href":"https:\/\/www3.unicentro.br\/observatorioeconomico\/wp-json\/wp\/v2\/media?parent=63"}],"curies":[{"name":"wp","href":"https:\/\/api.w.org\/{rel}","templated":true}]}}