{"id":57,"date":"2025-12-10T11:44:43","date_gmt":"2025-12-10T14:44:43","guid":{"rendered":"https:\/\/www3.unicentro.br\/observatorioeconomico\/?page_id=57"},"modified":"2026-03-17T11:36:52","modified_gmt":"2026-03-17T14:36:52","slug":"comercio-exterior","status":"publish","type":"page","link":"https:\/\/www3.unicentro.br\/observatorioeconomico\/estrutura-produtiva\/comercio-exterior\/","title":{"rendered":"Com\u00e9rcio Exterior"},"content":{"rendered":"<div class=\"wpb-content-wrapper\"><p>[vc_row u_row_style=&#8221;0&#8243; u_row_paralax=&#8221;0&#8243; u_row_scheme=&#8221;0&#8243; el_class=&#8221;oe-grafico&#8221;][vc_column][vc_column_text css=&#8221;&#8221;]Guarapuava retoma saldo positivo na balan\u00e7a comercial no terceiro trimestre, ap\u00f3s dois trimestres consecutivos importando mais que exportando (Figura 3). Isso se deve aos principais segmentos que representam a pauta de exporta\u00e7\u00e3o de Guarapuava (madeira, papel) que sofreram com o \u201ctarifa\u00e7o\u201d imposto pelos Estados Unidos.<\/p>\n<p>&nbsp;<\/p>\n<p style=\"text-align: center\"><strong>Figura 3: Saldo da Balan\u00e7a Comercial de Guarapuava (por trimestre 2025- US$ FOB)<\/strong><\/p>\n<p>[\/vc_column_text][vc_line_chart x_values=&#8221;1\u00ba Trimestre; 2\u00ba Trimestre; 3\u00ba Trimestre; 4\u00ba Trimestre&#8221; values=&#8221;%5B%7B%22title%22%3A%22Saldo%20da%20Balan%C3%A7a%20Comercial%20de%20Guarapuava%20%22%2C%22y_values%22%3A%22-7633452%3B-28487950%3B8175234%3B3464478%22%2C%22color%22%3A%22blue%22%7D%5D&#8221; css=&#8221;&#8221;][vc_column_text css=&#8221;&#8221;]<\/p>\n<p style=\"text-align: center\"><span style=\"font-size: 10pt\"><em>Fonte: Elaborado a partir de dados do COMEX \u00a0(Minist\u00e9rio do Desenvolvimento, Ind\u00fastria, Com\u00e9rcio e Servi\u00e7os)\u00a0(2025).<\/em><\/span><\/p>\n<p>Tabela 3. Saldo da Balan\u00e7a Comercial de Guarapuava em 2025 (Valor<\/p>\n<table class=\"aligncenter\" style=\"width: 100%;border-style: solid;border-color: #7a7a7a\" border=\"1px\" width=\"100%\">\n<tfoot>\n<tr>\n<td><strong>Saldo de 12 meses<\/strong><\/td>\n<td><\/td>\n<td><\/td>\n<td><strong>-2.226.517,18<\/strong><\/td>\n<\/tr>\n<\/tfoot>\n<thead>\n<tr>\n<td width=\"119\"><strong>M\u00eas<\/strong><\/td>\n<td width=\"213\"><strong>Exporta\u00e7\u00e3o &#8211; 2025 &#8211; Valor US$ FOB<\/strong><\/td>\n<td width=\"215\"><strong>Importa\u00e7\u00e3o &#8211; 2025 &#8211; Valor US$ FOB<\/strong><\/td>\n<td width=\"215\"><strong>Saldo<\/strong><\/td>\n<\/tr>\n<\/thead>\n<tbody>\n<tr>\n<td width=\"119\">01. janeiro<\/td>\n<td width=\"213\">15.007.322,00<\/td>\n<td width=\"215\">26.811.554,00<\/td>\n<td width=\"215\">11.804.232,00<\/td>\n<\/tr>\n<tr>\n<td width=\"119\">02. fevereiro<\/td>\n<td width=\"213\">14.164.616,00<\/td>\n<td width=\"215\">15.720.510,00<\/td>\n<td width=\"215\">-1.555.894,00<\/td>\n<\/tr>\n<tr>\n<td width=\"119\">03. mar\u00e7o<\/td>\n<td width=\"213\">17.504.182,00<\/td>\n<td width=\"215\">11.787.508,00<\/td>\n<td width=\"215\">\u00a05.716.674,00<\/td>\n<\/tr>\n<tr>\n<td width=\"119\">04. abril<\/td>\n<td width=\"213\">15.578.527,00<\/td>\n<td width=\"215\">\u00a020.088.460,00<\/td>\n<td width=\"215\">-4.509.933,00<\/td>\n<\/tr>\n<tr>\n<td width=\"119\">05. maio<\/td>\n<td width=\"213\">15.605.330,00<\/td>\n<td width=\"215\">21.165.656,00<\/td>\n<td width=\"215\">-5.560.326,00<\/td>\n<\/tr>\n<tr>\n<td width=\"119\">06. junho<\/td>\n<td width=\"213\">13.821.244,00<\/td>\n<td width=\"215\">32.238.934,00<\/td>\n<td width=\"215\">-18.417.690,00<\/td>\n<\/tr>\n<tr>\n<td width=\"119\">07. julho<\/td>\n<td width=\"213\">10.984.458,00<\/td>\n<td width=\"215\">19.112.607,00<\/td>\n<td width=\"215\">-8.128.149,00<\/td>\n<\/tr>\n<tr>\n<td width=\"119\">08. agosto<\/td>\n<td width=\"213\">22.166.504,00<\/td>\n<td width=\"215\">\u00a07.566.466,00<\/td>\n<td width=\"215\">14.600.038,00<\/td>\n<\/tr>\n<tr>\n<td width=\"119\">09. setembro<\/td>\n<td width=\"213\">9.021.568,00<\/td>\n<td width=\"215\">7.318.223,00<\/td>\n<td width=\"215\">1.703.345,00<\/td>\n<\/tr>\n<tr>\n<td width=\"119\">10. outubro<\/td>\n<td width=\"213\">16.299.281,00<\/td>\n<td width=\"215\">15.917.651,00<\/td>\n<td width=\"215\">381.630,00<\/td>\n<\/tr>\n<tr>\n<td width=\"119\">11. novembro<\/td>\n<td width=\"213\">14.563.622,00<\/td>\n<td width=\"215\">5.090.849,00<\/td>\n<td width=\"215\">9.472.773,00<\/td>\n<\/tr>\n<tr>\n<td>12.dezembro<\/td>\n<td>12.838.371,00<\/td>\n<td>19.263.242,00<\/td>\n<td>-6.424.871,00<\/td>\n<\/tr>\n<\/tbody>\n<\/table>\n<p><span style=\"font-size: 10pt\"><em>Fonte: Elaborado a partir de dados do COMEX \u00a0(Minist\u00e9rio do Desenvolvimento, Ind\u00fastria, Com\u00e9rcio e Servi\u00e7os)\u00a0(2025).<\/em><\/span>[\/vc_column_text][\/vc_column][\/vc_row]<\/p>\n<\/div>","protected":false},"excerpt":{"rendered":"<p>[vc_row u_row_style=&#8221;0&#8243; u_row_paralax=&#8221;0&#8243; u_row_scheme=&#8221;0&#8243; el_class=&#8221;oe-grafico&#8221;][vc_column][vc_column_text css=&#8221;&#8221;]Guarapuava retoma saldo positivo na balan\u00e7a comercial no terceiro trimestre, ap\u00f3s dois trimestres consecutivos importando mais que exportando (Figura 3). Isso se deve aos principais segmentos que representam a pauta de exporta\u00e7\u00e3o de Guarapuava (madeira, papel) que sofreram com o \u201ctarifa\u00e7o\u201d imposto pelos Estados Unidos. &nbsp; Figura 3: Saldo da [&hellip;]<\/p>\n","protected":false},"author":3,"featured_media":0,"parent":50,"menu_order":0,"comment_status":"closed","ping_status":"closed","template":"","meta":{"_exactmetrics_skip_tracking":false,"_exactmetrics_sitenote_active":false,"_exactmetrics_sitenote_note":"","_exactmetrics_sitenote_category":0,"footnotes":"","_links_to":"","_links_to_target":""},"class_list":["post-57","page","type-page","status-publish","hentry"],"_links":{"self":[{"href":"https:\/\/www3.unicentro.br\/observatorioeconomico\/wp-json\/wp\/v2\/pages\/57","targetHints":{"allow":["GET"]}}],"collection":[{"href":"https:\/\/www3.unicentro.br\/observatorioeconomico\/wp-json\/wp\/v2\/pages"}],"about":[{"href":"https:\/\/www3.unicentro.br\/observatorioeconomico\/wp-json\/wp\/v2\/types\/page"}],"author":[{"embeddable":true,"href":"https:\/\/www3.unicentro.br\/observatorioeconomico\/wp-json\/wp\/v2\/users\/3"}],"replies":[{"embeddable":true,"href":"https:\/\/www3.unicentro.br\/observatorioeconomico\/wp-json\/wp\/v2\/comments?post=57"}],"version-history":[{"count":3,"href":"https:\/\/www3.unicentro.br\/observatorioeconomico\/wp-json\/wp\/v2\/pages\/57\/revisions"}],"predecessor-version":[{"id":287,"href":"https:\/\/www3.unicentro.br\/observatorioeconomico\/wp-json\/wp\/v2\/pages\/57\/revisions\/287"}],"up":[{"embeddable":true,"href":"https:\/\/www3.unicentro.br\/observatorioeconomico\/wp-json\/wp\/v2\/pages\/50"}],"wp:attachment":[{"href":"https:\/\/www3.unicentro.br\/observatorioeconomico\/wp-json\/wp\/v2\/media?parent=57"}],"curies":[{"name":"wp","href":"https:\/\/api.w.org\/{rel}","templated":true}]}}