{"id":55,"date":"2025-12-10T11:44:27","date_gmt":"2025-12-10T14:44:27","guid":{"rendered":"https:\/\/www3.unicentro.br\/observatorioeconomico\/?page_id=55"},"modified":"2026-03-30T14:24:03","modified_gmt":"2026-03-30T17:24:03","slug":"mercado-de-trabalho","status":"publish","type":"page","link":"https:\/\/www3.unicentro.br\/observatorioeconomico\/estrutura-produtiva\/mercado-de-trabalho\/","title":{"rendered":"Mercado de Trabalho"},"content":{"rendered":"<div class=\"wpb-content-wrapper\"><p>[vc_row u_row_style=&#8221;0&#8243; u_row_paralax=&#8221;0&#8243; u_row_scheme=&#8221;0&#8243; el_class=&#8221;oe-grafico&#8221;][vc_column][vc_column_text css=&#8221;&#8221;]<strong>Cria\u00e7\u00e3o de postos de trabalho<\/strong><\/p>\n<p class=\"Standard\" style=\"text-align: justify\">Os dados obtidos por meio do Cadastro Geral de Empregados e Desempregados \u2013 CAGED, disponibilizados pelo Minist\u00e9rio do Trabalho e Emprego para os meses de novembro e dezembro de 2025 e para o m\u00eas de janeiro de 2026, demonstram um saldo positivo de empregos formais no munic\u00edpio de Guarapuava. No per\u00edodo todo, foram criados 305 postos de trabalho no munic\u00edpio, conforme indica a tabela 1.<\/p>\n<p>[\/vc_column_text][vc_line_chart x_values=&#8221;Novembro;Dezembro;Janeiro&#8221; values=&#8221;%5B%7B%22title%22%3A%22Admiss%C3%B5es%22%2C%22y_values%22%3A%222097%3B1704%3B2549%22%2C%22color%22%3A%22blue%22%7D%2C%7B%22title%22%3A%22Desligamentos%22%2C%22y_values%22%3A%221769%3B2010%3B2266%22%2C%22color%22%3A%22pink%22%7D%5D&#8221; css=&#8221;&#8221;][vc_column_text css=&#8221;&#8221;]<\/p>\n<p class=\"Standard\" style=\"text-align: center\">Tab 1. Admitidos e demitidos no munic\u00edpio de Guarapuava \u2013 novembro de 2025 a dezembro de 2026<\/p>\n<table class=\" aligncenter\" style=\"width: 80%\" width=\"80%\">\n<tfoot>\n<tr>\n<td width=\"87\">Saldo<\/td>\n<td width=\"85\">328<\/td>\n<td width=\"86\">-306<\/td>\n<td width=\"85\">283<\/td>\n<\/tr>\n<\/tfoot>\n<thead>\n<tr>\n<td width=\"87\"><\/td>\n<td width=\"85\"><strong>Nov2025<\/strong><\/td>\n<td width=\"86\"><strong>Dez2025<\/strong><\/td>\n<td width=\"85\"><strong>Jan2026<\/strong><\/td>\n<\/tr>\n<\/thead>\n<tbody>\n<tr>\n<td width=\"87\">Demitidos<\/td>\n<td width=\"85\">1769<\/td>\n<td width=\"86\">2010<\/td>\n<td width=\"85\">2266<\/td>\n<\/tr>\n<tr>\n<td width=\"87\">Admitidos<\/td>\n<td width=\"85\">2097<\/td>\n<td width=\"86\">1704<\/td>\n<td width=\"85\">2549<\/td>\n<\/tr>\n<\/tbody>\n<\/table>\n<p style=\"text-align: center\"><em><span style=\"font-size: 10pt\">\u00a0\u00a0\u00a0\u00a0\u00a0\u00a0\u00a0\u00a0\u00a0\u00a0\u00a0\u00a0\u00a0\u00a0\u00a0\u00a0\u00a0\u00a0\u00a0\u00a0\u00a0\u00a0\u00a0\u00a0\u00a0\u00a0\u00a0\u00a0\u00a0\u00a0\u00a0\u00a0\u00a0\u00a0 Fonte: CAGED\/ Elabora\u00e7\u00e3o pr\u00f3pria<\/span><\/em><\/p>\n<p class=\"Standard\" style=\"text-align: justify\">O maior crescimento se deu no m\u00eas de novembro e em dezembro houve uma saldo negativo de empregos na cidade, mas mesmo assim, o saldo se manteve positivo e foi refor\u00e7ado pela cria\u00e7\u00e3o de 283 novos postos de trabalho em janeiro deste ano. Os dados indicam um movimento de aquecimento do mercado de trabalho formal em Guarapuava.<\/p>\n<p>&nbsp;<\/p>\n<p><strong>Sal\u00e1rios<\/strong><\/p>\n<p>Os sinais de aquecimento de mercado de trabalho aparecem tamb\u00e9m nos dados referentes aos sal\u00e1rios de demitidos e admitidos no munic\u00edpio.<\/p>\n<p>Considerando os dados de janeiro de 2026, enquanto o \u00faltimo sal\u00e1rio dos demitidos foi, em m\u00e9dia, de R$ 2.248,55, o sal\u00e1rio dos admitidos foi de R$ 2.670,78, apontando para\u00a0 uma diferen\u00e7a positiva de 18,7%, refletindo um aumento bastante significativo.<\/p>\n<p class=\"Standard\" style=\"text-align: justify\"><b>Perfil et\u00e1rio do mercado de trabalho<\/b><\/p>\n<p class=\"Standard\" style=\"text-align: justify\">Em rela\u00e7\u00e3o \u00e0s diferentes faixas et\u00e1rias que comp\u00f5e o mercado de trabalho formal, percebe-se que todas as faixas apresentaram varia\u00e7\u00f5es positivas.<\/p>\n<p>[\/vc_column_text][vc_line_chart x_values=&#8221;15 a 24;25 a 34;35 a 49;50 a 64; 65 ou mais&#8221; values=&#8221;%5B%7B%22title%22%3A%22Demitidos%22%2C%22y_values%22%3A%22665%3B787%3B630%3B222%3B13%22%2C%22color%22%3A%22blue%22%7D%2C%7B%22title%22%3A%22Admitidos%22%2C%22y_values%22%3A%22802%3B824%3B717%3B254%3B15%22%2C%22color%22%3A%22pink%22%7D%5D&#8221; css=&#8221;&#8221;][vc_column_text css=&#8221;&#8221;]<\/p>\n<p class=\"Standard\" style=\"text-align: center\">Tab 2. Admitidos e demitidos no munic\u00edpio de Guarapuava por faixa de idade \u2013 Janeiro de 2026<\/p>\n<table class=\" aligncenter\" style=\"width: 80%\" width=\"80%\">\n<thead>\n<tr>\n<td width=\"138\"><strong>Faixa et\u00e1ria<\/strong><\/td>\n<td width=\"85\"><strong>Admitidos<\/strong><\/td>\n<td width=\"85\"><strong>Demitidos<\/strong><\/td>\n<td width=\"85\"><strong>Saldo<\/strong><\/td>\n<\/tr>\n<\/thead>\n<tbody>\n<tr>\n<td width=\"138\">15 a 24 anos<\/td>\n<td width=\"85\">802<\/td>\n<td width=\"85\">665<\/td>\n<td width=\"85\">137<\/td>\n<\/tr>\n<tr>\n<td width=\"138\">25 a 34 anos<\/td>\n<td width=\"85\">824<\/td>\n<td width=\"85\">787<\/td>\n<td width=\"85\">37<\/td>\n<\/tr>\n<tr>\n<td width=\"138\">35 a 49 anos<\/td>\n<td width=\"85\">717<\/td>\n<td width=\"85\">630<\/td>\n<td width=\"85\">87<\/td>\n<\/tr>\n<tr>\n<td width=\"138\">50 a 64 anos<\/td>\n<td width=\"85\">254<\/td>\n<td width=\"85\">222<\/td>\n<td width=\"85\">32<\/td>\n<\/tr>\n<tr>\n<td width=\"138\">65 anos ou mais<\/td>\n<td width=\"85\">15<\/td>\n<td width=\"85\">13<\/td>\n<td width=\"85\">2<\/td>\n<\/tr>\n<\/tbody>\n<\/table>\n<p style=\"text-align: center\"><span style=\"font-size: 10pt\"><em>Fonte: CAGED\/ Elabora\u00e7\u00e3o pr\u00f3pria<\/em><\/span><\/p>\n<p>&nbsp;<\/p>\n<p>No entanto percebe-se tamb\u00e9m que a concentra\u00e7\u00e3o do saldo positivo, decorrente do maior n\u00famero de contrata\u00e7\u00f5es, concentra-se entre os trabalhadores mais jovens que est\u00e3o situados na faixa dos 15 aos 24 anos, indicando, em certa medida, um movimento de rejuvenescimento do mercado de trabalho do munic\u00edpio.<\/p>\n<p><strong>Escolaridade<\/strong><\/p>\n<p>Segundo os dados do CAGED do m\u00eas de janeiro de 2026, Guarapuava teve saldo positivo de contrata\u00e7\u00f5es em todos os grupos de escolaridade, com exce\u00e7\u00e3o do grupo de trabalhadores com ensino fundamental completo.[\/vc_column_text][vc_line_chart x_values=&#8221;Analfabeto;Fundamental Incompleto;Fundamental Completo; M\u00e9dio Completo; Superior Completo&#8221; values=&#8221;%5B%7B%22title%22%3A%22Demitidos%22%2C%22y_values%22%3A%226%3B173%3B457%3B1451%3B179%22%2C%22color%22%3A%22blue%22%7D%2C%7B%22title%22%3A%22Admitidos%22%2C%22y_values%22%3A%2217%3B244%3B439%3B1642%3B207%22%2C%22color%22%3A%22pink%22%7D%5D&#8221; css=&#8221;&#8221;][vc_column_text css=&#8221;&#8221;]<\/p>\n<p class=\"Standard\" style=\"text-align: center\">Tab 3. Admitidos e demitidos no munic\u00edpio de Guarapuava por escolaridade \u2013 Janeiro de 2026<\/p>\n<table class=\" aligncenter\" style=\"width: 80%\" width=\"80%\">\n<thead>\n<tr>\n<td width=\"216\"><\/td>\n<td width=\"94\">Admitidos<\/td>\n<td width=\"87\">Demitidos<\/td>\n<td width=\"83\">Saldo<\/td>\n<\/tr>\n<\/thead>\n<tbody>\n<tr>\n<td width=\"216\">Analfabeto<\/td>\n<td width=\"94\">17<\/td>\n<td width=\"87\">6<\/td>\n<td width=\"83\">11<\/td>\n<\/tr>\n<tr>\n<td width=\"216\">Fundamental Incompleto<\/td>\n<td width=\"94\">244<\/td>\n<td width=\"87\">173<\/td>\n<td width=\"83\">71<\/td>\n<\/tr>\n<tr>\n<td width=\"216\">Fundamental Completo<\/td>\n<td width=\"94\">439<\/td>\n<td width=\"87\">457<\/td>\n<td width=\"83\">-18<\/td>\n<\/tr>\n<tr>\n<td width=\"216\">M\u00e9dio Completo<\/td>\n<td width=\"94\">1642<\/td>\n<td width=\"87\">1451<\/td>\n<td width=\"83\">191<\/td>\n<\/tr>\n<tr>\n<td width=\"216\">Superior Completo<\/td>\n<td width=\"94\">207<\/td>\n<td width=\"87\">179<\/td>\n<td width=\"83\">28<\/td>\n<\/tr>\n<\/tbody>\n<\/table>\n<p class=\"Standard\" style=\"text-align: center\"><span style=\"font-size: 10pt\"><em>Fonte: CAGED\/ Elabora\u00e7\u00e3o pr\u00f3pria<\/em><\/span><\/p>\n<p class=\"Standard\" style=\"text-align: justify\">A maior parte do saldo positivo de contrata\u00e7\u00e3o no munic\u00edpio concentra-se em trabalhadores com ensino m\u00e9dio completo, demonstrado a configura\u00e7\u00e3o de um crit\u00e9rio m\u00ednimo de escolaridade para ingresso no mercado de trabalho da cidade.<\/p>\n<p>[\/vc_column_text][\/vc_column][\/vc_row]<\/p>\n<\/div>","protected":false},"excerpt":{"rendered":"<p>[vc_row u_row_style=&#8221;0&#8243; u_row_paralax=&#8221;0&#8243; u_row_scheme=&#8221;0&#8243; el_class=&#8221;oe-grafico&#8221;][vc_column][vc_column_text css=&#8221;&#8221;]Cria\u00e7\u00e3o de postos de trabalho Os dados obtidos por meio do Cadastro Geral de Empregados e Desempregados \u2013 CAGED, disponibilizados pelo Minist\u00e9rio do Trabalho e Emprego para os meses de novembro e dezembro de 2025 e para o m\u00eas de janeiro de 2026, demonstram um saldo positivo de empregos formais [&hellip;]<\/p>\n","protected":false},"author":3,"featured_media":0,"parent":50,"menu_order":0,"comment_status":"closed","ping_status":"closed","template":"","meta":{"_exactmetrics_skip_tracking":false,"_exactmetrics_sitenote_active":false,"_exactmetrics_sitenote_note":"","_exactmetrics_sitenote_category":0,"footnotes":"","_links_to":"","_links_to_target":""},"class_list":["post-55","page","type-page","status-publish","hentry"],"_links":{"self":[{"href":"https:\/\/www3.unicentro.br\/observatorioeconomico\/wp-json\/wp\/v2\/pages\/55","targetHints":{"allow":["GET"]}}],"collection":[{"href":"https:\/\/www3.unicentro.br\/observatorioeconomico\/wp-json\/wp\/v2\/pages"}],"about":[{"href":"https:\/\/www3.unicentro.br\/observatorioeconomico\/wp-json\/wp\/v2\/types\/page"}],"author":[{"embeddable":true,"href":"https:\/\/www3.unicentro.br\/observatorioeconomico\/wp-json\/wp\/v2\/users\/3"}],"replies":[{"embeddable":true,"href":"https:\/\/www3.unicentro.br\/observatorioeconomico\/wp-json\/wp\/v2\/comments?post=55"}],"version-history":[{"count":3,"href":"https:\/\/www3.unicentro.br\/observatorioeconomico\/wp-json\/wp\/v2\/pages\/55\/revisions"}],"predecessor-version":[{"id":293,"href":"https:\/\/www3.unicentro.br\/observatorioeconomico\/wp-json\/wp\/v2\/pages\/55\/revisions\/293"}],"up":[{"embeddable":true,"href":"https:\/\/www3.unicentro.br\/observatorioeconomico\/wp-json\/wp\/v2\/pages\/50"}],"wp:attachment":[{"href":"https:\/\/www3.unicentro.br\/observatorioeconomico\/wp-json\/wp\/v2\/media?parent=55"}],"curies":[{"name":"wp","href":"https:\/\/api.w.org\/{rel}","templated":true}]}}