{"id":52,"date":"2025-12-10T11:43:22","date_gmt":"2025-12-10T14:43:22","guid":{"rendered":"https:\/\/www3.unicentro.br\/observatorioeconomico\/?page_id=52"},"modified":"2026-03-17T11:43:43","modified_gmt":"2026-03-17T14:43:43","slug":"producao","status":"publish","type":"page","link":"https:\/\/www3.unicentro.br\/observatorioeconomico\/estrutura-produtiva\/producao\/","title":{"rendered":"Produ\u00e7\u00e3o"},"content":{"rendered":"<div class=\"wpb-content-wrapper\"><p>[vc_row u_row_style=&#8221;0&#8243; u_row_paralax=&#8221;0&#8243; u_row_scheme=&#8221;0&#8243; el_class=&#8221;oe-grafico&#8221;][vc_column][vc_column_text]Guarapuava foi fundada em 1819, sendo ainda o munic\u00edpio de maior extens\u00e3o territorial do Estado do Paran\u00e1. A denomina\u00e7\u00e3o tem origem do tupi-guarani: guar\u00e1 (lobo) e puava (bravo). Guarapuava apresenta uma popula\u00e7\u00e3o estimada pelo IBGE (2025) de 189.630 mil habitantes. O PIB de PIB a pre\u00e7os correntes registrado \u00e9 de 8.309.342,32 (x mil) e o PIB per capita foi de R$45.220,00 (IBGE, 2021). No Paran\u00e1, Guarapuava-PR est\u00e1 posicionada em 10\u00ba lugar entre os maiores PIB por munic\u00edpios, representando 1,51% da economia paranaense.[\/vc_column_text][vc_column_text css=&#8221;&#8221;]<strong>Participa\u00e7\u00e3o dos Setores Econ\u00f4micos em Guarapuava (PIB \u2013 Valor Adicionado Bruto\/VAB)<\/strong><\/p>\n<p style=\"text-align: center\">Tabela 1. Valor Adicionado Bruto a pre\u00e7os b\u00e1sicos para Guarapuava<\/p>\n<table class=\"aligncenter\" style=\"width: 70%;border-style: solid;border-color: #787878\" border=\"1px\" width=\"70%\">\n<thead>\n<tr>\n<td colspan=\"2\" width=\"652\"><strong>PIB &#8211; VALOR ADICIONADO BRUTO (VAB) A PRE\u00c7OS B\u00c1SICOS (R$1000)<\/strong><\/td>\n<\/tr>\n<tr>\n<td width=\"398\"><strong>RAMO DE ATIVIDADE<\/strong><\/td>\n<td width=\"254\"><strong>2021<\/strong><\/td>\n<\/tr>\n<\/thead>\n<tbody>\n<tr>\n<td width=\"398\"><strong>PIB &#8211; VAB TOTAL<\/strong><\/td>\n<td width=\"254\">7.169.055,40<\/td>\n<\/tr>\n<tr>\n<td width=\"398\"><strong>PIB &#8211; VAB a Pre\u00e7os B\u00e1sicos na Agropecu\u00e1ria<\/strong><\/td>\n<td width=\"254\">770.156,84<\/td>\n<\/tr>\n<tr>\n<td width=\"398\"><strong>PIB &#8211; VAB a Pre\u00e7os B\u00e1sicos na Ind\u00fastria<\/strong><\/td>\n<td width=\"254\">1.708.289,07<\/td>\n<\/tr>\n<tr>\n<td width=\"398\"><strong>PIB &#8211; VAB a Pre\u00e7os B\u00e1sicos no Com\u00e9rcio e Servi\u00e7os<\/strong><\/td>\n<td width=\"254\">3.818.259,87<\/td>\n<\/tr>\n<tr>\n<td width=\"398\"><strong>PIB &#8211; VAB a Pre\u00e7os B\u00e1sicos na Administra\u00e7\u00e3o P\u00fablica<\/strong><\/td>\n<td width=\"254\">872.349,63<\/td>\n<\/tr>\n<tr>\n<td width=\"398\"><strong>PIB &#8211; IMPOSTO<\/strong><\/td>\n<td width=\"254\">1.140.286,92<\/td>\n<\/tr>\n<\/tbody>\n<\/table>\n<p style=\"text-align: center\"><span style=\"font-size: 10pt\"><em>Fonte: IBGE (2025).<\/em><\/span><\/p>\n<p>O Valor Adicionado Bruto (VAB) mede a produ\u00e7\u00e3o final total da economia nacional. O com\u00e9rcio e servi\u00e7os t\u00eam se apresentado como o setor com maior VAB, seguido da ind\u00fastria que tem se apresentado como um forte setor dentro da economia guarapuavana.<\/p>\n<p>Embora os \u00faltimos registros de 2020 e 2021 tenham sido o auge da pandemia do Covid-19, os Valores Adicionados Brutos por segmentos ainda assim apresentaram-se crescentes, apesar de todas as medidas impostas para a conten\u00e7\u00e3o da pandemia e pela incerteza das consequ\u00eancias econ\u00f4micas.<\/p>\n<p>&nbsp;<\/p>\n<p style=\"text-align: center\"><strong>Tabela 2.<\/strong> Hist\u00f3rico do Valor Adicionado Bruto a pre\u00e7os b\u00e1sicos por setores para Guarapuava<\/p>\n<table class=\"aligncenter\" style=\"width: 100%;border-style: solid;border-color: #7a7a7a\" border=\"1px\" width=\"100%\">\n<thead>\n<tr>\n<td colspan=\"6\" width=\"680\"><strong>PIB &#8211; VALOR ADICIONADO BRUTO (VAB) A PRE\u00c7OS B\u00c1SICOS (R$1000)<\/strong><\/td>\n<\/tr>\n<tr>\n<td width=\"179\"><strong>RAMO DE ATIVIDADE<\/strong><\/td>\n<td width=\"92\"><strong>2017<\/strong><\/td>\n<td width=\"95\"><strong>2018<\/strong><\/td>\n<td width=\"92\"><strong>2019<\/strong><\/td>\n<td width=\"92\"><strong>2020<\/strong><\/td>\n<td width=\"130\"><strong>2021<\/strong><\/td>\n<\/tr>\n<\/thead>\n<tbody>\n<tr>\n<td width=\"179\"><strong>PIB &#8211; VAB TOTAL<\/strong><\/td>\n<td width=\"92\">4.924.952,77<\/td>\n<td width=\"95\">5.397.159,77<\/td>\n<td width=\"92\">5.357.747,19<\/td>\n<td width=\"92\">6.556.216,66<\/td>\n<td width=\"130\">7.169.055,40<\/td>\n<\/tr>\n<tr>\n<td width=\"179\"><strong>PIB &#8211; VAB a Pre\u00e7os B\u00e1sicos na Agropecu\u00e1ria<\/strong><\/td>\n<td width=\"92\">320.722,04<\/td>\n<td width=\"95\">352.430,57<\/td>\n<td width=\"92\">351.452,89<\/td>\n<td width=\"92\">707.199,56<\/td>\n<td width=\"130\">770.156,84<\/td>\n<\/tr>\n<tr>\n<td width=\"179\"><strong>PIB &#8211; VAB a Pre\u00e7os B\u00e1sicos na Ind\u00fastria<\/strong><\/td>\n<td width=\"92\">1.070.456,69<\/td>\n<td width=\"95\">1.122.213,27<\/td>\n<td width=\"92\">1.087.383,21<\/td>\n<td width=\"92\">1.531.408,81<\/td>\n<td width=\"130\">1.708.289,07<\/td>\n<\/tr>\n<tr>\n<td width=\"179\"><strong>PIB &#8211; VAB a Pre\u00e7os B\u00e1sicos no Com\u00e9rcio e Servi\u00e7os<\/strong><\/td>\n<td width=\"92\">2.769.945,67<\/td>\n<td width=\"95\">3.110.835,77<\/td>\n<td width=\"92\">3.130.930,06<\/td>\n<td width=\"92\">3.490.946,48<\/td>\n<td width=\"130\">3.818.259,87<\/td>\n<\/tr>\n<tr>\n<td width=\"179\"><strong>PIB &#8211; VAB a Pre\u00e7os B\u00e1sicos na Administra\u00e7\u00e3o p\u00fablica<\/strong><\/td>\n<td width=\"92\">763.828,37<\/td>\n<td width=\"95\">811.680,16<\/td>\n<td width=\"92\">787.981,03<\/td>\n<td width=\"92\">826.661,81<\/td>\n<td width=\"130\">872.349,63<\/td>\n<\/tr>\n<tr>\n<td width=\"179\"><strong>PIB &#8211; IMPOSTO<\/strong><\/td>\n<td width=\"92\">683.203,10<\/td>\n<td width=\"95\">718.557,67<\/td>\n<td width=\"92\">748.550,31<\/td>\n<td width=\"92\">963.505,50<\/td>\n<td width=\"130\">1.140.286,92<\/td>\n<\/tr>\n<\/tbody>\n<\/table>\n<p style=\"text-align: center\"><span style=\"font-size: 10pt\"><em>Fonte: IBGE (2025).<\/em><\/span><\/p>\n<p style=\"text-align: center\"><strong>Figura 1. PIB\u00a0 de Guarapuava (a pre\u00e7os correntes)<\/strong><\/p>\n<p>[\/vc_column_text][vc_line_chart type=&#8221;line&#8221; x_values=&#8221;2017;2018;2019;2020;2021;2022;2023&#8243; values=&#8221;%5B%7B%22title%22%3A%22PIB%20de%20Guarapuava%20(a%20pre%C3%A7os%20correntes)%22%2C%22y_values%22%3A%225608155.87%3B6115717.44%3B6106297.50%3B7519722.16%3B8309342.32%3B9378784.92%3B9864113.34%22%2C%22color%22%3A%22blue%22%7D%5D&#8221; css=&#8221;&#8221;][vc_column_text css=&#8221;&#8221;]<\/p>\n<p style=\"text-align: center\"><span style=\"font-size: 10pt\"><em>Fonte: Elaborada a partir de dados do IBGE (2025)<\/em><\/span><\/p>\n<p>Na Figura 2 podemos observar a evolu\u00e7\u00e3o da renda per capita do munic\u00edpio. Isto indica que o munic\u00edpio est\u00e1 entre os 10 mais ricos do Estado do Paran\u00e1, embora ainda estes dados n\u00e3o revelam a distribui\u00e7\u00e3o de riqueza, mas indicam o potencial do munic\u00edpio.<\/p>\n<p style=\"text-align: center\"><strong>Figura 2: PIB per capita para o munic\u00edpio de Guarapuava<\/strong><\/p>\n<p>[\/vc_column_text][vc_line_chart type=&#8221;line&#8221; x_values=&#8221;2017;2018;2019;2020;2021;2022;2023&#8243; values=&#8221;%5B%7B%22title%22%3A%22PIB%20per%20capita%20para%20o%20munic%C3%ADpio%20de%20Guarapuava%22%2C%22y_values%22%3A%2231094%3B33913%3B33643%3B41171%3B45220%3B51505%3B54171%22%2C%22color%22%3A%22blue%22%7D%5D&#8221; css=&#8221;&#8221;][vc_column_text css=&#8221;&#8221;]<\/p>\n<p style=\"text-align: center\"><span style=\"font-size: 10pt\"><em>Fonte: IBGE (2025).<\/em><\/span><\/p>\n<p>[\/vc_column_text][\/vc_column][\/vc_row]<\/p>\n<\/div>","protected":false},"excerpt":{"rendered":"<p>[vc_row u_row_style=&#8221;0&#8243; u_row_paralax=&#8221;0&#8243; u_row_scheme=&#8221;0&#8243; el_class=&#8221;oe-grafico&#8221;][vc_column][vc_column_text]Guarapuava foi fundada em 1819, sendo ainda o munic\u00edpio de maior extens\u00e3o territorial do Estado do Paran\u00e1. A denomina\u00e7\u00e3o tem origem do tupi-guarani: guar\u00e1 (lobo) e puava (bravo). Guarapuava apresenta uma popula\u00e7\u00e3o estimada pelo IBGE (2025) de 189.630 mil habitantes. O PIB de PIB a pre\u00e7os correntes registrado \u00e9 de 8.309.342,32 [&hellip;]<\/p>\n","protected":false},"author":3,"featured_media":0,"parent":50,"menu_order":0,"comment_status":"closed","ping_status":"closed","template":"","meta":{"_exactmetrics_skip_tracking":false,"_exactmetrics_sitenote_active":false,"_exactmetrics_sitenote_note":"","_exactmetrics_sitenote_category":0,"footnotes":"","_links_to":"","_links_to_target":""},"class_list":["post-52","page","type-page","status-publish","hentry"],"_links":{"self":[{"href":"https:\/\/www3.unicentro.br\/observatorioeconomico\/wp-json\/wp\/v2\/pages\/52","targetHints":{"allow":["GET"]}}],"collection":[{"href":"https:\/\/www3.unicentro.br\/observatorioeconomico\/wp-json\/wp\/v2\/pages"}],"about":[{"href":"https:\/\/www3.unicentro.br\/observatorioeconomico\/wp-json\/wp\/v2\/types\/page"}],"author":[{"embeddable":true,"href":"https:\/\/www3.unicentro.br\/observatorioeconomico\/wp-json\/wp\/v2\/users\/3"}],"replies":[{"embeddable":true,"href":"https:\/\/www3.unicentro.br\/observatorioeconomico\/wp-json\/wp\/v2\/comments?post=52"}],"version-history":[{"count":4,"href":"https:\/\/www3.unicentro.br\/observatorioeconomico\/wp-json\/wp\/v2\/pages\/52\/revisions"}],"predecessor-version":[{"id":300,"href":"https:\/\/www3.unicentro.br\/observatorioeconomico\/wp-json\/wp\/v2\/pages\/52\/revisions\/300"}],"up":[{"embeddable":true,"href":"https:\/\/www3.unicentro.br\/observatorioeconomico\/wp-json\/wp\/v2\/pages\/50"}],"wp:attachment":[{"href":"https:\/\/www3.unicentro.br\/observatorioeconomico\/wp-json\/wp\/v2\/media?parent=52"}],"curies":[{"name":"wp","href":"https:\/\/api.w.org\/{rel}","templated":true}]}}