{"id":48,"date":"2025-12-10T11:42:31","date_gmt":"2025-12-10T14:42:31","guid":{"rendered":"https:\/\/www3.unicentro.br\/observatorioeconomico\/?page_id=48"},"modified":"2025-12-17T15:59:25","modified_gmt":"2025-12-17T18:59:25","slug":"quem-somos","status":"publish","type":"page","link":"https:\/\/www3.unicentro.br\/observatorioeconomico\/o-observatorio\/quem-somos\/","title":{"rendered":"Quem somos"},"content":{"rendered":"<div class=\"wpb-content-wrapper\"><p>[vc_row][vc_column][vc_column_text]O Observat\u00f3rio Econ\u00f4mico e de Inova\u00e7\u00e3o de Guarapuava t\u00eam como principal miss\u00e3o disponibilizar para a sociedade dados socioecon\u00f4micos e de inova\u00e7\u00e3o de Guarapuava e regi\u00e3o. Para tanto definiu-se a abrang\u00eancia dos dados dentro desse escopo proposto:<\/p>\n<ol style=\"list-style-type: upper-roman\">\n<li>Estrutura Produtiva:\n<ol style=\"list-style-type: lower-alpha\">\n<li>Produ\u00e7\u00e3o e de Inova\u00e7\u00e3o<\/li>\n<li>Mercado de trabalho<\/li>\n<li>Com\u00e9rcio Exterior;<\/li>\n<\/ol>\n<\/li>\n<li>Finan\u00e7as P\u00fablicas: Receitas\/Gastos; e<\/li>\n<li>Socioecon\u00f4micos: educa\u00e7\u00e3o, sa\u00fade, acesso \u00e0 saneamento b\u00e1sico, etc. Al\u00e9m disso, disponibilizamos dados gerais da economia brasileira e boletins explicativos das an\u00e1lises regionais e nacionais.<\/li>\n<\/ol>\n<p>O projeto envolve professores do departamento de Ci\u00eancias Econ\u00f4micas da Universidade Estadual do Centro-Oeste (Unicentro) e acad\u00eamicos e egressos, bem como outros volunt\u00e1rios que desejem contribuir para apurar e elaborar dados socioecon\u00f4micos e produzir informes trimestrais.<\/p>\n<p>Segundo o IBGE (2025), Guarapuava \u00e9 um munic\u00edpio do Estado do Paran\u00e1, localizado na regi\u00e3o Centro-Sul do estado, com aproximadamente 188 mil habitantes estimados para 2024. O munic\u00edpio \u00e9 constitu\u00eddo de 6 distritos: Guarapuava, Atalaia, Entre Rios, Guairac\u00e1, Guar\u00e1 e Palmeirinha. Assim permanecendo em divis\u00e3o territorial datada de 2014.<\/p>\n<p>Al\u00e9m de tudo, o observat\u00f3rio ofertar\u00e1 palestras para a sociedade, (empresas, institui\u00e7\u00f5es p\u00fablicas e privadas) apresentando um panorama atualizado das an\u00e1lises anuais elaboradas para Guarapuava e regi\u00e3o.<\/p>\n<p>O Observat\u00f3rio Econ\u00f4mico e de Inova\u00e7\u00e3o de Guarapuava se alinha com os Objetivos de Desenvolvimento Sustent\u00e1vel (ODS) da ONU, o projeto consegue inserir-se em v\u00e1rios objetivos, mas entre os 17 estes se destacam:<\/p>\n<ul>\n<li>4) Educa\u00e7\u00e3o de qualidade;<\/li>\n<li>8) Trabalho decente e crescimento econ\u00f4mico;<\/li>\n<li>9) Ind\u00fastria, Inova\u00e7\u00e3o e Infraestrutura;<\/li>\n<li>10) Redu\u00e7\u00e3o das desigualdades;<\/li>\n<li>11) Cidades e comunidades sustent\u00e1veis;<\/li>\n<li>17) Parcerias e implementa\u00e7\u00e3o.<\/li>\n<\/ul>\n<p>[\/vc_column_text][\/vc_column][\/vc_row]<\/p>\n<\/div>","protected":false},"excerpt":{"rendered":"<p>[vc_row][vc_column][vc_column_text]O Observat\u00f3rio Econ\u00f4mico e de Inova\u00e7\u00e3o de Guarapuava t\u00eam como principal miss\u00e3o disponibilizar para a sociedade dados socioecon\u00f4micos e de inova\u00e7\u00e3o de Guarapuava e regi\u00e3o. Para tanto definiu-se a abrang\u00eancia dos dados dentro desse escopo proposto: Estrutura Produtiva: Produ\u00e7\u00e3o e de Inova\u00e7\u00e3o Mercado de trabalho Com\u00e9rcio Exterior; Finan\u00e7as P\u00fablicas: Receitas\/Gastos; e Socioecon\u00f4micos: educa\u00e7\u00e3o, sa\u00fade, acesso [&hellip;]<\/p>\n","protected":false},"author":3,"featured_media":0,"parent":46,"menu_order":0,"comment_status":"closed","ping_status":"closed","template":"","meta":{"_exactmetrics_skip_tracking":false,"_exactmetrics_sitenote_active":false,"_exactmetrics_sitenote_note":"","_exactmetrics_sitenote_category":0,"footnotes":"","_links_to":"","_links_to_target":""},"class_list":["post-48","page","type-page","status-publish","hentry"],"_links":{"self":[{"href":"https:\/\/www3.unicentro.br\/observatorioeconomico\/wp-json\/wp\/v2\/pages\/48","targetHints":{"allow":["GET"]}}],"collection":[{"href":"https:\/\/www3.unicentro.br\/observatorioeconomico\/wp-json\/wp\/v2\/pages"}],"about":[{"href":"https:\/\/www3.unicentro.br\/observatorioeconomico\/wp-json\/wp\/v2\/types\/page"}],"author":[{"embeddable":true,"href":"https:\/\/www3.unicentro.br\/observatorioeconomico\/wp-json\/wp\/v2\/users\/3"}],"replies":[{"embeddable":true,"href":"https:\/\/www3.unicentro.br\/observatorioeconomico\/wp-json\/wp\/v2\/comments?post=48"}],"version-history":[{"count":2,"href":"https:\/\/www3.unicentro.br\/observatorioeconomico\/wp-json\/wp\/v2\/pages\/48\/revisions"}],"predecessor-version":[{"id":228,"href":"https:\/\/www3.unicentro.br\/observatorioeconomico\/wp-json\/wp\/v2\/pages\/48\/revisions\/228"}],"up":[{"embeddable":true,"href":"https:\/\/www3.unicentro.br\/observatorioeconomico\/wp-json\/wp\/v2\/pages\/46"}],"wp:attachment":[{"href":"https:\/\/www3.unicentro.br\/observatorioeconomico\/wp-json\/wp\/v2\/media?parent=48"}],"curies":[{"name":"wp","href":"https:\/\/api.w.org\/{rel}","templated":true}]}}