{"id":229,"date":"2025-12-17T16:03:37","date_gmt":"2025-12-17T19:03:37","guid":{"rendered":"https:\/\/www3.unicentro.br\/observatorioeconomico\/?page_id=229"},"modified":"2026-04-17T15:01:08","modified_gmt":"2026-04-17T18:01:08","slug":"equipe","status":"publish","type":"page","link":"https:\/\/www3.unicentro.br\/observatorioeconomico\/o-observatorio\/equipe\/","title":{"rendered":"Equipe"},"content":{"rendered":"<div class=\"wpb-content-wrapper\"><p>[vc_row][vc_column][vc_column_text css=&#8221;&#8221;]<\/p>\n<ul>\n<li>Coordenadora geral: Profa. Dra. Jos\u00e9lia E. Teixeira (UNICENTRO)<\/li>\n<li>Prof. Dr. Marcio Marconato (UNICENTRO)<\/li>\n<li>Prof. Dr. Ricardo Andr\u00e9s Cifuentes Silva (UNICENTRO)<\/li>\n<li>Prof. Dr. Vinicius Borba da Costa (UNICENTRO)<\/li>\n<li>Ms. Merylisa Furlan (economista egressa da UNICENTRO, Ind\u00fastria de Papel Santa Maria)<\/li>\n<li>Rubiany Fonseca (economista egressa da UNICENTRO, Ind\u00fastria de Papel Santa Maria)<\/li>\n<li>Aline Toledo Vidal (acad\u00eamica do Curso de Ci\u00eancias Econ\u00f4micas, UNICENTRO)<\/li>\n<li>Flavia Maria Santos Dangui (acad\u00eamica do Curso de Ci\u00eancias Econ\u00f4micas, UNICENTRO)<\/li>\n<li>Julia Iglesias de Farias (acad\u00eamica do Curso de Ci\u00eancias Econ\u00f4micas, UNICENTRO)<\/li>\n<li>Lucas Gustavo Hoffman (acad\u00eamico do Curso de Ci\u00eancias Econ\u00f4micas, UNICENTRO)<\/li>\n<li>Priscila Garcia (acad\u00eamica do Curso de Ci\u00eancias Econ\u00f4micas, UNICENTRO)<\/li>\n<li>Tassiana Gomes Nogueira (acad\u00eamica do Curso de Ci\u00eancias Econ\u00f4micas, UNICENTRO)<\/li>\n<li>Daiara Souza Ribeiro (Jornalista e Agente Universit\u00e1ria do DECON\/G, UNICENTRO)<\/li>\n<\/ul>\n<p>[\/vc_column_text][\/vc_column][\/vc_row]<\/p>\n<\/div>","protected":false},"excerpt":{"rendered":"<p>[vc_row][vc_column][vc_column_text css=&#8221;&#8221;] Coordenadora geral: Profa. Dra. Jos\u00e9lia E. Teixeira (UNICENTRO) Prof. Dr. Marcio Marconato (UNICENTRO) Prof. Dr. Ricardo Andr\u00e9s Cifuentes Silva (UNICENTRO) Prof. Dr. Vinicius Borba da Costa (UNICENTRO) Ms. Merylisa Furlan (economista egressa da UNICENTRO, Ind\u00fastria de Papel Santa Maria) Rubiany Fonseca (economista egressa da UNICENTRO, Ind\u00fastria de Papel Santa Maria) Aline Toledo Vidal [&hellip;]<\/p>\n","protected":false},"author":3,"featured_media":0,"parent":46,"menu_order":0,"comment_status":"closed","ping_status":"closed","template":"","meta":{"_exactmetrics_skip_tracking":false,"_exactmetrics_sitenote_active":false,"_exactmetrics_sitenote_note":"","_exactmetrics_sitenote_category":0,"footnotes":"","_links_to":"","_links_to_target":""},"class_list":["post-229","page","type-page","status-publish","hentry"],"_links":{"self":[{"href":"https:\/\/www3.unicentro.br\/observatorioeconomico\/wp-json\/wp\/v2\/pages\/229","targetHints":{"allow":["GET"]}}],"collection":[{"href":"https:\/\/www3.unicentro.br\/observatorioeconomico\/wp-json\/wp\/v2\/pages"}],"about":[{"href":"https:\/\/www3.unicentro.br\/observatorioeconomico\/wp-json\/wp\/v2\/types\/page"}],"author":[{"embeddable":true,"href":"https:\/\/www3.unicentro.br\/observatorioeconomico\/wp-json\/wp\/v2\/users\/3"}],"replies":[{"embeddable":true,"href":"https:\/\/www3.unicentro.br\/observatorioeconomico\/wp-json\/wp\/v2\/comments?post=229"}],"version-history":[{"count":3,"href":"https:\/\/www3.unicentro.br\/observatorioeconomico\/wp-json\/wp\/v2\/pages\/229\/revisions"}],"predecessor-version":[{"id":334,"href":"https:\/\/www3.unicentro.br\/observatorioeconomico\/wp-json\/wp\/v2\/pages\/229\/revisions\/334"}],"up":[{"embeddable":true,"href":"https:\/\/www3.unicentro.br\/observatorioeconomico\/wp-json\/wp\/v2\/pages\/46"}],"wp:attachment":[{"href":"https:\/\/www3.unicentro.br\/observatorioeconomico\/wp-json\/wp\/v2\/media?parent=229"}],"curies":[{"name":"wp","href":"https:\/\/api.w.org\/{rel}","templated":true}]}}