{"id":173,"date":"2025-12-15T14:44:52","date_gmt":"2025-12-15T17:44:52","guid":{"rendered":"https:\/\/www3.unicentro.br\/observatorioeconomico\/?page_id=173"},"modified":"2026-04-23T16:54:53","modified_gmt":"2026-04-23T19:54:53","slug":"estatisticas","status":"publish","type":"page","link":"https:\/\/www3.unicentro.br\/observatorioeconomico\/estatisticas\/","title":{"rendered":"Estat\u00edsticas"},"content":{"rendered":"<ul>\n<li><span style=\"color: #000000\"><span style=\"font-family: Times New Roman, serif\"><b>BACEN (Banco Central do Brasil):<\/b><\/span><\/span><a href=\"https:\/\/www.bcb.gov.br\/\"><span style=\"color: #000000\"><span style=\"font-family: Times New Roman, serif\"> https:\/\/www.bcb.gov.br\/<\/span><\/span><\/a><\/li>\n<li><span style=\"color: #000000\"><span style=\"font-family: Times New Roman, serif\"><b>CAGED (<\/b><\/span><\/span><span style=\"color: #000000\"><span style=\"font-family: Times New Roman, serif\"><b>Cadastro Geral de Empregados e Desempregados:<\/b><\/span><\/span><a href=\"https:\/\/basedosdados.org\/dataset\/562b56a3-0b01-4735-a049-eeac5681f056?table=55547cad-3e88-4f7c-b27f-726b2b9b0b47\"><span style=\"color: #000000\"><span style=\"font-family: Times New Roman, serif\"> https:\/\/basedosdados.org\/dataset\/562b56a3-0b01-4735-a049-eeac5681f056?table=55547cad-3e88-4f7c-b27f-726b2b9b0b47<\/span><\/span><\/a><\/li>\n<li><span style=\"color: #000000\"><span style=\"font-family: Times New Roman, serif\"><b>NOVO CAGED (<\/b><\/span><\/span><span style=\"color: #000000\"><span style=\"font-family: Times New Roman, serif\"><b>Sistema de Escritura\u00e7\u00e3o Digital das Obriga\u00e7\u00f5es Fiscais, Previdenci\u00e1rias e Trabalhistas (eSocial)):<\/b><\/span><\/span><a href=\"https:\/\/www.gov.br\/trabalho-e-emprego\/pt-br\/assuntos\/estatisticas-trabalho\/novo-caged\/2026\/fevereiro\/pagina-inicial\"><span style=\"color: #000000\"><span style=\"font-family: Times New Roman, serif\"> https:\/\/www.gov.br\/trabalho-e-emprego\/pt-br\/assuntos\/estatisticas-trabalho\/novo-caged\/2026\/fevereiro\/pagina-inicial<\/span><\/span><\/a><\/li>\n<li><span style=\"color: #000000\"><span style=\"font-family: Times New Roman, serif\"><b>IBGE (Instituto Brasileiro de Geografia e Estat\u00edstica):<\/b><\/span><\/span> <span style=\"color: #467886\"><u><a href=\"https:\/\/cidades.ibge.gov.br\/brasil\/pr\/guarapuava\/pesquisa\/19\/143558?tipo=ranking\"><span style=\"color: #000000\"><span style=\"font-family: Times New Roman, serif\">https:\/\/cidades.ibge.gov.br\/brasil\/pr\/guarapuava\/pesquisa\/19\/143558?tipo=ranking<\/span><\/span><\/a><\/u><\/span><\/li>\n<li><span style=\"color: #000000\"><span style=\"font-family: Times New Roman, serif\"><b>IPARDES (Instituto Paranaense de Desenvolvimento Econ\u00f4mico e Social):<\/b><\/span><\/span> <span style=\"color: #467886\"><u><a href=\"https:\/\/www.ipardes.pr.gov.br\/\"><span style=\"color: #000000\"><span style=\"font-family: Times New Roman, serif\">https:\/\/www.ipardes.pr.gov.br\/<\/span><\/span><\/a><\/u><\/span><\/li>\n<li><span style=\"color: #000000\"><span style=\"font-family: Times New Roman, serif\"><b>Minist\u00e9rio da Cidadania (VISDATA):<\/b><\/span><\/span> <span style=\"color: #467886\"><u><a href=\"https:\/\/aplicacoes.cidadania.gov.br\/vis\/data3\/data-explorer.php\"><span style=\"font-family: Times New Roman, serif\">https:\/\/aplicacoes.cidadania.gov.br\/vis\/data3\/data-explorer.php<\/span><\/a><\/u><\/span><\/li>\n<li><span style=\"color: #000000\"><span style=\"font-family: Times New Roman, serif\"><b>Minist\u00e9rio do Desenvolvimento e Assist\u00eancia Social, Fam\u00edlia e Combate \u00e0 Fome:<\/b><\/span><\/span> <span style=\"color: #467886\"><u><a href=\"https:\/\/www.gov.br\/mds\/pt-br\"><span style=\"font-family: Times New Roman, serif\">https:\/\/www.gov.br\/mds\/pt-br<\/span><\/a><\/u><\/span><\/li>\n<li><span style=\"color: #000000\"><span style=\"font-family: Times New Roman, serif\"><b>Minist\u00e9rio do Desenvolvimento, Ind\u00fastria, Com\u00e9rcio e Servi\u00e7os:<\/b><\/span><\/span><a href=\"https:\/\/comexstat.mdic.gov.br\/pt\/comex-vis\"><span style=\"color: #000000\"><span style=\"font-family: Times New Roman, serif\"> https:\/\/comexstat.mdic.gov.br\/pt\/comex-vis<\/span><\/span><\/a><\/li>\n<li><span style=\"color: #000000\"><span style=\"font-family: Times New Roman, serif\"><b>Minist\u00e9rio da Sa\u00fade (DataSus): <\/b><\/span><\/span><a href=\"https:\/\/datasus.saude.gov.br\/\"><span style=\"color: #000000\"><span style=\"font-family: Times New Roman, serif\">https:\/\/datasus.saude.gov.br\/<\/span><\/span><\/a><\/li>\n<li><span style=\"color: #000000\"><span style=\"font-family: Times New Roman, serif\"><b>N\u00facleo de Estudos e Pr\u00e1ticas Econ\u00f4micas- NEPE (Departamento de Ci\u00eancias Econ\u00f4micas- UNICENTRO):<\/b><\/span><\/span><a href=\"https:\/\/www3.unicentro.br\/decon\/2025\/05\/25\/releases\/\"><span style=\"color: #000000\"><span style=\"font-family: Times New Roman, serif\"> https:\/\/www3.unicentro.br\/decon\/2025\/05\/25\/releases\/<\/span><\/span><\/a><\/li>\n<li><a name=\"_GoBack\"><\/a> <span style=\"color: #000000\"><span style=\"font-family: Times New Roman, serif\"><b>Portal da transpar\u00eancia Guarapuava:<\/b><\/span><\/span> <a href=\"https:\/\/guarapuava.atende.net\/?pg=transparencia#!\/\"><span style=\"color: #000000\"><span style=\"font-family: Times New Roman, serif\">https:\/\/guarapuava.atende.net\/?pg=transparencia#!\/<\/span><\/span><\/a><\/li>\n<\/ul>\n<p>&nbsp;<\/p>\n","protected":false},"excerpt":{"rendered":"<p>BACEN (Banco Central do Brasil): https:\/\/www.bcb.gov.br\/ CAGED (Cadastro Geral de Empregados e Desempregados: https:\/\/basedosdados.org\/dataset\/562b56a3-0b01-4735-a049-eeac5681f056?table=55547cad-3e88-4f7c-b27f-726b2b9b0b47 NOVO CAGED (Sistema de Escritura\u00e7\u00e3o Digital das Obriga\u00e7\u00f5es Fiscais, Previdenci\u00e1rias e Trabalhistas (eSocial)): https:\/\/www.gov.br\/trabalho-e-emprego\/pt-br\/assuntos\/estatisticas-trabalho\/novo-caged\/2026\/fevereiro\/pagina-inicial IBGE (Instituto Brasileiro de Geografia e Estat\u00edstica): https:\/\/cidades.ibge.gov.br\/brasil\/pr\/guarapuava\/pesquisa\/19\/143558?tipo=ranking IPARDES (Instituto Paranaense de Desenvolvimento Econ\u00f4mico e Social): https:\/\/www.ipardes.pr.gov.br\/ Minist\u00e9rio da Cidadania (VISDATA): https:\/\/aplicacoes.cidadania.gov.br\/vis\/data3\/data-explorer.php Minist\u00e9rio do Desenvolvimento e Assist\u00eancia [&hellip;]<\/p>\n","protected":false},"author":3,"featured_media":0,"parent":0,"menu_order":0,"comment_status":"closed","ping_status":"closed","template":"","meta":{"_exactmetrics_skip_tracking":false,"_exactmetrics_sitenote_active":false,"_exactmetrics_sitenote_note":"","_exactmetrics_sitenote_category":0,"footnotes":"","_links_to":"","_links_to_target":""},"class_list":["post-173","page","type-page","status-publish","hentry"],"_links":{"self":[{"href":"https:\/\/www3.unicentro.br\/observatorioeconomico\/wp-json\/wp\/v2\/pages\/173","targetHints":{"allow":["GET"]}}],"collection":[{"href":"https:\/\/www3.unicentro.br\/observatorioeconomico\/wp-json\/wp\/v2\/pages"}],"about":[{"href":"https:\/\/www3.unicentro.br\/observatorioeconomico\/wp-json\/wp\/v2\/types\/page"}],"author":[{"embeddable":true,"href":"https:\/\/www3.unicentro.br\/observatorioeconomico\/wp-json\/wp\/v2\/users\/3"}],"replies":[{"embeddable":true,"href":"https:\/\/www3.unicentro.br\/observatorioeconomico\/wp-json\/wp\/v2\/comments?post=173"}],"version-history":[{"count":3,"href":"https:\/\/www3.unicentro.br\/observatorioeconomico\/wp-json\/wp\/v2\/pages\/173\/revisions"}],"predecessor-version":[{"id":344,"href":"https:\/\/www3.unicentro.br\/observatorioeconomico\/wp-json\/wp\/v2\/pages\/173\/revisions\/344"}],"wp:attachment":[{"href":"https:\/\/www3.unicentro.br\/observatorioeconomico\/wp-json\/wp\/v2\/media?parent=173"}],"curies":[{"name":"wp","href":"https:\/\/api.w.org\/{rel}","templated":true}]}}