{"id":133,"date":"2025-12-11T11:43:22","date_gmt":"2025-12-11T14:43:22","guid":{"rendered":"https:\/\/www3.unicentro.br\/observatorioeconomico\/?page_id=133"},"modified":"2026-04-17T16:17:06","modified_gmt":"2026-04-17T19:17:06","slug":"termometro-de-guarapuava","status":"publish","type":"page","link":"https:\/\/www3.unicentro.br\/observatorioeconomico\/termometro-de-guarapuava\/","title":{"rendered":"Term\u00f4metro de Guarapuava"},"content":{"rendered":"<p>[oe_grid]<span style=\"color: #993300\">[oe_card titulo=&#8221;PIB a pre\u00e7os correntes&#8221; valor=&#8221;R$ 8.309.342,32&#8243; referencia=&#8221;IBGE (2021)&#8221;]<\/span><span style=\"color: #0000ff\">[oe_card titulo=&#8221;N\u00ba de habitantes estimados&#8221; valor=&#8221;189.630.000&#8243; referencia=&#8221;estimado pelo IBGE (2025)&#8221; descricao=&#8221;Habitantes do munic\u00edpio&#8221; ]<\/span><span style=\"color: #800000\">[oe_card titulo=&#8221;N\u00edvel de emprego&#8221; valor=&#8221;+283&#8243; referencia=&#8221;Caged (fev 2026)&#8221; descricao=&#8221;Postos de trabalho formais&#8221; status=&#8221;positivo&#8221; tendencia=&#8221;alta&#8221; link=&#8221;https:\/\/www3.unicentro.br\/observatorioeconomico\/estrutura-produtiva\/mercado-de-trabalho\/&#8221;]<\/span><span style=\"color: #008080\">[oe_card titulo=&#8221;Exporta\u00e7\u00e3o&#8221; valor=&#8221;US$8.134.110,00&#8243; referencia=&#8221;COMEX (JAN. 2026)&#8221;\u00a0 link=&#8221;https:\/\/www3.unicentro.br\/observatorioeconomico\/estrutura-produtiva\/comercio-exterior\/&#8221;]<\/span><span style=\"color: #993300\">[oe_card titulo=&#8221;Importa\u00e7\u00e3o&#8221; valor=&#8221;US$16.333.313,00&#8243; referencia=&#8221;COMEX (JAN. 2026)&#8221; link=&#8221;https:\/\/www3.unicentro.br\/observatorioeconomico\/estrutura-produtiva\/comercio-exterior\/&#8221;]<\/span><span style=\"color: #0000ff\">[oe_card titulo=&#8221;Receitas P\u00fablicas (2025)&#8221; valor=&#8221;R$ 907.260.928,50&#8243; referencia=&#8221;Portal da Transpar\u00eancia, 2026&#8243;\u00a0 link=&#8221;https:\/\/www3.unicentro.br\/observatorioeconomico\/financas-publicas\/receitas\/&#8221;]<\/span><span style=\"color: #008000\">[oe_card titulo=&#8221;Gastos (2025)&#8221; valor=&#8221;R$ 967.938.188,06&#8243; referencia=&#8221;Portal da Transpar\u00eancia, 2026&#8243;\u00a0 link=&#8221;https:\/\/www3.unicentro.br\/observatorioeconomico\/financas-publicas\/gastos\/&#8221;]<\/span><span style=\"color: #800000\">[oe_card titulo=&#8221;Fam\u00edlias em situa\u00e7\u00e3o de pobreza&#8221; valor=&#8221;Redu\u00e7\u00e3o de 2,79%&#8221; referencia=&#8221;fev\/25 a fev\/26&#8243; descricao=&#8221;Cadastro \u00danico fev\/26&#8243; status=&#8221;positivo&#8221; tendencia=&#8221;baixa&#8221; link=&#8221;https:\/\/www3.unicentro.br\/observatorioeconomico\/socioeconomicos\/pobreza-e-desigualdade\/&#8221;]<\/span>[\/oe_grid]<\/p>\n","protected":false},"excerpt":{"rendered":"<p>[oe_grid][oe_card titulo=&#8221;PIB a pre\u00e7os correntes&#8221; valor=&#8221;R$ 8.309.342,32&#8243; referencia=&#8221;IBGE (2021)&#8221;][oe_card titulo=&#8221;N\u00ba de habitantes estimados&#8221; valor=&#8221;189.630.000&#8243; referencia=&#8221;estimado pelo IBGE (2025)&#8221; descricao=&#8221;Habitantes do munic\u00edpio&#8221; ][oe_card titulo=&#8221;N\u00edvel de emprego&#8221; valor=&#8221;+283&#8243; referencia=&#8221;Caged (fev 2026)&#8221; descricao=&#8221;Postos de trabalho formais&#8221; status=&#8221;positivo&#8221; tendencia=&#8221;alta&#8221; link=&#8221;https:\/\/www3.unicentro.br\/observatorioeconomico\/estrutura-produtiva\/mercado-de-trabalho\/&#8221;][oe_card titulo=&#8221;Exporta\u00e7\u00e3o&#8221; valor=&#8221;US$8.134.110,00&#8243; referencia=&#8221;COMEX (JAN. 2026)&#8221;\u00a0 link=&#8221;https:\/\/www3.unicentro.br\/observatorioeconomico\/estrutura-produtiva\/comercio-exterior\/&#8221;][oe_card titulo=&#8221;Importa\u00e7\u00e3o&#8221; valor=&#8221;US$16.333.313,00&#8243; referencia=&#8221;COMEX (JAN. 2026)&#8221; link=&#8221;https:\/\/www3.unicentro.br\/observatorioeconomico\/estrutura-produtiva\/comercio-exterior\/&#8221;][oe_card titulo=&#8221;Receitas P\u00fablicas (2025)&#8221; valor=&#8221;R$ 907.260.928,50&#8243; referencia=&#8221;Portal da [&hellip;]<\/p>\n","protected":false},"author":3,"featured_media":0,"parent":0,"menu_order":0,"comment_status":"closed","ping_status":"closed","template":"","meta":{"_exactmetrics_skip_tracking":false,"_exactmetrics_sitenote_active":false,"_exactmetrics_sitenote_note":"","_exactmetrics_sitenote_category":0,"footnotes":"","_links_to":"","_links_to_target":""},"class_list":["post-133","page","type-page","status-publish","hentry"],"_links":{"self":[{"href":"https:\/\/www3.unicentro.br\/observatorioeconomico\/wp-json\/wp\/v2\/pages\/133","targetHints":{"allow":["GET"]}}],"collection":[{"href":"https:\/\/www3.unicentro.br\/observatorioeconomico\/wp-json\/wp\/v2\/pages"}],"about":[{"href":"https:\/\/www3.unicentro.br\/observatorioeconomico\/wp-json\/wp\/v2\/types\/page"}],"author":[{"embeddable":true,"href":"https:\/\/www3.unicentro.br\/observatorioeconomico\/wp-json\/wp\/v2\/users\/3"}],"replies":[{"embeddable":true,"href":"https:\/\/www3.unicentro.br\/observatorioeconomico\/wp-json\/wp\/v2\/comments?post=133"}],"version-history":[{"count":4,"href":"https:\/\/www3.unicentro.br\/observatorioeconomico\/wp-json\/wp\/v2\/pages\/133\/revisions"}],"predecessor-version":[{"id":341,"href":"https:\/\/www3.unicentro.br\/observatorioeconomico\/wp-json\/wp\/v2\/pages\/133\/revisions\/341"}],"wp:attachment":[{"href":"https:\/\/www3.unicentro.br\/observatorioeconomico\/wp-json\/wp\/v2\/media?parent=133"}],"curies":[{"name":"wp","href":"https:\/\/api.w.org\/{rel}","templated":true}]}}