{"id":98,"date":"2022-03-11T15:25:03","date_gmt":"2022-03-11T18:25:03","guid":{"rendered":"https:\/\/www3.unicentro.br\/novatec\/?page_id=98"},"modified":"2022-09-23T11:53:40","modified_gmt":"2022-09-23T14:53:40","slug":"contato","status":"publish","type":"page","link":"https:\/\/www3.unicentro.br\/novatec\/contato\/","title":{"rendered":"Contato"},"content":{"rendered":"<div class=\"wpb-content-wrapper\"><p>[vc_row][vc_column width=&#8221;1\/3&#8243;][vc_text_separator title=&#8221;Entre em contato conosco&#8221; color=&#8221;juicy_pink&#8221;]\n<div class=\"wpcf7 no-js\" id=\"wpcf7-f10-o1\" lang=\"pt-BR\" dir=\"ltr\" data-wpcf7-id=\"10\">\n<div class=\"screen-reader-response\"><p role=\"status\" aria-live=\"polite\" aria-atomic=\"true\"><\/p> <ul><\/ul><\/div>\n<form action=\"\/novatec\/wp-json\/wp\/v2\/pages\/98#wpcf7-f10-o1\" method=\"post\" class=\"wpcf7-form init\" aria-label=\"Formul\u00e1rios de contato\" novalidate=\"novalidate\" data-status=\"init\">\n<fieldset class=\"hidden-fields-container\"><input type=\"hidden\" name=\"_wpcf7\" value=\"10\" \/><input type=\"hidden\" name=\"_wpcf7_version\" value=\"6.1.5\" \/><input type=\"hidden\" name=\"_wpcf7_locale\" value=\"pt_BR\" \/><input type=\"hidden\" name=\"_wpcf7_unit_tag\" value=\"wpcf7-f10-o1\" \/><input type=\"hidden\" name=\"_wpcf7_container_post\" value=\"0\" \/><input type=\"hidden\" name=\"_wpcf7_posted_data_hash\" value=\"\" \/><input type=\"hidden\" name=\"_wpcf7_recaptcha_response\" value=\"\" \/>\n<\/fieldset>\n<p><label> Seu nome<br \/>\n<span class=\"wpcf7-form-control-wrap\" data-name=\"your-name\"><input size=\"40\" maxlength=\"400\" class=\"wpcf7-form-control wpcf7-text wpcf7-validates-as-required\" aria-required=\"true\" aria-invalid=\"false\" value=\"\" type=\"text\" name=\"your-name\" \/><\/span> <\/label>\n<\/p>\n<p><label> Seu e-mail<br \/>\n<span class=\"wpcf7-form-control-wrap\" data-name=\"your-email\"><input size=\"40\" maxlength=\"400\" class=\"wpcf7-form-control wpcf7-email wpcf7-validates-as-required wpcf7-text wpcf7-validates-as-email\" aria-required=\"true\" aria-invalid=\"false\" value=\"\" type=\"email\" name=\"your-email\" \/><\/span> <\/label>\n<\/p>\n<p><label> Assunto<br \/>\n<span class=\"wpcf7-form-control-wrap\" data-name=\"your-subject\"><input size=\"40\" maxlength=\"400\" class=\"wpcf7-form-control wpcf7-text wpcf7-validates-as-required\" aria-required=\"true\" aria-invalid=\"false\" value=\"\" type=\"text\" name=\"your-subject\" \/><\/span> <\/label>\n<\/p>\n<p><label> Sua mensagem (opcional)<br \/>\n<span class=\"wpcf7-form-control-wrap\" data-name=\"your-message\"><textarea cols=\"40\" rows=\"10\" maxlength=\"2000\" class=\"wpcf7-form-control wpcf7-textarea\" aria-invalid=\"false\" name=\"your-message\"><\/textarea><\/span> <\/label>\n<\/p>\n<p><input class=\"wpcf7-form-control wpcf7-submit has-spinner\" type=\"submit\" value=\"Enviar\" \/>\n<\/p><p style=\"display: none !important;\" class=\"akismet-fields-container\" data-prefix=\"_wpcf7_ak_\"><label>&#916;<textarea name=\"_wpcf7_ak_hp_textarea\" cols=\"45\" rows=\"8\" maxlength=\"100\"><\/textarea><\/label><input type=\"hidden\" id=\"ak_js_1\" name=\"_wpcf7_ak_js\" value=\"55\"\/><script>document.getElementById( \"ak_js_1\" ).setAttribute( \"value\", ( new Date() ).getTime() );<\/script><\/p><div class=\"wpcf7-response-output\" aria-hidden=\"true\"><\/div>\n<\/form>\n<\/div>\n[\/vc_column][vc_column width=&#8221;1\/3&#8243;][vc_text_separator title=&#8221;Localiza\u00e7\u00e3o&#8221; color=&#8221;juicy_pink&#8221;][vc_gmaps link=&#8221;#E-8_JTNDaWZyYW1lJTIwc3JjJTNEJTIyaHR0cHMlM0ElMkYlMkZ3d3cuZ29vZ2xlLmNvbSUyRm1hcHMlMkZlbWJlZCUzRnBiJTNEJTIxMW0xOCUyMTFtMTIlMjExbTMlMjExZDc2OS4wNDE3MDc0NTg2NjY1JTIxMmQtNTEuNDkyMDcyMzIxNjExOTg1JTIxM2QtMjUuMzgyNDQ1ODE2MjUwNjk0JTIxMm0zJTIxMWYwJTIxMmYwJTIxM2YwJTIxM20yJTIxMWkxMDI0JTIxMmk3NjglMjE0ZjEzLjElMjEzbTMlMjExbTIlMjExczB4OTRlZjM3YmJhNGYxN2RhMyUyNTNBMHhkN2YwZTBkNGNlMzZlNDZiJTIxMnNJTlRFRy1JbmN1YmFkb3JhJTI1MjBUZWNub2wlMjVDMyUyNUIzZ2ljYSUyNTIwZGUlMjUyMEd1YXJhcHVhdmElMjE1ZTAlMjEzbTIlMjExc3B0LUJSJTIxMnNiciUyMTR2MTY2MzMzNDgxNzk0MyUyMTVtMiUyMTFzcHQtQlIlMjEyc2JyJTIyJTIwd2lkdGglM0QlMjI2MDAlMjIlMjBoZWlnaHQlM0QlMjI0NTAlMjIlMjBzdHlsZSUzRCUyMmJvcmRlciUzQTAlM0IlMjIlMjBhbGxvd2Z1bGxzY3JlZW4lM0QlMjIlMjIlMjBsb2FkaW5nJTNEJTIybGF6eSUyMiUyMHJlZmVycmVycG9saWN5JTNEJTIybm8tcmVmZXJyZXItd2hlbi1kb3duZ3JhZGUlMjIlM0UlM0MlMkZpZnJhbWUlM0U=&#8221;][\/vc_column][vc_column width=&#8221;1\/3&#8243;][vc_text_separator title=&#8221;Hor\u00e1rios de funcionamento&#8221; color=&#8221;juicy_pink&#8221;][vc_tta_accordion style=&#8221;flat&#8221; shape=&#8221;square&#8221; spacing=&#8221;2&#8243; active_section=&#8221;100&#8243; collapsible_all=&#8221;true&#8221; el_class=&#8221;horario&#8221;][vc_tta_section title=&#8221;Novatec \/ Integ \/ Propriedade Intelectual&#8221; tab_id=&#8221;1663858593545-e8a6f323-99d2&#8243;][vc_column_text]Segunda \u00e0 sexta, das 8h30 \u00e0s 12h00 e das 13h00 \u00e0s 17h00.[\/vc_column_text][\/vc_tta_section][vc_tta_section title=&#8221;Central de An\u00e1lises&#8221; tab_id=&#8221;1663858593555-4b8dd553-1858&#8243;][vc_column_text]Segunda \u00e0 quinta, das 8h30 \u00e0s 12h00 e das 13h00 \u00e0s 15h30.[\/vc_column_text][\/vc_tta_section][\/vc_tta_accordion][vc_text_separator title=&#8221;Redes sociais&#8221; color=&#8221;juicy_pink&#8221;][vc_icon icon_fontawesome=&#8221;fab fa-instagram&#8221; color=&#8221;pink&#8221; background_style=&#8221;rounded-less&#8221; size=&#8221;lg&#8221; link=&#8221;url:https%3A%2F%2Fwww.instagram.com%2Fnovatec_unicentro%2F|target:_blank&#8221;][vc_icon icon_fontawesome=&#8221;fab fa-whatsapp&#8221; color=&#8221;green&#8221; background_style=&#8221;rounded-less&#8221; size=&#8221;lg&#8221; link=&#8221;url:https%3A%2F%2Fwa.me%2F%3C%2B5504236298144%3E|target:_blank&#8221;][\/vc_column][\/vc_row]<\/p>\n<\/div>","protected":false},"excerpt":{"rendered":"<p>[vc_row][vc_column width=&#8221;1\/3&#8243;][vc_text_separator title=&#8221;Entre em contato conosco&#8221; color=&#8221;juicy_pink&#8221;][\/vc_column][vc_column width=&#8221;1\/3&#8243;][vc_text_separator title=&#8221;Localiza\u00e7\u00e3o&#8221; color=&#8221;juicy_pink&#8221;][vc_gmaps link=&#8221;#E-8_JTNDaWZyYW1lJTIwc3JjJTNEJTIyaHR0cHMlM0ElMkYlMkZ3d3cuZ29vZ2xlLmNvbSUyRm1hcHMlMkZlbWJlZCUzRnBiJTNEJTIxMW0xOCUyMTFtMTIlMjExbTMlMjExZDc2OS4wNDE3MDc0NTg2NjY1JTIxMmQtNTEuNDkyMDcyMzIxNjExOTg1JTIxM2QtMjUuMzgyNDQ1ODE2MjUwNjk0JTIxMm0zJTIxMWYwJTIxMmYwJTIxM2YwJTIxM20yJTIxMWkxMDI0JTIxMmk3NjglMjE0ZjEzLjElMjEzbTMlMjExbTIlMjExczB4OTRlZjM3YmJhNGYxN2RhMyUyNTNBMHhkN2YwZTBkNGNlMzZlNDZiJTIxMnNJTlRFRy1JbmN1YmFkb3JhJTI1MjBUZWNub2wlMjVDMyUyNUIzZ2ljYSUyNTIwZGUlMjUyMEd1YXJhcHVhdmElMjE1ZTAlMjEzbTIlMjExc3B0LUJSJTIxMnNiciUyMTR2MTY2MzMzNDgxNzk0MyUyMTVtMiUyMTFzcHQtQlIlMjEyc2JyJTIyJTIwd2lkdGglM0QlMjI2MDAlMjIlMjBoZWlnaHQlM0QlMjI0NTAlMjIlMjBzdHlsZSUzRCUyMmJvcmRlciUzQTAlM0IlMjIlMjBhbGxvd2Z1bGxzY3JlZW4lM0QlMjIlMjIlMjBsb2FkaW5nJTNEJTIybGF6eSUyMiUyMHJlZmVycmVycG9saWN5JTNEJTIybm8tcmVmZXJyZXItd2hlbi1kb3duZ3JhZGUlMjIlM0UlM0MlMkZpZnJhbWUlM0U=&#8221;][\/vc_column][vc_column width=&#8221;1\/3&#8243;][vc_text_separator title=&#8221;Hor\u00e1rios de funcionamento&#8221; color=&#8221;juicy_pink&#8221;][vc_tta_accordion style=&#8221;flat&#8221; shape=&#8221;square&#8221; spacing=&#8221;2&#8243; active_section=&#8221;100&#8243; collapsible_all=&#8221;true&#8221; el_class=&#8221;horario&#8221;][vc_tta_section title=&#8221;Novatec \/ Integ \/ Propriedade Intelectual&#8221; tab_id=&#8221;1663858593545-e8a6f323-99d2&#8243;][vc_column_text]Segunda \u00e0 sexta, das 8h30 \u00e0s 12h00 e das 13h00 \u00e0s 17h00.[\/vc_column_text][\/vc_tta_section][vc_tta_section title=&#8221;Central de An\u00e1lises&#8221; tab_id=&#8221;1663858593555-4b8dd553-1858&#8243;][vc_column_text]Segunda \u00e0 quinta, das 8h30 \u00e0s 12h00 e das 13h00 \u00e0s 15h30.[\/vc_column_text][\/vc_tta_section][\/vc_tta_accordion][vc_text_separator [&hellip;]<\/p>\n","protected":false},"author":3,"featured_media":0,"parent":0,"menu_order":0,"comment_status":"closed","ping_status":"closed","template":"","meta":{"_exactmetrics_skip_tracking":false,"_exactmetrics_sitenote_active":false,"_exactmetrics_sitenote_note":"","_exactmetrics_sitenote_category":0,"footnotes":"","_links_to":"","_links_to_target":""},"class_list":["post-98","page","type-page","status-publish","hentry"],"_links":{"self":[{"href":"https:\/\/www3.unicentro.br\/novatec\/wp-json\/wp\/v2\/pages\/98","targetHints":{"allow":["GET"]}}],"collection":[{"href":"https:\/\/www3.unicentro.br\/novatec\/wp-json\/wp\/v2\/pages"}],"about":[{"href":"https:\/\/www3.unicentro.br\/novatec\/wp-json\/wp\/v2\/types\/page"}],"author":[{"embeddable":true,"href":"https:\/\/www3.unicentro.br\/novatec\/wp-json\/wp\/v2\/users\/3"}],"replies":[{"embeddable":true,"href":"https:\/\/www3.unicentro.br\/novatec\/wp-json\/wp\/v2\/comments?post=98"}],"version-history":[{"count":0,"href":"https:\/\/www3.unicentro.br\/novatec\/wp-json\/wp\/v2\/pages\/98\/revisions"}],"wp:attachment":[{"href":"https:\/\/www3.unicentro.br\/novatec\/wp-json\/wp\/v2\/media?parent=98"}],"curies":[{"name":"wp","href":"https:\/\/api.w.org\/{rel}","templated":true}]}}