{"id":835,"date":"2023-05-29T14:28:09","date_gmt":"2023-05-29T17:28:09","guid":{"rendered":"https:\/\/www3.unicentro.br\/novatec\/?page_id=835"},"modified":"2023-09-05T14:29:45","modified_gmt":"2023-09-05T17:29:45","slug":"responsabilidade-social-e-ambiental","status":"publish","type":"page","link":"https:\/\/www3.unicentro.br\/novatec\/incubadora-tecnologica\/responsabilidade-social-e-ambiental\/","title":{"rendered":"Responsabilidade Social e Ambiental"},"content":{"rendered":"<div class=\"wpb-content-wrapper\"><p>[vc_row css_animation=&#8221;fadeInLeft&#8221; u_row_style=&#8221;0&#8243; u_row_paralax=&#8221;0&#8243; u_row_scheme=&#8221;0&#8243;][vc_column][vc_column_text css_animation=&#8221;fadeInUp&#8221;]<\/p>\n<p style=\"text-align: justify\"><span style=\"font-family: 'arial black', sans-serif;font-size: 14pt;color: #003366\"><strong>RESPONSABILIDADE SOCIAL<\/strong><\/span><\/p>\n<p style=\"text-align: justify\"><span style=\"font-family: georgia, palatino, serif;font-size: 12pt;color: #333333\">A Incubadora Tecnol\u00f3gica de Guarapuava &#8211; INTEG adota uma pol\u00edtica de responsabilidade social que tem como objetivo a promo\u00e7\u00e3o do bem-estar dos colaboradores, empreendedores e do p\u00fablico externo.<\/span><\/p>\n<p>[\/vc_column_text][vc_btn title=&#8221;Pol\u00edtica de Responsabilidade Social&#8221; style=&#8221;3d&#8221; color=&#8221;sandy-brown&#8221; css_animation=&#8221;fadeInUp&#8221; link=&#8221;url:https%3A%2F%2Fwww3.unicentro.br%2Fnovatec%2Fwp-content%2Fuploads%2Fsites%2F128%2F2023%2F09%2FPOLITICA-DE-RESPONSABILIDADE-SOCIAL-INTEG.pdf&#8221;][\/vc_column][\/vc_row][vc_row css_animation=&#8221;fadeInRight&#8221; u_row_style=&#8221;0&#8243; u_row_paralax=&#8221;0&#8243; u_row_scheme=&#8221;0&#8243;][vc_column][vc_column_text css_animation=&#8221;fadeInUp&#8221;]<\/p>\n<p style=\"text-align: justify\"><span style=\"font-family: 'arial black', sans-serif;font-size: 14pt;color: #003366\"><strong>GEST\u00c3O AMBIENTAL<\/strong><\/span><\/p>\n<p style=\"text-align: justify\"><span style=\"font-family: georgia, palatino, serif;font-size: 12pt;color: #333333\">A INTEG tamb\u00e9m adota uma pol\u00edtica de gest\u00e3o ambiental, composta por diretrizes com a finalidade de estimular o desenvolvimento sustent\u00e1vel na perspectiva de um ambiente saud\u00e1vel e ecologicamente equilibrado.\u00a0<\/span><\/p>\n<p>[\/vc_column_text][vc_btn title=&#8221;Pol\u00edtica de Gest\u00e3o Ambiental&#8221; style=&#8221;3d&#8221; color=&#8221;sandy-brown&#8221; css_animation=&#8221;fadeInUp&#8221; link=&#8221;url:https%3A%2F%2Fwww3.unicentro.br%2Fnovatec%2Fwp-content%2Fuploads%2Fsites%2F128%2F2023%2F09%2FPOLITICA-AMBIENTAL-INTEG-3.pdf&#8221;][\/vc_column][\/vc_row][vc_row][vc_column][vc_column_text css_animation=&#8221;fadeInUp&#8221;]<\/p>\n<p style=\"text-align: justify\"><span style=\"font-family: 'arial black', sans-serif;font-size: 14pt;color: #003366\"><strong>OBJETIVOS DE DESENVOLVIMENTO SUSTENT\u00c1VEL &#8211; ODS<\/strong><\/span><\/p>\n<p style=\"text-align: justify\"><span style=\"font-family: georgia, palatino, serif;font-size: 12pt;color: #333333\">A INTEG busca a garantia do cumprimento da Agenda 2030 e a implementa\u00e7\u00e3o dos Objetivos de Desenvolvimento Sustent\u00e1vel &#8211; ODS, a partir da recep\u00e7\u00e3o de propostas de projetos tanto em fase de idea\u00e7\u00e3o quanto em empreendimentos j\u00e1 formalizados.<\/span><\/p>\n<p style=\"text-align: justify\"><span style=\"font-family: georgia, palatino, serif;font-size: 12pt;color: #333333\">Os Objetivos de Desenvolvimento Sustent\u00e1vel foram constru\u00eddos de forma colaborativa em uma agenda mundial, adotada durante a C\u00fapula das Na\u00e7\u00f5es Unidas sobre o Desenvolvimento Sustent\u00e1vel, em setembro de 2015, contemplando a cria\u00e7\u00e3o de 17 objetivos, em um total de 169 metas a serem atingidas at\u00e9 2030, atuando como um guia de a\u00e7\u00e3o estrat\u00e9gica na constru\u00e7\u00e3o de um planeta mais igualit\u00e1rio e melhor para todos.<\/span><\/p>\n<div class=\"wp-block-image\"><span style=\"font-family: georgia, palatino, serif;font-size: 12pt;color: #333333\"><img loading=\"lazy\" decoding=\"async\" class=\"size-full wp-image-838 aligncenter\" src=\"https:\/\/www3.unicentro.br\/novatec\/wp-content\/uploads\/sites\/128\/2023\/05\/Captura-de-tela-2023-05-29-142601.png\" alt=\"\" width=\"1024\" height=\"643\" srcset=\"https:\/\/www3.unicentro.br\/novatec\/wp-content\/uploads\/sites\/128\/2023\/05\/Captura-de-tela-2023-05-29-142601.png 1024w, https:\/\/www3.unicentro.br\/novatec\/wp-content\/uploads\/sites\/128\/2023\/05\/Captura-de-tela-2023-05-29-142601-768x482.png 768w, https:\/\/www3.unicentro.br\/novatec\/wp-content\/uploads\/sites\/128\/2023\/05\/Captura-de-tela-2023-05-29-142601-409x258.png 409w, https:\/\/www3.unicentro.br\/novatec\/wp-content\/uploads\/sites\/128\/2023\/05\/Captura-de-tela-2023-05-29-142601-255x160.png 255w\" sizes=\"auto, (max-width: 1024px) 100vw, 1024px\" \/><\/span><\/div>\n<div><\/div>\n<p>[\/vc_column_text][vc_btn title=&#8221;Saiba mais&#8221; style=&#8221;3d&#8221; color=&#8221;sandy-brown&#8221; css_animation=&#8221;fadeInUp&#8221; link=&#8221;url:https%3A%2F%2Fwww.boaspraticasods.pr.gov.br%2FOs-ODS&#8221;][\/vc_column][\/vc_row]<\/p>\n<\/div>","protected":false},"excerpt":{"rendered":"<p>[vc_row css_animation=&#8221;fadeInLeft&#8221; u_row_style=&#8221;0&#8243; u_row_paralax=&#8221;0&#8243; u_row_scheme=&#8221;0&#8243;][vc_column][vc_column_text css_animation=&#8221;fadeInUp&#8221;] RESPONSABILIDADE SOCIAL A Incubadora Tecnol\u00f3gica de Guarapuava &#8211; INTEG adota uma pol\u00edtica de responsabilidade social que tem como objetivo a promo\u00e7\u00e3o do bem-estar dos colaboradores, empreendedores e do p\u00fablico externo. [\/vc_column_text][vc_btn title=&#8221;Pol\u00edtica de Responsabilidade Social&#8221; style=&#8221;3d&#8221; color=&#8221;sandy-brown&#8221; css_animation=&#8221;fadeInUp&#8221; link=&#8221;url:https%3A%2F%2Fwww3.unicentro.br%2Fnovatec%2Fwp-content%2Fuploads%2Fsites%2F128%2F2023%2F09%2FPOLITICA-DE-RESPONSABILIDADE-SOCIAL-INTEG.pdf&#8221;][\/vc_column][\/vc_row][vc_row css_animation=&#8221;fadeInRight&#8221; u_row_style=&#8221;0&#8243; u_row_paralax=&#8221;0&#8243; u_row_scheme=&#8221;0&#8243;][vc_column][vc_column_text css_animation=&#8221;fadeInUp&#8221;] GEST\u00c3O AMBIENTAL A INTEG tamb\u00e9m [&hellip;]<\/p>\n","protected":false},"author":400,"featured_media":0,"parent":39,"menu_order":0,"comment_status":"closed","ping_status":"closed","template":"","meta":{"_exactmetrics_skip_tracking":false,"_exactmetrics_sitenote_active":false,"_exactmetrics_sitenote_note":"","_exactmetrics_sitenote_category":0,"footnotes":"","_links_to":"","_links_to_target":""},"class_list":["post-835","page","type-page","status-publish","hentry"],"_links":{"self":[{"href":"https:\/\/www3.unicentro.br\/novatec\/wp-json\/wp\/v2\/pages\/835","targetHints":{"allow":["GET"]}}],"collection":[{"href":"https:\/\/www3.unicentro.br\/novatec\/wp-json\/wp\/v2\/pages"}],"about":[{"href":"https:\/\/www3.unicentro.br\/novatec\/wp-json\/wp\/v2\/types\/page"}],"author":[{"embeddable":true,"href":"https:\/\/www3.unicentro.br\/novatec\/wp-json\/wp\/v2\/users\/400"}],"replies":[{"embeddable":true,"href":"https:\/\/www3.unicentro.br\/novatec\/wp-json\/wp\/v2\/comments?post=835"}],"version-history":[{"count":2,"href":"https:\/\/www3.unicentro.br\/novatec\/wp-json\/wp\/v2\/pages\/835\/revisions"}],"predecessor-version":[{"id":1336,"href":"https:\/\/www3.unicentro.br\/novatec\/wp-json\/wp\/v2\/pages\/835\/revisions\/1336"}],"up":[{"embeddable":true,"href":"https:\/\/www3.unicentro.br\/novatec\/wp-json\/wp\/v2\/pages\/39"}],"wp:attachment":[{"href":"https:\/\/www3.unicentro.br\/novatec\/wp-json\/wp\/v2\/media?parent=835"}],"curies":[{"name":"wp","href":"https:\/\/api.w.org\/{rel}","templated":true}]}}