{"id":823,"date":"2023-05-29T13:45:03","date_gmt":"2023-05-29T16:45:03","guid":{"rendered":"https:\/\/www3.unicentro.br\/novatec\/?page_id=823"},"modified":"2024-08-14T11:29:33","modified_gmt":"2024-08-14T14:29:33","slug":"portfolio-de-servicos","status":"publish","type":"page","link":"https:\/\/www3.unicentro.br\/novatec\/incubadora-tecnologica\/portfolio-de-servicos\/","title":{"rendered":"Portf\u00f3lio de Servi\u00e7os"},"content":{"rendered":"<div class=\"wpb-content-wrapper\"><p>[vc_row][vc_column width=&#8221;1\/4&#8243;][vc_single_image image=&#8221;1145&#8243; img_size=&#8221;300&#215;300&#8243; alignment=&#8221;center&#8221; style=&#8221;vc_box_shadow_3d&#8221; onclick=&#8221;custom_link&#8221; css_animation=&#8221;fadeInUp&#8221; link=&#8221;https:\/\/www3.unicentro.br\/novatec\/wp-content\/uploads\/sites\/128\/2023\/08\/29.08.23-PORTFOLIO-DE-SERVICOS-Relac.-Graduadas.pdf&#8221;][\/vc_column][vc_column width=&#8221;3\/4&#8243;][vc_column_text css_animation=&#8221;fadeInUp&#8221; css=&#8221;&#8221;]<span style=\"font-family: 'arial black', sans-serif;font-size: 14pt;color: #003366\"><strong>PORTF\u00d3LIO DE SERVI\u00c7OS<\/strong><\/span><\/p>\n<p style=\"text-align: left\"><span style=\"font-family: georgia, palatino, serif;font-size: 12pt\">A INTEG oferece Portf\u00f3lio de Servi\u00e7os destinados aos empreendimentos incubados e graduados, comunidade acad\u00eamica, institui\u00e7\u00f5es e organiza\u00e7\u00f5es parceiras e comunidade geral.<\/span><\/p>\n<p style=\"text-align: left\"><span style=\"font-family: georgia, palatino, serif;font-size: 12pt\">Acesse nosso Portf\u00f3lio de Servi\u00e7os:<\/span><\/p>\n<p>[\/vc_column_text][vc_btn title=&#8221;Portf\u00f3lio de Servi\u00e7os&#8221; style=&#8221;3d&#8221; color=&#8221;sandy-brown&#8221; css_animation=&#8221;fadeInUp&#8221; css=&#8221;&#8221; link=&#8221;url:https%3A%2F%2Fwww3.unicentro.br%2Fnovatec%2Fwp-content%2Fuploads%2Fsites%2F128%2F2024%2F08%2FPORTFOLIO-DE-SERVICOS.pdf&#8221;][\/vc_column][\/vc_row]<\/p>\n<\/div>","protected":false},"excerpt":{"rendered":"<p>[vc_row][vc_column width=&#8221;1\/4&#8243;][vc_single_image image=&#8221;1145&#8243; img_size=&#8221;300&#215;300&#8243; alignment=&#8221;center&#8221; style=&#8221;vc_box_shadow_3d&#8221; onclick=&#8221;custom_link&#8221; css_animation=&#8221;fadeInUp&#8221; link=&#8221;https:\/\/www3.unicentro.br\/novatec\/wp-content\/uploads\/sites\/128\/2023\/08\/29.08.23-PORTFOLIO-DE-SERVICOS-Relac.-Graduadas.pdf&#8221;][\/vc_column][vc_column width=&#8221;3\/4&#8243;][vc_column_text css_animation=&#8221;fadeInUp&#8221; css=&#8221;&#8221;]PORTF\u00d3LIO DE SERVI\u00c7OS A INTEG oferece Portf\u00f3lio de Servi\u00e7os destinados aos empreendimentos incubados e graduados, comunidade acad\u00eamica, institui\u00e7\u00f5es e organiza\u00e7\u00f5es parceiras e comunidade geral. Acesse nosso Portf\u00f3lio de Servi\u00e7os: [\/vc_column_text][vc_btn title=&#8221;Portf\u00f3lio de Servi\u00e7os&#8221; style=&#8221;3d&#8221; color=&#8221;sandy-brown&#8221; css_animation=&#8221;fadeInUp&#8221; css=&#8221;&#8221; link=&#8221;url:https%3A%2F%2Fwww3.unicentro.br%2Fnovatec%2Fwp-content%2Fuploads%2Fsites%2F128%2F2024%2F08%2FPORTFOLIO-DE-SERVICOS.pdf&#8221;][\/vc_column][\/vc_row]<\/p>\n","protected":false},"author":400,"featured_media":0,"parent":39,"menu_order":0,"comment_status":"closed","ping_status":"closed","template":"","meta":{"_exactmetrics_skip_tracking":false,"_exactmetrics_sitenote_active":false,"_exactmetrics_sitenote_note":"","_exactmetrics_sitenote_category":0,"footnotes":"","_links_to":"","_links_to_target":""},"class_list":["post-823","page","type-page","status-publish","hentry"],"_links":{"self":[{"href":"https:\/\/www3.unicentro.br\/novatec\/wp-json\/wp\/v2\/pages\/823","targetHints":{"allow":["GET"]}}],"collection":[{"href":"https:\/\/www3.unicentro.br\/novatec\/wp-json\/wp\/v2\/pages"}],"about":[{"href":"https:\/\/www3.unicentro.br\/novatec\/wp-json\/wp\/v2\/types\/page"}],"author":[{"embeddable":true,"href":"https:\/\/www3.unicentro.br\/novatec\/wp-json\/wp\/v2\/users\/400"}],"replies":[{"embeddable":true,"href":"https:\/\/www3.unicentro.br\/novatec\/wp-json\/wp\/v2\/comments?post=823"}],"version-history":[{"count":2,"href":"https:\/\/www3.unicentro.br\/novatec\/wp-json\/wp\/v2\/pages\/823\/revisions"}],"predecessor-version":[{"id":1902,"href":"https:\/\/www3.unicentro.br\/novatec\/wp-json\/wp\/v2\/pages\/823\/revisions\/1902"}],"up":[{"embeddable":true,"href":"https:\/\/www3.unicentro.br\/novatec\/wp-json\/wp\/v2\/pages\/39"}],"wp:attachment":[{"href":"https:\/\/www3.unicentro.br\/novatec\/wp-json\/wp\/v2\/media?parent=823"}],"curies":[{"name":"wp","href":"https:\/\/api.w.org\/{rel}","templated":true}]}}