{"id":77,"date":"2021-08-09T11:08:17","date_gmt":"2021-08-09T14:08:17","guid":{"rendered":"https:\/\/www3.unicentro.br\/novatec\/?page_id=77"},"modified":"2026-03-31T16:16:59","modified_gmt":"2026-03-31T19:16:59","slug":"divisao-de-projetos","status":"publish","type":"page","link":"https:\/\/www3.unicentro.br\/novatec\/divisao-de-projetos\/","title":{"rendered":"Divis\u00e3o de Projetos"},"content":{"rendered":"<div class=\"wpb-content-wrapper\"><p>[vc_row][vc_column][vc_single_image image=&#8221;2530&#8243; img_size=&#8221;full&#8221; css_animation=&#8221;fadeInUp&#8221; css=&#8221;&#8221;][\/vc_column][\/vc_row][vc_row][vc_column width=&#8221;1\/4&#8243;][vc_single_image image=&#8221;1359&#8243; img_size=&#8221;400&#215;400&#8243; style=&#8221;vc_box_shadow_3d&#8221; css_animation=&#8221;fadeInUp&#8221;][\/vc_column][vc_column width=&#8221;3\/4&#8243;][vc_column_text css_animation=&#8221;fadeInUp&#8221;]<\/p>\n<p style=\"text-align: left\"><span style=\"font-family: 'arial black', sans-serif;font-size: 14pt;color: #003366\"><strong>\u00c1LCOOL GEL<\/strong><\/span><\/p>\n<p class=\"_04xlpA direction-ltr align-justify para-style-body\" style=\"text-align: justify\"><span class=\"WdYUQQ\" style=\"font-family: georgia, palatino, serif;font-size: 12pt;color: #333333\">Um dos projetos mais conhecidos na regi\u00e3o, \u00e9 a produ\u00e7\u00e3o de \u00e1lcool gel, projeto em atividade desde 2008 em parceria com a Receita Federal, a qual consiste na utiliza\u00e7\u00e3o de bebidas como vinho, cerveja e vodka apreendidas, os quais s\u00e3o submetidos a processos qu\u00edmicos, a fim de extrair a fase alco\u00f3lica, e como produto final, s\u00e3o obtidos os seguintes produtos:<\/span><\/p>\n<ul style=\"text-align: justify\">\n<li><span class=\"WdYUQQ\" style=\"font-family: georgia, palatino, serif;font-size: 12pt;color: #333333\">\u00c1lcool de limpeza;<\/span><\/li>\n<li><span class=\"WdYUQQ\" style=\"font-family: georgia, palatino, serif;font-size: 12pt;color: #333333\">\u00c1lcool glicerinado;<\/span><\/li>\n<li><span class=\"WdYUQQ\" style=\"font-family: georgia, palatino, serif;font-size: 12pt;color: #333333\">\u00c1lcool 70 em gel;<\/span><\/li>\n<\/ul>\n<p>[\/vc_column_text][\/vc_column][\/vc_row][vc_row][vc_column][vc_column_text css_animation=&#8221;fadeInUp&#8221;]<span class=\"WdYUQQ\" style=\"font-family: georgia, palatino, serif;font-size: 12pt;color: #333333\">A destina\u00e7\u00e3o desses produtos atendem toda a comunidade universit\u00e1ria, escolas municipais e estaduais, \u00f3rg\u00e3os como Pol\u00edcia Civil, Pol\u00edcia Militar, Pol\u00edcia Federal, Bombeiros, Defesa Civil e alguns hospitais da regi\u00e3o, al\u00e9m de algumas solicita\u00e7\u00f5es de munic\u00edpios vizinhos.<\/span>[\/vc_column_text][vc_separator color=&#8221;orange&#8221; style=&#8221;double&#8221; css_animation=&#8221;fadeInUp&#8221;][\/vc_column][\/vc_row][vc_row][vc_column width=&#8221;1\/4&#8243;][vc_single_image image=&#8221;1358&#8243; img_size=&#8221;400&#215;400&#8243; style=&#8221;vc_box_shadow_3d&#8221; css_animation=&#8221;fadeInUp&#8221;][\/vc_column][vc_column width=&#8221;3\/4&#8243;][vc_column_text css_animation=&#8221;fadeInUp&#8221;]<\/p>\n<p style=\"text-align: left\"><span style=\"font-family: 'arial black', sans-serif;font-size: 14pt;color: #003366\"><strong>E-LIXO<\/strong><\/span><\/p>\n<div>\n<p style=\"text-align: justify\"><span style=\"font-family: georgia, palatino, serif;font-size: 12pt;color: #333333\">Desenvolvido pelo Departamento de Ci\u00eancia da Computa\u00e7\u00e3o da Universidade, que envolve a reciclagem, a conscientiza\u00e7\u00e3o interna na Unicentro e o treinamento complementar dos alunos do projeto para a manuten\u00e7\u00e3o de equipamentos. O E-LIXO consiste no desenvolvimento de novos equipamentos a partir da arrecada\u00e7\u00e3o de lixo eletr\u00f4nico, onde os alunos realizam a triagem de componentes e os produtos finais s\u00e3o destinados para a pr\u00f3pria universidade e outras institui\u00e7\u00f5es.<\/span><\/p>\n<\/div>\n<p>[\/vc_column_text][vc_btn title=&#8221;Acesse a Cartilha&#8221; style=&#8221;3d&#8221; color=&#8221;sandy-brown&#8221; css_animation=&#8221;fadeInUp&#8221; link=&#8221;url:https%3A%2F%2Fwww3.unicentro.br%2Fdecomp%2Fwp-content%2Fuploads%2Fsites%2F77%2F2021%2F09%2FCartilhaLixoEletronico.pdf&#8221;][\/vc_column][\/vc_row][vc_row][vc_column][vc_separator color=&#8221;orange&#8221; style=&#8221;double&#8221; css_animation=&#8221;fadeInUp&#8221;][\/vc_column][\/vc_row]<\/p>\n<\/div>","protected":false},"excerpt":{"rendered":"<p>[vc_row][vc_column][vc_single_image image=&#8221;2530&#8243; img_size=&#8221;full&#8221; css_animation=&#8221;fadeInUp&#8221; css=&#8221;&#8221;][\/vc_column][\/vc_row][vc_row][vc_column width=&#8221;1\/4&#8243;][vc_single_image image=&#8221;1359&#8243; img_size=&#8221;400&#215;400&#8243; style=&#8221;vc_box_shadow_3d&#8221; css_animation=&#8221;fadeInUp&#8221;][\/vc_column][vc_column width=&#8221;3\/4&#8243;][vc_column_text css_animation=&#8221;fadeInUp&#8221;] \u00c1LCOOL GEL Um dos projetos mais conhecidos na regi\u00e3o, \u00e9 a produ\u00e7\u00e3o de \u00e1lcool gel, projeto em atividade desde 2008 em parceria com a Receita Federal, a qual consiste na utiliza\u00e7\u00e3o de bebidas como vinho, cerveja e vodka apreendidas, os quais s\u00e3o submetidos [&hellip;]<\/p>\n","protected":false},"author":3,"featured_media":0,"parent":0,"menu_order":0,"comment_status":"closed","ping_status":"closed","template":"","meta":{"_exactmetrics_skip_tracking":false,"_exactmetrics_sitenote_active":false,"_exactmetrics_sitenote_note":"","_exactmetrics_sitenote_category":0,"footnotes":"","_links_to":"","_links_to_target":""},"class_list":["post-77","page","type-page","status-publish","hentry"],"_links":{"self":[{"href":"https:\/\/www3.unicentro.br\/novatec\/wp-json\/wp\/v2\/pages\/77","targetHints":{"allow":["GET"]}}],"collection":[{"href":"https:\/\/www3.unicentro.br\/novatec\/wp-json\/wp\/v2\/pages"}],"about":[{"href":"https:\/\/www3.unicentro.br\/novatec\/wp-json\/wp\/v2\/types\/page"}],"author":[{"embeddable":true,"href":"https:\/\/www3.unicentro.br\/novatec\/wp-json\/wp\/v2\/users\/3"}],"replies":[{"embeddable":true,"href":"https:\/\/www3.unicentro.br\/novatec\/wp-json\/wp\/v2\/comments?post=77"}],"version-history":[{"count":3,"href":"https:\/\/www3.unicentro.br\/novatec\/wp-json\/wp\/v2\/pages\/77\/revisions"}],"predecessor-version":[{"id":2535,"href":"https:\/\/www3.unicentro.br\/novatec\/wp-json\/wp\/v2\/pages\/77\/revisions\/2535"}],"wp:attachment":[{"href":"https:\/\/www3.unicentro.br\/novatec\/wp-json\/wp\/v2\/media?parent=77"}],"curies":[{"name":"wp","href":"https:\/\/api.w.org\/{rel}","templated":true}]}}