{"id":75,"date":"2021-08-09T11:06:36","date_gmt":"2021-08-09T14:06:36","guid":{"rendered":"https:\/\/www3.unicentro.br\/novatec\/?page_id=75"},"modified":"2026-03-31T16:17:41","modified_gmt":"2026-03-31T19:17:41","slug":"propriedade-intelectual","status":"publish","type":"page","link":"https:\/\/www3.unicentro.br\/novatec\/propriedade-intelectual\/","title":{"rendered":"Propriedade Intelectual"},"content":{"rendered":"<div class=\"wpb-content-wrapper\"><p>[vc_row][vc_column][vc_single_image image=&#8221;2532&#8243; img_size=&#8221;full&#8221; css_animation=&#8221;fadeInUp&#8221; css=&#8221;&#8221;][vc_column_text css_animation=&#8221;fadeInUp&#8221;]<\/p>\n<p style=\"text-align: justify\"><span style=\"font-family: georgia, palatino, serif;font-size: 12pt;color: #333333\">Assegurar Direitos de Propriedade Intelectual \u00e9 crucial para que ideias criativas e inova\u00e7\u00f5es, resultados de pesquisas e conhecimento t\u00e9cnico que se concretizem em produto novo ou modificado, estejam protegidas a fim de garantir futura explora\u00e7\u00e3o comercial e gerar benef\u00edcios \u00e0 sociedade.<\/span><\/p>\n<p>[\/vc_column_text][vc_separator color=&#8221;orange&#8221; style=&#8221;double&#8221; css_animation=&#8221;fadeInUp&#8221;][vc_column_text css_animation=&#8221;fadeInUp&#8221;]<span style=\"font-family: 'arial black', sans-serif;font-size: 14pt;color: #003366\">SERVI\u00c7OS<\/span><\/p>\n<p style=\"text-align: justify\"><span style=\"font-family: georgia, palatino, serif;font-size: 12pt;color: #333333\">O setor de Propriedade Intelectual da NOVATEC\/ UNICENTRO oferece aux\u00edlio e servi\u00e7os nas \u00e1reas de registro de Patentes de Inven\u00e7\u00e3o, Modelos de Utilidade, Desenho Industrial e Marcas, beneficiando a comunidade acad\u00eamica e a sociedade do Centro-Sul do Paran\u00e1. Conta com uma equipe em constante intera\u00e7\u00e3o com o INPI \u2013 Instituto Nacional de Propriedade Intelectual e com a ANPROTEC, FORTEC e outras institui\u00e7\u00f5es e \u00f3rg\u00e3os nacionais na \u00e1rea de PI.<\/span><\/p>\n<p>[\/vc_column_text][vc_separator color=&#8221;orange&#8221; style=&#8221;double&#8221; css_animation=&#8221;fadeInUp&#8221;][vc_column_text css_animation=&#8221;fadeInUp&#8221;]<span style=\"font-family: 'arial black', sans-serif;font-size: 14pt;color: #003366\">POL\u00cdTICA INSTITUCIONAL\u00a0 DE PROPRIEDADE INTELECTUAL<\/span><\/p>\n<p style=\"text-align: justify\"><span style=\"font-family: georgia, palatino, serif;font-size: 12pt;color: #333333\">A <a href=\"https:\/\/www2.unicentro.br\/ppge\/files\/2021\/12\/REGULAMENTO-DA-POLITICA-INSTITUCIONAL-DE-INOVACAO-E-PROPRIEDADE.pdf?x16490\">RESOLU\u00c7\u00c3O N\u00ba 5-CEPE-CAD\/UNICENTRO DE 1\u00ba DE OUTUBRO DE 2021<\/a> regulamenta a pol\u00edtica institucional de propriedade intelectual e das rela\u00e7\u00f5es da universidade com empresas nacionais, institui\u00e7\u00f5es cient\u00edficas e tecnol\u00f3gicas e organiza\u00e7\u00f5es de direito privado sem fins lucrativos para pesquisa e desenvolvimento, al\u00e9m da participa\u00e7\u00e3o de pesquisadores, colaboradores, empresas incubadas e associadas da Incubadora Tecnol\u00f3gica de Guarapuava e do Parque Cient\u00edfico e Tecnol\u00f3gico da Unicentro e intera\u00e7\u00e3o universidade-empresa.<\/span><\/p>\n<p>[\/vc_column_text][vc_separator color=&#8221;orange&#8221; style=&#8221;double&#8221; css_animation=&#8221;fadeInUp&#8221;][\/vc_column][\/vc_row][vc_row][vc_column][vc_column_text css_animation=&#8221;fadeInUp&#8221; css=&#8221;&#8221;]<\/p>\n<p style=\"text-align: left\"><span style=\"font-size: 14pt;font-family: 'arial black', sans-serif;color: #003366\"><strong>PORTF\u00d3LIO DE PATENTES CONCEDIDAS &#8211; OFERTA P\u00daBLICA<\/strong><\/span><\/p>\n<p>[\/vc_column_text][\/vc_column][\/vc_row][vc_row][vc_column width=&#8221;1\/6&#8243;][vc_single_image image=&#8221;907&#8243; img_size=&#8221;200X200&#8243; alignment=&#8221;center&#8221; style=&#8221;vc_box_circle_2&#8243; css_animation=&#8221;fadeInUp&#8221;][vc_column_text css_animation=&#8221;fadeInUp&#8221;]<\/p>\n<p style=\"text-align: center\"><strong><span style=\"font-family: georgia, palatino, serif;font-size: 12pt\"><a href=\"https:\/\/www3.unicentro.br\/novatec\/propriedade-intelectual\/patentes-na-area-de-alimentos\/\">ALIMENTOS<\/a><\/span><\/strong><\/p>\n<p>[\/vc_column_text][\/vc_column][vc_column width=&#8221;1\/6&#8243;][vc_single_image image=&#8221;909&#8243; img_size=&#8221;200X200&#8243; alignment=&#8221;center&#8221; style=&#8221;vc_box_circle_2&#8243; css_animation=&#8221;fadeInUp&#8221;][vc_column_text css_animation=&#8221;fadeInUp&#8221;]<\/p>\n<p style=\"text-align: center\"><strong><span style=\"font-family: georgia, palatino, serif;font-size: 12pt\"><a href=\"https:\/\/www3.unicentro.br\/novatec\/propriedade-intelectual\/patentes-na-area-de-quimica\/\">QU\u00cdMICA<\/a><\/span><\/strong><\/p>\n<p>[\/vc_column_text][\/vc_column][vc_column width=&#8221;1\/6&#8243;][vc_single_image image=&#8221;1458&#8243; img_size=&#8221;200X200&#8243; alignment=&#8221;center&#8221; style=&#8221;vc_box_circle_2&#8243; css_animation=&#8221;fadeInUp&#8221;][vc_column_text css_animation=&#8221;fadeInUp&#8221;]<\/p>\n<p style=\"text-align: center\"><strong><span style=\"font-family: georgia, palatino, serif;font-size: 12pt\"><a href=\"https:\/\/www3.unicentro.br\/novatec\/propriedade-intelectual\/patentes-na-area-de-biotecnologia\/\">BIOTECNOLOGIA<\/a><\/span><\/strong><\/p>\n<p>[\/vc_column_text][\/vc_column][vc_column width=&#8221;1\/6&#8243;][vc_single_image image=&#8221;1424&#8243; img_size=&#8221;200X200&#8243; alignment=&#8221;center&#8221; style=&#8221;vc_box_circle_2&#8243; css_animation=&#8221;fadeInUp&#8221;][vc_column_text css_animation=&#8221;fadeInUp&#8221;]<\/p>\n<p style=\"text-align: center\"><strong><span style=\"font-family: georgia, palatino, serif;font-size: 12pt\"><a href=\"https:\/\/www3.unicentro.br\/novatec\/propriedade-intelectual\/patentes-na-area-de-agro\/\">AGRO<\/a><\/span><\/strong><\/p>\n<p>[\/vc_column_text][\/vc_column][vc_column width=&#8221;1\/6&#8243;][vc_single_image image=&#8221;962&#8243; img_size=&#8221;200X200&#8243; alignment=&#8221;center&#8221; style=&#8221;vc_box_circle_2&#8243; css_animation=&#8221;fadeInUp&#8221;][vc_column_text css_animation=&#8221;fadeInUp&#8221;]<\/p>\n<p style=\"text-align: center\"><strong><span style=\"font-family: georgia, palatino, serif;font-size: 12pt\"><a href=\"https:\/\/www3.unicentro.br\/novatec\/propriedade-intelectual\/patentes-na-area-de-saude\/\">SA\u00daDE<\/a><\/span><\/strong><\/p>\n<p>[\/vc_column_text][\/vc_column][vc_column width=&#8221;1\/6&#8243;][vc_single_image image=&#8221;1496&#8243; img_size=&#8221;200X200&#8243; alignment=&#8221;center&#8221; style=&#8221;vc_box_circle_2&#8243; css_animation=&#8221;fadeInUp&#8221;][vc_column_text css_animation=&#8221;fadeInUp&#8221;]<\/p>\n<p style=\"text-align: center\"><strong><span style=\"font-family: georgia, palatino, serif;font-size: 12pt\"><a href=\"https:\/\/www3.unicentro.br\/novatec\/propriedade-intelectual\/patentes-na-area-de-fisica\/\">F\u00cdSICA<\/a><\/span><\/strong><\/p>\n<p>[\/vc_column_text][\/vc_column][\/vc_row][vc_row][vc_column][vc_separator color=&#8221;orange&#8221; style=&#8221;double&#8221; css_animation=&#8221;fadeInUp&#8221;][\/vc_column][\/vc_row][vc_row][vc_column][vc_column_text css_animation=&#8221;fadeInUp&#8221;]<span style=\"font-family: 'arial black', sans-serif;font-size: 14pt;color: #003366\">DOCUMENTOS<\/span>[\/vc_column_text][vc_tta_accordion style=&#8221;flat&#8221; color=&#8221;sandy-brown&#8221; gap=&#8221;1&#8243; c_icon=&#8221;&#8221; active_section=&#8221;*&#8221; no_fill=&#8221;true&#8221; collapsible_all=&#8221;true&#8221;][vc_tta_section title=&#8221;Formul\u00e1rio Pedido de Patente&#8221; tab_id=&#8221;1663942291143-cfe706ae-a85f&#8221;][vc_column_text]Clique <a href=\"https:\/\/www3.unicentro.br\/novatec\/wp-content\/uploads\/sites\/128\/2023\/09\/Formulario-de-Pedido-de-Patente-2023.docx\">aqui<\/a> para fazer o download.[\/vc_column_text][\/vc_tta_section][vc_tta_section title=&#8221;Informa\u00e7\u00f5es b\u00e1sicas para a elabora\u00e7\u00e3o de um Pedido de Patente&#8221; tab_id=&#8221;1663942291144-80cdecaa-be05&#8243;][vc_column_text css=&#8221;&#8221;]Clique <a href=\"https:\/\/www3.unicentro.br\/novatec\/wp-content\/uploads\/sites\/128\/2024\/05\/E-BOOK-Redacao-de-Patentes-2021.pdf\">aqui <\/a>para fazer o download.[\/vc_column_text][\/vc_tta_section][vc_tta_section title=&#8221;Modelos&#8221; tab_id=&#8221;1713791839858-f0f59f8c-365d&#8221;][vc_column_text css=&#8221;&#8221;]Relat\u00f3rio:\u00a0<a href=\"https:\/\/www3.unicentro.br\/novatec\/wp-content\/uploads\/sites\/128\/2024\/04\/Relatorio-Modelo.docx\">Clique aqui<\/a>\u00a0para fazer o download.<\/p>\n<p>Desenhos: <a href=\"https:\/\/www3.unicentro.br\/novatec\/wp-content\/uploads\/sites\/128\/2024\/04\/Desenhos-Modelos.docx\">Clique aqui<\/a> para fazer o download.<\/p>\n<p>Reivindica\u00e7\u00e3o: <a href=\"https:\/\/www3.unicentro.br\/novatec\/wp-content\/uploads\/sites\/128\/2024\/04\/Reivindicacao-Modelo.docx\">Clique aqui<\/a> para fazer o download.[\/vc_column_text][\/vc_tta_section][\/vc_tta_accordion][vc_separator color=&#8221;orange&#8221; style=&#8221;double&#8221; css_animation=&#8221;fadeInUp&#8221;][vc_column_text css_animation=&#8221;fadeInUp&#8221; css=&#8221;&#8221;]<span style=\"font-family: 'arial black', sans-serif;font-size: 14pt;color: #003366\">ATIVOS REGISTRADOS PELA UNICENTRO (PI\/MU\/SW)<\/span>[\/vc_column_text][vc_tta_accordion style=&#8221;flat&#8221; color=&#8221;sandy-brown&#8221; gap=&#8221;1&#8243; c_icon=&#8221;&#8221; active_section=&#8221;*&#8221; no_fill=&#8221;true&#8221; collapsible_all=&#8221;true&#8221;][vc_tta_section title=&#8221;Rela\u00e7\u00e3o consolidada de ativos registrados pela UNICENTRO (PI\/MU\/SW)&#8221; tab_id=&#8221;1770675484280-a1d65c36-eff9&#8243;][vc_column_text css=&#8221;&#8221;]<a href=\"https:\/\/www3.unicentro.br\/novatec\/wp-content\/uploads\/sites\/128\/2026\/02\/Patentes-UNICENTRO.pdf\">Clique aqui<\/a>\u00a0para fazer o download.[\/vc_column_text][\/vc_tta_section][\/vc_tta_accordion][\/vc_column][\/vc_row]<\/p>\n<\/div>","protected":false},"excerpt":{"rendered":"<p>[vc_row][vc_column][vc_single_image image=&#8221;2532&#8243; img_size=&#8221;full&#8221; css_animation=&#8221;fadeInUp&#8221; css=&#8221;&#8221;][vc_column_text css_animation=&#8221;fadeInUp&#8221;] Assegurar Direitos de Propriedade Intelectual \u00e9 crucial para que ideias criativas e inova\u00e7\u00f5es, resultados de pesquisas e conhecimento t\u00e9cnico que se concretizem em produto novo ou modificado, estejam protegidas a fim de garantir futura explora\u00e7\u00e3o comercial e gerar benef\u00edcios \u00e0 sociedade. [\/vc_column_text][vc_separator color=&#8221;orange&#8221; style=&#8221;double&#8221; css_animation=&#8221;fadeInUp&#8221;][vc_column_text css_animation=&#8221;fadeInUp&#8221;]SERVI\u00c7OS O setor de [&hellip;]<\/p>\n","protected":false},"author":3,"featured_media":0,"parent":0,"menu_order":0,"comment_status":"closed","ping_status":"closed","template":"","meta":{"_exactmetrics_skip_tracking":false,"_exactmetrics_sitenote_active":false,"_exactmetrics_sitenote_note":"","_exactmetrics_sitenote_category":0,"footnotes":"","_links_to":"","_links_to_target":""},"class_list":["post-75","page","type-page","status-publish","hentry"],"_links":{"self":[{"href":"https:\/\/www3.unicentro.br\/novatec\/wp-json\/wp\/v2\/pages\/75","targetHints":{"allow":["GET"]}}],"collection":[{"href":"https:\/\/www3.unicentro.br\/novatec\/wp-json\/wp\/v2\/pages"}],"about":[{"href":"https:\/\/www3.unicentro.br\/novatec\/wp-json\/wp\/v2\/types\/page"}],"author":[{"embeddable":true,"href":"https:\/\/www3.unicentro.br\/novatec\/wp-json\/wp\/v2\/users\/3"}],"replies":[{"embeddable":true,"href":"https:\/\/www3.unicentro.br\/novatec\/wp-json\/wp\/v2\/comments?post=75"}],"version-history":[{"count":4,"href":"https:\/\/www3.unicentro.br\/novatec\/wp-json\/wp\/v2\/pages\/75\/revisions"}],"predecessor-version":[{"id":2536,"href":"https:\/\/www3.unicentro.br\/novatec\/wp-json\/wp\/v2\/pages\/75\/revisions\/2536"}],"wp:attachment":[{"href":"https:\/\/www3.unicentro.br\/novatec\/wp-json\/wp\/v2\/media?parent=75"}],"curies":[{"name":"wp","href":"https:\/\/api.w.org\/{rel}","templated":true}]}}