{"id":73,"date":"2021-08-09T11:04:12","date_gmt":"2021-08-09T14:04:12","guid":{"rendered":"https:\/\/www3.unicentro.br\/novatec\/?page_id=73"},"modified":"2026-03-31T16:16:06","modified_gmt":"2026-03-31T19:16:06","slug":"central-de-analises","status":"publish","type":"page","link":"https:\/\/www3.unicentro.br\/novatec\/central-de-analises\/","title":{"rendered":"Central de An\u00e1lises"},"content":{"rendered":"<div class=\"wpb-content-wrapper\"><p>[vc_row][vc_column][vc_single_image image=&#8221;2529&#8243; img_size=&#8221;full&#8221; css_animation=&#8221;fadeInUp&#8221; css=&#8221;&#8221;][vc_column_text css_animation=&#8221;fadeInUp&#8221;]<\/p>\n<p style=\"text-align: left\"><span style=\"font-family: 'arial black', sans-serif;font-size: 14pt;color: #003366\"><strong>PRESTA\u00c7\u00c3O DE SERVI\u00c7O TECNOL\u00d3GICO<\/strong><\/span><\/p>\n<p style=\"text-align: justify\"><span style=\"font-family: georgia, palatino, serif;font-size: 12pt;color: #333333\">A Central de An\u00e1lises \u00e9 respons\u00e1vel pela presta\u00e7\u00e3o de servi\u00e7os tecnol\u00f3gicos, constitu\u00edda pelos laborat\u00f3rios de An\u00e1lise de \u00c1guas (F\u00edsico-qu\u00edmico e Microbiol\u00f3gico) e de An\u00e1lise de Combust\u00edveis. Na linha de produtos domissanit\u00e1rios, produz detergentes, desinfetantes e \u00e1gua sanit\u00e1ria, fornecendo tais produtos para os setores de sa\u00fade e para uso na administra\u00e7\u00e3o e limpeza da universidade. Economia gerada para a Unicentro em aproximadamente R$ 4.000,00\/m\u00eas.<\/span><\/p>\n<p>[\/vc_column_text][vc_separator color=&#8221;orange&#8221; style=&#8221;double&#8221; css_animation=&#8221;fadeInUp&#8221;][vc_column_text css_animation=&#8221;fadeInUp&#8221;]<\/p>\n<p style=\"text-align: left\"><span style=\"font-family: 'arial black', sans-serif;font-size: 14pt;color: #003366\"><strong>AN\u00c1LISE DE \u00c1GUAS<\/strong><\/span><\/p>\n<p style=\"text-align: justify\"><span class=\"WdYUQQ\" style=\"font-family: georgia, palatino, serif;font-size: 12pt;color: #333333\">O laborat\u00f3rio de an\u00e1lise de \u00e1guas realiza uma diversidade de par\u00e2metros f\u00edsico-qu\u00edmicos e microbiol\u00f3gicos de acordo com as normas vigentes, prestando servi\u00e7os de an\u00e1lises de \u00e1gua e efluentes l\u00edquidos, atendendo as demandas para ensaios de potabilidade e caracteriza\u00e7\u00e3o de produtos.<\/span><\/p>\n<p>[\/vc_column_text][vc_separator color=&#8221;orange&#8221; style=&#8221;double&#8221; css_animation=&#8221;fadeInUp&#8221;][vc_column_text css_animation=&#8221;fadeInUp&#8221;]<\/p>\n<p style=\"text-align: left\"><span style=\"font-family: 'arial black', sans-serif;font-size: 14pt;color: #003366\"><strong>AN\u00c1LISE DE COMBUST\u00cdVEIS<\/strong><\/span><\/p>\n<p style=\"text-align: justify\"><span style=\"font-family: georgia, palatino, serif;font-size: 12pt;color: #333333\">O laborat\u00f3rio de combust\u00edveis realiza <span class=\"WdYUQQ\">an\u00e1lises de avalia\u00e7\u00e3o da conformidade de amostras de gasolina, etanol, \u00f3leo diesel e biodiesel de diversas empresas de Guarapuava e regi\u00e3o, segundo as especifica\u00e7\u00f5es das normas nacionais e internacionais.<\/span> <\/span><\/p>\n<p>[\/vc_column_text][vc_separator color=&#8221;orange&#8221; style=&#8221;double&#8221; css_animation=&#8221;fadeInUp&#8221;][vc_column_text css_animation=&#8221;fadeInUp&#8221;]<\/p>\n<p style=\"text-align: left\"><span style=\"font-family: 'arial black', sans-serif;font-size: 14pt;color: #003366\"><strong><span class=\"WdYUQQ\">PRODUTOS DOMISSANIT\u00c1RIOS<\/span><\/strong><\/span><\/p>\n<p><span class=\"WdYUQQ\" style=\"font-family: georgia, palatino, serif;font-size: 12pt;color: #333333\">\u00c9 respons\u00e1vel pela produ\u00e7\u00e3o de detergentes, desinfetantes e \u00e1gua sanit\u00e1ria, fornecendo estes produtos para todos os campus da UNICENTRO.<\/span>[\/vc_column_text][vc_separator color=&#8221;orange&#8221; style=&#8221;double&#8221; css_animation=&#8221;fadeInUp&#8221;][\/vc_column][\/vc_row]<\/p>\n<\/div>","protected":false},"excerpt":{"rendered":"<p>[vc_row][vc_column][vc_single_image image=&#8221;2529&#8243; img_size=&#8221;full&#8221; css_animation=&#8221;fadeInUp&#8221; css=&#8221;&#8221;][vc_column_text css_animation=&#8221;fadeInUp&#8221;] PRESTA\u00c7\u00c3O DE SERVI\u00c7O TECNOL\u00d3GICO A Central de An\u00e1lises \u00e9 respons\u00e1vel pela presta\u00e7\u00e3o de servi\u00e7os tecnol\u00f3gicos, constitu\u00edda pelos laborat\u00f3rios de An\u00e1lise de \u00c1guas (F\u00edsico-qu\u00edmico e Microbiol\u00f3gico) e de An\u00e1lise de Combust\u00edveis. Na linha de produtos domissanit\u00e1rios, produz detergentes, desinfetantes e \u00e1gua sanit\u00e1ria, fornecendo tais produtos para os setores de sa\u00fade [&hellip;]<\/p>\n","protected":false},"author":3,"featured_media":0,"parent":0,"menu_order":0,"comment_status":"closed","ping_status":"closed","template":"","meta":{"_exactmetrics_skip_tracking":false,"_exactmetrics_sitenote_active":false,"_exactmetrics_sitenote_note":"","_exactmetrics_sitenote_category":0,"footnotes":"","_links_to":"","_links_to_target":""},"class_list":["post-73","page","type-page","status-publish","hentry"],"_links":{"self":[{"href":"https:\/\/www3.unicentro.br\/novatec\/wp-json\/wp\/v2\/pages\/73","targetHints":{"allow":["GET"]}}],"collection":[{"href":"https:\/\/www3.unicentro.br\/novatec\/wp-json\/wp\/v2\/pages"}],"about":[{"href":"https:\/\/www3.unicentro.br\/novatec\/wp-json\/wp\/v2\/types\/page"}],"author":[{"embeddable":true,"href":"https:\/\/www3.unicentro.br\/novatec\/wp-json\/wp\/v2\/users\/3"}],"replies":[{"embeddable":true,"href":"https:\/\/www3.unicentro.br\/novatec\/wp-json\/wp\/v2\/comments?post=73"}],"version-history":[{"count":3,"href":"https:\/\/www3.unicentro.br\/novatec\/wp-json\/wp\/v2\/pages\/73\/revisions"}],"predecessor-version":[{"id":2534,"href":"https:\/\/www3.unicentro.br\/novatec\/wp-json\/wp\/v2\/pages\/73\/revisions\/2534"}],"wp:attachment":[{"href":"https:\/\/www3.unicentro.br\/novatec\/wp-json\/wp\/v2\/media?parent=73"}],"curies":[{"name":"wp","href":"https:\/\/api.w.org\/{rel}","templated":true}]}}