{"id":696,"date":"2023-05-11T17:07:31","date_gmt":"2023-05-11T20:07:31","guid":{"rendered":"https:\/\/www3.unicentro.br\/novatec\/?page_id=696"},"modified":"2025-08-07T13:15:59","modified_gmt":"2025-08-07T16:15:59","slug":"fundamentos","status":"publish","type":"page","link":"https:\/\/www3.unicentro.br\/novatec\/fundamentos\/","title":{"rendered":"Fundamentos"},"content":{"rendered":"<div class=\"wpb-content-wrapper\"><p>[vc_row][vc_column width=&#8221;1\/4&#8243;][vc_single_image image=&#8221;1363&#8243; img_size=&#8221;full&#8221; css_animation=&#8221;fadeInUp&#8221;][\/vc_column][vc_column width=&#8221;3\/4&#8243;][vc_column_text css_animation=&#8221;fadeInUp&#8221;]<\/p>\n<p>&nbsp;<\/p>\n<p style=\"text-align: left\"><span style=\"font-family: 'arial black', sans-serif;font-size: 36pt;color: #0c253d\">AGEUNI<\/span><\/p>\n<p>[\/vc_column_text][\/vc_column][\/vc_row][vc_row][vc_column][vc_column_text css_animation=&#8221;fadeInUp&#8221;]<\/p>\n<p style=\"text-align: justify\"><span style=\"font-family: 'arial black', sans-serif;font-size: 14pt;color: #003366\"><strong>FUNDAMENTOS<\/strong><\/span><\/p>\n<p style=\"text-align: justify\"><span style=\"font-family: georgia, palatino, serif;font-size: 12pt;color: #333333\">O Governo do Estado do Paran\u00e1, tendo em vista o disposto na Lei da Inova\u00e7\u00e3o do Estado (Lei n\u00ba 20.541\/2021), de 20 de abril de 2021, que trata do incentivo \u00e0 inova\u00e7\u00e3o e \u00e0 pesquisa cient\u00edfica e tecnol\u00f3gica em ambiente produtivo no Estado do Paran\u00e1, bem como o contido no protocolado sob n\u00ba 18.329.084-3 e ainda considerando:<\/span><\/p>\n<ul style=\"text-align: justify\">\n<li><span style=\"font-family: georgia, palatino, serif;font-size: 12pt;color: #333333\">A necessidade do Estado do Paran\u00e1 realizar a\u00e7\u00f5es para estimular o desenvolvimento regional sustent\u00e1vel com fundamento no conhecimento gerado pelas Institui\u00e7\u00f5es Estaduais de Ensino Superior \u2013 IEES;<\/span><\/li>\n<li><span style=\"font-family: georgia, palatino, serif;font-size: 12pt;color: #333333\">A capilaridade regional das IEES e seus ativos materiais e imateriais;<\/span><\/li>\n<li><span style=\"font-family: georgia, palatino, serif;font-size: 12pt;color: #333333\">A necessidade de\u00a0estimular a sinergiaentre os atores regionais dos diferentes ecossistemas de inova\u00e7\u00e3o do Paran\u00e1;<\/span><\/li>\n<li><span style=\"font-family: georgia, palatino, serif;font-size: 12pt;color: #333333\">As Ag\u00eancias de Inova\u00e7\u00e3o, quer sejam os N\u00facleos de Inova\u00e7\u00e3o Tecnol\u00f3gica \u2013 NITs ou unidades equivalentes no \u00e2mbito das IEES devem se constituir no locus de\u00a0relacionamento da academia com o setor produtivo, sociedade e governos;<\/span><\/li>\n<li><span style=\"font-family: georgia, palatino, serif;font-size: 12pt;color: #333333\">A import\u00e2ncia de valorizar a solu\u00e7\u00e3o das prioridades constru\u00eddas pelos atores regionais,<\/span><\/li>\n<\/ul>\n<p style=\"text-align: justify\"><span style=\"font-family: georgia, palatino, serif;font-size: 12pt;color: #333333\">Cria a AGEUNI \u2013 Ag\u00eancias para o Desenvolvimento Regional Sustent\u00e1vel e Inova\u00e7\u00e3o do Paran\u00e1 atrav\u00e9s do\u00a0<a style=\"color: #333333\" href=\"https:\/\/www.aen.pr.gov.br\/sites\/default\/arquivos_restritos\/files\/documento\/2022-04\/10769_1.pdf\">Decreto N\u00ba 10.769<\/a>\u00a0que entrou em vigor\u00a0em 12 de abril de 2022, tendo como objetivo principalmente a execu\u00e7\u00e3o dos mecanismos de integra\u00e7\u00e3o entre universidade, empresa, governo e sociedade.<\/span><\/p>\n<p>[\/vc_column_text][vc_single_image image=&#8221;863&#8243; img_size=&#8221;medium&#8221; alignment=&#8221;center&#8221;][vc_separator color=&#8221;orange&#8221; style=&#8221;double&#8221; css_animation=&#8221;fadeInUp&#8221;][vc_column_text css_animation=&#8221;fadeInUp&#8221;]<\/p>\n<p style=\"text-align: justify\" align=\"justify\"><span style=\"color: #003366;font-family: 'arial black', sans-serif;font-size: 14pt\"><strong>GEST\u00c3O<\/strong><\/span><\/p>\n<p style=\"text-align: justify\" align=\"justify\"><span style=\"color: #333333;font-family: georgia, palatino, serif;font-size: 12pt\">A Gest\u00e3o do Programa AGEUNI ser\u00e1 realizada por meio de um Comit\u00ea Estadual e de Comit\u00eas Regionais. O programa tamb\u00e9m ter\u00e1 como princ\u00edpio a ampla representatividade do Setor Empresarial, do Governo do Estado, dos Munic\u00edpios e demais setores da sociedade, cujas atua\u00e7\u00f5es possam contribuir com os objetivos do Programa.<\/span><\/p>\n<p style=\"text-align: justify\" align=\"justify\"><span style=\"color: #333333\"><strong><span style=\"font-family: georgia, palatino, serif;font-size: 12pt\">Comit\u00ea Gestor Estadual:<\/span><\/strong><\/span><\/p>\n<p style=\"text-align: justify\" align=\"justify\"><span style=\"color: #333333;font-family: georgia, palatino, serif;font-size: 12pt\">Coordenado pela SETI e presidido por seu Superintendente;<\/span><\/p>\n<ul style=\"text-align: justify\">\n<li>\n<p align=\"justify\"><span style=\"color: #333333;font-family: georgia, palatino, serif;font-size: 12pt\">Governo do Estado;<\/span><\/p>\n<\/li>\n<li>\n<p align=\"justify\"><span style=\"color: #333333;font-family: georgia, palatino, serif;font-size: 12pt\">Setor Empresarial;<\/span><\/p>\n<\/li>\n<li>\n<p align=\"justify\"><span style=\"color: #333333;font-family: georgia, palatino, serif;font-size: 12pt\">Munic\u00edpios;<\/span><\/p>\n<\/li>\n<li>\n<p align=\"justify\"><span style=\"color: #333333;font-family: georgia, palatino, serif;font-size: 12pt\">Outros setores da Sociedade.<\/span><\/p>\n<\/li>\n<\/ul>\n<p style=\"text-align: justify\" align=\"justify\"><span style=\"color: #333333\"><strong><span style=\"font-family: georgia, palatino, serif;font-size: 12pt\">Participantes permanentes:<\/span><\/strong><\/span><\/p>\n<ul style=\"text-align: justify\">\n<li>\n<p align=\"justify\"><span style=\"color: #333333;font-family: georgia, palatino, serif;font-size: 12pt\">SETI \u2013 Superintend\u00eancia Geral de Ci\u00eancia, Tecnologia e Ensino Superior;<\/span><\/p>\n<\/li>\n<li>\n<p align=\"justify\"><span style=\"color: #333333;font-family: georgia, palatino, serif;font-size: 12pt\">SGI \u2013 Superintend\u00eancia Geral de Inova\u00e7\u00e3o;<\/span><\/p>\n<\/li>\n<li>\n<p align=\"justify\"><span style=\"color: #333333;font-family: georgia, palatino, serif;font-size: 12pt\">SEFA \u2013 Secretaria de Estado da Fazenda;<\/span><\/p>\n<\/li>\n<li>\n<p align=\"justify\"><span style=\"color: #333333;font-family: georgia, palatino, serif;font-size: 12pt\">SEPL \u2013 Secretaria de Estado do Planejamento e Projetos Estruturantes;<\/span><\/p>\n<\/li>\n<li>\n<p align=\"justify\"><span style=\"color: #333333;font-family: georgia, palatino, serif;font-size: 12pt\">FA \u2013 Funda\u00e7\u00e3o Arauc\u00e1ria de Apoio ao Desenvolvimento Cient\u00edfico e Tecnol\u00f3gico do Estado do Paran\u00e1.<\/span><\/p>\n<\/li>\n<\/ul>\n<p style=\"text-align: justify\" align=\"justify\"><span style=\"color: #333333\"><strong><span style=\"font-family: georgia, palatino, serif;font-size: 12pt\">Comit\u00ea Gestor Regional:<\/span><\/strong><\/span><\/p>\n<p style=\"text-align: justify\" align=\"justify\"><span style=\"color: #333333;font-family: georgia, palatino, serif;font-size: 12pt\">Coordenado pela IEES da respectiva regi\u00e3o e presidido por seu Reitor;<\/span><\/p>\n<ul>\n<li style=\"text-align: justify\">\n<p align=\"justify\"><span style=\"color: #333333;font-family: georgia, palatino, serif;font-size: 12pt\">Setor Empresarial;<\/span><\/p>\n<\/li>\n<li style=\"text-align: justify\">\n<p align=\"justify\"><span style=\"color: #333333;font-family: georgia, palatino, serif;font-size: 12pt\">Munic\u00edpios;<\/span><\/p>\n<\/li>\n<li>\n<p style=\"text-align: justify\" align=\"justify\"><span style=\"font-family: georgia, palatino, serif;font-size: 12pt;color: #333333\">Outros setores da Sociedade.<\/span><\/p>\n<\/li>\n<\/ul>\n<p>[\/vc_column_text][vc_single_image image=&#8221;862&#8243; img_size=&#8221;full&#8221; alignment=&#8221;center&#8221;][vc_separator color=&#8221;orange&#8221; style=&#8221;double&#8221; css_animation=&#8221;fadeInUp&#8221;][\/vc_column][\/vc_row][vc_row][vc_column][vc_column_text css_animation=&#8221;fadeInUp&#8221;]<span style=\"font-family: 'arial black', sans-serif;font-size: 14pt;color: #003366\"><strong>EDITAL 001\/2023 &#8211;\u00a0CHAMADA P\u00daBLICA SETI\/FUNDO PARAN\u00c1<\/strong><\/span>[\/vc_column_text][vc_btn title=&#8221;Acesse o Edital&#8221; style=&#8221;3d&#8221; color=&#8221;sandy-brown&#8221; css_animation=&#8221;fadeInUp&#8221; link=&#8221;url:https%3A%2F%2Fwww3.unicentro.br%2Fnovatec%2Fwp-content%2Fuploads%2Fsites%2F128%2F2023%2F05%2F22.05.23-EDITAL-cct-cp_012023_ageuni.pdf&#8221;][vc_separator color=&#8221;orange&#8221; style=&#8221;double&#8221; css_animation=&#8221;fadeInUp&#8221;][\/vc_column][\/vc_row][vc_row][vc_column][vc_column_text css_animation=&#8221;fadeInUp&#8221;]<span style=\"font-family: 'arial black', sans-serif;font-size: 14pt;color: #003366\"><strong>EDITAL N\u00ba 008\/2023 &#8211; CHAMADA P\u00daBLICA SETI\/FUNDO PARAN\u00c1 CP\u00a0 &#8211; RESULTADOS<\/strong><\/span>[\/vc_column_text][vc_btn title=&#8221;Acesse o Edital&#8221; style=&#8221;3d&#8221; color=&#8221;sandy-brown&#8221; css_animation=&#8221;fadeInUp&#8221; link=&#8221;url:https%3A%2F%2Fwww3.unicentro.br%2Fnovatec%2Fwp-content%2Fuploads%2Fsites%2F128%2F2023%2F10%2Fcp_2023-08-resultado_ageuni.pdf.&#8221;][vc_separator color=&#8221;orange&#8221; style=&#8221;double&#8221; css_animation=&#8221;fadeInUp&#8221;][\/vc_column][\/vc_row]<\/p>\n<\/div>","protected":false},"excerpt":{"rendered":"<p>[vc_row][vc_column width=&#8221;1\/4&#8243;][vc_single_image image=&#8221;1363&#8243; img_size=&#8221;full&#8221; css_animation=&#8221;fadeInUp&#8221;][\/vc_column][vc_column width=&#8221;3\/4&#8243;][vc_column_text css_animation=&#8221;fadeInUp&#8221;] &nbsp; AGEUNI [\/vc_column_text][\/vc_column][\/vc_row][vc_row][vc_column][vc_column_text css_animation=&#8221;fadeInUp&#8221;] FUNDAMENTOS O Governo do Estado do Paran\u00e1, tendo em vista o disposto na Lei da Inova\u00e7\u00e3o do Estado (Lei n\u00ba 20.541\/2021), de 20 de abril de 2021, que trata do incentivo \u00e0 inova\u00e7\u00e3o e \u00e0 pesquisa cient\u00edfica e tecnol\u00f3gica em ambiente produtivo no Estado [&hellip;]<\/p>\n","protected":false},"author":193,"featured_media":0,"parent":0,"menu_order":0,"comment_status":"closed","ping_status":"closed","template":"","meta":{"_exactmetrics_skip_tracking":false,"_exactmetrics_sitenote_active":false,"_exactmetrics_sitenote_note":"","_exactmetrics_sitenote_category":0,"footnotes":"","_links_to":"","_links_to_target":""},"class_list":["post-696","page","type-page","status-publish","hentry"],"_links":{"self":[{"href":"https:\/\/www3.unicentro.br\/novatec\/wp-json\/wp\/v2\/pages\/696","targetHints":{"allow":["GET"]}}],"collection":[{"href":"https:\/\/www3.unicentro.br\/novatec\/wp-json\/wp\/v2\/pages"}],"about":[{"href":"https:\/\/www3.unicentro.br\/novatec\/wp-json\/wp\/v2\/types\/page"}],"author":[{"embeddable":true,"href":"https:\/\/www3.unicentro.br\/novatec\/wp-json\/wp\/v2\/users\/193"}],"replies":[{"embeddable":true,"href":"https:\/\/www3.unicentro.br\/novatec\/wp-json\/wp\/v2\/comments?post=696"}],"version-history":[{"count":2,"href":"https:\/\/www3.unicentro.br\/novatec\/wp-json\/wp\/v2\/pages\/696\/revisions"}],"predecessor-version":[{"id":2155,"href":"https:\/\/www3.unicentro.br\/novatec\/wp-json\/wp\/v2\/pages\/696\/revisions\/2155"}],"wp:attachment":[{"href":"https:\/\/www3.unicentro.br\/novatec\/wp-json\/wp\/v2\/media?parent=696"}],"curies":[{"name":"wp","href":"https:\/\/api.w.org\/{rel}","templated":true}]}}